{"id":20,"date":"2020-12-08T10:14:33","date_gmt":"2020-12-08T09:14:33","guid":{"rendered":"https:\/\/blog.mailnjoy.com\/?page_id=20"},"modified":"2024-08-19T12:58:57","modified_gmt":"2024-08-19T10:58:57","slug":"a-propos","status":"publish","type":"page","link":"https:\/\/mailnjoy.com\/blog\/a-propos\/","title":{"rendered":"\u00c0 propos"},"content":{"rendered":"\n<p style=\"font-size:18px\">Mailnjoy est une soci\u00e9t\u00e9 sp\u00e9cialis\u00e9e dans l&#8217;emailing. Elle propose diff\u00e9rents outils \u00e0 valeur ajout\u00e9e dans ce domaine, ainsi qu&#8217;un accompagnement personnalis\u00e9 via ses experts.<\/p>\n\n\n\n<p style=\"font-size:18px\"><span style=\"color:#95c11f\" class=\"has-inline-color\">CHECK <\/span>et <span style=\"color:#f08605\" class=\"has-inline-color\">HUNT<\/span> sont les premiers de ces produits, permettant de confirmer l&#8217;existence et l&#8217;int\u00e9r\u00eat commercial d&#8217;une adresse email (Check) et de rechercher des adresses emails \u00e0 partir des nom et pr\u00e9nom d&#8217;un prospect (Hunt).<\/p>\n\n\n\n<p style=\"font-size:18px\"><br>Plus d&#8217;informations sur ces produits sur notre site : <a href=\"https:\/\/mailnjoy.com\" data-type=\"URL\" data-id=\"https:\/\/check.mailnjoy.com\" target=\"_blank\" rel=\"noreferrer noopener\">Mailnjoy<\/a><br><\/p>\n","protected":false},"excerpt":{"rendered":"<p>Mailnjoy est une soci\u00e9t\u00e9 sp\u00e9cialis\u00e9e dans l&#8217;emailing. Elle propose diff\u00e9rents outils \u00e0 valeur ajout\u00e9e dans ce domaine, ainsi qu&#8217;un accompagnement personnalis\u00e9 via ses experts. CHECK et HUNT sont les premiers de ces produits, permettant de confirmer l&#8217;existence et l&#8217;int\u00e9r\u00eat commercial d&#8217;une adresse email (Check) et de rechercher des adresses emails \u00e0 partir des nom et [&hellip;]<\/p>\n","protected":false},"author":1,"featured_media":0,"parent":0,"menu_order":0,"comment_status":"closed","ping_status":"closed","template":"","meta":{"_lmt_disableupdate":"","_lmt_disable":"","footnotes":""},"class_list":["post-20","page","type-page","status-publish","hentry"],"yoast_head":"<!-- This site is optimized with the Yoast SEO plugin v23.2 - https:\/\/yoast.com\/wordpress\/plugins\/seo\/ -->\n<title>\u00c0 propos - Blog Mailnjoy<\/title>\n<meta name=\"robots\" content=\"index, follow, max-snippet:-1, max-image-preview:large, max-video-preview:-1\" \/>\n<link rel=\"canonical\" href=\"https:\/\/mailnjoy.com\/blog\/a-propos\/\" \/>\n<meta property=\"og:locale\" content=\"fr_FR\" \/>\n<meta property=\"og:type\" content=\"article\" \/>\n<meta property=\"og:title\" content=\"\u00c0 propos - Blog Mailnjoy\" \/>\n<meta property=\"og:description\" content=\"Mailnjoy est une soci\u00e9t\u00e9 sp\u00e9cialis\u00e9e dans l&#8217;emailing. Elle propose diff\u00e9rents outils \u00e0 valeur ajout\u00e9e dans ce domaine, ainsi qu&#8217;un accompagnement personnalis\u00e9 via ses experts. CHECK et HUNT sont les premiers de ces produits, permettant de confirmer l&#8217;existence et l&#8217;int\u00e9r\u00eat commercial d&#8217;une adresse email (Check) et de rechercher des adresses emails \u00e0 partir des nom et [&hellip;]\" \/>\n<meta property=\"og:url\" content=\"https:\/\/mailnjoy.com\/blog\/a-propos\/\" \/>\n<meta property=\"og:site_name\" content=\"Blog Mailnjoy\" \/>\n<meta property=\"article:publisher\" content=\"https:\/\/www.facebook.com\/Mailnjoy\" \/>\n<meta property=\"article:modified_time\" content=\"2024-08-19T10:58:57+00:00\" \/>\n<meta name=\"twitter:card\" content=\"summary_large_image\" \/>\n<script type=\"application\/ld+json\" class=\"yoast-schema-graph\">{\"@context\":\"https:\/\/schema.org\",\"@graph\":[{\"@type\":\"WebPage\",\"@id\":\"https:\/\/mailnjoy.com\/blog\/a-propos\/\",\"url\":\"https:\/\/mailnjoy.com\/blog\/a-propos\/\",\"name\":\"\u00c0 propos - Blog Mailnjoy\",\"isPartOf\":{\"@id\":\"https:\/\/mailnjoy.com\/blog\/#website\"},\"datePublished\":\"2020-12-08T09:14:33+00:00\",\"dateModified\":\"2024-08-19T10:58:57+00:00\",\"breadcrumb\":{\"@id\":\"https:\/\/mailnjoy.com\/blog\/a-propos\/#breadcrumb\"},\"inLanguage\":\"fr-FR\",\"potentialAction\":[{\"@type\":\"ReadAction\",\"target\":[\"https:\/\/mailnjoy.com\/blog\/a-propos\/\"]}]},{\"@type\":\"BreadcrumbList\",\"@id\":\"https:\/\/mailnjoy.com\/blog\/a-propos\/#breadcrumb\",\"itemListElement\":[{\"@type\":\"ListItem\",\"position\":1,\"name\":\"Accueil\",\"item\":\"https:\/\/mailnjoy.com\/blog\/es\/\"},{\"@type\":\"ListItem\",\"position\":2,\"name\":\"\u00c0 propos\"}]},{\"@type\":\"WebSite\",\"@id\":\"https:\/\/mailnjoy.com\/blog\/#website\",\"url\":\"https:\/\/mailnjoy.com\/blog\/\",\"name\":\"Blog Mailnjoy\",\"description\":\"R\u00e9flexions et analyses dans le monde de l&#039;emailing\",\"publisher\":{\"@id\":\"https:\/\/mailnjoy.com\/blog\/#organization\"},\"potentialAction\":[{\"@type\":\"SearchAction\",\"target\":{\"@type\":\"EntryPoint\",\"urlTemplate\":\"https:\/\/mailnjoy.com\/blog\/?s={search_term_string}\"},\"query-input\":\"required name=search_term_string\"}],\"inLanguage\":\"fr-FR\"},{\"@type\":\"Organization\",\"@id\":\"https:\/\/mailnjoy.com\/blog\/#organization\",\"name\":\"Mailnjoy\",\"url\":\"https:\/\/mailnjoy.com\/blog\/\",\"logo\":{\"@type\":\"ImageObject\",\"inLanguage\":\"fr-FR\",\"@id\":\"https:\/\/mailnjoy.com\/blog\/#\/schema\/logo\/image\/\",\"url\":\"https:\/\/mailnjoy.com\/blog\/wp-content\/uploads\/2024\/08\/logo-mailnjoy.jpg\",\"contentUrl\":\"https:\/\/mailnjoy.com\/blog\/wp-content\/uploads\/2024\/08\/logo-mailnjoy.jpg\",\"width\":702,\"height\":496,\"caption\":\"Mailnjoy\"},\"image\":{\"@id\":\"https:\/\/mailnjoy.com\/blog\/#\/schema\/logo\/image\/\"},\"sameAs\":[\"https:\/\/www.facebook.com\/Mailnjoy\"]}]}<\/script>\n<!-- \/ Yoast SEO plugin. -->","yoast_head_json":{"title":"\u00c0 propos - Blog Mailnjoy","robots":{"index":"index","follow":"follow","max-snippet":"max-snippet:-1","max-image-preview":"max-image-preview:large","max-video-preview":"max-video-preview:-1"},"canonical":"https:\/\/mailnjoy.com\/blog\/a-propos\/","og_locale":"fr_FR","og_type":"article","og_title":"\u00c0 propos - Blog Mailnjoy","og_description":"Mailnjoy est une soci\u00e9t\u00e9 sp\u00e9cialis\u00e9e dans l&#8217;emailing. Elle propose diff\u00e9rents outils \u00e0 valeur ajout\u00e9e dans ce domaine, ainsi qu&#8217;un accompagnement personnalis\u00e9 via ses experts. CHECK et HUNT sont les premiers de ces produits, permettant de confirmer l&#8217;existence et l&#8217;int\u00e9r\u00eat commercial d&#8217;une adresse email (Check) et de rechercher des adresses emails \u00e0 partir des nom et [&hellip;]","og_url":"https:\/\/mailnjoy.com\/blog\/a-propos\/","og_site_name":"Blog Mailnjoy","article_publisher":"https:\/\/www.facebook.com\/Mailnjoy","article_modified_time":"2024-08-19T10:58:57+00:00","twitter_card":"summary_large_image","schema":{"@context":"https:\/\/schema.org","@graph":[{"@type":"WebPage","@id":"https:\/\/mailnjoy.com\/blog\/a-propos\/","url":"https:\/\/mailnjoy.com\/blog\/a-propos\/","name":"\u00c0 propos - Blog Mailnjoy","isPartOf":{"@id":"https:\/\/mailnjoy.com\/blog\/#website"},"datePublished":"2020-12-08T09:14:33+00:00","dateModified":"2024-08-19T10:58:57+00:00","breadcrumb":{"@id":"https:\/\/mailnjoy.com\/blog\/a-propos\/#breadcrumb"},"inLanguage":"fr-FR","potentialAction":[{"@type":"ReadAction","target":["https:\/\/mailnjoy.com\/blog\/a-propos\/"]}]},{"@type":"BreadcrumbList","@id":"https:\/\/mailnjoy.com\/blog\/a-propos\/#breadcrumb","itemListElement":[{"@type":"ListItem","position":1,"name":"Accueil","item":"https:\/\/mailnjoy.com\/blog\/es\/"},{"@type":"ListItem","position":2,"name":"\u00c0 propos"}]},{"@type":"WebSite","@id":"https:\/\/mailnjoy.com\/blog\/#website","url":"https:\/\/mailnjoy.com\/blog\/","name":"Blog Mailnjoy","description":"R\u00e9flexions et analyses dans le monde de l&#039;emailing","publisher":{"@id":"https:\/\/mailnjoy.com\/blog\/#organization"},"potentialAction":[{"@type":"SearchAction","target":{"@type":"EntryPoint","urlTemplate":"https:\/\/mailnjoy.com\/blog\/?s={search_term_string}"},"query-input":"required name=search_term_string"}],"inLanguage":"fr-FR"},{"@type":"Organization","@id":"https:\/\/mailnjoy.com\/blog\/#organization","name":"Mailnjoy","url":"https:\/\/mailnjoy.com\/blog\/","logo":{"@type":"ImageObject","inLanguage":"fr-FR","@id":"https:\/\/mailnjoy.com\/blog\/#\/schema\/logo\/image\/","url":"https:\/\/mailnjoy.com\/blog\/wp-content\/uploads\/2024\/08\/logo-mailnjoy.jpg","contentUrl":"https:\/\/mailnjoy.com\/blog\/wp-content\/uploads\/2024\/08\/logo-mailnjoy.jpg","width":702,"height":496,"caption":"Mailnjoy"},"image":{"@id":"https:\/\/mailnjoy.com\/blog\/#\/schema\/logo\/image\/"},"sameAs":["https:\/\/www.facebook.com\/Mailnjoy"]}]}},"lang":"fr","translations":{"fr":20,"en":85,"es":87},"pll_sync_post":[],"_links":{"self":[{"href":"https:\/\/mailnjoy.com\/blog\/wp-json\/wp\/v2\/pages\/20"}],"collection":[{"href":"https:\/\/mailnjoy.com\/blog\/wp-json\/wp\/v2\/pages"}],"about":[{"href":"https:\/\/mailnjoy.com\/blog\/wp-json\/wp\/v2\/types\/page"}],"author":[{"embeddable":true,"href":"https:\/\/mailnjoy.com\/blog\/wp-json\/wp\/v2\/users\/1"}],"replies":[{"embeddable":true,"href":"https:\/\/mailnjoy.com\/blog\/wp-json\/wp\/v2\/comments?post=20"}],"version-history":[{"count":4,"href":"https:\/\/mailnjoy.com\/blog\/wp-json\/wp\/v2\/pages\/20\/revisions"}],"predecessor-version":[{"id":318,"href":"https:\/\/mailnjoy.com\/blog\/wp-json\/wp\/v2\/pages\/20\/revisions\/318"}],"wp:attachment":[{"href":"https:\/\/mailnjoy.com\/blog\/wp-json\/wp\/v2\/media?parent=20"}],"curies":[{"name":"wp","href":"https:\/\/api.w.org\/{rel}","templated":true}]}}