{"id":1080,"date":"2025-01-16T21:06:03","date_gmt":"2025-01-16T20:06:03","guid":{"rendered":"https:\/\/ownmailist.net\/check\/?page_id=1080"},"modified":"2025-01-18T16:45:20","modified_gmt":"2025-01-18T15:45:20","slug":"inicio","status":"publish","type":"page","link":"https:\/\/mailnjoy.com\/check\/es\/","title":{"rendered":"Inicio"},"content":{"rendered":"\n<div class=\"wp-block-group alignwide page-header is-layout-flow wp-block-group-is-layout-flow\">\n<div class=\"wp-block-columns alignwide is-layout-flex wp-container-core-columns-is-layout-28f84493 wp-block-columns-is-layout-flex\">\n<div class=\"wp-block-column is-vertically-aligned-center has-text-align-center is-layout-flow wp-block-column-is-layout-flow\" style=\"flex-basis:50%\">\n<h1 class=\"wp-block-heading\">El azar es bueno para la loter\u00eda, pero no tanto para el marketing por correo electr\u00f3nico: \u00a1comprueba tus correos antes de enviarlos!<\/h1>\n\n\n\n<p class=\"has-text-align-center\" style=\"font-size:clamp(0.875rem, 0.875rem + ((1vw - 0.2rem) * 0.625), 1.25rem);\">Mailnjoy es <strong>LA soluci\u00f3n<\/strong> para aumentar su entregabilidad y potenciar sus campa\u00f1as de marketing por correo electr\u00f3nico.<\/p>\n\n\n\n<div class=\"wp-block-buttons is-content-justification-center is-layout-flex wp-container-core-buttons-is-layout-a6d9f191 wp-block-buttons-is-layout-flex\" style=\"margin-top:var(--wp--preset--spacing--40);margin-bottom:var(--wp--preset--spacing--40)\">\n<div class=\"wp-block-button is-style-fill has-icon\"><a class=\"wp-block-button__link wp-element-button\" href=\"https:\/\/app.check.mailnjoy.com\/page-signin\">Pru\u00e9belo gratis<\/a><\/div>\n<\/div>\n<\/div>\n\n\n\n<div class=\"wp-block-column is-vertically-aligned-center is-layout-flow wp-block-column-is-layout-flow\" style=\"flex-basis:50%\">\n<figure class=\"wp-block-image alignleft size-full home-header-image\"><img loading=\"lazy\" decoding=\"async\" width=\"1000\" height=\"1000\" src=\"https:\/\/mailnjoy.com\/check\/wp-content\/uploads\/2024\/10\/header.png\" alt=\"\" class=\"wp-image-617\" srcset=\"https:\/\/mailnjoy.com\/check\/wp-content\/uploads\/2024\/10\/header.png 1000w, https:\/\/mailnjoy.com\/check\/wp-content\/uploads\/2024\/10\/header-300x300.png 300w, https:\/\/mailnjoy.com\/check\/wp-content\/uploads\/2024\/10\/header-150x150.png 150w, https:\/\/mailnjoy.com\/check\/wp-content\/uploads\/2024\/10\/header-768x768.png 768w\" sizes=\"auto, (max-width: 1000px) 100vw, 1000px\" \/><\/figure>\n<\/div>\n<\/div>\n<\/div>\n\n\n\n<div class=\"wp-block-columns are-vertically-aligned-center is-layout-flex wp-container-core-columns-is-layout-28f84493 wp-block-columns-is-layout-flex\">\n<div class=\"wp-block-column is-vertically-aligned-center is-layout-flow wp-block-column-is-layout-flow\">\n<figure class=\"wp-block-image alignright size-full\"><img loading=\"lazy\" decoding=\"async\" width=\"879\" height=\"900\" src=\"https:\/\/mailnjoy.com\/check\/wp-content\/uploads\/2024\/10\/microscope.855c805b.png\" alt=\"\" class=\"wp-image-442\" srcset=\"https:\/\/mailnjoy.com\/check\/wp-content\/uploads\/2024\/10\/microscope.855c805b.png 879w, https:\/\/mailnjoy.com\/check\/wp-content\/uploads\/2024\/10\/microscope.855c805b-293x300.png 293w, https:\/\/mailnjoy.com\/check\/wp-content\/uploads\/2024\/10\/microscope.855c805b-768x786.png 768w\" sizes=\"auto, (max-width: 879px) 100vw, 879px\" \/><\/figure>\n<\/div>\n\n\n\n<div class=\"wp-block-column is-vertically-aligned-center is-layout-flow wp-block-column-is-layout-flow\">\n<div class=\"wp-block-group has-global-padding is-content-justification-left is-layout-constrained wp-container-core-group-is-layout-74cbbf86 wp-block-group-is-layout-constrained\">\n<h2 class=\"wp-block-heading\">Verificaci\u00f3n de correo electr\u00f3nico con una delicadeza inigualable &#8230;<\/h2>\n\n\n\n<ul class=\"wp-block-list check-list\">\n<li>2 niveles de detalle: hasta 15 puntos de an\u00e1lisis por correo electr\u00f3nico<\/li>\n\n\n\n<li>La m\u00e1s amplia cobertura de ISP nacionales e internacionales<\/li>\n\n\n\n<li>Gesti\u00f3n del correo electr\u00f3nico B2B y B2C<\/li>\n<\/ul>\n\n\n\n<div class=\"wp-block-buttons is-content-justification-center is-layout-flex wp-container-core-buttons-is-layout-a89b3969 wp-block-buttons-is-layout-flex\">\n<div class=\"wp-block-button is-style-outline is-style-outline--1\"><a class=\"wp-block-button__link wp-element-button\" href=\"https:\/\/mailnjoy.com\/check\/es\/validation\/\">M\u00e1s informaci\u00f3n<\/a><\/div>\n<\/div>\n<\/div>\n<\/div>\n<\/div>\n\n\n\n<div class=\"wp-block-columns are-vertically-aligned-center is-layout-flex wp-container-core-columns-is-layout-28f84493 wp-block-columns-is-layout-flex\">\n<div class=\"wp-block-column is-vertically-aligned-center is-layout-flow wp-block-column-is-layout-flow\">\n<div class=\"wp-block-group has-global-padding is-content-justification-right is-layout-constrained wp-container-core-group-is-layout-6f72e2c3 wp-block-group-is-layout-constrained\">\n<h2 class=\"wp-block-heading\">&#8230; f\u00e1cil de usar&#8230;<\/h2>\n\n\n\n<ul class=\"wp-block-list check-list\">\n<li>Dos clasificadores de direcciones de correo electr\u00f3nico. Simplificado para la velocidad, detallado para los m\u00e1s exigentes<\/li>\n\n\n\n<li>Los resultados del an\u00e1lisis se integran directamente en su fichero fuente<\/li>\n\n\n\n<li>Validaci\u00f3n disponible como SaaS en nuestro sitio web, <a href=\"https:\/\/mailnjoy.com\/check\/fr\/developer#result\">a trav\u00e9s de API o incluso SFTP<\/a><\/li>\n<\/ul>\n\n\n\n<div class=\"wp-block-buttons is-content-justification-center is-layout-flex wp-container-core-buttons-is-layout-a89b3969 wp-block-buttons-is-layout-flex\">\n<div class=\"wp-block-button is-style-outline is-style-outline--2\"><a class=\"wp-block-button__link wp-element-button\" href=\"https:\/\/mailnjoy.com\/check\/es\/validation\/#result\">M\u00e1s informaci\u00f3n<\/a><\/div>\n<\/div>\n<\/div>\n<\/div>\n\n\n\n<div class=\"wp-block-column is-vertically-aligned-center is-layout-flow wp-block-column-is-layout-flow\">\n<figure class=\"wp-block-image aligncenter size-full is-resized\"><img loading=\"lazy\" decoding=\"async\" width=\"1000\" height=\"906\" src=\"https:\/\/mailnjoy.com\/check\/wp-content\/uploads\/2024\/10\/slacking.8fb0236a.png\" alt=\"\" class=\"wp-image-451\" style=\"object-fit:contain;width:552px;height:500px\" srcset=\"https:\/\/mailnjoy.com\/check\/wp-content\/uploads\/2024\/10\/slacking.8fb0236a.png 1000w, https:\/\/mailnjoy.com\/check\/wp-content\/uploads\/2024\/10\/slacking.8fb0236a-300x272.png 300w, https:\/\/mailnjoy.com\/check\/wp-content\/uploads\/2024\/10\/slacking.8fb0236a-768x696.png 768w\" sizes=\"auto, (max-width: 1000px) 100vw, 1000px\" \/><\/figure>\n<\/div>\n<\/div>\n\n\n\n<div class=\"wp-block-columns are-vertically-aligned-center is-layout-flex wp-container-core-columns-is-layout-28f84493 wp-block-columns-is-layout-flex\">\n<div class=\"wp-block-column is-vertically-aligned-center is-layout-flow wp-block-column-is-layout-flow\">\n<figure class=\"wp-block-image alignright size-full\"><img loading=\"lazy\" decoding=\"async\" width=\"471\" height=\"471\" src=\"https:\/\/mailnjoy.com\/check\/wp-content\/uploads\/2024\/10\/piece_1_centime_travers.3f7c5db0.png\" alt=\"\" class=\"wp-image-459\" srcset=\"https:\/\/mailnjoy.com\/check\/wp-content\/uploads\/2024\/10\/piece_1_centime_travers.3f7c5db0.png 471w, https:\/\/mailnjoy.com\/check\/wp-content\/uploads\/2024\/10\/piece_1_centime_travers.3f7c5db0-300x300.png 300w, https:\/\/mailnjoy.com\/check\/wp-content\/uploads\/2024\/10\/piece_1_centime_travers.3f7c5db0-150x150.png 150w\" sizes=\"auto, (max-width: 471px) 100vw, 471px\" \/><\/figure>\n<\/div>\n\n\n\n<div class=\"wp-block-column is-vertically-aligned-center is-layout-flow wp-block-column-is-layout-flow\">\n<div class=\"wp-block-group has-global-padding is-content-justification-right is-layout-constrained wp-container-core-group-is-layout-6f72e2c3 wp-block-group-is-layout-constrained\">\n<h2 class=\"wp-block-heading\">&#8230; a un precio imbatible<\/h2>\n\n\n\n<ul class=\"wp-block-list check-list\">\n<li>A partir de 0,0004 \u20ac  por direcci\u00f3n validada<\/li>\n\n\n\n<li>Pagar s\u00f3lo por las direcciones cualificadas<\/li>\n\n\n\n<li>Por compra \u00fanica o por suscripci\u00f3n<\/li>\n<\/ul>\n\n\n\n<div class=\"wp-block-buttons is-content-justification-center is-layout-flex wp-container-core-buttons-is-layout-a89b3969 wp-block-buttons-is-layout-flex\">\n<div class=\"wp-block-button is-style-outline is-style-outline--3\"><a class=\"wp-block-button__link wp-element-button\" href=\"https:\/\/mailnjoy.com\/check\/es\/pricing\/\">Ver precios<\/a><\/div>\n<\/div>\n<\/div>\n<\/div>\n<\/div>\n\n\n\n<div class=\"wp-block-group has-global-padding is-layout-constrained wp-block-group-is-layout-constrained\" style=\"margin-top:var(--wp--preset--spacing--40);margin-bottom:var(--wp--preset--spacing--40);padding-top:var(--wp--preset--spacing--40);padding-bottom:var(--wp--preset--spacing--40)\">\n<h2 class=\"wp-block-heading has-text-align-center has-green-color has-text-color has-link-color wp-elements-380b5c54bb5561d40263917abfae290c\">En estas condiciones,<br>\u00a1el azar te cuesta m\u00e1s!<\/h2>\n\n\n\n<div class=\"wp-block-buttons is-content-justification-center is-layout-flex wp-container-core-buttons-is-layout-a89b3969 wp-block-buttons-is-layout-flex\">\n<div class=\"wp-block-button is-style-fill has-icon\"><a class=\"wp-block-button__link wp-element-button\" href=\"https:\/\/app.check.mailnjoy.com\/page-signin\">Pru\u00e9belo gratis<\/a><\/div>\n<\/div>\n<\/div>\n\n\n\n<div class=\"wp-block-group alignfull team wave is-layout-flow wp-block-group-is-layout-flow\" style=\"padding-top:var(--wp--preset--spacing--20);padding-bottom:var(--wp--preset--spacing--20)\">\n<h2 class=\"wp-block-heading has-text-align-center\">\u00bfA\u00fan no est\u00e1 convencido?<\/h2>\n\n\n\n<p class=\"has-text-align-center\">No hay problema, tenemos otros trucos bajo la manga \ud83d\ude0e.<\/p>\n\n\n\n<div class=\"wp-block-columns align-stretch features-row is-layout-flex wp-container-core-columns-is-layout-69cf8084 wp-block-columns-is-layout-flex\" style=\"margin-top:var(--wp--preset--spacing--40)\">\n<div class=\"wp-block-column is-layout-flow wp-block-column-is-layout-flow\" style=\"flex-basis:33.333%\">\n<div class=\"wp-block-group card card-hover is-layout-flow wp-block-group-is-layout-flow\">\n<div class=\"wp-block-group is-layout-flow wp-block-group-is-layout-flow\">\n<figure class=\"wp-block-image aligncenter size-full is-resized\"><img loading=\"lazy\" decoding=\"async\" width=\"175\" height=\"175\" src=\"https:\/\/mailnjoy.com\/check\/wp-content\/uploads\/2024\/10\/datacenter.png\" alt=\"\" class=\"wp-image-468\" style=\"object-fit:cover;width:125px;height:125px\" srcset=\"https:\/\/mailnjoy.com\/check\/wp-content\/uploads\/2024\/10\/datacenter.png 175w, https:\/\/mailnjoy.com\/check\/wp-content\/uploads\/2024\/10\/datacenter-150x150.png 150w\" sizes=\"auto, (max-width: 175px) 100vw, 175px\" \/><\/figure>\n\n\n\n<p class=\"has-text-align-center has-green-color has-text-color has-link-color wp-elements-c3302644f290f46194c4aeb6fb4f2d80\"><a href=\"https:\/\/mailnjoy.com\/check\/es\/security\/\">Centros de datos ISO 27001<\/a><\/p>\n\n\n\n<p class=\"has-text-align-center\">La seguridad y confidencialidad de sus datos es nuestra prioridad. Los alojamos exclusivamente <strong>en Francia<\/strong>.<\/p>\n<\/div>\n<\/div>\n<\/div>\n\n\n\n<div class=\"wp-block-column is-layout-flow wp-block-column-is-layout-flow\" style=\"flex-basis:33.333%\">\n<div class=\"wp-block-group card card-hover is-layout-flow wp-block-group-is-layout-flow\">\n<div class=\"wp-block-group is-layout-flow wp-block-group-is-layout-flow\">\n<figure class=\"wp-block-image aligncenter size-full is-resized\"><img loading=\"lazy\" decoding=\"async\" width=\"175\" height=\"175\" src=\"https:\/\/mailnjoy.com\/check\/wp-content\/uploads\/2024\/10\/rgpd.png\" alt=\"\" class=\"wp-image-469\" style=\"object-fit:cover;width:125px;height:125px\" srcset=\"https:\/\/mailnjoy.com\/check\/wp-content\/uploads\/2024\/10\/rgpd.png 175w, https:\/\/mailnjoy.com\/check\/wp-content\/uploads\/2024\/10\/rgpd-150x150.png 150w\" sizes=\"auto, (max-width: 175px) 100vw, 175px\" \/><\/figure>\n\n\n\n<p class=\"has-text-align-center has-green-color has-text-color has-link-color wp-elements-b549d78d32cb4f236f5f4b01a173613a\"><a href=\"https:\/\/mailnjoy.com\/check\/es\/security\/\">Cumple el RGPD<\/a><\/p>\n\n\n\n<p class=\"has-text-align-center\">Todo nuestro procesamiento y almacenamiento cumple el Reglamento Europeo de <strong>Protecci\u00f3n de<\/strong> Datos.<\/p>\n<\/div>\n<\/div>\n<\/div>\n\n\n\n<div class=\"wp-block-column is-layout-flow wp-block-column-is-layout-flow\" style=\"flex-basis:33.333%\">\n<div class=\"wp-block-group card card-hover is-layout-flow wp-block-group-is-layout-flow\">\n<div class=\"wp-block-group is-layout-flow wp-block-group-is-layout-flow\">\n<figure class=\"wp-block-image aligncenter size-full is-resized\"><img loading=\"lazy\" decoding=\"async\" width=\"175\" height=\"175\" src=\"https:\/\/mailnjoy.com\/check\/wp-content\/uploads\/2024\/10\/team.png\" alt=\"\" class=\"wp-image-470\" style=\"object-fit:cover;width:125px;height:125px\" srcset=\"https:\/\/mailnjoy.com\/check\/wp-content\/uploads\/2024\/10\/team.png 175w, https:\/\/mailnjoy.com\/check\/wp-content\/uploads\/2024\/10\/team-150x150.png 150w\" sizes=\"auto, (max-width: 175px) 100vw, 175px\" \/><\/figure>\n\n\n\n<p class=\"has-text-align-center has-green-color has-text-color has-link-color wp-elements-6c614eefeb9880b8d3efd392af82fe35\"><a href=\"https:\/\/mailnjoy.com\/check\/es\/team\/\">Un equipo de primera<\/a><\/p>\n\n\n\n<p class=\"has-text-align-center\">Nuestros ingenieros <strong>son expertos<\/strong> en env\u00edo de correos electr\u00f3nicos y calidad de datos.<\/p>\n<\/div>\n<\/div>\n<\/div>\n<\/div>\n\n\n\n<div class=\"wp-block-columns align-stretch features-row is-layout-flex wp-container-core-columns-is-layout-28f84493 wp-block-columns-is-layout-flex\">\n<div class=\"wp-block-column has-text-align-center is-layout-flow wp-block-column-is-layout-flow\" style=\"flex-basis:33.333%\">\n<div class=\"wp-block-group card card-hover is-layout-flow wp-block-group-is-layout-flow\">\n<div class=\"wp-block-group is-layout-flow wp-block-group-is-layout-flow\">\n<figure class=\"wp-block-image aligncenter size-full is-resized\"><img loading=\"lazy\" decoding=\"async\" width=\"175\" height=\"175\" src=\"https:\/\/mailnjoy.com\/check\/wp-content\/uploads\/2024\/10\/api.png\" alt=\"\" class=\"wp-image-471\" style=\"object-fit:cover;width:125px;height:125px\" srcset=\"https:\/\/mailnjoy.com\/check\/wp-content\/uploads\/2024\/10\/api.png 175w, https:\/\/mailnjoy.com\/check\/wp-content\/uploads\/2024\/10\/api-150x150.png 150w\" sizes=\"auto, (max-width: 175px) 100vw, 175px\" \/><\/figure>\n\n\n\n<p class=\"has-text-align-center has-green-color has-text-color has-link-color wp-elements-aac4976128ea17c5759fe55fdd23e1b9\"><a href=\"https:\/\/mailnjoy.com\/check\/es\/developer\/\">Interfaz API<\/a><\/p>\n\n\n\n<p class=\"has-text-align-center\"><strong>Integre<\/strong> <strong>f\u00e1cilmente<\/strong> la validaci\u00f3n de sus correos electr\u00f3nicos en sus sistemas gracias a las posibilidades que ofrece nuestra API.<\/p>\n<\/div>\n<\/div>\n<\/div>\n\n\n\n<div class=\"wp-block-column is-layout-flow wp-block-column-is-layout-flow\" style=\"flex-basis:33.333%\">\n<div class=\"wp-block-group card card-hover is-layout-flow wp-block-group-is-layout-flow\">\n<div class=\"wp-block-group is-layout-flow wp-block-group-is-layout-flow\">\n<figure class=\"wp-block-image aligncenter size-full is-resized\"><img loading=\"lazy\" decoding=\"async\" width=\"175\" height=\"175\" src=\"https:\/\/mailnjoy.com\/check\/wp-content\/uploads\/2024\/10\/green.png\" alt=\"\" class=\"wp-image-473\" style=\"object-fit:cover;width:125px;height:125px\" srcset=\"https:\/\/mailnjoy.com\/check\/wp-content\/uploads\/2024\/10\/green.png 175w, https:\/\/mailnjoy.com\/check\/wp-content\/uploads\/2024\/10\/green-150x150.png 150w\" sizes=\"auto, (max-width: 175px) 100vw, 175px\" \/><\/figure>\n\n\n\n<p class=\"has-text-align-center has-green-color has-text-color has-link-color wp-elements-609b3c98cacefe85d9e4e3e1e1e6da78\"><a href=\"https:\/\/mailnjoy.com\/check\/es\/ecology\/\">Respetuoso con el planeta<\/a><\/p>\n\n\n\n<p class=\"has-text-align-center\">Enviar y almacenar un correo electr\u00f3nico produce<sub> <\/sub>CO<sub>2<\/sub>. Con Check, \u00a1env\u00eda solo <strong>correos \u00fatiles<\/strong>!<\/p>\n<\/div>\n<\/div>\n<\/div>\n<\/div>\n<\/div>\n","protected":false},"excerpt":{"rendered":"<p>El azar es bueno para la loter\u00eda, pero no tanto para el marketing por correo electr\u00f3nico: \u00a1comprueba tus correos antes de enviarlos! Mailnjoy es LA soluci\u00f3n para aumentar su entregabilidad y potenciar sus campa\u00f1as de marketing por correo electr\u00f3nico. Verificaci\u00f3n de correo electr\u00f3nico con una delicadeza inigualable &#8230; &#8230; f\u00e1cil de usar&#8230; &#8230; a un [&hellip;]<\/p>\n","protected":false},"author":1,"featured_media":0,"parent":0,"menu_order":0,"comment_status":"closed","ping_status":"closed","template":"","meta":{"_uag_custom_page_level_css":"","footnotes":""},"class_list":["post-1080","page","type-page","status-publish","hentry"],"yoast_head":"<!-- This site is optimized with the Yoast SEO plugin v23.6 - https:\/\/yoast.com\/wordpress\/plugins\/seo\/ -->\n<title>Comprueba y valida tus direcciones de correo electr\u00f3nico<\/title>\n<meta name=\"description\" content=\"Mailnjoy es la soluci\u00f3n para aumentar su entregabilidad y potenciar sus campa\u00f1as de marketing por correo electr\u00f3nico. Verificaci\u00f3n de email\" \/>\n<meta name=\"robots\" content=\"index, follow, max-snippet:-1, max-image-preview:large, max-video-preview:-1\" \/>\n<link rel=\"canonical\" href=\"https:\/\/mailnjoy.com\/check\/es\/\" \/>\n<meta name=\"twitter:label1\" content=\"Dur\u00e9e de lecture estim\u00e9e\" \/>\n\t<meta name=\"twitter:data1\" content=\"4 minutes\" \/>\n<script type=\"application\/ld+json\" class=\"yoast-schema-graph\">{\"@context\":\"https:\/\/schema.org\",\"@graph\":[{\"@type\":\"WebPage\",\"@id\":\"https:\/\/mailnjoy.com\/check\/es\/\",\"url\":\"https:\/\/mailnjoy.com\/check\/es\/\",\"name\":\"Comprueba y valida tus direcciones de correo electr\u00f3nico\",\"isPartOf\":{\"@id\":\"https:\/\/mailnjoy.com\/check\/#website\"},\"primaryImageOfPage\":{\"@id\":\"https:\/\/mailnjoy.com\/check\/es\/#primaryimage\"},\"image\":{\"@id\":\"https:\/\/mailnjoy.com\/check\/es\/#primaryimage\"},\"thumbnailUrl\":\"https:\/\/mailnjoy.com\/check\/wp-content\/uploads\/2024\/10\/header.png\",\"datePublished\":\"2025-01-16T20:06:03+00:00\",\"dateModified\":\"2025-01-18T15:45:20+00:00\",\"description\":\"Mailnjoy es la soluci\u00f3n para aumentar su entregabilidad y potenciar sus campa\u00f1as de marketing por correo electr\u00f3nico. Verificaci\u00f3n de email\",\"breadcrumb\":{\"@id\":\"https:\/\/mailnjoy.com\/check\/es\/#breadcrumb\"},\"inLanguage\":\"fr-FR\",\"potentialAction\":[{\"@type\":\"ReadAction\",\"target\":[\"https:\/\/mailnjoy.com\/check\/es\/\"]}]},{\"@type\":\"ImageObject\",\"inLanguage\":\"fr-FR\",\"@id\":\"https:\/\/mailnjoy.com\/check\/es\/#primaryimage\",\"url\":\"https:\/\/mailnjoy.com\/check\/wp-content\/uploads\/2024\/10\/header.png\",\"contentUrl\":\"https:\/\/mailnjoy.com\/check\/wp-content\/uploads\/2024\/10\/header.png\"},{\"@type\":\"BreadcrumbList\",\"@id\":\"https:\/\/mailnjoy.com\/check\/es\/#breadcrumb\",\"itemListElement\":[{\"@type\":\"ListItem\",\"position\":1,\"name\":\"Accueil\",\"item\":\"https:\/\/mailnjoy.com\/check\/fr\/\"},{\"@type\":\"ListItem\",\"position\":2,\"name\":\"Inicio\"}]},{\"@type\":\"WebSite\",\"@id\":\"https:\/\/mailnjoy.com\/check\/#website\",\"url\":\"https:\/\/mailnjoy.com\/check\/\",\"name\":\"Mailnjoy\",\"description\":\"\",\"publisher\":{\"@id\":\"https:\/\/mailnjoy.com\/check\/#organization\"},\"potentialAction\":[{\"@type\":\"SearchAction\",\"target\":{\"@type\":\"EntryPoint\",\"urlTemplate\":\"https:\/\/mailnjoy.com\/check\/?s={search_term_string}\"},\"query-input\":{\"@type\":\"PropertyValueSpecification\",\"valueRequired\":true,\"valueName\":\"search_term_string\"}}],\"inLanguage\":\"fr-FR\"},{\"@type\":\"Organization\",\"@id\":\"https:\/\/mailnjoy.com\/check\/#organization\",\"name\":\"Mailnjoy\",\"url\":\"https:\/\/mailnjoy.com\/check\/\",\"logo\":{\"@type\":\"ImageObject\",\"inLanguage\":\"fr-FR\",\"@id\":\"https:\/\/mailnjoy.com\/check\/#\/schema\/logo\/image\/\",\"url\":\"https:\/\/mailnjoy.com\/check\/wp-content\/uploads\/2024\/10\/check_logo_small_text_by.png\",\"contentUrl\":\"https:\/\/mailnjoy.com\/check\/wp-content\/uploads\/2024\/10\/check_logo_small_text_by.png\",\"width\":400,\"height\":347,\"caption\":\"Mailnjoy\"},\"image\":{\"@id\":\"https:\/\/mailnjoy.com\/check\/#\/schema\/logo\/image\/\"}}]}<\/script>\n<!-- \/ Yoast SEO plugin. -->","yoast_head_json":{"title":"Comprueba y valida tus direcciones de correo electr\u00f3nico","description":"Mailnjoy es la soluci\u00f3n para aumentar su entregabilidad y potenciar sus campa\u00f1as de marketing por correo electr\u00f3nico. Verificaci\u00f3n de email","robots":{"index":"index","follow":"follow","max-snippet":"max-snippet:-1","max-image-preview":"max-image-preview:large","max-video-preview":"max-video-preview:-1"},"canonical":"https:\/\/mailnjoy.com\/check\/es\/","twitter_misc":{"Dur\u00e9e de lecture estim\u00e9e":"4 minutes"},"schema":{"@context":"https:\/\/schema.org","@graph":[{"@type":"WebPage","@id":"https:\/\/mailnjoy.com\/check\/es\/","url":"https:\/\/mailnjoy.com\/check\/es\/","name":"Comprueba y valida tus direcciones de correo electr\u00f3nico","isPartOf":{"@id":"https:\/\/mailnjoy.com\/check\/#website"},"primaryImageOfPage":{"@id":"https:\/\/mailnjoy.com\/check\/es\/#primaryimage"},"image":{"@id":"https:\/\/mailnjoy.com\/check\/es\/#primaryimage"},"thumbnailUrl":"https:\/\/mailnjoy.com\/check\/wp-content\/uploads\/2024\/10\/header.png","datePublished":"2025-01-16T20:06:03+00:00","dateModified":"2025-01-18T15:45:20+00:00","description":"Mailnjoy es la soluci\u00f3n para aumentar su entregabilidad y potenciar sus campa\u00f1as de marketing por correo electr\u00f3nico. Verificaci\u00f3n de email","breadcrumb":{"@id":"https:\/\/mailnjoy.com\/check\/es\/#breadcrumb"},"inLanguage":"fr-FR","potentialAction":[{"@type":"ReadAction","target":["https:\/\/mailnjoy.com\/check\/es\/"]}]},{"@type":"ImageObject","inLanguage":"fr-FR","@id":"https:\/\/mailnjoy.com\/check\/es\/#primaryimage","url":"https:\/\/mailnjoy.com\/check\/wp-content\/uploads\/2024\/10\/header.png","contentUrl":"https:\/\/mailnjoy.com\/check\/wp-content\/uploads\/2024\/10\/header.png"},{"@type":"BreadcrumbList","@id":"https:\/\/mailnjoy.com\/check\/es\/#breadcrumb","itemListElement":[{"@type":"ListItem","position":1,"name":"Accueil","item":"https:\/\/mailnjoy.com\/check\/fr\/"},{"@type":"ListItem","position":2,"name":"Inicio"}]},{"@type":"WebSite","@id":"https:\/\/mailnjoy.com\/check\/#website","url":"https:\/\/mailnjoy.com\/check\/","name":"Mailnjoy","description":"","publisher":{"@id":"https:\/\/mailnjoy.com\/check\/#organization"},"potentialAction":[{"@type":"SearchAction","target":{"@type":"EntryPoint","urlTemplate":"https:\/\/mailnjoy.com\/check\/?s={search_term_string}"},"query-input":{"@type":"PropertyValueSpecification","valueRequired":true,"valueName":"search_term_string"}}],"inLanguage":"fr-FR"},{"@type":"Organization","@id":"https:\/\/mailnjoy.com\/check\/#organization","name":"Mailnjoy","url":"https:\/\/mailnjoy.com\/check\/","logo":{"@type":"ImageObject","inLanguage":"fr-FR","@id":"https:\/\/mailnjoy.com\/check\/#\/schema\/logo\/image\/","url":"https:\/\/mailnjoy.com\/check\/wp-content\/uploads\/2024\/10\/check_logo_small_text_by.png","contentUrl":"https:\/\/mailnjoy.com\/check\/wp-content\/uploads\/2024\/10\/check_logo_small_text_by.png","width":400,"height":347,"caption":"Mailnjoy"},"image":{"@id":"https:\/\/mailnjoy.com\/check\/#\/schema\/logo\/image\/"}}]}},"lang":"es","translations":{"es":1080,"fr":8,"en":30,"de":1100,"it":1107,"pt":1115},"uagb_featured_image_src":{"full":false,"thumbnail":false,"medium":false,"medium_large":false,"large":false,"1536x1536":false,"2048x2048":false,"post-thumbnail":false},"uagb_author_info":{"display_name":"sylvain","author_link":"https:\/\/mailnjoy.com\/check\/author\/sylvain\/"},"uagb_comment_info":0,"uagb_excerpt":"El azar es bueno para la loter\u00eda, pero no tanto para el marketing por correo electr\u00f3nico: \u00a1comprueba tus correos antes de enviarlos! Mailnjoy es LA soluci\u00f3n para aumentar su entregabilidad y potenciar sus campa\u00f1as de marketing por correo electr\u00f3nico. Verificaci\u00f3n de correo electr\u00f3nico con una delicadeza inigualable &#8230; &#8230; f\u00e1cil de usar&#8230; &#8230; a un\u2026","pll_sync_post":[],"_links":{"self":[{"href":"https:\/\/mailnjoy.com\/check\/wp-json\/wp\/v2\/pages\/1080","targetHints":{"allow":["GET"]}}],"collection":[{"href":"https:\/\/mailnjoy.com\/check\/wp-json\/wp\/v2\/pages"}],"about":[{"href":"https:\/\/mailnjoy.com\/check\/wp-json\/wp\/v2\/types\/page"}],"author":[{"embeddable":true,"href":"https:\/\/mailnjoy.com\/check\/wp-json\/wp\/v2\/users\/1"}],"replies":[{"embeddable":true,"href":"https:\/\/mailnjoy.com\/check\/wp-json\/wp\/v2\/comments?post=1080"}],"version-history":[{"count":5,"href":"https:\/\/mailnjoy.com\/check\/wp-json\/wp\/v2\/pages\/1080\/revisions"}],"predecessor-version":[{"id":1489,"href":"https:\/\/mailnjoy.com\/check\/wp-json\/wp\/v2\/pages\/1080\/revisions\/1489"}],"wp:attachment":[{"href":"https:\/\/mailnjoy.com\/check\/wp-json\/wp\/v2\/media?parent=1080"}],"curies":[{"name":"wp","href":"https:\/\/api.w.org\/{rel}","templated":true}]}}