{"id":1100,"date":"2025-01-17T08:19:31","date_gmt":"2025-01-17T07:19:31","guid":{"rendered":"https:\/\/ownmailist.net\/check\/?page_id=1100"},"modified":"2025-01-18T16:46:56","modified_gmt":"2025-01-18T15:46:56","slug":"startseite","status":"publish","type":"page","link":"https:\/\/mailnjoy.com\/check\/de\/","title":{"rendered":"Startseite"},"content":{"rendered":"\n<div class=\"wp-block-group alignwide page-header is-layout-flow wp-block-group-is-layout-flow\">\n<div class=\"wp-block-columns alignwide is-layout-flex wp-container-core-columns-is-layout-28f84493 wp-block-columns-is-layout-flex\">\n<div class=\"wp-block-column is-vertically-aligned-center has-text-align-center is-layout-flow wp-block-column-is-layout-flow\" style=\"flex-basis:50%\">\n<h1 class=\"wp-block-heading\">Der Zufall ist gut f\u00fcr die Lotterie, weniger f\u00fcr das E-Mailing: \u00dcberpr\u00fcfen Sie Ihre E-Mails, bevor Sie sie versenden!<\/h1>\n\n\n\n<p class=\"has-text-align-center\" style=\"font-size:clamp(0.875rem, 0.875rem + ((1vw - 0.2rem) * 0.625), 1.25rem);\">Mailnjoy ist <strong>DIE L\u00f6sung<\/strong>, um Ihre Zustellbarkeit zu erh\u00f6hen und Ihre E-Mail Marketing Kampagnen zu boosten.<\/p>\n\n\n\n<div class=\"wp-block-buttons is-content-justification-center is-layout-flex wp-container-core-buttons-is-layout-a6d9f191 wp-block-buttons-is-layout-flex\" style=\"margin-top:var(--wp--preset--spacing--40);margin-bottom:var(--wp--preset--spacing--40)\">\n<div class=\"wp-block-button is-style-fill has-icon\"><a class=\"wp-block-button__link wp-element-button\" href=\"https:\/\/app.check.mailnjoy.com\/page-signin\">Testen Sie kostenlos<\/a><\/div>\n<\/div>\n<\/div>\n\n\n\n<div class=\"wp-block-column is-vertically-aligned-center is-layout-flow wp-block-column-is-layout-flow\" style=\"flex-basis:50%\">\n<figure class=\"wp-block-image alignleft size-full home-header-image\"><img loading=\"lazy\" decoding=\"async\" width=\"1000\" height=\"1000\" src=\"https:\/\/mailnjoy.com\/check\/wp-content\/uploads\/2024\/10\/header.png\" alt=\"\" class=\"wp-image-617\" srcset=\"https:\/\/mailnjoy.com\/check\/wp-content\/uploads\/2024\/10\/header.png 1000w, https:\/\/mailnjoy.com\/check\/wp-content\/uploads\/2024\/10\/header-300x300.png 300w, https:\/\/mailnjoy.com\/check\/wp-content\/uploads\/2024\/10\/header-150x150.png 150w, https:\/\/mailnjoy.com\/check\/wp-content\/uploads\/2024\/10\/header-768x768.png 768w\" sizes=\"auto, (max-width: 1000px) 100vw, 1000px\" \/><\/figure>\n<\/div>\n<\/div>\n<\/div>\n\n\n\n<div class=\"wp-block-columns are-vertically-aligned-center is-layout-flex wp-container-core-columns-is-layout-28f84493 wp-block-columns-is-layout-flex\">\n<div class=\"wp-block-column is-vertically-aligned-center is-layout-flow wp-block-column-is-layout-flow\">\n<figure class=\"wp-block-image alignright size-full\"><img loading=\"lazy\" decoding=\"async\" width=\"879\" height=\"900\" src=\"https:\/\/mailnjoy.com\/check\/wp-content\/uploads\/2024\/10\/microscope.855c805b.png\" alt=\"\" class=\"wp-image-442\" srcset=\"https:\/\/mailnjoy.com\/check\/wp-content\/uploads\/2024\/10\/microscope.855c805b.png 879w, https:\/\/mailnjoy.com\/check\/wp-content\/uploads\/2024\/10\/microscope.855c805b-293x300.png 293w, https:\/\/mailnjoy.com\/check\/wp-content\/uploads\/2024\/10\/microscope.855c805b-768x786.png 768w\" sizes=\"auto, (max-width: 879px) 100vw, 879px\" \/><\/figure>\n<\/div>\n\n\n\n<div class=\"wp-block-column is-vertically-aligned-center is-layout-flow wp-block-column-is-layout-flow\">\n<div class=\"wp-block-group has-global-padding is-content-justification-left is-layout-constrained wp-container-core-group-is-layout-74cbbf86 wp-block-group-is-layout-constrained\">\n<h2 class=\"wp-block-heading\">Eine E-Mail-Verifizierung, die an Feinheit kaum zu \u00fcberbieten ist &#8230;<\/h2>\n\n\n\n<ul class=\"wp-block-list check-list\">\n<li>2 Detailebenen: bis zu 15 Analysepunkte pro E-Mail<\/li>\n\n\n\n<li>Die gr\u00f6\u00dfte Abdeckung an nationalen und internationalen ISPs<\/li>\n\n\n\n<li>Verwaltung von BtoB- und BtoC-E-Mails<\/li>\n<\/ul>\n\n\n\n<div class=\"wp-block-buttons is-content-justification-center is-layout-flex wp-container-core-buttons-is-layout-a89b3969 wp-block-buttons-is-layout-flex\">\n<div class=\"wp-block-button is-style-outline is-style-outline--1\"><a class=\"wp-block-button__link wp-element-button\" href=\"https:\/\/mailnjoy.com\/check\/de\/validation\/\">Mehr erfahren<\/a><\/div>\n<\/div>\n<\/div>\n<\/div>\n<\/div>\n\n\n\n<div class=\"wp-block-columns are-vertically-aligned-center is-layout-flex wp-container-core-columns-is-layout-28f84493 wp-block-columns-is-layout-flex\">\n<div class=\"wp-block-column is-vertically-aligned-center is-layout-flow wp-block-column-is-layout-flow\">\n<div class=\"wp-block-group has-global-padding is-content-justification-right is-layout-constrained wp-container-core-group-is-layout-6f72e2c3 wp-block-group-is-layout-constrained\">\n<h2 class=\"wp-block-heading\">&#8230; einfach zu betreiben &#8230;<\/h2>\n\n\n\n<ul class=\"wp-block-list check-list\">\n<li>Zwei Sortierungen von E-Mail-Adressen. Vereinfacht, um schnell zu sein, detailliert f\u00fcr die Anspruchsvollsten<\/li>\n\n\n\n<li>Die Ergebnisse der Analyse werden direkt in Ihre Quelldatei \u00fcbernommen.<\/li>\n\n\n\n<li>Validierung als SaaS auf unserer Website, <a href=\"https:\/\/mailnjoy.com\/check\/fr\/developer#result\">\u00fcber API oder sogar SFTP<\/a> verf\u00fcgbar<\/li>\n<\/ul>\n\n\n\n<div class=\"wp-block-buttons is-content-justification-center is-layout-flex wp-container-core-buttons-is-layout-a89b3969 wp-block-buttons-is-layout-flex\">\n<div class=\"wp-block-button is-style-outline is-style-outline--2\"><a class=\"wp-block-button__link wp-element-button\" href=\"https:\/\/mailnjoy.com\/check\/de\/validation\/#result\">Mehr erfahren<\/a><\/div>\n<\/div>\n<\/div>\n<\/div>\n\n\n\n<div class=\"wp-block-column is-vertically-aligned-center is-layout-flow wp-block-column-is-layout-flow\">\n<figure class=\"wp-block-image aligncenter size-full is-resized\"><img loading=\"lazy\" decoding=\"async\" width=\"1000\" height=\"906\" src=\"https:\/\/mailnjoy.com\/check\/wp-content\/uploads\/2024\/10\/slacking.8fb0236a.png\" alt=\"\" class=\"wp-image-451\" style=\"object-fit:contain;width:552px;height:500px\" srcset=\"https:\/\/mailnjoy.com\/check\/wp-content\/uploads\/2024\/10\/slacking.8fb0236a.png 1000w, https:\/\/mailnjoy.com\/check\/wp-content\/uploads\/2024\/10\/slacking.8fb0236a-300x272.png 300w, https:\/\/mailnjoy.com\/check\/wp-content\/uploads\/2024\/10\/slacking.8fb0236a-768x696.png 768w\" sizes=\"auto, (max-width: 1000px) 100vw, 1000px\" \/><\/figure>\n<\/div>\n<\/div>\n\n\n\n<div class=\"wp-block-columns are-vertically-aligned-center is-layout-flex wp-container-core-columns-is-layout-28f84493 wp-block-columns-is-layout-flex\">\n<div class=\"wp-block-column is-vertically-aligned-center is-layout-flow wp-block-column-is-layout-flow\">\n<figure class=\"wp-block-image alignright size-full\"><img loading=\"lazy\" decoding=\"async\" width=\"471\" height=\"471\" src=\"https:\/\/mailnjoy.com\/check\/wp-content\/uploads\/2024\/10\/piece_1_centime_travers.3f7c5db0.png\" alt=\"\" class=\"wp-image-459\" srcset=\"https:\/\/mailnjoy.com\/check\/wp-content\/uploads\/2024\/10\/piece_1_centime_travers.3f7c5db0.png 471w, https:\/\/mailnjoy.com\/check\/wp-content\/uploads\/2024\/10\/piece_1_centime_travers.3f7c5db0-300x300.png 300w, https:\/\/mailnjoy.com\/check\/wp-content\/uploads\/2024\/10\/piece_1_centime_travers.3f7c5db0-150x150.png 150w\" sizes=\"auto, (max-width: 471px) 100vw, 471px\" \/><\/figure>\n<\/div>\n\n\n\n<div class=\"wp-block-column is-vertically-aligned-center is-layout-flow wp-block-column-is-layout-flow\">\n<div class=\"wp-block-group has-global-padding is-content-justification-right is-layout-constrained wp-container-core-group-is-layout-6f72e2c3 wp-block-group-is-layout-constrained\">\n<h2 class=\"wp-block-heading\">&#8230; zu einem unschlagbaren Preis<\/h2>\n\n\n\n<ul class=\"wp-block-list check-list\">\n<li>Ab 0,0004 \u20ac pro best\u00e4tigter Adresse<\/li>\n\n\n\n<li>Bezahlen Sie nur f\u00fcr qualifizierte Adressen<\/li>\n\n\n\n<li>Durch einmaligen Kauf oder im Abonnement<\/li>\n<\/ul>\n\n\n\n<div class=\"wp-block-buttons is-content-justification-center is-layout-flex wp-container-core-buttons-is-layout-a89b3969 wp-block-buttons-is-layout-flex\">\n<div class=\"wp-block-button is-style-outline is-style-outline--3\"><a class=\"wp-block-button__link wp-element-button\" href=\"https:\/\/mailnjoy.com\/check\/de\/pricing\/\">Siehe Preise<\/a><\/div>\n<\/div>\n<\/div>\n<\/div>\n<\/div>\n\n\n\n<div class=\"wp-block-group has-global-padding is-layout-constrained wp-block-group-is-layout-constrained\" style=\"margin-top:var(--wp--preset--spacing--40);margin-bottom:var(--wp--preset--spacing--40);padding-top:var(--wp--preset--spacing--40);padding-bottom:var(--wp--preset--spacing--40)\">\n<h2 class=\"wp-block-heading has-text-align-center has-green-color has-text-color has-link-color wp-elements-f58d6fa5b526fd2fc0ffd30873922543\">Unter diesen Bedingungen,<br>kostet Sie der Zufall mehr!<\/h2>\n\n\n\n<div class=\"wp-block-buttons is-content-justification-center is-layout-flex wp-container-core-buttons-is-layout-a89b3969 wp-block-buttons-is-layout-flex\">\n<div class=\"wp-block-button is-style-fill has-icon\"><a class=\"wp-block-button__link wp-element-button\" href=\"https:\/\/app.check.mailnjoy.com\/page-signin\">Testen Sie kostenlos<\/a><\/div>\n<\/div>\n<\/div>\n\n\n\n<div class=\"wp-block-group alignfull team wave is-layout-flow wp-block-group-is-layout-flow\" style=\"padding-top:var(--wp--preset--spacing--20);padding-bottom:var(--wp--preset--spacing--20)\">\n<h2 class=\"wp-block-heading has-text-align-center\">Immer noch nicht \u00fcberzeugt?<\/h2>\n\n\n\n<p class=\"has-text-align-center\">Kein Problem, wir haben noch andere Tr\u00fcmpfe im \u00c4rmel \ud83d\ude0e.<\/p>\n\n\n\n<div class=\"wp-block-columns align-stretch features-row is-layout-flex wp-container-core-columns-is-layout-69cf8084 wp-block-columns-is-layout-flex\" style=\"margin-top:var(--wp--preset--spacing--40)\">\n<div class=\"wp-block-column is-layout-flow wp-block-column-is-layout-flow\" style=\"flex-basis:33.333%\">\n<div class=\"wp-block-group card card-hover is-layout-flow wp-block-group-is-layout-flow\">\n<div class=\"wp-block-group is-layout-flow wp-block-group-is-layout-flow\">\n<figure class=\"wp-block-image aligncenter size-full is-resized\"><img loading=\"lazy\" decoding=\"async\" width=\"175\" height=\"175\" src=\"https:\/\/mailnjoy.com\/check\/wp-content\/uploads\/2024\/10\/datacenter.png\" alt=\"\" class=\"wp-image-468\" style=\"object-fit:cover;width:125px;height:125px\" srcset=\"https:\/\/mailnjoy.com\/check\/wp-content\/uploads\/2024\/10\/datacenter.png 175w, https:\/\/mailnjoy.com\/check\/wp-content\/uploads\/2024\/10\/datacenter-150x150.png 150w\" sizes=\"auto, (max-width: 175px) 100vw, 175px\" \/><\/figure>\n\n\n\n<p class=\"has-text-align-center has-green-color has-text-color has-link-color wp-elements-7159732d8b34c2adc0508d3b9f335a2f\"><a href=\"https:\/\/mailnjoy.com\/check\/de\/security\/\">Rechenzentren nach ISO 27001<\/a><\/p>\n\n\n\n<p class=\"has-text-align-center\">Die Sicherheit und Vertraulichkeit Ihrer Daten hat f\u00fcr uns oberste Priorit\u00e4t. Wir hosten sie ausschlie\u00dflich <strong>in Frankreich<\/strong>.<\/p>\n<\/div>\n<\/div>\n<\/div>\n\n\n\n<div class=\"wp-block-column is-layout-flow wp-block-column-is-layout-flow\" style=\"flex-basis:33.333%\">\n<div class=\"wp-block-group card card-hover is-layout-flow wp-block-group-is-layout-flow\">\n<div class=\"wp-block-group is-layout-flow wp-block-group-is-layout-flow\">\n<figure class=\"wp-block-image aligncenter size-full is-resized\"><img loading=\"lazy\" decoding=\"async\" width=\"175\" height=\"175\" src=\"https:\/\/mailnjoy.com\/check\/wp-content\/uploads\/2024\/10\/rgpd.png\" alt=\"\" class=\"wp-image-469\" style=\"object-fit:cover;width:125px;height:125px\" srcset=\"https:\/\/mailnjoy.com\/check\/wp-content\/uploads\/2024\/10\/rgpd.png 175w, https:\/\/mailnjoy.com\/check\/wp-content\/uploads\/2024\/10\/rgpd-150x150.png 150w\" sizes=\"auto, (max-width: 175px) 100vw, 175px\" \/><\/figure>\n\n\n\n<p class=\"has-text-align-center has-green-color has-text-color has-link-color wp-elements-d511a030f1729dbaee5d33287577711f\"><a href=\"https:\/\/mailnjoy.com\/check\/de\/security\/\">Entspricht der DSGVO<\/a><\/p>\n\n\n\n<p class=\"has-text-align-center\">Unsere gesamte Datenverarbeitung und -speicherung entspricht der Europ\u00e4ischen <strong>Datenschutzverordnung<\/strong>.<\/p>\n<\/div>\n<\/div>\n<\/div>\n\n\n\n<div class=\"wp-block-column is-layout-flow wp-block-column-is-layout-flow\" style=\"flex-basis:33.333%\">\n<div class=\"wp-block-group card card-hover is-layout-flow wp-block-group-is-layout-flow\">\n<div class=\"wp-block-group is-layout-flow wp-block-group-is-layout-flow\">\n<figure class=\"wp-block-image aligncenter size-full is-resized\"><img loading=\"lazy\" decoding=\"async\" width=\"175\" height=\"175\" src=\"https:\/\/mailnjoy.com\/check\/wp-content\/uploads\/2024\/10\/team.png\" alt=\"\" class=\"wp-image-470\" style=\"object-fit:cover;width:125px;height:125px\" srcset=\"https:\/\/mailnjoy.com\/check\/wp-content\/uploads\/2024\/10\/team.png 175w, https:\/\/mailnjoy.com\/check\/wp-content\/uploads\/2024\/10\/team-150x150.png 150w\" sizes=\"auto, (max-width: 175px) 100vw, 175px\" \/><\/figure>\n\n\n\n<p class=\"has-text-align-center has-green-color has-text-color has-link-color wp-elements-a472d58dba44f2f91a372bb80b2695c3\"><a href=\"https:\/\/mailnjoy.com\/check\/de\/team\/\">Ein Top-Team<\/a><\/p>\n\n\n\n<p class=\"has-text-align-center\">Unsere Ingenieure verf\u00fcgen \u00fcber <strong>Fachwissen<\/strong> in den Bereichen E-Mailing und Datenqualit\u00e4t.<\/p>\n<\/div>\n<\/div>\n<\/div>\n<\/div>\n\n\n\n<div class=\"wp-block-columns align-stretch features-row is-layout-flex wp-container-core-columns-is-layout-28f84493 wp-block-columns-is-layout-flex\">\n<div class=\"wp-block-column has-text-align-center is-layout-flow wp-block-column-is-layout-flow\" style=\"flex-basis:33.333%\">\n<div class=\"wp-block-group card card-hover is-layout-flow wp-block-group-is-layout-flow\">\n<div class=\"wp-block-group is-layout-flow wp-block-group-is-layout-flow\">\n<figure class=\"wp-block-image aligncenter size-full is-resized\"><img loading=\"lazy\" decoding=\"async\" width=\"175\" height=\"175\" src=\"https:\/\/mailnjoy.com\/check\/wp-content\/uploads\/2024\/10\/api.png\" alt=\"\" class=\"wp-image-471\" style=\"object-fit:cover;width:125px;height:125px\" srcset=\"https:\/\/mailnjoy.com\/check\/wp-content\/uploads\/2024\/10\/api.png 175w, https:\/\/mailnjoy.com\/check\/wp-content\/uploads\/2024\/10\/api-150x150.png 150w\" sizes=\"auto, (max-width: 175px) 100vw, 175px\" \/><\/figure>\n\n\n\n<p class=\"has-text-align-center has-green-color has-text-color has-link-color wp-elements-c18503d6bcd502391621ba82bb9b2118\"><a href=\"https:\/\/mailnjoy.com\/check\/de\/developer\/\">API-Schnittstelle<\/a><\/p>\n\n\n\n<p class=\"has-text-align-center\"><strong>Integrieren<\/strong> Sie die E-Mail-Validierung mithilfe der M\u00f6glichkeiten unserer API <strong>ganz einfach<\/strong> in Ihre Systeme.<\/p>\n<\/div>\n<\/div>\n<\/div>\n\n\n\n<div class=\"wp-block-column is-layout-flow wp-block-column-is-layout-flow\" style=\"flex-basis:33.333%\">\n<div class=\"wp-block-group card card-hover is-layout-flow wp-block-group-is-layout-flow\">\n<div class=\"wp-block-group is-layout-flow wp-block-group-is-layout-flow\">\n<figure class=\"wp-block-image aligncenter size-full is-resized\"><img loading=\"lazy\" decoding=\"async\" width=\"175\" height=\"175\" src=\"https:\/\/mailnjoy.com\/check\/wp-content\/uploads\/2024\/10\/green.png\" alt=\"\" class=\"wp-image-473\" style=\"object-fit:cover;width:125px;height:125px\" srcset=\"https:\/\/mailnjoy.com\/check\/wp-content\/uploads\/2024\/10\/green.png 175w, https:\/\/mailnjoy.com\/check\/wp-content\/uploads\/2024\/10\/green-150x150.png 150w\" sizes=\"auto, (max-width: 175px) 100vw, 175px\" \/><\/figure>\n\n\n\n<p class=\"has-text-align-center has-green-color has-text-color has-link-color wp-elements-8db1669c4f9fce7696c3a702f828006c\"><a href=\"https:\/\/mailnjoy.com\/check\/de\/ecology\/\">Friendly Planet<\/a><\/p>\n\n\n\n<p class=\"has-text-align-center\">Das Versenden und Speichern von E-Mails erzeugt CO<sub>2<\/sub>. Mit Check k\u00f6nnen Sie nur <strong>n\u00fctzliche E-Mails<\/strong> versenden!<\/p>\n<\/div>\n<\/div>\n<\/div>\n<\/div>\n<\/div>\n","protected":false},"excerpt":{"rendered":"<p>Der Zufall ist gut f\u00fcr die Lotterie, weniger f\u00fcr das E-Mailing: \u00dcberpr\u00fcfen Sie Ihre E-Mails, bevor Sie sie versenden! Mailnjoy ist DIE L\u00f6sung, um Ihre Zustellbarkeit zu erh\u00f6hen und Ihre E-Mail Marketing Kampagnen zu boosten. Eine E-Mail-Verifizierung, die an Feinheit kaum zu \u00fcberbieten ist &#8230; &#8230; einfach zu betreiben &#8230; &#8230; zu einem unschlagbaren Preis [&hellip;]<\/p>\n","protected":false},"author":1,"featured_media":0,"parent":0,"menu_order":0,"comment_status":"closed","ping_status":"closed","template":"","meta":{"_uag_custom_page_level_css":"","footnotes":""},"class_list":["post-1100","page","type-page","status-publish","hentry"],"yoast_head":"<!-- This site is optimized with the Yoast SEO plugin v23.6 - https:\/\/yoast.com\/wordpress\/plugins\/seo\/ -->\n<title>\u00dcberpr\u00fcfen und validieren Sie Ihre E-Mail-Adressen mit Mailnjoy<\/title>\n<meta name=\"description\" content=\"Mailnjoy ist die L\u00f6sung, um Ihre Zustellbarkeit zu erh\u00f6hen und Ihre E-Mail-Marketingkampagnen anzukurbeln. Premium-Verifizierung von E-Mails\" \/>\n<meta name=\"robots\" content=\"index, follow, max-snippet:-1, max-image-preview:large, max-video-preview:-1\" \/>\n<link rel=\"canonical\" href=\"https:\/\/mailnjoy.com\/check\/de\/\" \/>\n<meta name=\"twitter:label1\" content=\"Dur\u00e9e de lecture estim\u00e9e\" \/>\n\t<meta name=\"twitter:data1\" content=\"4 minutes\" \/>\n<script type=\"application\/ld+json\" class=\"yoast-schema-graph\">{\"@context\":\"https:\/\/schema.org\",\"@graph\":[{\"@type\":\"WebPage\",\"@id\":\"https:\/\/mailnjoy.com\/check\/de\/\",\"url\":\"https:\/\/mailnjoy.com\/check\/de\/\",\"name\":\"\u00dcberpr\u00fcfen und validieren Sie Ihre E-Mail-Adressen mit Mailnjoy\",\"isPartOf\":{\"@id\":\"https:\/\/mailnjoy.com\/check\/#website\"},\"primaryImageOfPage\":{\"@id\":\"https:\/\/mailnjoy.com\/check\/de\/#primaryimage\"},\"image\":{\"@id\":\"https:\/\/mailnjoy.com\/check\/de\/#primaryimage\"},\"thumbnailUrl\":\"https:\/\/mailnjoy.com\/check\/wp-content\/uploads\/2024\/10\/header.png\",\"datePublished\":\"2025-01-17T07:19:31+00:00\",\"dateModified\":\"2025-01-18T15:46:56+00:00\",\"description\":\"Mailnjoy ist die L\u00f6sung, um Ihre Zustellbarkeit zu erh\u00f6hen und Ihre E-Mail-Marketingkampagnen anzukurbeln. Premium-Verifizierung von E-Mails\",\"breadcrumb\":{\"@id\":\"https:\/\/mailnjoy.com\/check\/de\/#breadcrumb\"},\"inLanguage\":\"fr-FR\",\"potentialAction\":[{\"@type\":\"ReadAction\",\"target\":[\"https:\/\/mailnjoy.com\/check\/de\/\"]}]},{\"@type\":\"ImageObject\",\"inLanguage\":\"fr-FR\",\"@id\":\"https:\/\/mailnjoy.com\/check\/de\/#primaryimage\",\"url\":\"https:\/\/mailnjoy.com\/check\/wp-content\/uploads\/2024\/10\/header.png\",\"contentUrl\":\"https:\/\/mailnjoy.com\/check\/wp-content\/uploads\/2024\/10\/header.png\"},{\"@type\":\"BreadcrumbList\",\"@id\":\"https:\/\/mailnjoy.com\/check\/de\/#breadcrumb\",\"itemListElement\":[{\"@type\":\"ListItem\",\"position\":1,\"name\":\"Accueil\",\"item\":\"https:\/\/mailnjoy.com\/check\/fr\/\"},{\"@type\":\"ListItem\",\"position\":2,\"name\":\"Startseite\"}]},{\"@type\":\"WebSite\",\"@id\":\"https:\/\/mailnjoy.com\/check\/#website\",\"url\":\"https:\/\/mailnjoy.com\/check\/\",\"name\":\"Mailnjoy\",\"description\":\"\",\"publisher\":{\"@id\":\"https:\/\/mailnjoy.com\/check\/#organization\"},\"potentialAction\":[{\"@type\":\"SearchAction\",\"target\":{\"@type\":\"EntryPoint\",\"urlTemplate\":\"https:\/\/mailnjoy.com\/check\/?s={search_term_string}\"},\"query-input\":{\"@type\":\"PropertyValueSpecification\",\"valueRequired\":true,\"valueName\":\"search_term_string\"}}],\"inLanguage\":\"fr-FR\"},{\"@type\":\"Organization\",\"@id\":\"https:\/\/mailnjoy.com\/check\/#organization\",\"name\":\"Mailnjoy\",\"url\":\"https:\/\/mailnjoy.com\/check\/\",\"logo\":{\"@type\":\"ImageObject\",\"inLanguage\":\"fr-FR\",\"@id\":\"https:\/\/mailnjoy.com\/check\/#\/schema\/logo\/image\/\",\"url\":\"https:\/\/mailnjoy.com\/check\/wp-content\/uploads\/2024\/10\/check_logo_small_text_by.png\",\"contentUrl\":\"https:\/\/mailnjoy.com\/check\/wp-content\/uploads\/2024\/10\/check_logo_small_text_by.png\",\"width\":400,\"height\":347,\"caption\":\"Mailnjoy\"},\"image\":{\"@id\":\"https:\/\/mailnjoy.com\/check\/#\/schema\/logo\/image\/\"}}]}<\/script>\n<!-- \/ Yoast SEO plugin. -->","yoast_head_json":{"title":"\u00dcberpr\u00fcfen und validieren Sie Ihre E-Mail-Adressen mit Mailnjoy","description":"Mailnjoy ist die L\u00f6sung, um Ihre Zustellbarkeit zu erh\u00f6hen und Ihre E-Mail-Marketingkampagnen anzukurbeln. Premium-Verifizierung von E-Mails","robots":{"index":"index","follow":"follow","max-snippet":"max-snippet:-1","max-image-preview":"max-image-preview:large","max-video-preview":"max-video-preview:-1"},"canonical":"https:\/\/mailnjoy.com\/check\/de\/","twitter_misc":{"Dur\u00e9e de lecture estim\u00e9e":"4 minutes"},"schema":{"@context":"https:\/\/schema.org","@graph":[{"@type":"WebPage","@id":"https:\/\/mailnjoy.com\/check\/de\/","url":"https:\/\/mailnjoy.com\/check\/de\/","name":"\u00dcberpr\u00fcfen und validieren Sie Ihre E-Mail-Adressen mit Mailnjoy","isPartOf":{"@id":"https:\/\/mailnjoy.com\/check\/#website"},"primaryImageOfPage":{"@id":"https:\/\/mailnjoy.com\/check\/de\/#primaryimage"},"image":{"@id":"https:\/\/mailnjoy.com\/check\/de\/#primaryimage"},"thumbnailUrl":"https:\/\/mailnjoy.com\/check\/wp-content\/uploads\/2024\/10\/header.png","datePublished":"2025-01-17T07:19:31+00:00","dateModified":"2025-01-18T15:46:56+00:00","description":"Mailnjoy ist die L\u00f6sung, um Ihre Zustellbarkeit zu erh\u00f6hen und Ihre E-Mail-Marketingkampagnen anzukurbeln. Premium-Verifizierung von E-Mails","breadcrumb":{"@id":"https:\/\/mailnjoy.com\/check\/de\/#breadcrumb"},"inLanguage":"fr-FR","potentialAction":[{"@type":"ReadAction","target":["https:\/\/mailnjoy.com\/check\/de\/"]}]},{"@type":"ImageObject","inLanguage":"fr-FR","@id":"https:\/\/mailnjoy.com\/check\/de\/#primaryimage","url":"https:\/\/mailnjoy.com\/check\/wp-content\/uploads\/2024\/10\/header.png","contentUrl":"https:\/\/mailnjoy.com\/check\/wp-content\/uploads\/2024\/10\/header.png"},{"@type":"BreadcrumbList","@id":"https:\/\/mailnjoy.com\/check\/de\/#breadcrumb","itemListElement":[{"@type":"ListItem","position":1,"name":"Accueil","item":"https:\/\/mailnjoy.com\/check\/fr\/"},{"@type":"ListItem","position":2,"name":"Startseite"}]},{"@type":"WebSite","@id":"https:\/\/mailnjoy.com\/check\/#website","url":"https:\/\/mailnjoy.com\/check\/","name":"Mailnjoy","description":"","publisher":{"@id":"https:\/\/mailnjoy.com\/check\/#organization"},"potentialAction":[{"@type":"SearchAction","target":{"@type":"EntryPoint","urlTemplate":"https:\/\/mailnjoy.com\/check\/?s={search_term_string}"},"query-input":{"@type":"PropertyValueSpecification","valueRequired":true,"valueName":"search_term_string"}}],"inLanguage":"fr-FR"},{"@type":"Organization","@id":"https:\/\/mailnjoy.com\/check\/#organization","name":"Mailnjoy","url":"https:\/\/mailnjoy.com\/check\/","logo":{"@type":"ImageObject","inLanguage":"fr-FR","@id":"https:\/\/mailnjoy.com\/check\/#\/schema\/logo\/image\/","url":"https:\/\/mailnjoy.com\/check\/wp-content\/uploads\/2024\/10\/check_logo_small_text_by.png","contentUrl":"https:\/\/mailnjoy.com\/check\/wp-content\/uploads\/2024\/10\/check_logo_small_text_by.png","width":400,"height":347,"caption":"Mailnjoy"},"image":{"@id":"https:\/\/mailnjoy.com\/check\/#\/schema\/logo\/image\/"}}]}},"lang":"de","translations":{"de":1100,"fr":8,"en":30,"es":1080,"it":1107,"pt":1115},"uagb_featured_image_src":{"full":false,"thumbnail":false,"medium":false,"medium_large":false,"large":false,"1536x1536":false,"2048x2048":false,"post-thumbnail":false},"uagb_author_info":{"display_name":"sylvain","author_link":"https:\/\/mailnjoy.com\/check\/author\/sylvain\/"},"uagb_comment_info":0,"uagb_excerpt":"Der Zufall ist gut f\u00fcr die Lotterie, weniger f\u00fcr das E-Mailing: \u00dcberpr\u00fcfen Sie Ihre E-Mails, bevor Sie sie versenden! Mailnjoy ist DIE L\u00f6sung, um Ihre Zustellbarkeit zu erh\u00f6hen und Ihre E-Mail Marketing Kampagnen zu boosten. Eine E-Mail-Verifizierung, die an Feinheit kaum zu \u00fcberbieten ist &#8230; &#8230; einfach zu betreiben &#8230; &#8230; zu einem unschlagbaren Preis\u2026","pll_sync_post":[],"_links":{"self":[{"href":"https:\/\/mailnjoy.com\/check\/wp-json\/wp\/v2\/pages\/1100","targetHints":{"allow":["GET"]}}],"collection":[{"href":"https:\/\/mailnjoy.com\/check\/wp-json\/wp\/v2\/pages"}],"about":[{"href":"https:\/\/mailnjoy.com\/check\/wp-json\/wp\/v2\/types\/page"}],"author":[{"embeddable":true,"href":"https:\/\/mailnjoy.com\/check\/wp-json\/wp\/v2\/users\/1"}],"replies":[{"embeddable":true,"href":"https:\/\/mailnjoy.com\/check\/wp-json\/wp\/v2\/comments?post=1100"}],"version-history":[{"count":6,"href":"https:\/\/mailnjoy.com\/check\/wp-json\/wp\/v2\/pages\/1100\/revisions"}],"predecessor-version":[{"id":1490,"href":"https:\/\/mailnjoy.com\/check\/wp-json\/wp\/v2\/pages\/1100\/revisions\/1490"}],"wp:attachment":[{"href":"https:\/\/mailnjoy.com\/check\/wp-json\/wp\/v2\/media?parent=1100"}],"curies":[{"name":"wp","href":"https:\/\/api.w.org\/{rel}","templated":true}]}}