{"id":1115,"date":"2025-01-17T09:24:47","date_gmt":"2025-01-17T08:24:47","guid":{"rendered":"https:\/\/ownmailist.net\/check\/?page_id=1115"},"modified":"2025-01-18T16:43:14","modified_gmt":"2025-01-18T15:43:14","slug":"inicio","status":"publish","type":"page","link":"https:\/\/mailnjoy.com\/check\/pt\/","title":{"rendered":"In\u00edcio"},"content":{"rendered":"\n<div class=\"wp-block-group alignwide page-header is-layout-flow wp-block-group-is-layout-flow\">\n<div class=\"wp-block-columns alignwide is-layout-flex wp-container-core-columns-is-layout-28f84493 wp-block-columns-is-layout-flex\">\n<div class=\"wp-block-column is-vertically-aligned-center has-text-align-center is-layout-flow wp-block-column-is-layout-flow\" style=\"flex-basis:50%\">\n<h1 class=\"wp-block-heading\">O acaso \u00e9 bom para a lotaria, mas n\u00e3o \u00e9 t\u00e3o bom para o marketing por correio eletr\u00f3nico: verifique os seus e-mails antes de os enviar!<\/h1>\n\n\n\n<p class=\"has-text-align-center\" style=\"font-size:clamp(0.875rem, 0.875rem + ((1vw - 0.2rem) * 0.625), 1.25rem);\">Mailnjoy \u00e9 <strong>A solu\u00e7\u00e3o<\/strong> para aumentar a sua capacidade de entrega e impulsionar as suas campanhas de marketing por correio eletr\u00f3nico.<\/p>\n\n\n\n<div class=\"wp-block-buttons is-content-justification-center is-layout-flex wp-container-core-buttons-is-layout-a6d9f191 wp-block-buttons-is-layout-flex\" style=\"margin-top:var(--wp--preset--spacing--40);margin-bottom:var(--wp--preset--spacing--40)\">\n<div class=\"wp-block-button is-style-fill has-icon\"><a class=\"wp-block-button__link wp-element-button\" href=\"https:\/\/app.check.mailnjoy.com\/page-signin\">Teste-o gratuitamente<\/a><\/div>\n<\/div>\n<\/div>\n\n\n\n<div class=\"wp-block-column is-vertically-aligned-center is-layout-flow wp-block-column-is-layout-flow\" style=\"flex-basis:50%\">\n<figure class=\"wp-block-image alignleft size-full home-header-image\"><img loading=\"lazy\" decoding=\"async\" width=\"1000\" height=\"1000\" src=\"https:\/\/mailnjoy.com\/check\/wp-content\/uploads\/2024\/10\/header.png\" alt=\"\" class=\"wp-image-617\" srcset=\"https:\/\/mailnjoy.com\/check\/wp-content\/uploads\/2024\/10\/header.png 1000w, https:\/\/mailnjoy.com\/check\/wp-content\/uploads\/2024\/10\/header-300x300.png 300w, https:\/\/mailnjoy.com\/check\/wp-content\/uploads\/2024\/10\/header-150x150.png 150w, https:\/\/mailnjoy.com\/check\/wp-content\/uploads\/2024\/10\/header-768x768.png 768w\" sizes=\"auto, (max-width: 1000px) 100vw, 1000px\" \/><\/figure>\n<\/div>\n<\/div>\n<\/div>\n\n\n\n<div class=\"wp-block-columns are-vertically-aligned-center is-layout-flex wp-container-core-columns-is-layout-28f84493 wp-block-columns-is-layout-flex\">\n<div class=\"wp-block-column is-vertically-aligned-center is-layout-flow wp-block-column-is-layout-flow\">\n<figure class=\"wp-block-image alignright size-full\"><img loading=\"lazy\" decoding=\"async\" width=\"879\" height=\"900\" src=\"https:\/\/mailnjoy.com\/check\/wp-content\/uploads\/2024\/10\/microscope.855c805b.png\" alt=\"\" class=\"wp-image-442\" srcset=\"https:\/\/mailnjoy.com\/check\/wp-content\/uploads\/2024\/10\/microscope.855c805b.png 879w, https:\/\/mailnjoy.com\/check\/wp-content\/uploads\/2024\/10\/microscope.855c805b-293x300.png 293w, https:\/\/mailnjoy.com\/check\/wp-content\/uploads\/2024\/10\/microscope.855c805b-768x786.png 768w\" sizes=\"auto, (max-width: 879px) 100vw, 879px\" \/><\/figure>\n<\/div>\n\n\n\n<div class=\"wp-block-column is-vertically-aligned-center is-layout-flow wp-block-column-is-layout-flow\">\n<div class=\"wp-block-group has-global-padding is-content-justification-left is-layout-constrained wp-container-core-group-is-layout-74cbbf86 wp-block-group-is-layout-constrained\">\n<h2 class=\"wp-block-heading\">Verifica\u00e7\u00e3o de correio eletr\u00f3nico com uma delicadeza inigual\u00e1vel &#8230;<\/h2>\n\n\n\n<ul class=\"wp-block-list check-list\">\n<li>2 n\u00edveis de pormenor: at\u00e9 15 pontos de an\u00e1lise por correio eletr\u00f3nico<\/li>\n\n\n\n<li>A mais ampla cobertura de ISPs nacionais e internacionais<\/li>\n\n\n\n<li>Gest\u00e3o de correio eletr\u00f3nico B2B e B2C<\/li>\n<\/ul>\n\n\n\n<div class=\"wp-block-buttons is-content-justification-center is-layout-flex wp-container-core-buttons-is-layout-a89b3969 wp-block-buttons-is-layout-flex\">\n<div class=\"wp-block-button is-style-outline is-style-outline--1\"><a class=\"wp-block-button__link wp-element-button\" href=\"https:\/\/mailnjoy.com\/check\/pt\/validation\/\">Saiba mais<\/a><\/div>\n<\/div>\n<\/div>\n<\/div>\n<\/div>\n\n\n\n<div class=\"wp-block-columns are-vertically-aligned-center is-layout-flex wp-container-core-columns-is-layout-28f84493 wp-block-columns-is-layout-flex\">\n<div class=\"wp-block-column is-vertically-aligned-center is-layout-flow wp-block-column-is-layout-flow\">\n<div class=\"wp-block-group has-global-padding is-content-justification-right is-layout-constrained wp-container-core-group-is-layout-6f72e2c3 wp-block-group-is-layout-constrained\">\n<h2 class=\"wp-block-heading\">&#8230; f\u00e1cil de utilizar&#8230;<\/h2>\n\n\n\n<ul class=\"wp-block-list check-list\">\n<li>Dois classificadores de endere\u00e7os de correio eletr\u00f3nico. Simplificado para ser r\u00e1pido, detalhado para os mais exigentes<\/li>\n\n\n\n<li>Os resultados da an\u00e1lise s\u00e3o integrados diretamente no seu ficheiro fonte<\/li>\n\n\n\n<li>Valida\u00e7\u00e3o dispon\u00edvel como SaaS no nosso s\u00edtio, <a href=\"https:\/\/mailnjoy.com\/check\/fr\/developer#result\">via API ou mesmo SFTP<\/a><\/li>\n<\/ul>\n\n\n\n<div class=\"wp-block-buttons is-content-justification-center is-layout-flex wp-container-core-buttons-is-layout-a89b3969 wp-block-buttons-is-layout-flex\">\n<div class=\"wp-block-button is-style-outline is-style-outline--2\"><a class=\"wp-block-button__link wp-element-button\" href=\"https:\/\/mailnjoy.com\/check\/pt\/validation\/#result\">Saiba mais<\/a><\/div>\n<\/div>\n<\/div>\n<\/div>\n\n\n\n<div class=\"wp-block-column is-vertically-aligned-center is-layout-flow wp-block-column-is-layout-flow\">\n<figure class=\"wp-block-image aligncenter size-full is-resized\"><img loading=\"lazy\" decoding=\"async\" width=\"1000\" height=\"906\" src=\"https:\/\/mailnjoy.com\/check\/wp-content\/uploads\/2024\/10\/slacking.8fb0236a.png\" alt=\"\" class=\"wp-image-451\" style=\"object-fit:contain;width:552px;height:500px\" srcset=\"https:\/\/mailnjoy.com\/check\/wp-content\/uploads\/2024\/10\/slacking.8fb0236a.png 1000w, https:\/\/mailnjoy.com\/check\/wp-content\/uploads\/2024\/10\/slacking.8fb0236a-300x272.png 300w, https:\/\/mailnjoy.com\/check\/wp-content\/uploads\/2024\/10\/slacking.8fb0236a-768x696.png 768w\" sizes=\"auto, (max-width: 1000px) 100vw, 1000px\" \/><\/figure>\n<\/div>\n<\/div>\n\n\n\n<div class=\"wp-block-columns are-vertically-aligned-center is-layout-flex wp-container-core-columns-is-layout-28f84493 wp-block-columns-is-layout-flex\">\n<div class=\"wp-block-column is-vertically-aligned-center is-layout-flow wp-block-column-is-layout-flow\">\n<figure class=\"wp-block-image alignright size-full\"><img loading=\"lazy\" decoding=\"async\" width=\"471\" height=\"471\" src=\"https:\/\/mailnjoy.com\/check\/wp-content\/uploads\/2024\/10\/piece_1_centime_travers.3f7c5db0.png\" alt=\"\" class=\"wp-image-459\" srcset=\"https:\/\/mailnjoy.com\/check\/wp-content\/uploads\/2024\/10\/piece_1_centime_travers.3f7c5db0.png 471w, https:\/\/mailnjoy.com\/check\/wp-content\/uploads\/2024\/10\/piece_1_centime_travers.3f7c5db0-300x300.png 300w, https:\/\/mailnjoy.com\/check\/wp-content\/uploads\/2024\/10\/piece_1_centime_travers.3f7c5db0-150x150.png 150w\" sizes=\"auto, (max-width: 471px) 100vw, 471px\" \/><\/figure>\n<\/div>\n\n\n\n<div class=\"wp-block-column is-vertically-aligned-center is-layout-flow wp-block-column-is-layout-flow\">\n<div class=\"wp-block-group has-global-padding is-content-justification-right is-layout-constrained wp-container-core-group-is-layout-6f72e2c3 wp-block-group-is-layout-constrained\">\n<h2 class=\"wp-block-heading\">&#8230; a um pre\u00e7o imbat\u00edvel<\/h2>\n\n\n\n<ul class=\"wp-block-list check-list\">\n<li>Desde 0,0004 \u20ac por endere\u00e7o validado<\/li>\n\n\n\n<li>Pagar apenas por endere\u00e7os qualificados<\/li>\n\n\n\n<li>Por compra \u00fanica ou por subscri\u00e7\u00e3o<\/li>\n<\/ul>\n\n\n\n<div class=\"wp-block-buttons is-content-justification-center is-layout-flex wp-container-core-buttons-is-layout-a89b3969 wp-block-buttons-is-layout-flex\">\n<div class=\"wp-block-button is-style-outline is-style-outline--3\"><a class=\"wp-block-button__link wp-element-button\" href=\"https:\/\/mailnjoy.com\/check\/pt\/pricing\/\">Ver pre\u00e7os<\/a><\/div>\n<\/div>\n<\/div>\n<\/div>\n<\/div>\n\n\n\n<div class=\"wp-block-group has-global-padding is-layout-constrained wp-block-group-is-layout-constrained\" style=\"margin-top:var(--wp--preset--spacing--40);margin-bottom:var(--wp--preset--spacing--40);padding-top:var(--wp--preset--spacing--40);padding-bottom:var(--wp--preset--spacing--40)\">\n<h2 class=\"wp-block-heading has-text-align-center has-green-color has-text-color has-link-color wp-elements-be2c0ffefe05336f0bbb1b72a5711213\">Nestas condi\u00e7\u00f5es,<br>o acaso custa-lhe mais!<\/h2>\n\n\n\n<div class=\"wp-block-buttons is-content-justification-center is-layout-flex wp-container-core-buttons-is-layout-a89b3969 wp-block-buttons-is-layout-flex\">\n<div class=\"wp-block-button is-style-fill has-icon\"><a class=\"wp-block-button__link wp-element-button\" href=\"https:\/\/app.check.mailnjoy.com\/page-signin\">Teste-o gratuitamente<\/a><\/div>\n<\/div>\n<\/div>\n\n\n\n<div class=\"wp-block-group alignfull team wave is-layout-flow wp-block-group-is-layout-flow\" style=\"padding-top:var(--wp--preset--spacing--20);padding-bottom:var(--wp--preset--spacing--20)\">\n<h2 class=\"wp-block-heading has-text-align-center\">Ainda n\u00e3o est\u00e1 convencido?<\/h2>\n\n\n\n<p class=\"has-text-align-center\">N\u00e3o h\u00e1 problema, temos outros truques na manga \ud83d\ude0e<\/p>\n\n\n\n<div class=\"wp-block-columns align-stretch features-row is-layout-flex wp-container-core-columns-is-layout-69cf8084 wp-block-columns-is-layout-flex\" style=\"margin-top:var(--wp--preset--spacing--40)\">\n<div class=\"wp-block-column is-layout-flow wp-block-column-is-layout-flow\" style=\"flex-basis:33.333%\">\n<div class=\"wp-block-group card card-hover is-layout-flow wp-block-group-is-layout-flow\">\n<div class=\"wp-block-group is-layout-flow wp-block-group-is-layout-flow\">\n<figure class=\"wp-block-image aligncenter size-full is-resized\"><img loading=\"lazy\" decoding=\"async\" width=\"175\" height=\"175\" src=\"https:\/\/mailnjoy.com\/check\/wp-content\/uploads\/2024\/10\/datacenter.png\" alt=\"\" class=\"wp-image-468\" style=\"object-fit:cover;width:125px;height:125px\" srcset=\"https:\/\/mailnjoy.com\/check\/wp-content\/uploads\/2024\/10\/datacenter.png 175w, https:\/\/mailnjoy.com\/check\/wp-content\/uploads\/2024\/10\/datacenter-150x150.png 150w\" sizes=\"auto, (max-width: 175px) 100vw, 175px\" \/><\/figure>\n\n\n\n<p class=\"has-text-align-center has-green-color has-text-color has-link-color wp-elements-2a536cd228f007feac757b3530beb666\"><a href=\"https:\/\/mailnjoy.com\/check\/pt\/security\/\">Centros de dados ISO 27001<\/a><\/p>\n\n\n\n<p class=\"has-text-align-center\">A seguran\u00e7a e a confidencialidade dos seus dados s\u00e3o a nossa prioridade. Alojamo-los exclusivamente <strong>em Fran\u00e7a<\/strong>.<\/p>\n<\/div>\n<\/div>\n<\/div>\n\n\n\n<div class=\"wp-block-column is-layout-flow wp-block-column-is-layout-flow\" style=\"flex-basis:33.333%\">\n<div class=\"wp-block-group card card-hover is-layout-flow wp-block-group-is-layout-flow\">\n<div class=\"wp-block-group is-layout-flow wp-block-group-is-layout-flow\">\n<figure class=\"wp-block-image aligncenter size-full is-resized\"><img loading=\"lazy\" decoding=\"async\" width=\"175\" height=\"175\" src=\"https:\/\/mailnjoy.com\/check\/wp-content\/uploads\/2024\/10\/rgpd.png\" alt=\"\" class=\"wp-image-469\" style=\"object-fit:cover;width:125px;height:125px\" srcset=\"https:\/\/mailnjoy.com\/check\/wp-content\/uploads\/2024\/10\/rgpd.png 175w, https:\/\/mailnjoy.com\/check\/wp-content\/uploads\/2024\/10\/rgpd-150x150.png 150w\" sizes=\"auto, (max-width: 175px) 100vw, 175px\" \/><\/figure>\n\n\n\n<p class=\"has-text-align-center has-green-color has-text-color has-link-color wp-elements-07046fec9da43e8ef4414e508c6d38e6\"><a href=\"https:\/\/mailnjoy.com\/check\/pt\/security\/\">Em conformidade com o RGPD<\/a><\/p>\n\n\n\n<p class=\"has-text-align-center\">Todo o nosso processamento e armazenamento est\u00e1 em conformidade com o Regulamento Europeu <strong>de Prote\u00e7\u00e3o<\/strong> de Dados.<\/p>\n<\/div>\n<\/div>\n<\/div>\n\n\n\n<div class=\"wp-block-column is-layout-flow wp-block-column-is-layout-flow\" style=\"flex-basis:33.333%\">\n<div class=\"wp-block-group card card-hover is-layout-flow wp-block-group-is-layout-flow\">\n<div class=\"wp-block-group is-layout-flow wp-block-group-is-layout-flow\">\n<figure class=\"wp-block-image aligncenter size-full is-resized\"><img loading=\"lazy\" decoding=\"async\" width=\"175\" height=\"175\" src=\"https:\/\/mailnjoy.com\/check\/wp-content\/uploads\/2024\/10\/team.png\" alt=\"\" class=\"wp-image-470\" style=\"object-fit:cover;width:125px;height:125px\" srcset=\"https:\/\/mailnjoy.com\/check\/wp-content\/uploads\/2024\/10\/team.png 175w, https:\/\/mailnjoy.com\/check\/wp-content\/uploads\/2024\/10\/team-150x150.png 150w\" sizes=\"auto, (max-width: 175px) 100vw, 175px\" \/><\/figure>\n\n\n\n<p class=\"has-text-align-center has-green-color has-text-color has-link-color wp-elements-95054522ffa6e2fc241ad2004424eb2e\"><a href=\"https:\/\/mailnjoy.com\/check\/pt\/team\/\">Uma equipa de topo<\/a><\/p>\n\n\n\n<p class=\"has-text-align-center\">Os nossos engenheiros t\u00eam <strong>experi\u00eancia<\/strong> em correio eletr\u00f3nico e qualidade de dados.<\/p>\n<\/div>\n<\/div>\n<\/div>\n<\/div>\n\n\n\n<div class=\"wp-block-columns align-stretch features-row is-layout-flex wp-container-core-columns-is-layout-28f84493 wp-block-columns-is-layout-flex\">\n<div class=\"wp-block-column has-text-align-center is-layout-flow wp-block-column-is-layout-flow\" style=\"flex-basis:33.333%\">\n<div class=\"wp-block-group card card-hover is-layout-flow wp-block-group-is-layout-flow\">\n<div class=\"wp-block-group is-layout-flow wp-block-group-is-layout-flow\">\n<figure class=\"wp-block-image aligncenter size-full is-resized\"><img loading=\"lazy\" decoding=\"async\" width=\"175\" height=\"175\" src=\"https:\/\/mailnjoy.com\/check\/wp-content\/uploads\/2024\/10\/api.png\" alt=\"\" class=\"wp-image-471\" style=\"object-fit:cover;width:125px;height:125px\" srcset=\"https:\/\/mailnjoy.com\/check\/wp-content\/uploads\/2024\/10\/api.png 175w, https:\/\/mailnjoy.com\/check\/wp-content\/uploads\/2024\/10\/api-150x150.png 150w\" sizes=\"auto, (max-width: 175px) 100vw, 175px\" \/><\/figure>\n\n\n\n<p class=\"has-text-align-center has-green-color has-text-color has-link-color wp-elements-64a6d332e279a3b0858e393809d387af\"><a href=\"https:\/\/mailnjoy.com\/check\/pt\/developer\/\">Interface API<\/a><\/p>\n\n\n\n<p class=\"has-text-align-center\"><strong>Integre<\/strong> <strong>facilmente<\/strong> a valida\u00e7\u00e3o dos seus e-mails nos seus sistemas gra\u00e7as \u00e0s possibilidades oferecidas pela nossa API.<\/p>\n<\/div>\n<\/div>\n<\/div>\n\n\n\n<div class=\"wp-block-column is-layout-flow wp-block-column-is-layout-flow\" style=\"flex-basis:33.333%\">\n<div class=\"wp-block-group card card-hover is-layout-flow wp-block-group-is-layout-flow\">\n<div class=\"wp-block-group is-layout-flow wp-block-group-is-layout-flow\">\n<figure class=\"wp-block-image aligncenter size-full is-resized\"><img loading=\"lazy\" decoding=\"async\" width=\"175\" height=\"175\" src=\"https:\/\/mailnjoy.com\/check\/wp-content\/uploads\/2024\/10\/green.png\" alt=\"\" class=\"wp-image-473\" style=\"object-fit:cover;width:125px;height:125px\" srcset=\"https:\/\/mailnjoy.com\/check\/wp-content\/uploads\/2024\/10\/green.png 175w, https:\/\/mailnjoy.com\/check\/wp-content\/uploads\/2024\/10\/green-150x150.png 150w\" sizes=\"auto, (max-width: 175px) 100vw, 175px\" \/><\/figure>\n\n\n\n<p class=\"has-text-align-center has-green-color has-text-color has-link-color wp-elements-6bb1539842e0b9b4d5e803362a9d79b2\"><a href=\"https:\/\/mailnjoy.com\/check\/pt\/ecology\/\">Amigo do planeta<\/a><\/p>\n\n\n\n<p class=\"has-text-align-center\">Enviar e armazenar uma mensagem de correio eletr\u00f3nico produz CO<sub>2<\/sub>. Com Check, envie apenas mensagens de correio <strong>eletr\u00f3nico \u00fateis<\/strong>!<\/p>\n<\/div>\n<\/div>\n<\/div>\n<\/div>\n<\/div>\n","protected":false},"excerpt":{"rendered":"<p>O acaso \u00e9 bom para a lotaria, mas n\u00e3o \u00e9 t\u00e3o bom para o marketing por correio eletr\u00f3nico: verifique os seus e-mails antes de os enviar! Mailnjoy \u00e9 A solu\u00e7\u00e3o para aumentar a sua capacidade de entrega e impulsionar as suas campanhas de marketing por correio eletr\u00f3nico. Verifica\u00e7\u00e3o de correio eletr\u00f3nico com uma delicadeza inigual\u00e1vel [&hellip;]<\/p>\n","protected":false},"author":1,"featured_media":0,"parent":0,"menu_order":0,"comment_status":"closed","ping_status":"closed","template":"","meta":{"_uag_custom_page_level_css":"","footnotes":""},"class_list":["post-1115","page","type-page","status-publish","hentry"],"yoast_head":"<!-- This site is optimized with the Yoast SEO plugin v23.6 - https:\/\/yoast.com\/wordpress\/plugins\/seo\/ -->\n<title>Verifique os seus endere\u00e7os de correio eletr\u00f3nico com Mailnjoy<\/title>\n<meta name=\"description\" content=\"O Mailnjoy \u00e9 a solu\u00e7\u00e3o para aumentar a sua entregabilidade e impulsionar as suas campanhas de e-mail marketing. Verifica\u00e7\u00e3o de correio eletr\u00f3nico\" \/>\n<meta name=\"robots\" content=\"index, follow, max-snippet:-1, max-image-preview:large, max-video-preview:-1\" \/>\n<link rel=\"canonical\" href=\"https:\/\/mailnjoy.com\/check\/pt\/\" \/>\n<meta name=\"twitter:label1\" content=\"Dur\u00e9e de lecture estim\u00e9e\" \/>\n\t<meta name=\"twitter:data1\" content=\"4 minutes\" \/>\n<script type=\"application\/ld+json\" class=\"yoast-schema-graph\">{\"@context\":\"https:\/\/schema.org\",\"@graph\":[{\"@type\":\"WebPage\",\"@id\":\"https:\/\/mailnjoy.com\/check\/pt\/\",\"url\":\"https:\/\/mailnjoy.com\/check\/pt\/\",\"name\":\"Verifique os seus endere\u00e7os de correio eletr\u00f3nico com Mailnjoy\",\"isPartOf\":{\"@id\":\"https:\/\/mailnjoy.com\/check\/#website\"},\"primaryImageOfPage\":{\"@id\":\"https:\/\/mailnjoy.com\/check\/pt\/#primaryimage\"},\"image\":{\"@id\":\"https:\/\/mailnjoy.com\/check\/pt\/#primaryimage\"},\"thumbnailUrl\":\"https:\/\/mailnjoy.com\/check\/wp-content\/uploads\/2024\/10\/header.png\",\"datePublished\":\"2025-01-17T08:24:47+00:00\",\"dateModified\":\"2025-01-18T15:43:14+00:00\",\"description\":\"O Mailnjoy \u00e9 a solu\u00e7\u00e3o para aumentar a sua entregabilidade e impulsionar as suas campanhas de e-mail marketing. Verifica\u00e7\u00e3o de correio eletr\u00f3nico\",\"breadcrumb\":{\"@id\":\"https:\/\/mailnjoy.com\/check\/pt\/#breadcrumb\"},\"inLanguage\":\"fr-FR\",\"potentialAction\":[{\"@type\":\"ReadAction\",\"target\":[\"https:\/\/mailnjoy.com\/check\/pt\/\"]}]},{\"@type\":\"ImageObject\",\"inLanguage\":\"fr-FR\",\"@id\":\"https:\/\/mailnjoy.com\/check\/pt\/#primaryimage\",\"url\":\"https:\/\/mailnjoy.com\/check\/wp-content\/uploads\/2024\/10\/header.png\",\"contentUrl\":\"https:\/\/mailnjoy.com\/check\/wp-content\/uploads\/2024\/10\/header.png\"},{\"@type\":\"BreadcrumbList\",\"@id\":\"https:\/\/mailnjoy.com\/check\/pt\/#breadcrumb\",\"itemListElement\":[{\"@type\":\"ListItem\",\"position\":1,\"name\":\"Accueil\",\"item\":\"https:\/\/mailnjoy.com\/check\/fr\/\"},{\"@type\":\"ListItem\",\"position\":2,\"name\":\"In\u00edcio\"}]},{\"@type\":\"WebSite\",\"@id\":\"https:\/\/mailnjoy.com\/check\/#website\",\"url\":\"https:\/\/mailnjoy.com\/check\/\",\"name\":\"Mailnjoy\",\"description\":\"\",\"publisher\":{\"@id\":\"https:\/\/mailnjoy.com\/check\/#organization\"},\"potentialAction\":[{\"@type\":\"SearchAction\",\"target\":{\"@type\":\"EntryPoint\",\"urlTemplate\":\"https:\/\/mailnjoy.com\/check\/?s={search_term_string}\"},\"query-input\":{\"@type\":\"PropertyValueSpecification\",\"valueRequired\":true,\"valueName\":\"search_term_string\"}}],\"inLanguage\":\"fr-FR\"},{\"@type\":\"Organization\",\"@id\":\"https:\/\/mailnjoy.com\/check\/#organization\",\"name\":\"Mailnjoy\",\"url\":\"https:\/\/mailnjoy.com\/check\/\",\"logo\":{\"@type\":\"ImageObject\",\"inLanguage\":\"fr-FR\",\"@id\":\"https:\/\/mailnjoy.com\/check\/#\/schema\/logo\/image\/\",\"url\":\"https:\/\/mailnjoy.com\/check\/wp-content\/uploads\/2024\/10\/check_logo_small_text_by.png\",\"contentUrl\":\"https:\/\/mailnjoy.com\/check\/wp-content\/uploads\/2024\/10\/check_logo_small_text_by.png\",\"width\":400,\"height\":347,\"caption\":\"Mailnjoy\"},\"image\":{\"@id\":\"https:\/\/mailnjoy.com\/check\/#\/schema\/logo\/image\/\"}}]}<\/script>\n<!-- \/ Yoast SEO plugin. -->","yoast_head_json":{"title":"Verifique os seus endere\u00e7os de correio eletr\u00f3nico com Mailnjoy","description":"O Mailnjoy \u00e9 a solu\u00e7\u00e3o para aumentar a sua entregabilidade e impulsionar as suas campanhas de e-mail marketing. Verifica\u00e7\u00e3o de correio eletr\u00f3nico","robots":{"index":"index","follow":"follow","max-snippet":"max-snippet:-1","max-image-preview":"max-image-preview:large","max-video-preview":"max-video-preview:-1"},"canonical":"https:\/\/mailnjoy.com\/check\/pt\/","twitter_misc":{"Dur\u00e9e de lecture estim\u00e9e":"4 minutes"},"schema":{"@context":"https:\/\/schema.org","@graph":[{"@type":"WebPage","@id":"https:\/\/mailnjoy.com\/check\/pt\/","url":"https:\/\/mailnjoy.com\/check\/pt\/","name":"Verifique os seus endere\u00e7os de correio eletr\u00f3nico com Mailnjoy","isPartOf":{"@id":"https:\/\/mailnjoy.com\/check\/#website"},"primaryImageOfPage":{"@id":"https:\/\/mailnjoy.com\/check\/pt\/#primaryimage"},"image":{"@id":"https:\/\/mailnjoy.com\/check\/pt\/#primaryimage"},"thumbnailUrl":"https:\/\/mailnjoy.com\/check\/wp-content\/uploads\/2024\/10\/header.png","datePublished":"2025-01-17T08:24:47+00:00","dateModified":"2025-01-18T15:43:14+00:00","description":"O Mailnjoy \u00e9 a solu\u00e7\u00e3o para aumentar a sua entregabilidade e impulsionar as suas campanhas de e-mail marketing. Verifica\u00e7\u00e3o de correio eletr\u00f3nico","breadcrumb":{"@id":"https:\/\/mailnjoy.com\/check\/pt\/#breadcrumb"},"inLanguage":"fr-FR","potentialAction":[{"@type":"ReadAction","target":["https:\/\/mailnjoy.com\/check\/pt\/"]}]},{"@type":"ImageObject","inLanguage":"fr-FR","@id":"https:\/\/mailnjoy.com\/check\/pt\/#primaryimage","url":"https:\/\/mailnjoy.com\/check\/wp-content\/uploads\/2024\/10\/header.png","contentUrl":"https:\/\/mailnjoy.com\/check\/wp-content\/uploads\/2024\/10\/header.png"},{"@type":"BreadcrumbList","@id":"https:\/\/mailnjoy.com\/check\/pt\/#breadcrumb","itemListElement":[{"@type":"ListItem","position":1,"name":"Accueil","item":"https:\/\/mailnjoy.com\/check\/fr\/"},{"@type":"ListItem","position":2,"name":"In\u00edcio"}]},{"@type":"WebSite","@id":"https:\/\/mailnjoy.com\/check\/#website","url":"https:\/\/mailnjoy.com\/check\/","name":"Mailnjoy","description":"","publisher":{"@id":"https:\/\/mailnjoy.com\/check\/#organization"},"potentialAction":[{"@type":"SearchAction","target":{"@type":"EntryPoint","urlTemplate":"https:\/\/mailnjoy.com\/check\/?s={search_term_string}"},"query-input":{"@type":"PropertyValueSpecification","valueRequired":true,"valueName":"search_term_string"}}],"inLanguage":"fr-FR"},{"@type":"Organization","@id":"https:\/\/mailnjoy.com\/check\/#organization","name":"Mailnjoy","url":"https:\/\/mailnjoy.com\/check\/","logo":{"@type":"ImageObject","inLanguage":"fr-FR","@id":"https:\/\/mailnjoy.com\/check\/#\/schema\/logo\/image\/","url":"https:\/\/mailnjoy.com\/check\/wp-content\/uploads\/2024\/10\/check_logo_small_text_by.png","contentUrl":"https:\/\/mailnjoy.com\/check\/wp-content\/uploads\/2024\/10\/check_logo_small_text_by.png","width":400,"height":347,"caption":"Mailnjoy"},"image":{"@id":"https:\/\/mailnjoy.com\/check\/#\/schema\/logo\/image\/"}}]}},"lang":"pt","translations":{"pt":1115,"fr":8,"en":30,"es":1080,"de":1100,"it":1107},"uagb_featured_image_src":{"full":false,"thumbnail":false,"medium":false,"medium_large":false,"large":false,"1536x1536":false,"2048x2048":false,"post-thumbnail":false},"uagb_author_info":{"display_name":"sylvain","author_link":"https:\/\/mailnjoy.com\/check\/author\/sylvain\/"},"uagb_comment_info":0,"uagb_excerpt":"O acaso \u00e9 bom para a lotaria, mas n\u00e3o \u00e9 t\u00e3o bom para o marketing por correio eletr\u00f3nico: verifique os seus e-mails antes de os enviar! Mailnjoy \u00e9 A solu\u00e7\u00e3o para aumentar a sua capacidade de entrega e impulsionar as suas campanhas de marketing por correio eletr\u00f3nico. Verifica\u00e7\u00e3o de correio eletr\u00f3nico com uma delicadeza inigual\u00e1vel\u2026","pll_sync_post":[],"_links":{"self":[{"href":"https:\/\/mailnjoy.com\/check\/wp-json\/wp\/v2\/pages\/1115","targetHints":{"allow":["GET"]}}],"collection":[{"href":"https:\/\/mailnjoy.com\/check\/wp-json\/wp\/v2\/pages"}],"about":[{"href":"https:\/\/mailnjoy.com\/check\/wp-json\/wp\/v2\/types\/page"}],"author":[{"embeddable":true,"href":"https:\/\/mailnjoy.com\/check\/wp-json\/wp\/v2\/users\/1"}],"replies":[{"embeddable":true,"href":"https:\/\/mailnjoy.com\/check\/wp-json\/wp\/v2\/comments?post=1115"}],"version-history":[{"count":3,"href":"https:\/\/mailnjoy.com\/check\/wp-json\/wp\/v2\/pages\/1115\/revisions"}],"predecessor-version":[{"id":1487,"href":"https:\/\/mailnjoy.com\/check\/wp-json\/wp\/v2\/pages\/1115\/revisions\/1487"}],"wp:attachment":[{"href":"https:\/\/mailnjoy.com\/check\/wp-json\/wp\/v2\/media?parent=1115"}],"curies":[{"name":"wp","href":"https:\/\/api.w.org\/{rel}","templated":true}]}}