{"id":1173,"date":"2025-01-17T11:29:46","date_gmt":"2025-01-17T10:29:46","guid":{"rendered":"https:\/\/ownmailist.net\/check\/?page_id=1173"},"modified":"2025-01-17T11:29:46","modified_gmt":"2025-01-17T10:29:46","slug":"developer","status":"publish","type":"page","link":"https:\/\/mailnjoy.com\/check\/de\/developer\/","title":{"rendered":"Entwickler"},"content":{"rendered":"\n<div class=\"wp-block-group alignwide has-global-padding is-layout-constrained wp-block-group-is-layout-constrained\">\n<div class=\"wp-block-columns alignwide is-layout-flex wp-container-core-columns-is-layout-a85f4655 wp-block-columns-is-layout-flex\">\n<div class=\"wp-block-column is-layout-flow wp-block-column-is-layout-flow\" style=\"flex-basis:55%\"><h1 class=\"wp-block-heading\">Unsere API zur E-Mail-Verifizierung in Ihre Verwendungszwecke integrieren<\/h1>\n\n\n<p><br>Integrieren Sie die E-Mail-Verifizierung mithilfe der Mailnjoy API direkt in Ihre Tools. Wie unser Tool ist auch die API einsatzbereit und soll weiter wachsen. <br>wachsen, z\u00f6gern Sie nicht, es auszuprobieren!<br><br><\/p>\n\n\n<h2 class=\"wp-block-heading has-green-color has-text-color has-link-color wp-elements-6e1a3233309534491c8f012fd9f8b370\" style=\"font-size:clamp(0.984rem, 0.984rem + ((1vw - 0.2rem) * 0.86), 1.5rem);\">Unser Ziel ist es, all Ihre Automatisierungsbed\u00fcrfnisse zu erf\u00fcllen<\/h2>\n\n\n\n<ul class=\"wp-block-list check-list\">\n<li><strong>Die einheitliche Validierung einer E-Mail \u00fcber die API.<\/strong><br>Validieren Sie Ihre Adressen bereits bei der Anmeldung Ihrer Nutzer, um die Qualit\u00e4t Ihrer Listen an der Quelle zu sichern und die Anmeldung betr\u00fcgerischer Konten zu verhindern.<\/li>\n\n\n\n<li><strong>Validierung von vollst\u00e4ndigen E-Mail-Listen \u00fcber SFTP<\/strong><br>Hinterlegen Sie Ihre vollst\u00e4ndigen E-Mail-Listen bei Check by Malnjoy und validieren Sie Ihre E-Mail-Adressen direkt aus Ihren Tools heraus, ohne Ihre Gewohnheiten zu \u00e4ndern.<\/li>\n<\/ul>\n\n\n<p><br>Die Verwaltung der API- und SFTP-Schl\u00fcssel sowie die verschiedenen Integrationsdokumentationen sind \u00fcber das <a href=\"https:\/\/developer.mailnjoy.com\/\" target=\"_blank\" rel=\"noreferrer noopener\"><strong>Entwicklerportal<\/strong><\/a> zug\u00e4nglich. Letzteres ist auch direkt \u00fcber die Benutzeroberfl\u00e4che Ihres Mailnjoy-Benutzerkontos zug\u00e4nglich.<br><br>Die API-Dokumentation ist auch direkt auf <a href=\"https:\/\/github.com\/mailnjoy\/check-api\" target=\"_blank\" rel=\"noreferrer noopener\"><strong>Github<\/strong><\/a> verf\u00fcgbar und durchsuchbar.<\/p>\n<\/div>\n\n\n\n<div class=\"wp-block-column is-layout-flow wp-block-column-is-layout-flow\" style=\"padding-right:var(--wp--preset--spacing--30);padding-left:var(--wp--preset--spacing--30);flex-basis:45%\">\n<figure class=\"wp-block-image size-full\"><img loading=\"lazy\" decoding=\"async\" width=\"1743\" height=\"2282\" src=\"https:\/\/mailnjoy.com\/check\/wp-content\/uploads\/2024\/10\/developpeur.png\" alt=\"\" class=\"wp-image-305\" srcset=\"https:\/\/mailnjoy.com\/check\/wp-content\/uploads\/2024\/10\/developpeur.png 1743w, https:\/\/mailnjoy.com\/check\/wp-content\/uploads\/2024\/10\/developpeur-229x300.png 229w, https:\/\/mailnjoy.com\/check\/wp-content\/uploads\/2024\/10\/developpeur-782x1024.png 782w, https:\/\/mailnjoy.com\/check\/wp-content\/uploads\/2024\/10\/developpeur-768x1005.png 768w, https:\/\/mailnjoy.com\/check\/wp-content\/uploads\/2024\/10\/developpeur-1173x1536.png 1173w, https:\/\/mailnjoy.com\/check\/wp-content\/uploads\/2024\/10\/developpeur-1564x2048.png 1564w, https:\/\/mailnjoy.com\/check\/wp-content\/uploads\/2024\/10\/developpeur-1568x2053.png 1568w\" sizes=\"auto, (max-width: 1743px) 100vw, 1743px\" \/><\/figure>\n<\/div>\n<\/div>\n<\/div>\n\n\n\n<p><\/p>\n","protected":false},"excerpt":{"rendered":"<p>Unsere API zur E-Mail-Verifizierung in Ihre Verwendungszwecke integrieren Integrieren Sie die E-Mail-Verifizierung mithilfe der Mailnjoy API direkt in Ihre Tools. Wie unser Tool ist auch die API einsatzbereit und soll weiter wachsen. wachsen, z\u00f6gern Sie nicht, es auszuprobieren! Unser Ziel ist es, all Ihre Automatisierungsbed\u00fcrfnisse zu erf\u00fcllen Die Verwaltung der API- und SFTP-Schl\u00fcssel sowie die [&hellip;]<\/p>\n","protected":false},"author":1,"featured_media":0,"parent":0,"menu_order":0,"comment_status":"closed","ping_status":"closed","template":"","meta":{"_uag_custom_page_level_css":"","footnotes":""},"class_list":["post-1173","page","type-page","status-publish","hentry"],"yoast_head":"<!-- This site is optimized with the Yoast SEO plugin v23.6 - https:\/\/yoast.com\/wordpress\/plugins\/seo\/ -->\n<title>API zur E-Mail-Verifizierung - Mailnjoy<\/title>\n<meta name=\"description\" content=\"Nutzen Sie Mailnjoys API zur E-Mail-\u00dcberpr\u00fcfung, um Ihre \u00dcberpr\u00fcfungen von E-Mail-Adressen oder E-Mail-Listen zu automatisieren.\" \/>\n<meta name=\"robots\" content=\"index, follow, max-snippet:-1, max-image-preview:large, max-video-preview:-1\" \/>\n<link rel=\"canonical\" href=\"https:\/\/mailnjoy.com\/check\/de\/developer\/\" \/>\n<meta name=\"twitter:label1\" content=\"Dur\u00e9e de lecture estim\u00e9e\" \/>\n\t<meta name=\"twitter:data1\" content=\"1 minute\" \/>\n<script type=\"application\/ld+json\" class=\"yoast-schema-graph\">{\"@context\":\"https:\/\/schema.org\",\"@graph\":[{\"@type\":\"WebPage\",\"@id\":\"https:\/\/mailnjoy.com\/check\/de\/developer\/\",\"url\":\"https:\/\/mailnjoy.com\/check\/de\/developer\/\",\"name\":\"API zur E-Mail-Verifizierung - Mailnjoy\",\"isPartOf\":{\"@id\":\"https:\/\/mailnjoy.com\/check\/#website\"},\"primaryImageOfPage\":{\"@id\":\"https:\/\/mailnjoy.com\/check\/de\/developer\/#primaryimage\"},\"image\":{\"@id\":\"https:\/\/mailnjoy.com\/check\/de\/developer\/#primaryimage\"},\"thumbnailUrl\":\"https:\/\/mailnjoy.com\/check\/wp-content\/uploads\/2024\/10\/developpeur.png\",\"datePublished\":\"2025-01-17T10:29:46+00:00\",\"dateModified\":\"2025-01-17T10:29:46+00:00\",\"description\":\"Nutzen Sie Mailnjoys API zur E-Mail-\u00dcberpr\u00fcfung, um Ihre \u00dcberpr\u00fcfungen von E-Mail-Adressen oder E-Mail-Listen zu automatisieren.\",\"breadcrumb\":{\"@id\":\"https:\/\/mailnjoy.com\/check\/de\/developer\/#breadcrumb\"},\"inLanguage\":\"fr-FR\",\"potentialAction\":[{\"@type\":\"ReadAction\",\"target\":[\"https:\/\/mailnjoy.com\/check\/de\/developer\/\"]}]},{\"@type\":\"ImageObject\",\"inLanguage\":\"fr-FR\",\"@id\":\"https:\/\/mailnjoy.com\/check\/de\/developer\/#primaryimage\",\"url\":\"https:\/\/mailnjoy.com\/check\/wp-content\/uploads\/2024\/10\/developpeur.png\",\"contentUrl\":\"https:\/\/mailnjoy.com\/check\/wp-content\/uploads\/2024\/10\/developpeur.png\"},{\"@type\":\"BreadcrumbList\",\"@id\":\"https:\/\/mailnjoy.com\/check\/de\/developer\/#breadcrumb\",\"itemListElement\":[{\"@type\":\"ListItem\",\"position\":1,\"name\":\"Accueil\",\"item\":\"https:\/\/mailnjoy.com\/check\/fr\/\"},{\"@type\":\"ListItem\",\"position\":2,\"name\":\"Entwickler\"}]},{\"@type\":\"WebSite\",\"@id\":\"https:\/\/mailnjoy.com\/check\/#website\",\"url\":\"https:\/\/mailnjoy.com\/check\/\",\"name\":\"Mailnjoy\",\"description\":\"\",\"publisher\":{\"@id\":\"https:\/\/mailnjoy.com\/check\/#organization\"},\"potentialAction\":[{\"@type\":\"SearchAction\",\"target\":{\"@type\":\"EntryPoint\",\"urlTemplate\":\"https:\/\/mailnjoy.com\/check\/?s={search_term_string}\"},\"query-input\":{\"@type\":\"PropertyValueSpecification\",\"valueRequired\":true,\"valueName\":\"search_term_string\"}}],\"inLanguage\":\"fr-FR\"},{\"@type\":\"Organization\",\"@id\":\"https:\/\/mailnjoy.com\/check\/#organization\",\"name\":\"Mailnjoy\",\"url\":\"https:\/\/mailnjoy.com\/check\/\",\"logo\":{\"@type\":\"ImageObject\",\"inLanguage\":\"fr-FR\",\"@id\":\"https:\/\/mailnjoy.com\/check\/#\/schema\/logo\/image\/\",\"url\":\"https:\/\/mailnjoy.com\/check\/wp-content\/uploads\/2024\/10\/check_logo_small_text_by.png\",\"contentUrl\":\"https:\/\/mailnjoy.com\/check\/wp-content\/uploads\/2024\/10\/check_logo_small_text_by.png\",\"width\":400,\"height\":347,\"caption\":\"Mailnjoy\"},\"image\":{\"@id\":\"https:\/\/mailnjoy.com\/check\/#\/schema\/logo\/image\/\"}}]}<\/script>\n<!-- \/ Yoast SEO plugin. -->","yoast_head_json":{"title":"API zur E-Mail-Verifizierung - Mailnjoy","description":"Nutzen Sie Mailnjoys API zur E-Mail-\u00dcberpr\u00fcfung, um Ihre \u00dcberpr\u00fcfungen von E-Mail-Adressen oder E-Mail-Listen zu automatisieren.","robots":{"index":"index","follow":"follow","max-snippet":"max-snippet:-1","max-image-preview":"max-image-preview:large","max-video-preview":"max-video-preview:-1"},"canonical":"https:\/\/mailnjoy.com\/check\/de\/developer\/","twitter_misc":{"Dur\u00e9e de lecture estim\u00e9e":"1 minute"},"schema":{"@context":"https:\/\/schema.org","@graph":[{"@type":"WebPage","@id":"https:\/\/mailnjoy.com\/check\/de\/developer\/","url":"https:\/\/mailnjoy.com\/check\/de\/developer\/","name":"API zur E-Mail-Verifizierung - Mailnjoy","isPartOf":{"@id":"https:\/\/mailnjoy.com\/check\/#website"},"primaryImageOfPage":{"@id":"https:\/\/mailnjoy.com\/check\/de\/developer\/#primaryimage"},"image":{"@id":"https:\/\/mailnjoy.com\/check\/de\/developer\/#primaryimage"},"thumbnailUrl":"https:\/\/mailnjoy.com\/check\/wp-content\/uploads\/2024\/10\/developpeur.png","datePublished":"2025-01-17T10:29:46+00:00","dateModified":"2025-01-17T10:29:46+00:00","description":"Nutzen Sie Mailnjoys API zur E-Mail-\u00dcberpr\u00fcfung, um Ihre \u00dcberpr\u00fcfungen von E-Mail-Adressen oder E-Mail-Listen zu automatisieren.","breadcrumb":{"@id":"https:\/\/mailnjoy.com\/check\/de\/developer\/#breadcrumb"},"inLanguage":"fr-FR","potentialAction":[{"@type":"ReadAction","target":["https:\/\/mailnjoy.com\/check\/de\/developer\/"]}]},{"@type":"ImageObject","inLanguage":"fr-FR","@id":"https:\/\/mailnjoy.com\/check\/de\/developer\/#primaryimage","url":"https:\/\/mailnjoy.com\/check\/wp-content\/uploads\/2024\/10\/developpeur.png","contentUrl":"https:\/\/mailnjoy.com\/check\/wp-content\/uploads\/2024\/10\/developpeur.png"},{"@type":"BreadcrumbList","@id":"https:\/\/mailnjoy.com\/check\/de\/developer\/#breadcrumb","itemListElement":[{"@type":"ListItem","position":1,"name":"Accueil","item":"https:\/\/mailnjoy.com\/check\/fr\/"},{"@type":"ListItem","position":2,"name":"Entwickler"}]},{"@type":"WebSite","@id":"https:\/\/mailnjoy.com\/check\/#website","url":"https:\/\/mailnjoy.com\/check\/","name":"Mailnjoy","description":"","publisher":{"@id":"https:\/\/mailnjoy.com\/check\/#organization"},"potentialAction":[{"@type":"SearchAction","target":{"@type":"EntryPoint","urlTemplate":"https:\/\/mailnjoy.com\/check\/?s={search_term_string}"},"query-input":{"@type":"PropertyValueSpecification","valueRequired":true,"valueName":"search_term_string"}}],"inLanguage":"fr-FR"},{"@type":"Organization","@id":"https:\/\/mailnjoy.com\/check\/#organization","name":"Mailnjoy","url":"https:\/\/mailnjoy.com\/check\/","logo":{"@type":"ImageObject","inLanguage":"fr-FR","@id":"https:\/\/mailnjoy.com\/check\/#\/schema\/logo\/image\/","url":"https:\/\/mailnjoy.com\/check\/wp-content\/uploads\/2024\/10\/check_logo_small_text_by.png","contentUrl":"https:\/\/mailnjoy.com\/check\/wp-content\/uploads\/2024\/10\/check_logo_small_text_by.png","width":400,"height":347,"caption":"Mailnjoy"},"image":{"@id":"https:\/\/mailnjoy.com\/check\/#\/schema\/logo\/image\/"}}]}},"lang":"de","translations":{"de":1173,"fr":304,"en":316,"es":1170,"it":1176,"pt":1179},"uagb_featured_image_src":{"full":false,"thumbnail":false,"medium":false,"medium_large":false,"large":false,"1536x1536":false,"2048x2048":false,"post-thumbnail":false},"uagb_author_info":{"display_name":"sylvain","author_link":"https:\/\/mailnjoy.com\/check\/author\/sylvain\/"},"uagb_comment_info":0,"uagb_excerpt":"Unsere API zur E-Mail-Verifizierung in Ihre Verwendungszwecke integrieren Integrieren Sie die E-Mail-Verifizierung mithilfe der Mailnjoy API direkt in Ihre Tools. Wie unser Tool ist auch die API einsatzbereit und soll weiter wachsen. wachsen, z\u00f6gern Sie nicht, es auszuprobieren! Unser Ziel ist es, all Ihre Automatisierungsbed\u00fcrfnisse zu erf\u00fcllen Die Verwaltung der API- und SFTP-Schl\u00fcssel sowie die\u2026","pll_sync_post":[],"_links":{"self":[{"href":"https:\/\/mailnjoy.com\/check\/wp-json\/wp\/v2\/pages\/1173","targetHints":{"allow":["GET"]}}],"collection":[{"href":"https:\/\/mailnjoy.com\/check\/wp-json\/wp\/v2\/pages"}],"about":[{"href":"https:\/\/mailnjoy.com\/check\/wp-json\/wp\/v2\/types\/page"}],"author":[{"embeddable":true,"href":"https:\/\/mailnjoy.com\/check\/wp-json\/wp\/v2\/users\/1"}],"replies":[{"embeddable":true,"href":"https:\/\/mailnjoy.com\/check\/wp-json\/wp\/v2\/comments?post=1173"}],"version-history":[{"count":1,"href":"https:\/\/mailnjoy.com\/check\/wp-json\/wp\/v2\/pages\/1173\/revisions"}],"predecessor-version":[{"id":1174,"href":"https:\/\/mailnjoy.com\/check\/wp-json\/wp\/v2\/pages\/1173\/revisions\/1174"}],"wp:attachment":[{"href":"https:\/\/mailnjoy.com\/check\/wp-json\/wp\/v2\/media?parent=1173"}],"curies":[{"name":"wp","href":"https:\/\/api.w.org\/{rel}","templated":true}]}}