{"id":1176,"date":"2025-01-17T11:30:27","date_gmt":"2025-01-17T10:30:27","guid":{"rendered":"https:\/\/ownmailist.net\/check\/?page_id=1176"},"modified":"2025-01-17T11:30:27","modified_gmt":"2025-01-17T10:30:27","slug":"developer","status":"publish","type":"page","link":"https:\/\/mailnjoy.com\/check\/it\/developer\/","title":{"rendered":"Sviluppatore"},"content":{"rendered":"\n<div class=\"wp-block-group alignwide has-global-padding is-layout-constrained wp-block-group-is-layout-constrained\">\n<div class=\"wp-block-columns alignwide is-layout-flex wp-container-core-columns-is-layout-a85f4655 wp-block-columns-is-layout-flex\">\n<div class=\"wp-block-column is-layout-flow wp-block-column-is-layout-flow\" style=\"flex-basis:55%\"><h1 class=\"wp-block-heading\">Integrate la nostra API di verifica delle e-mail nei vostri processi<\/h1>\n\n\n<p><br>Integrate la verifica delle e-mail direttamente nei vostri strumenti utilizzando l&#8217;API di Mailnjoy. Come il nostro strumento, l&#8217;API \u00e8 gi\u00e0 operativa e destinata a crescere. <br>Quindi non esitate a provarla!<br><br><\/p>\n\n\n<h2 class=\"wp-block-heading has-green-color has-text-color has-link-color wp-elements-6f847fd3c54340d593006592c990120f\" style=\"font-size:clamp(0.984rem, 0.984rem + ((1vw - 0.2rem) * 0.86), 1.5rem);\">Il nostro obiettivo \u00e8 soddisfare tutte le vostre esigenze di automazione<\/h2>\n\n\n\n<ul class=\"wp-block-list check-list\">\n<li><strong>Convalida singola dell&#8217;e-mail tramite API<\/strong><br>Convalidate i vostri indirizzi non appena i vostri utenti si iscrivono, per garantire la qualit\u00e0 delle vostre liste alla fonte e prevenire la registrazione di account fraudolenti.<\/li>\n\n\n\n<li><strong>Convalida di liste di e-mail complete via SFTP<\/strong><br>Depositate le vostre liste complete di e-mail su Check by Malnjoy e convalidate gli indirizzi e-mail direttamente dai vostri strumenti, senza cambiare le vostre abitudini.<\/li>\n<\/ul>\n\n\n<p><br>La gestione delle chiavi API e SFTP, cos\u00ec come le varie documentazioni di integrazione, sono accessibili tramite il <a href=\"https:\/\/developer.mailnjoy.com\/\" target=\"_blank\" rel=\"noreferrer noopener\"><strong>portale degli sviluppatori<\/strong><\/a>. \u00c8 possibile accedervi anche direttamente dall&#8217;interfaccia del proprio account utente Mailnjoy.<br><br>Anche la documentazione dell&#8217;API \u00e8 disponibile e pu\u00f2 essere consultata direttamente su <a href=\"https:\/\/github.com\/mailnjoy\/check-api\" target=\"_blank\" rel=\"noreferrer noopener\"><strong>Github<\/strong><\/a>.<\/p>\n<\/div>\n\n\n\n<div class=\"wp-block-column is-layout-flow wp-block-column-is-layout-flow\" style=\"padding-right:var(--wp--preset--spacing--30);padding-left:var(--wp--preset--spacing--30);flex-basis:45%\">\n<figure class=\"wp-block-image size-full\"><img loading=\"lazy\" decoding=\"async\" width=\"1743\" height=\"2282\" src=\"https:\/\/mailnjoy.com\/check\/wp-content\/uploads\/2024\/10\/developpeur.png\" alt=\"\" class=\"wp-image-305\" srcset=\"https:\/\/mailnjoy.com\/check\/wp-content\/uploads\/2024\/10\/developpeur.png 1743w, https:\/\/mailnjoy.com\/check\/wp-content\/uploads\/2024\/10\/developpeur-229x300.png 229w, https:\/\/mailnjoy.com\/check\/wp-content\/uploads\/2024\/10\/developpeur-782x1024.png 782w, https:\/\/mailnjoy.com\/check\/wp-content\/uploads\/2024\/10\/developpeur-768x1005.png 768w, https:\/\/mailnjoy.com\/check\/wp-content\/uploads\/2024\/10\/developpeur-1173x1536.png 1173w, https:\/\/mailnjoy.com\/check\/wp-content\/uploads\/2024\/10\/developpeur-1564x2048.png 1564w, https:\/\/mailnjoy.com\/check\/wp-content\/uploads\/2024\/10\/developpeur-1568x2053.png 1568w\" sizes=\"auto, (max-width: 1743px) 100vw, 1743px\" \/><\/figure>\n<\/div>\n<\/div>\n<\/div>\n\n\n\n<p><\/p>\n","protected":false},"excerpt":{"rendered":"<p>Integrate la nostra API di verifica delle e-mail nei vostri processi Integrate la verifica delle e-mail direttamente nei vostri strumenti utilizzando l&#8217;API di Mailnjoy. Come il nostro strumento, l&#8217;API \u00e8 gi\u00e0 operativa e destinata a crescere. Quindi non esitate a provarla! Il nostro obiettivo \u00e8 soddisfare tutte le vostre esigenze di automazione La gestione delle [&hellip;]<\/p>\n","protected":false},"author":1,"featured_media":0,"parent":0,"menu_order":0,"comment_status":"closed","ping_status":"closed","template":"","meta":{"_uag_custom_page_level_css":"","footnotes":""},"class_list":["post-1176","page","type-page","status-publish","hentry"],"yoast_head":"<!-- This site is optimized with the Yoast SEO plugin v23.6 - https:\/\/yoast.com\/wordpress\/plugins\/seo\/ -->\n<title>Verifica e-mail API - Mailnjoy<\/title>\n<meta name=\"description\" content=\"Utilizzate l&#039;API di verifica email di Mailnjoy per automatizzare la verifica dei vostri indirizzi email o delle vostre liste email.\" \/>\n<meta name=\"robots\" content=\"index, follow, max-snippet:-1, max-image-preview:large, max-video-preview:-1\" \/>\n<link rel=\"canonical\" href=\"https:\/\/mailnjoy.com\/check\/it\/developer\/\" \/>\n<meta name=\"twitter:label1\" content=\"Dur\u00e9e de lecture estim\u00e9e\" \/>\n\t<meta name=\"twitter:data1\" content=\"2 minutes\" \/>\n<script type=\"application\/ld+json\" class=\"yoast-schema-graph\">{\"@context\":\"https:\/\/schema.org\",\"@graph\":[{\"@type\":\"WebPage\",\"@id\":\"https:\/\/mailnjoy.com\/check\/it\/developer\/\",\"url\":\"https:\/\/mailnjoy.com\/check\/it\/developer\/\",\"name\":\"Verifica e-mail API - Mailnjoy\",\"isPartOf\":{\"@id\":\"https:\/\/mailnjoy.com\/check\/#website\"},\"primaryImageOfPage\":{\"@id\":\"https:\/\/mailnjoy.com\/check\/it\/developer\/#primaryimage\"},\"image\":{\"@id\":\"https:\/\/mailnjoy.com\/check\/it\/developer\/#primaryimage\"},\"thumbnailUrl\":\"https:\/\/mailnjoy.com\/check\/wp-content\/uploads\/2024\/10\/developpeur.png\",\"datePublished\":\"2025-01-17T10:30:27+00:00\",\"dateModified\":\"2025-01-17T10:30:27+00:00\",\"description\":\"Utilizzate l'API di verifica email di Mailnjoy per automatizzare la verifica dei vostri indirizzi email o delle vostre liste email.\",\"breadcrumb\":{\"@id\":\"https:\/\/mailnjoy.com\/check\/it\/developer\/#breadcrumb\"},\"inLanguage\":\"fr-FR\",\"potentialAction\":[{\"@type\":\"ReadAction\",\"target\":[\"https:\/\/mailnjoy.com\/check\/it\/developer\/\"]}]},{\"@type\":\"ImageObject\",\"inLanguage\":\"fr-FR\",\"@id\":\"https:\/\/mailnjoy.com\/check\/it\/developer\/#primaryimage\",\"url\":\"https:\/\/mailnjoy.com\/check\/wp-content\/uploads\/2024\/10\/developpeur.png\",\"contentUrl\":\"https:\/\/mailnjoy.com\/check\/wp-content\/uploads\/2024\/10\/developpeur.png\"},{\"@type\":\"BreadcrumbList\",\"@id\":\"https:\/\/mailnjoy.com\/check\/it\/developer\/#breadcrumb\",\"itemListElement\":[{\"@type\":\"ListItem\",\"position\":1,\"name\":\"Accueil\",\"item\":\"https:\/\/mailnjoy.com\/check\/fr\/\"},{\"@type\":\"ListItem\",\"position\":2,\"name\":\"Sviluppatore\"}]},{\"@type\":\"WebSite\",\"@id\":\"https:\/\/mailnjoy.com\/check\/#website\",\"url\":\"https:\/\/mailnjoy.com\/check\/\",\"name\":\"Mailnjoy\",\"description\":\"\",\"publisher\":{\"@id\":\"https:\/\/mailnjoy.com\/check\/#organization\"},\"potentialAction\":[{\"@type\":\"SearchAction\",\"target\":{\"@type\":\"EntryPoint\",\"urlTemplate\":\"https:\/\/mailnjoy.com\/check\/?s={search_term_string}\"},\"query-input\":{\"@type\":\"PropertyValueSpecification\",\"valueRequired\":true,\"valueName\":\"search_term_string\"}}],\"inLanguage\":\"fr-FR\"},{\"@type\":\"Organization\",\"@id\":\"https:\/\/mailnjoy.com\/check\/#organization\",\"name\":\"Mailnjoy\",\"url\":\"https:\/\/mailnjoy.com\/check\/\",\"logo\":{\"@type\":\"ImageObject\",\"inLanguage\":\"fr-FR\",\"@id\":\"https:\/\/mailnjoy.com\/check\/#\/schema\/logo\/image\/\",\"url\":\"https:\/\/mailnjoy.com\/check\/wp-content\/uploads\/2024\/10\/check_logo_small_text_by.png\",\"contentUrl\":\"https:\/\/mailnjoy.com\/check\/wp-content\/uploads\/2024\/10\/check_logo_small_text_by.png\",\"width\":400,\"height\":347,\"caption\":\"Mailnjoy\"},\"image\":{\"@id\":\"https:\/\/mailnjoy.com\/check\/#\/schema\/logo\/image\/\"}}]}<\/script>\n<!-- \/ Yoast SEO plugin. -->","yoast_head_json":{"title":"Verifica e-mail API - Mailnjoy","description":"Utilizzate l'API di verifica email di Mailnjoy per automatizzare la verifica dei vostri indirizzi email o delle vostre liste email.","robots":{"index":"index","follow":"follow","max-snippet":"max-snippet:-1","max-image-preview":"max-image-preview:large","max-video-preview":"max-video-preview:-1"},"canonical":"https:\/\/mailnjoy.com\/check\/it\/developer\/","twitter_misc":{"Dur\u00e9e de lecture estim\u00e9e":"2 minutes"},"schema":{"@context":"https:\/\/schema.org","@graph":[{"@type":"WebPage","@id":"https:\/\/mailnjoy.com\/check\/it\/developer\/","url":"https:\/\/mailnjoy.com\/check\/it\/developer\/","name":"Verifica e-mail API - Mailnjoy","isPartOf":{"@id":"https:\/\/mailnjoy.com\/check\/#website"},"primaryImageOfPage":{"@id":"https:\/\/mailnjoy.com\/check\/it\/developer\/#primaryimage"},"image":{"@id":"https:\/\/mailnjoy.com\/check\/it\/developer\/#primaryimage"},"thumbnailUrl":"https:\/\/mailnjoy.com\/check\/wp-content\/uploads\/2024\/10\/developpeur.png","datePublished":"2025-01-17T10:30:27+00:00","dateModified":"2025-01-17T10:30:27+00:00","description":"Utilizzate l'API di verifica email di Mailnjoy per automatizzare la verifica dei vostri indirizzi email o delle vostre liste email.","breadcrumb":{"@id":"https:\/\/mailnjoy.com\/check\/it\/developer\/#breadcrumb"},"inLanguage":"fr-FR","potentialAction":[{"@type":"ReadAction","target":["https:\/\/mailnjoy.com\/check\/it\/developer\/"]}]},{"@type":"ImageObject","inLanguage":"fr-FR","@id":"https:\/\/mailnjoy.com\/check\/it\/developer\/#primaryimage","url":"https:\/\/mailnjoy.com\/check\/wp-content\/uploads\/2024\/10\/developpeur.png","contentUrl":"https:\/\/mailnjoy.com\/check\/wp-content\/uploads\/2024\/10\/developpeur.png"},{"@type":"BreadcrumbList","@id":"https:\/\/mailnjoy.com\/check\/it\/developer\/#breadcrumb","itemListElement":[{"@type":"ListItem","position":1,"name":"Accueil","item":"https:\/\/mailnjoy.com\/check\/fr\/"},{"@type":"ListItem","position":2,"name":"Sviluppatore"}]},{"@type":"WebSite","@id":"https:\/\/mailnjoy.com\/check\/#website","url":"https:\/\/mailnjoy.com\/check\/","name":"Mailnjoy","description":"","publisher":{"@id":"https:\/\/mailnjoy.com\/check\/#organization"},"potentialAction":[{"@type":"SearchAction","target":{"@type":"EntryPoint","urlTemplate":"https:\/\/mailnjoy.com\/check\/?s={search_term_string}"},"query-input":{"@type":"PropertyValueSpecification","valueRequired":true,"valueName":"search_term_string"}}],"inLanguage":"fr-FR"},{"@type":"Organization","@id":"https:\/\/mailnjoy.com\/check\/#organization","name":"Mailnjoy","url":"https:\/\/mailnjoy.com\/check\/","logo":{"@type":"ImageObject","inLanguage":"fr-FR","@id":"https:\/\/mailnjoy.com\/check\/#\/schema\/logo\/image\/","url":"https:\/\/mailnjoy.com\/check\/wp-content\/uploads\/2024\/10\/check_logo_small_text_by.png","contentUrl":"https:\/\/mailnjoy.com\/check\/wp-content\/uploads\/2024\/10\/check_logo_small_text_by.png","width":400,"height":347,"caption":"Mailnjoy"},"image":{"@id":"https:\/\/mailnjoy.com\/check\/#\/schema\/logo\/image\/"}}]}},"lang":"it","translations":{"it":1176,"fr":304,"en":316,"es":1170,"de":1173,"pt":1179},"uagb_featured_image_src":{"full":false,"thumbnail":false,"medium":false,"medium_large":false,"large":false,"1536x1536":false,"2048x2048":false,"post-thumbnail":false},"uagb_author_info":{"display_name":"sylvain","author_link":"https:\/\/mailnjoy.com\/check\/author\/sylvain\/"},"uagb_comment_info":0,"uagb_excerpt":"Integrate la nostra API di verifica delle e-mail nei vostri processi Integrate la verifica delle e-mail direttamente nei vostri strumenti utilizzando l&#8217;API di Mailnjoy. Come il nostro strumento, l&#8217;API \u00e8 gi\u00e0 operativa e destinata a crescere. Quindi non esitate a provarla! Il nostro obiettivo \u00e8 soddisfare tutte le vostre esigenze di automazione La gestione delle\u2026","pll_sync_post":[],"_links":{"self":[{"href":"https:\/\/mailnjoy.com\/check\/wp-json\/wp\/v2\/pages\/1176","targetHints":{"allow":["GET"]}}],"collection":[{"href":"https:\/\/mailnjoy.com\/check\/wp-json\/wp\/v2\/pages"}],"about":[{"href":"https:\/\/mailnjoy.com\/check\/wp-json\/wp\/v2\/types\/page"}],"author":[{"embeddable":true,"href":"https:\/\/mailnjoy.com\/check\/wp-json\/wp\/v2\/users\/1"}],"replies":[{"embeddable":true,"href":"https:\/\/mailnjoy.com\/check\/wp-json\/wp\/v2\/comments?post=1176"}],"version-history":[{"count":1,"href":"https:\/\/mailnjoy.com\/check\/wp-json\/wp\/v2\/pages\/1176\/revisions"}],"predecessor-version":[{"id":1177,"href":"https:\/\/mailnjoy.com\/check\/wp-json\/wp\/v2\/pages\/1176\/revisions\/1177"}],"wp:attachment":[{"href":"https:\/\/mailnjoy.com\/check\/wp-json\/wp\/v2\/media?parent=1176"}],"curies":[{"name":"wp","href":"https:\/\/api.w.org\/{rel}","templated":true}]}}