{"id":1179,"date":"2025-01-17T11:32:01","date_gmt":"2025-01-17T10:32:01","guid":{"rendered":"https:\/\/ownmailist.net\/check\/?page_id=1179"},"modified":"2025-01-17T11:32:01","modified_gmt":"2025-01-17T10:32:01","slug":"developer","status":"publish","type":"page","link":"https:\/\/mailnjoy.com\/check\/pt\/developer\/","title":{"rendered":"Programador"},"content":{"rendered":"\n<div class=\"wp-block-group alignwide has-global-padding is-layout-constrained wp-block-group-is-layout-constrained\">\n<div class=\"wp-block-columns alignwide is-layout-flex wp-container-core-columns-is-layout-a85f4655 wp-block-columns-is-layout-flex\">\n<div class=\"wp-block-column is-layout-flow wp-block-column-is-layout-flow\" style=\"flex-basis:55%\"><h1 class=\"wp-block-heading\">Integrar a nossa API de verifica\u00e7\u00e3o de correio eletr\u00f3nico nos seus processos<\/h1>\n\n\n<p><br>Integre a verifica\u00e7\u00e3o de correio eletr\u00f3nico diretamente nas suas ferramentas utilizando a API Mailnjoy. Tal como a nossa ferramenta, a API est\u00e1 a funcionar e a crescer. <br>Por isso, n\u00e3o hesite em experiment\u00e1-la!<br><br><\/p>\n\n\n<h2 class=\"wp-block-heading has-green-color has-text-color has-link-color wp-elements-538ff98db5fa70df4d289ceec01765c5\" style=\"font-size:clamp(0.984rem, 0.984rem + ((1vw - 0.2rem) * 0.86), 1.5rem);\">O nosso objetivo \u00e9 satisfazer todas as suas necessidades de automatiza\u00e7\u00e3o<\/h2>\n\n\n\n<ul class=\"wp-block-list check-list\">\n<li><strong>Valida\u00e7\u00e3o \u00fanica de correio eletr\u00f3nico atrav\u00e9s da API<\/strong><br>Valide os seus endere\u00e7os assim que os seus utilizadores se inscrevem, para garantir a qualidade das suas listas na origem e evitar o registo de contas fraudulentas.<\/li>\n\n\n\n<li><strong>Valida\u00e7\u00e3o de listas completas de correio eletr\u00f3nico via SFTP<\/strong><br>Deposite as suas listas de e-mail completas no Check by Malnjoy e valide os seus endere\u00e7os de e-mail diretamente a partir das suas ferramentas, sem alterar os seus h\u00e1bitos.<\/li>\n<\/ul>\n\n\n<p><br>A gest\u00e3o das chaves API e SFTP, bem como as v\u00e1rias documenta\u00e7\u00f5es de integra\u00e7\u00e3o, est\u00e3o acess\u00edveis atrav\u00e9s do <a href=\"https:\/\/developer.mailnjoy.com\/\" target=\"_blank\" rel=\"noreferrer noopener\"><strong>portal do programador<\/strong><\/a>. Este tamb\u00e9m pode ser acedido diretamente a partir da interface da sua conta de utilizador Mailnjoy.<br><br>A documenta\u00e7\u00e3o da API tamb\u00e9m est\u00e1 dispon\u00edvel e pode ser consultada diretamente no <a href=\"https:\/\/github.com\/mailnjoy\/check-api\" target=\"_blank\" rel=\"noreferrer noopener\"><strong>Github<\/strong><\/a>.<\/p>\n<\/div>\n\n\n\n<div class=\"wp-block-column is-layout-flow wp-block-column-is-layout-flow\" style=\"padding-right:var(--wp--preset--spacing--30);padding-left:var(--wp--preset--spacing--30);flex-basis:45%\">\n<figure class=\"wp-block-image size-full\"><img loading=\"lazy\" decoding=\"async\" width=\"1743\" height=\"2282\" src=\"https:\/\/mailnjoy.com\/check\/wp-content\/uploads\/2024\/10\/developpeur.png\" alt=\"\" class=\"wp-image-305\" srcset=\"https:\/\/mailnjoy.com\/check\/wp-content\/uploads\/2024\/10\/developpeur.png 1743w, https:\/\/mailnjoy.com\/check\/wp-content\/uploads\/2024\/10\/developpeur-229x300.png 229w, https:\/\/mailnjoy.com\/check\/wp-content\/uploads\/2024\/10\/developpeur-782x1024.png 782w, https:\/\/mailnjoy.com\/check\/wp-content\/uploads\/2024\/10\/developpeur-768x1005.png 768w, https:\/\/mailnjoy.com\/check\/wp-content\/uploads\/2024\/10\/developpeur-1173x1536.png 1173w, https:\/\/mailnjoy.com\/check\/wp-content\/uploads\/2024\/10\/developpeur-1564x2048.png 1564w, https:\/\/mailnjoy.com\/check\/wp-content\/uploads\/2024\/10\/developpeur-1568x2053.png 1568w\" sizes=\"auto, (max-width: 1743px) 100vw, 1743px\" \/><\/figure>\n<\/div>\n<\/div>\n<\/div>\n\n\n\n<p><\/p>\n","protected":false},"excerpt":{"rendered":"<p>Integrar a nossa API de verifica\u00e7\u00e3o de correio eletr\u00f3nico nos seus processos Integre a verifica\u00e7\u00e3o de correio eletr\u00f3nico diretamente nas suas ferramentas utilizando a API Mailnjoy. Tal como a nossa ferramenta, a API est\u00e1 a funcionar e a crescer. Por isso, n\u00e3o hesite em experiment\u00e1-la! O nosso objetivo \u00e9 satisfazer todas as suas necessidades de [&hellip;]<\/p>\n","protected":false},"author":1,"featured_media":0,"parent":0,"menu_order":0,"comment_status":"closed","ping_status":"closed","template":"","meta":{"_uag_custom_page_level_css":"","footnotes":""},"class_list":["post-1179","page","type-page","status-publish","hentry"],"yoast_head":"<!-- This site is optimized with the Yoast SEO plugin v23.6 - https:\/\/yoast.com\/wordpress\/plugins\/seo\/ -->\n<title>API de verifica\u00e7\u00e3o de correio eletr\u00f3nico - Mailnjoy<\/title>\n<meta name=\"description\" content=\"Utilize a API de verifica\u00e7\u00e3o de correio eletr\u00f3nico de Mailnjoy para automatizar a verifica\u00e7\u00e3o dos seus endere\u00e7os de correio eletr\u00f3nico ou listas de correio eletr\u00f3nico\" \/>\n<meta name=\"robots\" content=\"index, follow, max-snippet:-1, max-image-preview:large, max-video-preview:-1\" \/>\n<link rel=\"canonical\" href=\"https:\/\/mailnjoy.com\/check\/pt\/developer\/\" \/>\n<meta name=\"twitter:label1\" content=\"Dur\u00e9e de lecture estim\u00e9e\" \/>\n\t<meta name=\"twitter:data1\" content=\"2 minutes\" \/>\n<script type=\"application\/ld+json\" class=\"yoast-schema-graph\">{\"@context\":\"https:\/\/schema.org\",\"@graph\":[{\"@type\":\"WebPage\",\"@id\":\"https:\/\/mailnjoy.com\/check\/pt\/developer\/\",\"url\":\"https:\/\/mailnjoy.com\/check\/pt\/developer\/\",\"name\":\"API de verifica\u00e7\u00e3o de correio eletr\u00f3nico - Mailnjoy\",\"isPartOf\":{\"@id\":\"https:\/\/mailnjoy.com\/check\/#website\"},\"primaryImageOfPage\":{\"@id\":\"https:\/\/mailnjoy.com\/check\/pt\/developer\/#primaryimage\"},\"image\":{\"@id\":\"https:\/\/mailnjoy.com\/check\/pt\/developer\/#primaryimage\"},\"thumbnailUrl\":\"https:\/\/mailnjoy.com\/check\/wp-content\/uploads\/2024\/10\/developpeur.png\",\"datePublished\":\"2025-01-17T10:32:01+00:00\",\"dateModified\":\"2025-01-17T10:32:01+00:00\",\"description\":\"Utilize a API de verifica\u00e7\u00e3o de correio eletr\u00f3nico de Mailnjoy para automatizar a verifica\u00e7\u00e3o dos seus endere\u00e7os de correio eletr\u00f3nico ou listas de correio eletr\u00f3nico\",\"breadcrumb\":{\"@id\":\"https:\/\/mailnjoy.com\/check\/pt\/developer\/#breadcrumb\"},\"inLanguage\":\"fr-FR\",\"potentialAction\":[{\"@type\":\"ReadAction\",\"target\":[\"https:\/\/mailnjoy.com\/check\/pt\/developer\/\"]}]},{\"@type\":\"ImageObject\",\"inLanguage\":\"fr-FR\",\"@id\":\"https:\/\/mailnjoy.com\/check\/pt\/developer\/#primaryimage\",\"url\":\"https:\/\/mailnjoy.com\/check\/wp-content\/uploads\/2024\/10\/developpeur.png\",\"contentUrl\":\"https:\/\/mailnjoy.com\/check\/wp-content\/uploads\/2024\/10\/developpeur.png\"},{\"@type\":\"BreadcrumbList\",\"@id\":\"https:\/\/mailnjoy.com\/check\/pt\/developer\/#breadcrumb\",\"itemListElement\":[{\"@type\":\"ListItem\",\"position\":1,\"name\":\"Accueil\",\"item\":\"https:\/\/mailnjoy.com\/check\/fr\/\"},{\"@type\":\"ListItem\",\"position\":2,\"name\":\"Programador\"}]},{\"@type\":\"WebSite\",\"@id\":\"https:\/\/mailnjoy.com\/check\/#website\",\"url\":\"https:\/\/mailnjoy.com\/check\/\",\"name\":\"Mailnjoy\",\"description\":\"\",\"publisher\":{\"@id\":\"https:\/\/mailnjoy.com\/check\/#organization\"},\"potentialAction\":[{\"@type\":\"SearchAction\",\"target\":{\"@type\":\"EntryPoint\",\"urlTemplate\":\"https:\/\/mailnjoy.com\/check\/?s={search_term_string}\"},\"query-input\":{\"@type\":\"PropertyValueSpecification\",\"valueRequired\":true,\"valueName\":\"search_term_string\"}}],\"inLanguage\":\"fr-FR\"},{\"@type\":\"Organization\",\"@id\":\"https:\/\/mailnjoy.com\/check\/#organization\",\"name\":\"Mailnjoy\",\"url\":\"https:\/\/mailnjoy.com\/check\/\",\"logo\":{\"@type\":\"ImageObject\",\"inLanguage\":\"fr-FR\",\"@id\":\"https:\/\/mailnjoy.com\/check\/#\/schema\/logo\/image\/\",\"url\":\"https:\/\/mailnjoy.com\/check\/wp-content\/uploads\/2024\/10\/check_logo_small_text_by.png\",\"contentUrl\":\"https:\/\/mailnjoy.com\/check\/wp-content\/uploads\/2024\/10\/check_logo_small_text_by.png\",\"width\":400,\"height\":347,\"caption\":\"Mailnjoy\"},\"image\":{\"@id\":\"https:\/\/mailnjoy.com\/check\/#\/schema\/logo\/image\/\"}}]}<\/script>\n<!-- \/ Yoast SEO plugin. -->","yoast_head_json":{"title":"API de verifica\u00e7\u00e3o de correio eletr\u00f3nico - Mailnjoy","description":"Utilize a API de verifica\u00e7\u00e3o de correio eletr\u00f3nico de Mailnjoy para automatizar a verifica\u00e7\u00e3o dos seus endere\u00e7os de correio eletr\u00f3nico ou listas de correio eletr\u00f3nico","robots":{"index":"index","follow":"follow","max-snippet":"max-snippet:-1","max-image-preview":"max-image-preview:large","max-video-preview":"max-video-preview:-1"},"canonical":"https:\/\/mailnjoy.com\/check\/pt\/developer\/","twitter_misc":{"Dur\u00e9e de lecture estim\u00e9e":"2 minutes"},"schema":{"@context":"https:\/\/schema.org","@graph":[{"@type":"WebPage","@id":"https:\/\/mailnjoy.com\/check\/pt\/developer\/","url":"https:\/\/mailnjoy.com\/check\/pt\/developer\/","name":"API de verifica\u00e7\u00e3o de correio eletr\u00f3nico - Mailnjoy","isPartOf":{"@id":"https:\/\/mailnjoy.com\/check\/#website"},"primaryImageOfPage":{"@id":"https:\/\/mailnjoy.com\/check\/pt\/developer\/#primaryimage"},"image":{"@id":"https:\/\/mailnjoy.com\/check\/pt\/developer\/#primaryimage"},"thumbnailUrl":"https:\/\/mailnjoy.com\/check\/wp-content\/uploads\/2024\/10\/developpeur.png","datePublished":"2025-01-17T10:32:01+00:00","dateModified":"2025-01-17T10:32:01+00:00","description":"Utilize a API de verifica\u00e7\u00e3o de correio eletr\u00f3nico de Mailnjoy para automatizar a verifica\u00e7\u00e3o dos seus endere\u00e7os de correio eletr\u00f3nico ou listas de correio eletr\u00f3nico","breadcrumb":{"@id":"https:\/\/mailnjoy.com\/check\/pt\/developer\/#breadcrumb"},"inLanguage":"fr-FR","potentialAction":[{"@type":"ReadAction","target":["https:\/\/mailnjoy.com\/check\/pt\/developer\/"]}]},{"@type":"ImageObject","inLanguage":"fr-FR","@id":"https:\/\/mailnjoy.com\/check\/pt\/developer\/#primaryimage","url":"https:\/\/mailnjoy.com\/check\/wp-content\/uploads\/2024\/10\/developpeur.png","contentUrl":"https:\/\/mailnjoy.com\/check\/wp-content\/uploads\/2024\/10\/developpeur.png"},{"@type":"BreadcrumbList","@id":"https:\/\/mailnjoy.com\/check\/pt\/developer\/#breadcrumb","itemListElement":[{"@type":"ListItem","position":1,"name":"Accueil","item":"https:\/\/mailnjoy.com\/check\/fr\/"},{"@type":"ListItem","position":2,"name":"Programador"}]},{"@type":"WebSite","@id":"https:\/\/mailnjoy.com\/check\/#website","url":"https:\/\/mailnjoy.com\/check\/","name":"Mailnjoy","description":"","publisher":{"@id":"https:\/\/mailnjoy.com\/check\/#organization"},"potentialAction":[{"@type":"SearchAction","target":{"@type":"EntryPoint","urlTemplate":"https:\/\/mailnjoy.com\/check\/?s={search_term_string}"},"query-input":{"@type":"PropertyValueSpecification","valueRequired":true,"valueName":"search_term_string"}}],"inLanguage":"fr-FR"},{"@type":"Organization","@id":"https:\/\/mailnjoy.com\/check\/#organization","name":"Mailnjoy","url":"https:\/\/mailnjoy.com\/check\/","logo":{"@type":"ImageObject","inLanguage":"fr-FR","@id":"https:\/\/mailnjoy.com\/check\/#\/schema\/logo\/image\/","url":"https:\/\/mailnjoy.com\/check\/wp-content\/uploads\/2024\/10\/check_logo_small_text_by.png","contentUrl":"https:\/\/mailnjoy.com\/check\/wp-content\/uploads\/2024\/10\/check_logo_small_text_by.png","width":400,"height":347,"caption":"Mailnjoy"},"image":{"@id":"https:\/\/mailnjoy.com\/check\/#\/schema\/logo\/image\/"}}]}},"lang":"pt","translations":{"pt":1179,"fr":304,"en":316,"es":1170,"de":1173,"it":1176},"uagb_featured_image_src":{"full":false,"thumbnail":false,"medium":false,"medium_large":false,"large":false,"1536x1536":false,"2048x2048":false,"post-thumbnail":false},"uagb_author_info":{"display_name":"sylvain","author_link":"https:\/\/mailnjoy.com\/check\/author\/sylvain\/"},"uagb_comment_info":0,"uagb_excerpt":"Integrar a nossa API de verifica\u00e7\u00e3o de correio eletr\u00f3nico nos seus processos Integre a verifica\u00e7\u00e3o de correio eletr\u00f3nico diretamente nas suas ferramentas utilizando a API Mailnjoy. Tal como a nossa ferramenta, a API est\u00e1 a funcionar e a crescer. Por isso, n\u00e3o hesite em experiment\u00e1-la! O nosso objetivo \u00e9 satisfazer todas as suas necessidades de\u2026","pll_sync_post":[],"_links":{"self":[{"href":"https:\/\/mailnjoy.com\/check\/wp-json\/wp\/v2\/pages\/1179","targetHints":{"allow":["GET"]}}],"collection":[{"href":"https:\/\/mailnjoy.com\/check\/wp-json\/wp\/v2\/pages"}],"about":[{"href":"https:\/\/mailnjoy.com\/check\/wp-json\/wp\/v2\/types\/page"}],"author":[{"embeddable":true,"href":"https:\/\/mailnjoy.com\/check\/wp-json\/wp\/v2\/users\/1"}],"replies":[{"embeddable":true,"href":"https:\/\/mailnjoy.com\/check\/wp-json\/wp\/v2\/comments?post=1179"}],"version-history":[{"count":1,"href":"https:\/\/mailnjoy.com\/check\/wp-json\/wp\/v2\/pages\/1179\/revisions"}],"predecessor-version":[{"id":1180,"href":"https:\/\/mailnjoy.com\/check\/wp-json\/wp\/v2\/pages\/1179\/revisions\/1180"}],"wp:attachment":[{"href":"https:\/\/mailnjoy.com\/check\/wp-json\/wp\/v2\/media?parent=1179"}],"curies":[{"name":"wp","href":"https:\/\/api.w.org\/{rel}","templated":true}]}}