{"id":1186,"date":"2025-01-17T11:33:48","date_gmt":"2025-01-17T10:33:48","guid":{"rendered":"https:\/\/ownmailist.net\/check\/?page_id=1186"},"modified":"2025-01-17T11:33:48","modified_gmt":"2025-01-17T10:33:48","slug":"ecology","status":"publish","type":"page","link":"https:\/\/mailnjoy.com\/check\/de\/ecology\/","title":{"rendered":"\u00d6kologie"},"content":{"rendered":"\n<div class=\"wp-block-group alignwide has-global-padding is-layout-constrained wp-block-group-is-layout-constrained\">\n<div class=\"wp-block-columns alignwide is-layout-flex wp-container-core-columns-is-layout-a85f4655 wp-block-columns-is-layout-flex\">\n<div class=\"wp-block-column is-layout-flow wp-block-column-is-layout-flow\" style=\"flex-basis:55%\"><h1 class=\"wp-block-heading\">Wir engagieren uns f\u00fcr unseren Planeten<\/h1>\n\n\n<p>Weil wir davon \u00fcberzeugt sind, dass jede Geste z\u00e4hlt, tragen wir zum Schutz unserer Umwelt bei und helfen Ihnen, das Gleiche zu tun.<\/p>\n\n\n<h2 class=\"wp-block-heading has-green-color has-text-color has-link-color wp-elements-b1a2cf3d4df08290e41d6d83c3814f43\" style=\"font-size:clamp(0.984rem, 0.984rem + ((1vw - 0.2rem) * 0.86), 1.5rem);\">Dazu gehen wir zwei Verpflichtungen ein:<\/h2>\n\n\n\n<ul class=\"wp-block-list check-list\">\n<li><strong>Ihnen helfen, die wiederkehrende CO2-Belastung durch Ihre E-Mail-Kampagnen zu verringern.<\/strong><br>Abgesehen davon, dass Sie unn\u00f6tig Geld verlieren, hat jede E-Mail, die an einen ungelesenen oder nicht vorhandenen Posteingang gesendet wird, einen CO2-Fu\u00dfabdruck.<br>Die Pflege einer guten Listenhygiene ist daher eine Geste des \u00d6ko-B\u00fcrgers.<br>Werden auch Sie zum Akteur der kleinen Gesten, die zusammengenommen eine gro\u00dfe Wirkung haben, und werden Sie zum \u00d6ko-Sammler f\u00fcr unser Gemeinwohl!<\/li>\n\n\n\n<li><strong>Einen Teil unserer Gewinne an Umweltorganisationen spenden.<\/strong><br>Eine Geste, die allein sicherlich nicht die Welt ver\u00e4ndern wird, die aber unseren Werten und unserem Engagement entspricht!<\/li>\n<\/ul>\n<\/div>\n\n\n\n<div class=\"wp-block-column is-layout-flow wp-block-column-is-layout-flow\" style=\"padding-right:var(--wp--preset--spacing--30);padding-left:var(--wp--preset--spacing--30);flex-basis:45%\">\n<figure class=\"wp-block-image size-full\"><img loading=\"lazy\" decoding=\"async\" width=\"600\" height=\"600\" src=\"https:\/\/mailnjoy.com\/check\/wp-content\/uploads\/2024\/10\/ecology.png\" alt=\"\" class=\"wp-image-319\" srcset=\"https:\/\/mailnjoy.com\/check\/wp-content\/uploads\/2024\/10\/ecology.png 600w, https:\/\/mailnjoy.com\/check\/wp-content\/uploads\/2024\/10\/ecology-300x300.png 300w, https:\/\/mailnjoy.com\/check\/wp-content\/uploads\/2024\/10\/ecology-150x150.png 150w\" sizes=\"auto, (max-width: 600px) 100vw, 600px\" \/><\/figure>\n<\/div>\n<\/div>\n<\/div>\n","protected":false},"excerpt":{"rendered":"<p>Wir engagieren uns f\u00fcr unseren Planeten Weil wir davon \u00fcberzeugt sind, dass jede Geste z\u00e4hlt, tragen wir zum Schutz unserer Umwelt bei und helfen Ihnen, das Gleiche zu tun. Dazu gehen wir zwei Verpflichtungen ein:<\/p>\n","protected":false},"author":1,"featured_media":0,"parent":0,"menu_order":0,"comment_status":"closed","ping_status":"closed","template":"","meta":{"_uag_custom_page_level_css":"","footnotes":""},"class_list":["post-1186","page","type-page","status-publish","hentry"],"yoast_head":"<!-- This site is optimized with the Yoast SEO plugin v23.6 - https:\/\/yoast.com\/wordpress\/plugins\/seo\/ -->\n<title>\u00d6kologisches Engagement - Mailnjoy<\/title>\n<meta name=\"description\" content=\"Erfahren Sie, wie sich die E-Mail-Verifizierung auf die Umwelt auswirkt und welche Werte wir uns auf die Fahnen geschrieben haben.\" \/>\n<meta name=\"robots\" content=\"index, follow, max-snippet:-1, max-image-preview:large, max-video-preview:-1\" \/>\n<link rel=\"canonical\" href=\"https:\/\/mailnjoy.com\/check\/de\/ecology\/\" \/>\n<meta name=\"twitter:label1\" content=\"Dur\u00e9e de lecture estim\u00e9e\" \/>\n\t<meta name=\"twitter:data1\" content=\"1 minute\" \/>\n<script type=\"application\/ld+json\" class=\"yoast-schema-graph\">{\"@context\":\"https:\/\/schema.org\",\"@graph\":[{\"@type\":\"WebPage\",\"@id\":\"https:\/\/mailnjoy.com\/check\/de\/ecology\/\",\"url\":\"https:\/\/mailnjoy.com\/check\/de\/ecology\/\",\"name\":\"\u00d6kologisches Engagement - Mailnjoy\",\"isPartOf\":{\"@id\":\"https:\/\/mailnjoy.com\/check\/#website\"},\"primaryImageOfPage\":{\"@id\":\"https:\/\/mailnjoy.com\/check\/de\/ecology\/#primaryimage\"},\"image\":{\"@id\":\"https:\/\/mailnjoy.com\/check\/de\/ecology\/#primaryimage\"},\"thumbnailUrl\":\"https:\/\/mailnjoy.com\/check\/wp-content\/uploads\/2024\/10\/ecology.png\",\"datePublished\":\"2025-01-17T10:33:48+00:00\",\"dateModified\":\"2025-01-17T10:33:48+00:00\",\"description\":\"Erfahren Sie, wie sich die E-Mail-Verifizierung auf die Umwelt auswirkt und welche Werte wir uns auf die Fahnen geschrieben haben.\",\"breadcrumb\":{\"@id\":\"https:\/\/mailnjoy.com\/check\/de\/ecology\/#breadcrumb\"},\"inLanguage\":\"fr-FR\",\"potentialAction\":[{\"@type\":\"ReadAction\",\"target\":[\"https:\/\/mailnjoy.com\/check\/de\/ecology\/\"]}]},{\"@type\":\"ImageObject\",\"inLanguage\":\"fr-FR\",\"@id\":\"https:\/\/mailnjoy.com\/check\/de\/ecology\/#primaryimage\",\"url\":\"https:\/\/mailnjoy.com\/check\/wp-content\/uploads\/2024\/10\/ecology.png\",\"contentUrl\":\"https:\/\/mailnjoy.com\/check\/wp-content\/uploads\/2024\/10\/ecology.png\"},{\"@type\":\"BreadcrumbList\",\"@id\":\"https:\/\/mailnjoy.com\/check\/de\/ecology\/#breadcrumb\",\"itemListElement\":[{\"@type\":\"ListItem\",\"position\":1,\"name\":\"Accueil\",\"item\":\"https:\/\/mailnjoy.com\/check\/fr\/\"},{\"@type\":\"ListItem\",\"position\":2,\"name\":\"\u00d6kologie\"}]},{\"@type\":\"WebSite\",\"@id\":\"https:\/\/mailnjoy.com\/check\/#website\",\"url\":\"https:\/\/mailnjoy.com\/check\/\",\"name\":\"Mailnjoy\",\"description\":\"\",\"publisher\":{\"@id\":\"https:\/\/mailnjoy.com\/check\/#organization\"},\"potentialAction\":[{\"@type\":\"SearchAction\",\"target\":{\"@type\":\"EntryPoint\",\"urlTemplate\":\"https:\/\/mailnjoy.com\/check\/?s={search_term_string}\"},\"query-input\":{\"@type\":\"PropertyValueSpecification\",\"valueRequired\":true,\"valueName\":\"search_term_string\"}}],\"inLanguage\":\"fr-FR\"},{\"@type\":\"Organization\",\"@id\":\"https:\/\/mailnjoy.com\/check\/#organization\",\"name\":\"Mailnjoy\",\"url\":\"https:\/\/mailnjoy.com\/check\/\",\"logo\":{\"@type\":\"ImageObject\",\"inLanguage\":\"fr-FR\",\"@id\":\"https:\/\/mailnjoy.com\/check\/#\/schema\/logo\/image\/\",\"url\":\"https:\/\/mailnjoy.com\/check\/wp-content\/uploads\/2024\/10\/check_logo_small_text_by.png\",\"contentUrl\":\"https:\/\/mailnjoy.com\/check\/wp-content\/uploads\/2024\/10\/check_logo_small_text_by.png\",\"width\":400,\"height\":347,\"caption\":\"Mailnjoy\"},\"image\":{\"@id\":\"https:\/\/mailnjoy.com\/check\/#\/schema\/logo\/image\/\"}}]}<\/script>\n<!-- \/ Yoast SEO plugin. -->","yoast_head_json":{"title":"\u00d6kologisches Engagement - Mailnjoy","description":"Erfahren Sie, wie sich die E-Mail-Verifizierung auf die Umwelt auswirkt und welche Werte wir uns auf die Fahnen geschrieben haben.","robots":{"index":"index","follow":"follow","max-snippet":"max-snippet:-1","max-image-preview":"max-image-preview:large","max-video-preview":"max-video-preview:-1"},"canonical":"https:\/\/mailnjoy.com\/check\/de\/ecology\/","twitter_misc":{"Dur\u00e9e de lecture estim\u00e9e":"1 minute"},"schema":{"@context":"https:\/\/schema.org","@graph":[{"@type":"WebPage","@id":"https:\/\/mailnjoy.com\/check\/de\/ecology\/","url":"https:\/\/mailnjoy.com\/check\/de\/ecology\/","name":"\u00d6kologisches Engagement - Mailnjoy","isPartOf":{"@id":"https:\/\/mailnjoy.com\/check\/#website"},"primaryImageOfPage":{"@id":"https:\/\/mailnjoy.com\/check\/de\/ecology\/#primaryimage"},"image":{"@id":"https:\/\/mailnjoy.com\/check\/de\/ecology\/#primaryimage"},"thumbnailUrl":"https:\/\/mailnjoy.com\/check\/wp-content\/uploads\/2024\/10\/ecology.png","datePublished":"2025-01-17T10:33:48+00:00","dateModified":"2025-01-17T10:33:48+00:00","description":"Erfahren Sie, wie sich die E-Mail-Verifizierung auf die Umwelt auswirkt und welche Werte wir uns auf die Fahnen geschrieben haben.","breadcrumb":{"@id":"https:\/\/mailnjoy.com\/check\/de\/ecology\/#breadcrumb"},"inLanguage":"fr-FR","potentialAction":[{"@type":"ReadAction","target":["https:\/\/mailnjoy.com\/check\/de\/ecology\/"]}]},{"@type":"ImageObject","inLanguage":"fr-FR","@id":"https:\/\/mailnjoy.com\/check\/de\/ecology\/#primaryimage","url":"https:\/\/mailnjoy.com\/check\/wp-content\/uploads\/2024\/10\/ecology.png","contentUrl":"https:\/\/mailnjoy.com\/check\/wp-content\/uploads\/2024\/10\/ecology.png"},{"@type":"BreadcrumbList","@id":"https:\/\/mailnjoy.com\/check\/de\/ecology\/#breadcrumb","itemListElement":[{"@type":"ListItem","position":1,"name":"Accueil","item":"https:\/\/mailnjoy.com\/check\/fr\/"},{"@type":"ListItem","position":2,"name":"\u00d6kologie"}]},{"@type":"WebSite","@id":"https:\/\/mailnjoy.com\/check\/#website","url":"https:\/\/mailnjoy.com\/check\/","name":"Mailnjoy","description":"","publisher":{"@id":"https:\/\/mailnjoy.com\/check\/#organization"},"potentialAction":[{"@type":"SearchAction","target":{"@type":"EntryPoint","urlTemplate":"https:\/\/mailnjoy.com\/check\/?s={search_term_string}"},"query-input":{"@type":"PropertyValueSpecification","valueRequired":true,"valueName":"search_term_string"}}],"inLanguage":"fr-FR"},{"@type":"Organization","@id":"https:\/\/mailnjoy.com\/check\/#organization","name":"Mailnjoy","url":"https:\/\/mailnjoy.com\/check\/","logo":{"@type":"ImageObject","inLanguage":"fr-FR","@id":"https:\/\/mailnjoy.com\/check\/#\/schema\/logo\/image\/","url":"https:\/\/mailnjoy.com\/check\/wp-content\/uploads\/2024\/10\/check_logo_small_text_by.png","contentUrl":"https:\/\/mailnjoy.com\/check\/wp-content\/uploads\/2024\/10\/check_logo_small_text_by.png","width":400,"height":347,"caption":"Mailnjoy"},"image":{"@id":"https:\/\/mailnjoy.com\/check\/#\/schema\/logo\/image\/"}}]}},"lang":"de","translations":{"de":1186,"fr":318,"en":321,"es":1183,"it":1189,"pt":1192},"uagb_featured_image_src":{"full":false,"thumbnail":false,"medium":false,"medium_large":false,"large":false,"1536x1536":false,"2048x2048":false,"post-thumbnail":false},"uagb_author_info":{"display_name":"sylvain","author_link":"https:\/\/mailnjoy.com\/check\/author\/sylvain\/"},"uagb_comment_info":0,"uagb_excerpt":"Wir engagieren uns f\u00fcr unseren Planeten Weil wir davon \u00fcberzeugt sind, dass jede Geste z\u00e4hlt, tragen wir zum Schutz unserer Umwelt bei und helfen Ihnen, das Gleiche zu tun. Dazu gehen wir zwei Verpflichtungen ein:","pll_sync_post":[],"_links":{"self":[{"href":"https:\/\/mailnjoy.com\/check\/wp-json\/wp\/v2\/pages\/1186","targetHints":{"allow":["GET"]}}],"collection":[{"href":"https:\/\/mailnjoy.com\/check\/wp-json\/wp\/v2\/pages"}],"about":[{"href":"https:\/\/mailnjoy.com\/check\/wp-json\/wp\/v2\/types\/page"}],"author":[{"embeddable":true,"href":"https:\/\/mailnjoy.com\/check\/wp-json\/wp\/v2\/users\/1"}],"replies":[{"embeddable":true,"href":"https:\/\/mailnjoy.com\/check\/wp-json\/wp\/v2\/comments?post=1186"}],"version-history":[{"count":1,"href":"https:\/\/mailnjoy.com\/check\/wp-json\/wp\/v2\/pages\/1186\/revisions"}],"predecessor-version":[{"id":1187,"href":"https:\/\/mailnjoy.com\/check\/wp-json\/wp\/v2\/pages\/1186\/revisions\/1187"}],"wp:attachment":[{"href":"https:\/\/mailnjoy.com\/check\/wp-json\/wp\/v2\/media?parent=1186"}],"curies":[{"name":"wp","href":"https:\/\/api.w.org\/{rel}","templated":true}]}}