{"id":1192,"date":"2025-01-17T11:35:18","date_gmt":"2025-01-17T10:35:18","guid":{"rendered":"https:\/\/ownmailist.net\/check\/?page_id=1192"},"modified":"2025-01-17T11:35:19","modified_gmt":"2025-01-17T10:35:19","slug":"ecology","status":"publish","type":"page","link":"https:\/\/mailnjoy.com\/check\/pt\/ecology\/","title":{"rendered":"Ecologia"},"content":{"rendered":"\n<div class=\"wp-block-group alignwide has-global-padding is-layout-constrained wp-block-group-is-layout-constrained\">\n<div class=\"wp-block-columns alignwide is-layout-flex wp-container-core-columns-is-layout-a85f4655 wp-block-columns-is-layout-flex\">\n<div class=\"wp-block-column is-layout-flow wp-block-column-is-layout-flow\" style=\"flex-basis:55%\"><h1 class=\"wp-block-heading\">Estamos empenhados no nosso planeta<\/h1>\n\n\n<p>Porque estamos convencidos de que cada gesto conta, estamos a ajudar a proteger o nosso ambiente e a ajud\u00e1-lo a fazer o mesmo.<\/p>\n\n\n<h2 class=\"wp-block-heading has-green-color has-text-color has-link-color wp-elements-95d36edd629d8d6306abb7be3f054b5c\" style=\"font-size:clamp(0.984rem, 0.984rem + ((1vw - 0.2rem) * 0.86), 1.5rem);\">Assumimos, portanto, dois compromissos:<\/h2>\n\n\n\n<ul class=\"wp-block-list check-list\">\n<li><strong>Ajud\u00e1-lo a reduzir o impacto recorrente das suas campanhas de correio eletr\u00f3nico em termos de carbono<\/strong><br>Para al\u00e9m de desperdi\u00e7ar dinheiro desnecessariamente, cada mensagem de correio eletr\u00f3nico enviada para uma caixa de entrada n\u00e3o lida ou inexistente tem uma pegada de carbono.<br>Manter uma boa higiene das listas \u00e9, portanto, um gesto de cidadania ecol\u00f3gica.<br>Tamb\u00e9m pode participar nos pequenos gestos que, em conjunto, resultam em grandes coisas, e tornar-se um eco-emailer para o bem comum!<\/li>\n\n\n\n<li><strong>Doar parte dos nossos lucros a associa\u00e7\u00f5es ambientais<\/strong><br>N\u00e3o \u00e9 suficiente para mudar o mundo, mas est\u00e1 de acordo com os nossos valores e o nosso empenhamento!<\/li>\n<\/ul>\n<\/div>\n\n\n\n<div class=\"wp-block-column is-layout-flow wp-block-column-is-layout-flow\" style=\"padding-right:var(--wp--preset--spacing--30);padding-left:var(--wp--preset--spacing--30);flex-basis:45%\">\n<figure class=\"wp-block-image size-full\"><img loading=\"lazy\" decoding=\"async\" width=\"600\" height=\"600\" src=\"https:\/\/mailnjoy.com\/check\/wp-content\/uploads\/2024\/10\/ecology.png\" alt=\"\" class=\"wp-image-319\" srcset=\"https:\/\/mailnjoy.com\/check\/wp-content\/uploads\/2024\/10\/ecology.png 600w, https:\/\/mailnjoy.com\/check\/wp-content\/uploads\/2024\/10\/ecology-300x300.png 300w, https:\/\/mailnjoy.com\/check\/wp-content\/uploads\/2024\/10\/ecology-150x150.png 150w\" sizes=\"auto, (max-width: 600px) 100vw, 600px\" \/><\/figure>\n<\/div>\n<\/div>\n<\/div>\n","protected":false},"excerpt":{"rendered":"<p>Estamos empenhados no nosso planeta Porque estamos convencidos de que cada gesto conta, estamos a ajudar a proteger o nosso ambiente e a ajud\u00e1-lo a fazer o mesmo. Assumimos, portanto, dois compromissos:<\/p>\n","protected":false},"author":1,"featured_media":0,"parent":0,"menu_order":0,"comment_status":"closed","ping_status":"closed","template":"","meta":{"_uag_custom_page_level_css":"","footnotes":""},"class_list":["post-1192","page","type-page","status-publish","hentry"],"yoast_head":"<!-- This site is optimized with the Yoast SEO plugin v23.6 - https:\/\/yoast.com\/wordpress\/plugins\/seo\/ -->\n<title>Compromisso ecol\u00f3gico - Mailnjoy<\/title>\n<meta name=\"description\" content=\"Saiba por que raz\u00e3o a verifica\u00e7\u00e3o de correio eletr\u00f3nico tem um impacto ecol\u00f3gico e quais os nossos compromissos de valor\" \/>\n<meta name=\"robots\" content=\"index, follow, max-snippet:-1, max-image-preview:large, max-video-preview:-1\" \/>\n<link rel=\"canonical\" href=\"https:\/\/mailnjoy.com\/check\/pt\/ecology\/\" \/>\n<meta name=\"twitter:label1\" content=\"Dur\u00e9e de lecture estim\u00e9e\" \/>\n\t<meta name=\"twitter:data1\" content=\"1 minute\" \/>\n<script type=\"application\/ld+json\" class=\"yoast-schema-graph\">{\"@context\":\"https:\/\/schema.org\",\"@graph\":[{\"@type\":\"WebPage\",\"@id\":\"https:\/\/mailnjoy.com\/check\/pt\/ecology\/\",\"url\":\"https:\/\/mailnjoy.com\/check\/pt\/ecology\/\",\"name\":\"Compromisso ecol\u00f3gico - Mailnjoy\",\"isPartOf\":{\"@id\":\"https:\/\/mailnjoy.com\/check\/#website\"},\"primaryImageOfPage\":{\"@id\":\"https:\/\/mailnjoy.com\/check\/pt\/ecology\/#primaryimage\"},\"image\":{\"@id\":\"https:\/\/mailnjoy.com\/check\/pt\/ecology\/#primaryimage\"},\"thumbnailUrl\":\"https:\/\/mailnjoy.com\/check\/wp-content\/uploads\/2024\/10\/ecology.png\",\"datePublished\":\"2025-01-17T10:35:18+00:00\",\"dateModified\":\"2025-01-17T10:35:19+00:00\",\"description\":\"Saiba por que raz\u00e3o a verifica\u00e7\u00e3o de correio eletr\u00f3nico tem um impacto ecol\u00f3gico e quais os nossos compromissos de valor\",\"breadcrumb\":{\"@id\":\"https:\/\/mailnjoy.com\/check\/pt\/ecology\/#breadcrumb\"},\"inLanguage\":\"fr-FR\",\"potentialAction\":[{\"@type\":\"ReadAction\",\"target\":[\"https:\/\/mailnjoy.com\/check\/pt\/ecology\/\"]}]},{\"@type\":\"ImageObject\",\"inLanguage\":\"fr-FR\",\"@id\":\"https:\/\/mailnjoy.com\/check\/pt\/ecology\/#primaryimage\",\"url\":\"https:\/\/mailnjoy.com\/check\/wp-content\/uploads\/2024\/10\/ecology.png\",\"contentUrl\":\"https:\/\/mailnjoy.com\/check\/wp-content\/uploads\/2024\/10\/ecology.png\"},{\"@type\":\"BreadcrumbList\",\"@id\":\"https:\/\/mailnjoy.com\/check\/pt\/ecology\/#breadcrumb\",\"itemListElement\":[{\"@type\":\"ListItem\",\"position\":1,\"name\":\"Accueil\",\"item\":\"https:\/\/mailnjoy.com\/check\/fr\/\"},{\"@type\":\"ListItem\",\"position\":2,\"name\":\"Ecologia\"}]},{\"@type\":\"WebSite\",\"@id\":\"https:\/\/mailnjoy.com\/check\/#website\",\"url\":\"https:\/\/mailnjoy.com\/check\/\",\"name\":\"Mailnjoy\",\"description\":\"\",\"publisher\":{\"@id\":\"https:\/\/mailnjoy.com\/check\/#organization\"},\"potentialAction\":[{\"@type\":\"SearchAction\",\"target\":{\"@type\":\"EntryPoint\",\"urlTemplate\":\"https:\/\/mailnjoy.com\/check\/?s={search_term_string}\"},\"query-input\":{\"@type\":\"PropertyValueSpecification\",\"valueRequired\":true,\"valueName\":\"search_term_string\"}}],\"inLanguage\":\"fr-FR\"},{\"@type\":\"Organization\",\"@id\":\"https:\/\/mailnjoy.com\/check\/#organization\",\"name\":\"Mailnjoy\",\"url\":\"https:\/\/mailnjoy.com\/check\/\",\"logo\":{\"@type\":\"ImageObject\",\"inLanguage\":\"fr-FR\",\"@id\":\"https:\/\/mailnjoy.com\/check\/#\/schema\/logo\/image\/\",\"url\":\"https:\/\/mailnjoy.com\/check\/wp-content\/uploads\/2024\/10\/check_logo_small_text_by.png\",\"contentUrl\":\"https:\/\/mailnjoy.com\/check\/wp-content\/uploads\/2024\/10\/check_logo_small_text_by.png\",\"width\":400,\"height\":347,\"caption\":\"Mailnjoy\"},\"image\":{\"@id\":\"https:\/\/mailnjoy.com\/check\/#\/schema\/logo\/image\/\"}}]}<\/script>\n<!-- \/ Yoast SEO plugin. -->","yoast_head_json":{"title":"Compromisso ecol\u00f3gico - Mailnjoy","description":"Saiba por que raz\u00e3o a verifica\u00e7\u00e3o de correio eletr\u00f3nico tem um impacto ecol\u00f3gico e quais os nossos compromissos de valor","robots":{"index":"index","follow":"follow","max-snippet":"max-snippet:-1","max-image-preview":"max-image-preview:large","max-video-preview":"max-video-preview:-1"},"canonical":"https:\/\/mailnjoy.com\/check\/pt\/ecology\/","twitter_misc":{"Dur\u00e9e de lecture estim\u00e9e":"1 minute"},"schema":{"@context":"https:\/\/schema.org","@graph":[{"@type":"WebPage","@id":"https:\/\/mailnjoy.com\/check\/pt\/ecology\/","url":"https:\/\/mailnjoy.com\/check\/pt\/ecology\/","name":"Compromisso ecol\u00f3gico - Mailnjoy","isPartOf":{"@id":"https:\/\/mailnjoy.com\/check\/#website"},"primaryImageOfPage":{"@id":"https:\/\/mailnjoy.com\/check\/pt\/ecology\/#primaryimage"},"image":{"@id":"https:\/\/mailnjoy.com\/check\/pt\/ecology\/#primaryimage"},"thumbnailUrl":"https:\/\/mailnjoy.com\/check\/wp-content\/uploads\/2024\/10\/ecology.png","datePublished":"2025-01-17T10:35:18+00:00","dateModified":"2025-01-17T10:35:19+00:00","description":"Saiba por que raz\u00e3o a verifica\u00e7\u00e3o de correio eletr\u00f3nico tem um impacto ecol\u00f3gico e quais os nossos compromissos de valor","breadcrumb":{"@id":"https:\/\/mailnjoy.com\/check\/pt\/ecology\/#breadcrumb"},"inLanguage":"fr-FR","potentialAction":[{"@type":"ReadAction","target":["https:\/\/mailnjoy.com\/check\/pt\/ecology\/"]}]},{"@type":"ImageObject","inLanguage":"fr-FR","@id":"https:\/\/mailnjoy.com\/check\/pt\/ecology\/#primaryimage","url":"https:\/\/mailnjoy.com\/check\/wp-content\/uploads\/2024\/10\/ecology.png","contentUrl":"https:\/\/mailnjoy.com\/check\/wp-content\/uploads\/2024\/10\/ecology.png"},{"@type":"BreadcrumbList","@id":"https:\/\/mailnjoy.com\/check\/pt\/ecology\/#breadcrumb","itemListElement":[{"@type":"ListItem","position":1,"name":"Accueil","item":"https:\/\/mailnjoy.com\/check\/fr\/"},{"@type":"ListItem","position":2,"name":"Ecologia"}]},{"@type":"WebSite","@id":"https:\/\/mailnjoy.com\/check\/#website","url":"https:\/\/mailnjoy.com\/check\/","name":"Mailnjoy","description":"","publisher":{"@id":"https:\/\/mailnjoy.com\/check\/#organization"},"potentialAction":[{"@type":"SearchAction","target":{"@type":"EntryPoint","urlTemplate":"https:\/\/mailnjoy.com\/check\/?s={search_term_string}"},"query-input":{"@type":"PropertyValueSpecification","valueRequired":true,"valueName":"search_term_string"}}],"inLanguage":"fr-FR"},{"@type":"Organization","@id":"https:\/\/mailnjoy.com\/check\/#organization","name":"Mailnjoy","url":"https:\/\/mailnjoy.com\/check\/","logo":{"@type":"ImageObject","inLanguage":"fr-FR","@id":"https:\/\/mailnjoy.com\/check\/#\/schema\/logo\/image\/","url":"https:\/\/mailnjoy.com\/check\/wp-content\/uploads\/2024\/10\/check_logo_small_text_by.png","contentUrl":"https:\/\/mailnjoy.com\/check\/wp-content\/uploads\/2024\/10\/check_logo_small_text_by.png","width":400,"height":347,"caption":"Mailnjoy"},"image":{"@id":"https:\/\/mailnjoy.com\/check\/#\/schema\/logo\/image\/"}}]}},"lang":"pt","translations":{"pt":1192,"fr":318,"en":321,"es":1183,"de":1186,"it":1189},"uagb_featured_image_src":{"full":false,"thumbnail":false,"medium":false,"medium_large":false,"large":false,"1536x1536":false,"2048x2048":false,"post-thumbnail":false},"uagb_author_info":{"display_name":"sylvain","author_link":"https:\/\/mailnjoy.com\/check\/author\/sylvain\/"},"uagb_comment_info":0,"uagb_excerpt":"Estamos empenhados no nosso planeta Porque estamos convencidos de que cada gesto conta, estamos a ajudar a proteger o nosso ambiente e a ajud\u00e1-lo a fazer o mesmo. Assumimos, portanto, dois compromissos:","pll_sync_post":[],"_links":{"self":[{"href":"https:\/\/mailnjoy.com\/check\/wp-json\/wp\/v2\/pages\/1192","targetHints":{"allow":["GET"]}}],"collection":[{"href":"https:\/\/mailnjoy.com\/check\/wp-json\/wp\/v2\/pages"}],"about":[{"href":"https:\/\/mailnjoy.com\/check\/wp-json\/wp\/v2\/types\/page"}],"author":[{"embeddable":true,"href":"https:\/\/mailnjoy.com\/check\/wp-json\/wp\/v2\/users\/1"}],"replies":[{"embeddable":true,"href":"https:\/\/mailnjoy.com\/check\/wp-json\/wp\/v2\/comments?post=1192"}],"version-history":[{"count":1,"href":"https:\/\/mailnjoy.com\/check\/wp-json\/wp\/v2\/pages\/1192\/revisions"}],"predecessor-version":[{"id":1193,"href":"https:\/\/mailnjoy.com\/check\/wp-json\/wp\/v2\/pages\/1192\/revisions\/1193"}],"wp:attachment":[{"href":"https:\/\/mailnjoy.com\/check\/wp-json\/wp\/v2\/media?parent=1192"}],"curies":[{"name":"wp","href":"https:\/\/api.w.org\/{rel}","templated":true}]}}