{"id":1195,"date":"2025-01-17T11:36:40","date_gmt":"2025-01-17T10:36:40","guid":{"rendered":"https:\/\/ownmailist.net\/check\/?page_id=1195"},"modified":"2025-01-17T11:39:40","modified_gmt":"2025-01-17T10:39:40","slug":"partners","status":"publish","type":"page","link":"https:\/\/mailnjoy.com\/check\/es\/partners\/","title":{"rendered":"Nuestros socios"},"content":{"rendered":"\n<div class=\"wp-block-group has-global-padding is-layout-constrained wp-block-group-is-layout-constrained\">\n<h1 class=\"wp-block-heading has-text-align-center\">Nuestros socios<\/h1>\n\n\n\n<p class=\"has-text-align-center\">El mundo de la facturaci\u00f3n electr\u00f3nica es vasto y complejo, y Mailnjoy se complace en poder ayudarle a navegar a trav\u00e9s de la masa de herramientas existentes proporcion\u00e1ndole una lista de todos nuestros socios de confianza. No dude en visitar sus sitios.<\/p>\n<\/div>\n\n\n\n<div class=\"wp-block-group has-global-padding is-layout-constrained wp-block-group-is-layout-constrained\">\n<div class=\"wp-block-columns align-stretch partners is-layout-flex wp-container-core-columns-is-layout-f85e5524 wp-block-columns-is-layout-flex\" style=\"padding-top:var(--wp--preset--spacing--30)\">\n<div class=\"wp-block-column is-layout-flow wp-block-column-is-layout-flow\">\n<div class=\"wp-block-group box box-bordered is-layout-flow wp-block-group-is-layout-flow\">\n<figure class=\"wp-block-image aligncenter size-full\"><img loading=\"lazy\" decoding=\"async\" width=\"542\" height=\"239\" src=\"https:\/\/mailnjoy.com\/check\/wp-content\/uploads\/2024\/10\/mailvio-logo.6323b24a.png\" alt=\"\" class=\"wp-image-219\" style=\"object-fit:cover\" srcset=\"https:\/\/mailnjoy.com\/check\/wp-content\/uploads\/2024\/10\/mailvio-logo.6323b24a.png 542w, https:\/\/mailnjoy.com\/check\/wp-content\/uploads\/2024\/10\/mailvio-logo.6323b24a-300x132.png 300w\" sizes=\"auto, (max-width: 542px) 100vw, 542px\" \/><\/figure>\n\n\n\n<p>Mailvio es la plataforma l\u00edder de marketing por correo electr\u00f3nico para afiliados que buscan maximizar su potencial de ingresos. La plataforma permite a los afiliados monetizar su audiencia de forma m\u00e1s eficaz mediante automatizaci\u00f3n avanzada, funciones basadas en IA y segmentaci\u00f3n precisa. Con Mailvio, los afiliados pueden aumentar sus ingresos sin recurrir a t\u00e1cticas de spam, gracias a una interfaz f\u00e1cil de usar y potentes herramientas.<\/p>\n\n\n\n<div class=\"wp-block-buttons is-content-justification-center is-layout-flex wp-container-core-buttons-is-layout-a89b3969 wp-block-buttons-is-layout-flex\">\n<div class=\"wp-block-button is-style-outline is-style-outline--1\"><a class=\"wp-block-button__link wp-element-button\" href=\"https:\/\/mailnjoy.com\/check\/es\/partners\/mailvio\/\">Descubre Mailvio<\/a><\/div>\n<\/div>\n<\/div>\n<\/div>\n\n\n\n<div class=\"wp-block-column is-layout-flow wp-block-column-is-layout-flow\">\n<div class=\"wp-block-group box box-bordered is-layout-flow wp-block-group-is-layout-flow\">\n<figure class=\"wp-block-image aligncenter size-full\"><img loading=\"lazy\" decoding=\"async\" width=\"300\" height=\"134\" src=\"https:\/\/mailnjoy.com\/check\/wp-content\/uploads\/2024\/10\/blog-du-digital-1.png\" alt=\"\" class=\"wp-image-223\" style=\"object-fit:cover\"\/><\/figure>\n\n\n\n<p>Este blog digital re\u00fane una gran cantidad de consejos y sugerencias para ayudar a los profesionales de la comunicaci\u00f3n y el marketing. Cada semana publican una serie de art\u00edculos sobre los siguientes temas:<\/p>\n\n\n\n<ul class=\"wp-block-list\">\n<li>SEO: Optimizaci\u00f3n de motores de b\u00fasqueda<\/li>\n\n\n\n<li>Emailing y boletines informativos<\/li>\n\n\n\n<li>SEA: b\u00fasqueda de pago<\/li>\n\n\n\n<li>Webmaster: creaci\u00f3n, redise\u00f1o y optimizaci\u00f3n de sitios web<\/li>\n<\/ul>\n\n\n\n<div class=\"wp-block-buttons is-layout-flex wp-block-buttons-is-layout-flex\">\n<div class=\"wp-block-button is-style-outline is-style-outline--2\"><a class=\"wp-block-button__link wp-element-button\" href=\"https:\/\/mailnjoy.com\/check\/es\/partners\/bdd\/\">Descubra Le Blog du Digital<\/a><\/div>\n<\/div>\n<\/div>\n<\/div>\n<\/div>\n<\/div>\n\n\n\n<p><\/p>\n","protected":false},"excerpt":{"rendered":"<p>Nuestros socios El mundo de la facturaci\u00f3n electr\u00f3nica es vasto y complejo, y Mailnjoy se complace en poder ayudarle a navegar a trav\u00e9s de la masa de herramientas existentes proporcion\u00e1ndole una lista de todos nuestros socios de confianza. No dude en visitar sus sitios. Mailvio es la plataforma l\u00edder de marketing por correo electr\u00f3nico para [&hellip;]<\/p>\n","protected":false},"author":1,"featured_media":0,"parent":0,"menu_order":0,"comment_status":"closed","ping_status":"closed","template":"","meta":{"_uag_custom_page_level_css":"","footnotes":""},"class_list":["post-1195","page","type-page","status-publish","hentry"],"yoast_head":"<!-- This site is optimized with the Yoast SEO plugin v23.6 - https:\/\/yoast.com\/wordpress\/plugins\/seo\/ -->\n<title>Nuestros socios - Mailnjoy<\/title>\n<meta name=\"description\" content=\"M\u00e1s informaci\u00f3n sobre los socios de Mailnjoy, socios de confianza para sus necesidades de emailing\" \/>\n<meta name=\"robots\" content=\"index, follow, max-snippet:-1, max-image-preview:large, max-video-preview:-1\" \/>\n<link rel=\"canonical\" href=\"https:\/\/mailnjoy.com\/check\/es\/partners\/\" \/>\n<meta name=\"twitter:label1\" content=\"Dur\u00e9e de lecture estim\u00e9e\" \/>\n\t<meta name=\"twitter:data1\" content=\"2 minutes\" \/>\n<script type=\"application\/ld+json\" class=\"yoast-schema-graph\">{\"@context\":\"https:\/\/schema.org\",\"@graph\":[{\"@type\":\"WebPage\",\"@id\":\"https:\/\/mailnjoy.com\/check\/es\/partners\/\",\"url\":\"https:\/\/mailnjoy.com\/check\/es\/partners\/\",\"name\":\"Nuestros socios - Mailnjoy\",\"isPartOf\":{\"@id\":\"https:\/\/mailnjoy.com\/check\/#website\"},\"primaryImageOfPage\":{\"@id\":\"https:\/\/mailnjoy.com\/check\/es\/partners\/#primaryimage\"},\"image\":{\"@id\":\"https:\/\/mailnjoy.com\/check\/es\/partners\/#primaryimage\"},\"thumbnailUrl\":\"https:\/\/mailnjoy.com\/check\/wp-content\/uploads\/2024\/10\/mailvio-logo.6323b24a.png\",\"datePublished\":\"2025-01-17T10:36:40+00:00\",\"dateModified\":\"2025-01-17T10:39:40+00:00\",\"description\":\"M\u00e1s informaci\u00f3n sobre los socios de Mailnjoy, socios de confianza para sus necesidades de emailing\",\"breadcrumb\":{\"@id\":\"https:\/\/mailnjoy.com\/check\/es\/partners\/#breadcrumb\"},\"inLanguage\":\"fr-FR\",\"potentialAction\":[{\"@type\":\"ReadAction\",\"target\":[\"https:\/\/mailnjoy.com\/check\/es\/partners\/\"]}]},{\"@type\":\"ImageObject\",\"inLanguage\":\"fr-FR\",\"@id\":\"https:\/\/mailnjoy.com\/check\/es\/partners\/#primaryimage\",\"url\":\"https:\/\/mailnjoy.com\/check\/wp-content\/uploads\/2024\/10\/mailvio-logo.6323b24a.png\",\"contentUrl\":\"https:\/\/mailnjoy.com\/check\/wp-content\/uploads\/2024\/10\/mailvio-logo.6323b24a.png\"},{\"@type\":\"BreadcrumbList\",\"@id\":\"https:\/\/mailnjoy.com\/check\/es\/partners\/#breadcrumb\",\"itemListElement\":[{\"@type\":\"ListItem\",\"position\":1,\"name\":\"Accueil\",\"item\":\"https:\/\/mailnjoy.com\/check\/fr\/\"},{\"@type\":\"ListItem\",\"position\":2,\"name\":\"Nuestros socios\"}]},{\"@type\":\"WebSite\",\"@id\":\"https:\/\/mailnjoy.com\/check\/#website\",\"url\":\"https:\/\/mailnjoy.com\/check\/\",\"name\":\"Mailnjoy\",\"description\":\"\",\"publisher\":{\"@id\":\"https:\/\/mailnjoy.com\/check\/#organization\"},\"potentialAction\":[{\"@type\":\"SearchAction\",\"target\":{\"@type\":\"EntryPoint\",\"urlTemplate\":\"https:\/\/mailnjoy.com\/check\/?s={search_term_string}\"},\"query-input\":{\"@type\":\"PropertyValueSpecification\",\"valueRequired\":true,\"valueName\":\"search_term_string\"}}],\"inLanguage\":\"fr-FR\"},{\"@type\":\"Organization\",\"@id\":\"https:\/\/mailnjoy.com\/check\/#organization\",\"name\":\"Mailnjoy\",\"url\":\"https:\/\/mailnjoy.com\/check\/\",\"logo\":{\"@type\":\"ImageObject\",\"inLanguage\":\"fr-FR\",\"@id\":\"https:\/\/mailnjoy.com\/check\/#\/schema\/logo\/image\/\",\"url\":\"https:\/\/mailnjoy.com\/check\/wp-content\/uploads\/2024\/10\/check_logo_small_text_by.png\",\"contentUrl\":\"https:\/\/mailnjoy.com\/check\/wp-content\/uploads\/2024\/10\/check_logo_small_text_by.png\",\"width\":400,\"height\":347,\"caption\":\"Mailnjoy\"},\"image\":{\"@id\":\"https:\/\/mailnjoy.com\/check\/#\/schema\/logo\/image\/\"}}]}<\/script>\n<!-- \/ Yoast SEO plugin. -->","yoast_head_json":{"title":"Nuestros socios - Mailnjoy","description":"M\u00e1s informaci\u00f3n sobre los socios de Mailnjoy, socios de confianza para sus necesidades de emailing","robots":{"index":"index","follow":"follow","max-snippet":"max-snippet:-1","max-image-preview":"max-image-preview:large","max-video-preview":"max-video-preview:-1"},"canonical":"https:\/\/mailnjoy.com\/check\/es\/partners\/","twitter_misc":{"Dur\u00e9e de lecture estim\u00e9e":"2 minutes"},"schema":{"@context":"https:\/\/schema.org","@graph":[{"@type":"WebPage","@id":"https:\/\/mailnjoy.com\/check\/es\/partners\/","url":"https:\/\/mailnjoy.com\/check\/es\/partners\/","name":"Nuestros socios - Mailnjoy","isPartOf":{"@id":"https:\/\/mailnjoy.com\/check\/#website"},"primaryImageOfPage":{"@id":"https:\/\/mailnjoy.com\/check\/es\/partners\/#primaryimage"},"image":{"@id":"https:\/\/mailnjoy.com\/check\/es\/partners\/#primaryimage"},"thumbnailUrl":"https:\/\/mailnjoy.com\/check\/wp-content\/uploads\/2024\/10\/mailvio-logo.6323b24a.png","datePublished":"2025-01-17T10:36:40+00:00","dateModified":"2025-01-17T10:39:40+00:00","description":"M\u00e1s informaci\u00f3n sobre los socios de Mailnjoy, socios de confianza para sus necesidades de emailing","breadcrumb":{"@id":"https:\/\/mailnjoy.com\/check\/es\/partners\/#breadcrumb"},"inLanguage":"fr-FR","potentialAction":[{"@type":"ReadAction","target":["https:\/\/mailnjoy.com\/check\/es\/partners\/"]}]},{"@type":"ImageObject","inLanguage":"fr-FR","@id":"https:\/\/mailnjoy.com\/check\/es\/partners\/#primaryimage","url":"https:\/\/mailnjoy.com\/check\/wp-content\/uploads\/2024\/10\/mailvio-logo.6323b24a.png","contentUrl":"https:\/\/mailnjoy.com\/check\/wp-content\/uploads\/2024\/10\/mailvio-logo.6323b24a.png"},{"@type":"BreadcrumbList","@id":"https:\/\/mailnjoy.com\/check\/es\/partners\/#breadcrumb","itemListElement":[{"@type":"ListItem","position":1,"name":"Accueil","item":"https:\/\/mailnjoy.com\/check\/fr\/"},{"@type":"ListItem","position":2,"name":"Nuestros socios"}]},{"@type":"WebSite","@id":"https:\/\/mailnjoy.com\/check\/#website","url":"https:\/\/mailnjoy.com\/check\/","name":"Mailnjoy","description":"","publisher":{"@id":"https:\/\/mailnjoy.com\/check\/#organization"},"potentialAction":[{"@type":"SearchAction","target":{"@type":"EntryPoint","urlTemplate":"https:\/\/mailnjoy.com\/check\/?s={search_term_string}"},"query-input":{"@type":"PropertyValueSpecification","valueRequired":true,"valueName":"search_term_string"}}],"inLanguage":"fr-FR"},{"@type":"Organization","@id":"https:\/\/mailnjoy.com\/check\/#organization","name":"Mailnjoy","url":"https:\/\/mailnjoy.com\/check\/","logo":{"@type":"ImageObject","inLanguage":"fr-FR","@id":"https:\/\/mailnjoy.com\/check\/#\/schema\/logo\/image\/","url":"https:\/\/mailnjoy.com\/check\/wp-content\/uploads\/2024\/10\/check_logo_small_text_by.png","contentUrl":"https:\/\/mailnjoy.com\/check\/wp-content\/uploads\/2024\/10\/check_logo_small_text_by.png","width":400,"height":347,"caption":"Mailnjoy"},"image":{"@id":"https:\/\/mailnjoy.com\/check\/#\/schema\/logo\/image\/"}}]}},"lang":"es","translations":{"es":1195,"fr":75,"en":261,"de":1198,"it":1201,"pt":1207},"uagb_featured_image_src":{"full":false,"thumbnail":false,"medium":false,"medium_large":false,"large":false,"1536x1536":false,"2048x2048":false,"post-thumbnail":false},"uagb_author_info":{"display_name":"sylvain","author_link":"https:\/\/mailnjoy.com\/check\/author\/sylvain\/"},"uagb_comment_info":0,"uagb_excerpt":"Nuestros socios El mundo de la facturaci\u00f3n electr\u00f3nica es vasto y complejo, y Mailnjoy se complace en poder ayudarle a navegar a trav\u00e9s de la masa de herramientas existentes proporcion\u00e1ndole una lista de todos nuestros socios de confianza. No dude en visitar sus sitios. Mailvio es la plataforma l\u00edder de marketing por correo electr\u00f3nico para\u2026","pll_sync_post":[],"_links":{"self":[{"href":"https:\/\/mailnjoy.com\/check\/wp-json\/wp\/v2\/pages\/1195","targetHints":{"allow":["GET"]}}],"collection":[{"href":"https:\/\/mailnjoy.com\/check\/wp-json\/wp\/v2\/pages"}],"about":[{"href":"https:\/\/mailnjoy.com\/check\/wp-json\/wp\/v2\/types\/page"}],"author":[{"embeddable":true,"href":"https:\/\/mailnjoy.com\/check\/wp-json\/wp\/v2\/users\/1"}],"replies":[{"embeddable":true,"href":"https:\/\/mailnjoy.com\/check\/wp-json\/wp\/v2\/comments?post=1195"}],"version-history":[{"count":2,"href":"https:\/\/mailnjoy.com\/check\/wp-json\/wp\/v2\/pages\/1195\/revisions"}],"predecessor-version":[{"id":1204,"href":"https:\/\/mailnjoy.com\/check\/wp-json\/wp\/v2\/pages\/1195\/revisions\/1204"}],"wp:attachment":[{"href":"https:\/\/mailnjoy.com\/check\/wp-json\/wp\/v2\/media?parent=1195"}],"curies":[{"name":"wp","href":"https:\/\/api.w.org\/{rel}","templated":true}]}}