{"id":1198,"date":"2025-01-17T11:37:34","date_gmt":"2025-01-17T10:37:34","guid":{"rendered":"https:\/\/ownmailist.net\/check\/?page_id=1198"},"modified":"2025-01-17T11:40:20","modified_gmt":"2025-01-17T10:40:20","slug":"partners","status":"publish","type":"page","link":"https:\/\/mailnjoy.com\/check\/de\/partners\/","title":{"rendered":"Unsere Partner"},"content":{"rendered":"\n<div class=\"wp-block-group has-global-padding is-layout-constrained wp-block-group-is-layout-constrained\">\n<h1 class=\"wp-block-heading has-text-align-center\">Unsere Partner<\/h1>\n\n\n\n<p class=\"has-text-align-center\">Da die Welt des Emailling gro\u00df und komplex ist, freut sich Mailnjoy, Ihnen mit einer Liste aller unserer vertrauensw\u00fcrdigen Partner helfen zu k\u00f6nnen, sich in der Masse der existierenden Tools zurechtzufinden. Z\u00f6gern Sie nicht, deren Websites zu besuchen!<\/p>\n<\/div>\n\n\n\n<div class=\"wp-block-group has-global-padding is-layout-constrained wp-block-group-is-layout-constrained\">\n<div class=\"wp-block-columns align-stretch partners is-layout-flex wp-container-core-columns-is-layout-f85e5524 wp-block-columns-is-layout-flex\" style=\"padding-top:var(--wp--preset--spacing--30)\">\n<div class=\"wp-block-column is-layout-flow wp-block-column-is-layout-flow\">\n<div class=\"wp-block-group box box-bordered is-layout-flow wp-block-group-is-layout-flow\">\n<figure class=\"wp-block-image aligncenter size-full\"><img loading=\"lazy\" decoding=\"async\" width=\"542\" height=\"239\" src=\"https:\/\/mailnjoy.com\/check\/wp-content\/uploads\/2024\/10\/mailvio-logo.6323b24a.png\" alt=\"\" class=\"wp-image-219\" style=\"object-fit:cover\" srcset=\"https:\/\/mailnjoy.com\/check\/wp-content\/uploads\/2024\/10\/mailvio-logo.6323b24a.png 542w, https:\/\/mailnjoy.com\/check\/wp-content\/uploads\/2024\/10\/mailvio-logo.6323b24a-300x132.png 300w\" sizes=\"auto, (max-width: 542px) 100vw, 542px\" \/><\/figure>\n\n\n\n<p>Mailvio ist die f\u00fchrende E-Mail-Marketing-Plattform f\u00fcr Affiliates, die ihr Umsatzpotenzial maximieren m\u00f6chten. Die Plattform erm\u00f6glicht es Affiliates, ihre Zielgruppe durch erweiterte Automatisierung, KI-gest\u00fctzte Funktionen und pr\u00e4zise Segmentierung effizienter zu monetarisieren. Mit Mailvio k\u00f6nnen Affiliates ihre Einnahmen steigern, ohne auf Spam-Taktiken zur\u00fcckgreifen zu m\u00fcssen, dank einer benutzerfreundlichen Oberfl\u00e4che und leistungsstarken Tools.<\/p>\n\n\n\n<div class=\"wp-block-buttons is-content-justification-center is-layout-flex wp-container-core-buttons-is-layout-a89b3969 wp-block-buttons-is-layout-flex\">\n<div class=\"wp-block-button is-style-outline is-style-outline--1\"><a class=\"wp-block-button__link wp-element-button\" href=\"https:\/\/mailnjoy.com\/check\/de\/partners\/mailvio\/\">Mailvio entdecken<\/a><\/div>\n<\/div>\n<\/div>\n<\/div>\n\n\n\n<div class=\"wp-block-column is-layout-flow wp-block-column-is-layout-flow\">\n<div class=\"wp-block-group box box-bordered is-layout-flow wp-block-group-is-layout-flow\">\n<figure class=\"wp-block-image aligncenter size-full\"><img loading=\"lazy\" decoding=\"async\" width=\"300\" height=\"134\" src=\"https:\/\/mailnjoy.com\/check\/wp-content\/uploads\/2024\/10\/blog-du-digital-1.png\" alt=\"\" class=\"wp-image-223\" style=\"object-fit:cover\"\/><\/figure>\n\n\n\n<p>Der Digitalblog sammelt eine Vielzahl von Tipps und Tricks, um Kommunikations- und Marketingprofis zu unterst\u00fctzen. Konkret ver\u00f6ffentlichen sie jede Woche mehrere Dossiers zu den folgenden Themen :<\/p>\n\n\n\n<ul class=\"wp-block-list\">\n<li>SEO: Nat\u00fcrliche Suchmaschinenoptimierung<\/li>\n\n\n\n<li>E-Mailing und Newsletter<\/li>\n\n\n\n<li>SEA: bezahlte Suchmaschinenoptimierung<\/li>\n\n\n\n<li>Webmaster: Erstellung, Neugestaltung und Optimierung von Websites<\/li>\n<\/ul>\n\n\n\n<div class=\"wp-block-buttons is-layout-flex wp-block-buttons-is-layout-flex\">\n<div class=\"wp-block-button is-style-outline is-style-outline--2\"><a class=\"wp-block-button__link wp-element-button\" href=\"https:\/\/mailnjoy.com\/check\/de\/partners\/bdd\/\">Entdecken Sie Le Blog du Digital<\/a><\/div>\n<\/div>\n<\/div>\n<\/div>\n<\/div>\n<\/div>\n\n\n\n<p><\/p>\n","protected":false},"excerpt":{"rendered":"<p>Unsere Partner Da die Welt des Emailling gro\u00df und komplex ist, freut sich Mailnjoy, Ihnen mit einer Liste aller unserer vertrauensw\u00fcrdigen Partner helfen zu k\u00f6nnen, sich in der Masse der existierenden Tools zurechtzufinden. Z\u00f6gern Sie nicht, deren Websites zu besuchen! Mailvio ist die f\u00fchrende E-Mail-Marketing-Plattform f\u00fcr Affiliates, die ihr Umsatzpotenzial maximieren m\u00f6chten. Die Plattform erm\u00f6glicht [&hellip;]<\/p>\n","protected":false},"author":1,"featured_media":0,"parent":0,"menu_order":0,"comment_status":"closed","ping_status":"closed","template":"","meta":{"_uag_custom_page_level_css":"","footnotes":""},"class_list":["post-1198","page","type-page","status-publish","hentry"],"yoast_head":"<!-- This site is optimized with the Yoast SEO plugin v23.6 - https:\/\/yoast.com\/wordpress\/plugins\/seo\/ -->\n<title>Unsere Partner - Mailnjoy<\/title>\n<meta name=\"description\" content=\"Entdecken Sie die Partner von Mailnjoy, vertrauensw\u00fcrdige Akteure f\u00fcr Ihre E-Mailing-Bed\u00fcrfnisse\" \/>\n<meta name=\"robots\" content=\"index, follow, max-snippet:-1, max-image-preview:large, max-video-preview:-1\" \/>\n<link rel=\"canonical\" href=\"https:\/\/mailnjoy.com\/check\/de\/partners\/\" \/>\n<meta name=\"twitter:label1\" content=\"Dur\u00e9e de lecture estim\u00e9e\" \/>\n\t<meta name=\"twitter:data1\" content=\"2 minutes\" \/>\n<script type=\"application\/ld+json\" class=\"yoast-schema-graph\">{\"@context\":\"https:\/\/schema.org\",\"@graph\":[{\"@type\":\"WebPage\",\"@id\":\"https:\/\/mailnjoy.com\/check\/de\/partners\/\",\"url\":\"https:\/\/mailnjoy.com\/check\/de\/partners\/\",\"name\":\"Unsere Partner - Mailnjoy\",\"isPartOf\":{\"@id\":\"https:\/\/mailnjoy.com\/check\/#website\"},\"primaryImageOfPage\":{\"@id\":\"https:\/\/mailnjoy.com\/check\/de\/partners\/#primaryimage\"},\"image\":{\"@id\":\"https:\/\/mailnjoy.com\/check\/de\/partners\/#primaryimage\"},\"thumbnailUrl\":\"https:\/\/mailnjoy.com\/check\/wp-content\/uploads\/2024\/10\/mailvio-logo.6323b24a.png\",\"datePublished\":\"2025-01-17T10:37:34+00:00\",\"dateModified\":\"2025-01-17T10:40:20+00:00\",\"description\":\"Entdecken Sie die Partner von Mailnjoy, vertrauensw\u00fcrdige Akteure f\u00fcr Ihre E-Mailing-Bed\u00fcrfnisse\",\"breadcrumb\":{\"@id\":\"https:\/\/mailnjoy.com\/check\/de\/partners\/#breadcrumb\"},\"inLanguage\":\"fr-FR\",\"potentialAction\":[{\"@type\":\"ReadAction\",\"target\":[\"https:\/\/mailnjoy.com\/check\/de\/partners\/\"]}]},{\"@type\":\"ImageObject\",\"inLanguage\":\"fr-FR\",\"@id\":\"https:\/\/mailnjoy.com\/check\/de\/partners\/#primaryimage\",\"url\":\"https:\/\/mailnjoy.com\/check\/wp-content\/uploads\/2024\/10\/mailvio-logo.6323b24a.png\",\"contentUrl\":\"https:\/\/mailnjoy.com\/check\/wp-content\/uploads\/2024\/10\/mailvio-logo.6323b24a.png\"},{\"@type\":\"BreadcrumbList\",\"@id\":\"https:\/\/mailnjoy.com\/check\/de\/partners\/#breadcrumb\",\"itemListElement\":[{\"@type\":\"ListItem\",\"position\":1,\"name\":\"Accueil\",\"item\":\"https:\/\/mailnjoy.com\/check\/fr\/\"},{\"@type\":\"ListItem\",\"position\":2,\"name\":\"Unsere Partner\"}]},{\"@type\":\"WebSite\",\"@id\":\"https:\/\/mailnjoy.com\/check\/#website\",\"url\":\"https:\/\/mailnjoy.com\/check\/\",\"name\":\"Mailnjoy\",\"description\":\"\",\"publisher\":{\"@id\":\"https:\/\/mailnjoy.com\/check\/#organization\"},\"potentialAction\":[{\"@type\":\"SearchAction\",\"target\":{\"@type\":\"EntryPoint\",\"urlTemplate\":\"https:\/\/mailnjoy.com\/check\/?s={search_term_string}\"},\"query-input\":{\"@type\":\"PropertyValueSpecification\",\"valueRequired\":true,\"valueName\":\"search_term_string\"}}],\"inLanguage\":\"fr-FR\"},{\"@type\":\"Organization\",\"@id\":\"https:\/\/mailnjoy.com\/check\/#organization\",\"name\":\"Mailnjoy\",\"url\":\"https:\/\/mailnjoy.com\/check\/\",\"logo\":{\"@type\":\"ImageObject\",\"inLanguage\":\"fr-FR\",\"@id\":\"https:\/\/mailnjoy.com\/check\/#\/schema\/logo\/image\/\",\"url\":\"https:\/\/mailnjoy.com\/check\/wp-content\/uploads\/2024\/10\/check_logo_small_text_by.png\",\"contentUrl\":\"https:\/\/mailnjoy.com\/check\/wp-content\/uploads\/2024\/10\/check_logo_small_text_by.png\",\"width\":400,\"height\":347,\"caption\":\"Mailnjoy\"},\"image\":{\"@id\":\"https:\/\/mailnjoy.com\/check\/#\/schema\/logo\/image\/\"}}]}<\/script>\n<!-- \/ Yoast SEO plugin. -->","yoast_head_json":{"title":"Unsere Partner - Mailnjoy","description":"Entdecken Sie die Partner von Mailnjoy, vertrauensw\u00fcrdige Akteure f\u00fcr Ihre E-Mailing-Bed\u00fcrfnisse","robots":{"index":"index","follow":"follow","max-snippet":"max-snippet:-1","max-image-preview":"max-image-preview:large","max-video-preview":"max-video-preview:-1"},"canonical":"https:\/\/mailnjoy.com\/check\/de\/partners\/","twitter_misc":{"Dur\u00e9e de lecture estim\u00e9e":"2 minutes"},"schema":{"@context":"https:\/\/schema.org","@graph":[{"@type":"WebPage","@id":"https:\/\/mailnjoy.com\/check\/de\/partners\/","url":"https:\/\/mailnjoy.com\/check\/de\/partners\/","name":"Unsere Partner - Mailnjoy","isPartOf":{"@id":"https:\/\/mailnjoy.com\/check\/#website"},"primaryImageOfPage":{"@id":"https:\/\/mailnjoy.com\/check\/de\/partners\/#primaryimage"},"image":{"@id":"https:\/\/mailnjoy.com\/check\/de\/partners\/#primaryimage"},"thumbnailUrl":"https:\/\/mailnjoy.com\/check\/wp-content\/uploads\/2024\/10\/mailvio-logo.6323b24a.png","datePublished":"2025-01-17T10:37:34+00:00","dateModified":"2025-01-17T10:40:20+00:00","description":"Entdecken Sie die Partner von Mailnjoy, vertrauensw\u00fcrdige Akteure f\u00fcr Ihre E-Mailing-Bed\u00fcrfnisse","breadcrumb":{"@id":"https:\/\/mailnjoy.com\/check\/de\/partners\/#breadcrumb"},"inLanguage":"fr-FR","potentialAction":[{"@type":"ReadAction","target":["https:\/\/mailnjoy.com\/check\/de\/partners\/"]}]},{"@type":"ImageObject","inLanguage":"fr-FR","@id":"https:\/\/mailnjoy.com\/check\/de\/partners\/#primaryimage","url":"https:\/\/mailnjoy.com\/check\/wp-content\/uploads\/2024\/10\/mailvio-logo.6323b24a.png","contentUrl":"https:\/\/mailnjoy.com\/check\/wp-content\/uploads\/2024\/10\/mailvio-logo.6323b24a.png"},{"@type":"BreadcrumbList","@id":"https:\/\/mailnjoy.com\/check\/de\/partners\/#breadcrumb","itemListElement":[{"@type":"ListItem","position":1,"name":"Accueil","item":"https:\/\/mailnjoy.com\/check\/fr\/"},{"@type":"ListItem","position":2,"name":"Unsere Partner"}]},{"@type":"WebSite","@id":"https:\/\/mailnjoy.com\/check\/#website","url":"https:\/\/mailnjoy.com\/check\/","name":"Mailnjoy","description":"","publisher":{"@id":"https:\/\/mailnjoy.com\/check\/#organization"},"potentialAction":[{"@type":"SearchAction","target":{"@type":"EntryPoint","urlTemplate":"https:\/\/mailnjoy.com\/check\/?s={search_term_string}"},"query-input":{"@type":"PropertyValueSpecification","valueRequired":true,"valueName":"search_term_string"}}],"inLanguage":"fr-FR"},{"@type":"Organization","@id":"https:\/\/mailnjoy.com\/check\/#organization","name":"Mailnjoy","url":"https:\/\/mailnjoy.com\/check\/","logo":{"@type":"ImageObject","inLanguage":"fr-FR","@id":"https:\/\/mailnjoy.com\/check\/#\/schema\/logo\/image\/","url":"https:\/\/mailnjoy.com\/check\/wp-content\/uploads\/2024\/10\/check_logo_small_text_by.png","contentUrl":"https:\/\/mailnjoy.com\/check\/wp-content\/uploads\/2024\/10\/check_logo_small_text_by.png","width":400,"height":347,"caption":"Mailnjoy"},"image":{"@id":"https:\/\/mailnjoy.com\/check\/#\/schema\/logo\/image\/"}}]}},"lang":"de","translations":{"de":1198,"fr":75,"en":261,"es":1195,"it":1201,"pt":1207},"uagb_featured_image_src":{"full":false,"thumbnail":false,"medium":false,"medium_large":false,"large":false,"1536x1536":false,"2048x2048":false,"post-thumbnail":false},"uagb_author_info":{"display_name":"sylvain","author_link":"https:\/\/mailnjoy.com\/check\/author\/sylvain\/"},"uagb_comment_info":0,"uagb_excerpt":"Unsere Partner Da die Welt des Emailling gro\u00df und komplex ist, freut sich Mailnjoy, Ihnen mit einer Liste aller unserer vertrauensw\u00fcrdigen Partner helfen zu k\u00f6nnen, sich in der Masse der existierenden Tools zurechtzufinden. Z\u00f6gern Sie nicht, deren Websites zu besuchen! Mailvio ist die f\u00fchrende E-Mail-Marketing-Plattform f\u00fcr Affiliates, die ihr Umsatzpotenzial maximieren m\u00f6chten. Die Plattform erm\u00f6glicht\u2026","pll_sync_post":[],"_links":{"self":[{"href":"https:\/\/mailnjoy.com\/check\/wp-json\/wp\/v2\/pages\/1198","targetHints":{"allow":["GET"]}}],"collection":[{"href":"https:\/\/mailnjoy.com\/check\/wp-json\/wp\/v2\/pages"}],"about":[{"href":"https:\/\/mailnjoy.com\/check\/wp-json\/wp\/v2\/types\/page"}],"author":[{"embeddable":true,"href":"https:\/\/mailnjoy.com\/check\/wp-json\/wp\/v2\/users\/1"}],"replies":[{"embeddable":true,"href":"https:\/\/mailnjoy.com\/check\/wp-json\/wp\/v2\/comments?post=1198"}],"version-history":[{"count":2,"href":"https:\/\/mailnjoy.com\/check\/wp-json\/wp\/v2\/pages\/1198\/revisions"}],"predecessor-version":[{"id":1205,"href":"https:\/\/mailnjoy.com\/check\/wp-json\/wp\/v2\/pages\/1198\/revisions\/1205"}],"wp:attachment":[{"href":"https:\/\/mailnjoy.com\/check\/wp-json\/wp\/v2\/media?parent=1198"}],"curies":[{"name":"wp","href":"https:\/\/api.w.org\/{rel}","templated":true}]}}