{"id":1207,"date":"2025-01-17T11:41:34","date_gmt":"2025-01-17T10:41:34","guid":{"rendered":"https:\/\/ownmailist.net\/check\/?page_id=1207"},"modified":"2025-01-17T11:41:34","modified_gmt":"2025-01-17T10:41:34","slug":"partners","status":"publish","type":"page","link":"https:\/\/mailnjoy.com\/check\/pt\/partners\/","title":{"rendered":"Os nossos parceiros"},"content":{"rendered":"\n<div class=\"wp-block-group has-global-padding is-layout-constrained wp-block-group-is-layout-constrained\">\n<h1 class=\"wp-block-heading has-text-align-center\">Os nossos parceiros<\/h1>\n\n\n\n<p class=\"has-text-align-center\">O mundo do emailling \u00e9 vasto e complexo, e Mailnjoy tem o prazer de o ajudar a navegar atrav\u00e9s da massa de ferramentas existentes, fornecendo-lhe uma lista de todos os nossos parceiros de confian\u00e7a. N\u00e3o hesite em visitar os seus s\u00edtios!<\/p>\n<\/div>\n\n\n\n<div class=\"wp-block-group has-global-padding is-layout-constrained wp-block-group-is-layout-constrained\">\n<div class=\"wp-block-columns align-stretch partners is-layout-flex wp-container-core-columns-is-layout-f85e5524 wp-block-columns-is-layout-flex\" style=\"padding-top:var(--wp--preset--spacing--30)\">\n<div class=\"wp-block-column is-layout-flow wp-block-column-is-layout-flow\">\n<div class=\"wp-block-group box box-bordered is-layout-flow wp-block-group-is-layout-flow\">\n<figure class=\"wp-block-image aligncenter size-full\"><img loading=\"lazy\" decoding=\"async\" width=\"542\" height=\"239\" src=\"https:\/\/mailnjoy.com\/check\/wp-content\/uploads\/2024\/10\/mailvio-logo.6323b24a.png\" alt=\"\" class=\"wp-image-219\" style=\"object-fit:cover\" srcset=\"https:\/\/mailnjoy.com\/check\/wp-content\/uploads\/2024\/10\/mailvio-logo.6323b24a.png 542w, https:\/\/mailnjoy.com\/check\/wp-content\/uploads\/2024\/10\/mailvio-logo.6323b24a-300x132.png 300w\" sizes=\"auto, (max-width: 542px) 100vw, 542px\" \/><\/figure>\n\n\n\n<p>A Mailvio \u00e9 a principal plataforma de marketing por correio eletr\u00f3nico para afiliados que procuram maximizar o seu potencial de receitas. A plataforma permite aos afiliados rentabilizar o seu p\u00fablico de forma mais eficaz atrav\u00e9s de automa\u00e7\u00e3o avan\u00e7ada, funcionalidades baseadas em IA e segmenta\u00e7\u00e3o precisa. Com a Mailvio, os afiliados podem aumentar as suas receitas sem recorrer a t\u00e1cticas de spam, gra\u00e7as a uma interface de f\u00e1cil utiliza\u00e7\u00e3o e a ferramentas poderosas.<\/p>\n\n\n\n<div class=\"wp-block-buttons is-content-justification-center is-layout-flex wp-container-core-buttons-is-layout-a89b3969 wp-block-buttons-is-layout-flex\">\n<div class=\"wp-block-button is-style-outline is-style-outline--1\"><a class=\"wp-block-button__link wp-element-button\" href=\"https:\/\/mailnjoy.com\/check\/pt\/partners\/mailvio\/\">Descubra a Mailvio<\/a><\/div>\n<\/div>\n<\/div>\n<\/div>\n\n\n\n<div class=\"wp-block-column is-layout-flow wp-block-column-is-layout-flow\">\n<div class=\"wp-block-group box box-bordered is-layout-flow wp-block-group-is-layout-flow\">\n<figure class=\"wp-block-image aligncenter size-full\"><img loading=\"lazy\" decoding=\"async\" width=\"300\" height=\"134\" src=\"https:\/\/mailnjoy.com\/check\/wp-content\/uploads\/2024\/10\/blog-du-digital-1.png\" alt=\"\" class=\"wp-image-223\" style=\"object-fit:cover\"\/><\/figure>\n\n\n\n<p>O blogue digital re\u00fane uma grande quantidade de conselhos e dicas para ajudar os profissionais de comunica\u00e7\u00e3o e marketing. Todas as semanas, publicam uma s\u00e9rie de artigos sobre os seguintes temas:<\/p>\n\n\n\n<ul class=\"wp-block-list\">\n<li>SEO: Otimiza\u00e7\u00e3o para motores de busca<\/li>\n\n\n\n<li>Correio eletr\u00f3nico e boletins informativos<\/li>\n\n\n\n<li>SEA: pesquisa paga<\/li>\n\n\n\n<li>Webmaster: cria\u00e7\u00e3o, reformula\u00e7\u00e3o e otimiza\u00e7\u00e3o de s\u00edtios Web<\/li>\n<\/ul>\n\n\n\n<div class=\"wp-block-buttons is-layout-flex wp-block-buttons-is-layout-flex\">\n<div class=\"wp-block-button is-style-outline is-style-outline--2\"><a class=\"wp-block-button__link wp-element-button\" href=\"https:\/\/mailnjoy.com\/check\/pt\/partners\/bdd\/\">Descobrir Le Blog du Digital<\/a><\/div>\n<\/div>\n<\/div>\n<\/div>\n<\/div>\n<\/div>\n\n\n\n<p><\/p>\n","protected":false},"excerpt":{"rendered":"<p>Os nossos parceiros O mundo do emailling \u00e9 vasto e complexo, e Mailnjoy tem o prazer de o ajudar a navegar atrav\u00e9s da massa de ferramentas existentes, fornecendo-lhe uma lista de todos os nossos parceiros de confian\u00e7a. N\u00e3o hesite em visitar os seus s\u00edtios! A Mailvio \u00e9 a principal plataforma de marketing por correio eletr\u00f3nico [&hellip;]<\/p>\n","protected":false},"author":1,"featured_media":0,"parent":0,"menu_order":0,"comment_status":"closed","ping_status":"closed","template":"","meta":{"_uag_custom_page_level_css":"","footnotes":""},"class_list":["post-1207","page","type-page","status-publish","hentry"],"yoast_head":"<!-- This site is optimized with the Yoast SEO plugin v23.6 - https:\/\/yoast.com\/wordpress\/plugins\/seo\/ -->\n<title>Os nossos parceiros - Mailnjoy<\/title>\n<meta name=\"description\" content=\"Saiba mais sobre os parceiros de Mailnjoy, parceiros de confian\u00e7a para as suas necessidades de correio eletr\u00f3nico\" \/>\n<meta name=\"robots\" content=\"index, follow, max-snippet:-1, max-image-preview:large, max-video-preview:-1\" \/>\n<link rel=\"canonical\" href=\"https:\/\/mailnjoy.com\/check\/pt\/partners\/\" \/>\n<meta name=\"twitter:label1\" content=\"Dur\u00e9e de lecture estim\u00e9e\" \/>\n\t<meta name=\"twitter:data1\" content=\"2 minutes\" \/>\n<script type=\"application\/ld+json\" class=\"yoast-schema-graph\">{\"@context\":\"https:\/\/schema.org\",\"@graph\":[{\"@type\":\"WebPage\",\"@id\":\"https:\/\/mailnjoy.com\/check\/pt\/partners\/\",\"url\":\"https:\/\/mailnjoy.com\/check\/pt\/partners\/\",\"name\":\"Os nossos parceiros - Mailnjoy\",\"isPartOf\":{\"@id\":\"https:\/\/mailnjoy.com\/check\/#website\"},\"primaryImageOfPage\":{\"@id\":\"https:\/\/mailnjoy.com\/check\/pt\/partners\/#primaryimage\"},\"image\":{\"@id\":\"https:\/\/mailnjoy.com\/check\/pt\/partners\/#primaryimage\"},\"thumbnailUrl\":\"https:\/\/mailnjoy.com\/check\/wp-content\/uploads\/2024\/10\/mailvio-logo.6323b24a.png\",\"datePublished\":\"2025-01-17T10:41:34+00:00\",\"dateModified\":\"2025-01-17T10:41:34+00:00\",\"description\":\"Saiba mais sobre os parceiros de Mailnjoy, parceiros de confian\u00e7a para as suas necessidades de correio eletr\u00f3nico\",\"breadcrumb\":{\"@id\":\"https:\/\/mailnjoy.com\/check\/pt\/partners\/#breadcrumb\"},\"inLanguage\":\"fr-FR\",\"potentialAction\":[{\"@type\":\"ReadAction\",\"target\":[\"https:\/\/mailnjoy.com\/check\/pt\/partners\/\"]}]},{\"@type\":\"ImageObject\",\"inLanguage\":\"fr-FR\",\"@id\":\"https:\/\/mailnjoy.com\/check\/pt\/partners\/#primaryimage\",\"url\":\"https:\/\/mailnjoy.com\/check\/wp-content\/uploads\/2024\/10\/mailvio-logo.6323b24a.png\",\"contentUrl\":\"https:\/\/mailnjoy.com\/check\/wp-content\/uploads\/2024\/10\/mailvio-logo.6323b24a.png\"},{\"@type\":\"BreadcrumbList\",\"@id\":\"https:\/\/mailnjoy.com\/check\/pt\/partners\/#breadcrumb\",\"itemListElement\":[{\"@type\":\"ListItem\",\"position\":1,\"name\":\"Accueil\",\"item\":\"https:\/\/mailnjoy.com\/check\/fr\/\"},{\"@type\":\"ListItem\",\"position\":2,\"name\":\"Os nossos parceiros\"}]},{\"@type\":\"WebSite\",\"@id\":\"https:\/\/mailnjoy.com\/check\/#website\",\"url\":\"https:\/\/mailnjoy.com\/check\/\",\"name\":\"Mailnjoy\",\"description\":\"\",\"publisher\":{\"@id\":\"https:\/\/mailnjoy.com\/check\/#organization\"},\"potentialAction\":[{\"@type\":\"SearchAction\",\"target\":{\"@type\":\"EntryPoint\",\"urlTemplate\":\"https:\/\/mailnjoy.com\/check\/?s={search_term_string}\"},\"query-input\":{\"@type\":\"PropertyValueSpecification\",\"valueRequired\":true,\"valueName\":\"search_term_string\"}}],\"inLanguage\":\"fr-FR\"},{\"@type\":\"Organization\",\"@id\":\"https:\/\/mailnjoy.com\/check\/#organization\",\"name\":\"Mailnjoy\",\"url\":\"https:\/\/mailnjoy.com\/check\/\",\"logo\":{\"@type\":\"ImageObject\",\"inLanguage\":\"fr-FR\",\"@id\":\"https:\/\/mailnjoy.com\/check\/#\/schema\/logo\/image\/\",\"url\":\"https:\/\/mailnjoy.com\/check\/wp-content\/uploads\/2024\/10\/check_logo_small_text_by.png\",\"contentUrl\":\"https:\/\/mailnjoy.com\/check\/wp-content\/uploads\/2024\/10\/check_logo_small_text_by.png\",\"width\":400,\"height\":347,\"caption\":\"Mailnjoy\"},\"image\":{\"@id\":\"https:\/\/mailnjoy.com\/check\/#\/schema\/logo\/image\/\"}}]}<\/script>\n<!-- \/ Yoast SEO plugin. -->","yoast_head_json":{"title":"Os nossos parceiros - Mailnjoy","description":"Saiba mais sobre os parceiros de Mailnjoy, parceiros de confian\u00e7a para as suas necessidades de correio eletr\u00f3nico","robots":{"index":"index","follow":"follow","max-snippet":"max-snippet:-1","max-image-preview":"max-image-preview:large","max-video-preview":"max-video-preview:-1"},"canonical":"https:\/\/mailnjoy.com\/check\/pt\/partners\/","twitter_misc":{"Dur\u00e9e de lecture estim\u00e9e":"2 minutes"},"schema":{"@context":"https:\/\/schema.org","@graph":[{"@type":"WebPage","@id":"https:\/\/mailnjoy.com\/check\/pt\/partners\/","url":"https:\/\/mailnjoy.com\/check\/pt\/partners\/","name":"Os nossos parceiros - Mailnjoy","isPartOf":{"@id":"https:\/\/mailnjoy.com\/check\/#website"},"primaryImageOfPage":{"@id":"https:\/\/mailnjoy.com\/check\/pt\/partners\/#primaryimage"},"image":{"@id":"https:\/\/mailnjoy.com\/check\/pt\/partners\/#primaryimage"},"thumbnailUrl":"https:\/\/mailnjoy.com\/check\/wp-content\/uploads\/2024\/10\/mailvio-logo.6323b24a.png","datePublished":"2025-01-17T10:41:34+00:00","dateModified":"2025-01-17T10:41:34+00:00","description":"Saiba mais sobre os parceiros de Mailnjoy, parceiros de confian\u00e7a para as suas necessidades de correio eletr\u00f3nico","breadcrumb":{"@id":"https:\/\/mailnjoy.com\/check\/pt\/partners\/#breadcrumb"},"inLanguage":"fr-FR","potentialAction":[{"@type":"ReadAction","target":["https:\/\/mailnjoy.com\/check\/pt\/partners\/"]}]},{"@type":"ImageObject","inLanguage":"fr-FR","@id":"https:\/\/mailnjoy.com\/check\/pt\/partners\/#primaryimage","url":"https:\/\/mailnjoy.com\/check\/wp-content\/uploads\/2024\/10\/mailvio-logo.6323b24a.png","contentUrl":"https:\/\/mailnjoy.com\/check\/wp-content\/uploads\/2024\/10\/mailvio-logo.6323b24a.png"},{"@type":"BreadcrumbList","@id":"https:\/\/mailnjoy.com\/check\/pt\/partners\/#breadcrumb","itemListElement":[{"@type":"ListItem","position":1,"name":"Accueil","item":"https:\/\/mailnjoy.com\/check\/fr\/"},{"@type":"ListItem","position":2,"name":"Os nossos parceiros"}]},{"@type":"WebSite","@id":"https:\/\/mailnjoy.com\/check\/#website","url":"https:\/\/mailnjoy.com\/check\/","name":"Mailnjoy","description":"","publisher":{"@id":"https:\/\/mailnjoy.com\/check\/#organization"},"potentialAction":[{"@type":"SearchAction","target":{"@type":"EntryPoint","urlTemplate":"https:\/\/mailnjoy.com\/check\/?s={search_term_string}"},"query-input":{"@type":"PropertyValueSpecification","valueRequired":true,"valueName":"search_term_string"}}],"inLanguage":"fr-FR"},{"@type":"Organization","@id":"https:\/\/mailnjoy.com\/check\/#organization","name":"Mailnjoy","url":"https:\/\/mailnjoy.com\/check\/","logo":{"@type":"ImageObject","inLanguage":"fr-FR","@id":"https:\/\/mailnjoy.com\/check\/#\/schema\/logo\/image\/","url":"https:\/\/mailnjoy.com\/check\/wp-content\/uploads\/2024\/10\/check_logo_small_text_by.png","contentUrl":"https:\/\/mailnjoy.com\/check\/wp-content\/uploads\/2024\/10\/check_logo_small_text_by.png","width":400,"height":347,"caption":"Mailnjoy"},"image":{"@id":"https:\/\/mailnjoy.com\/check\/#\/schema\/logo\/image\/"}}]}},"lang":"pt","translations":{"pt":1207,"fr":75,"en":261,"es":1195,"de":1198,"it":1201},"uagb_featured_image_src":{"full":false,"thumbnail":false,"medium":false,"medium_large":false,"large":false,"1536x1536":false,"2048x2048":false,"post-thumbnail":false},"uagb_author_info":{"display_name":"sylvain","author_link":"https:\/\/mailnjoy.com\/check\/author\/sylvain\/"},"uagb_comment_info":0,"uagb_excerpt":"Os nossos parceiros O mundo do emailling \u00e9 vasto e complexo, e Mailnjoy tem o prazer de o ajudar a navegar atrav\u00e9s da massa de ferramentas existentes, fornecendo-lhe uma lista de todos os nossos parceiros de confian\u00e7a. N\u00e3o hesite em visitar os seus s\u00edtios! A Mailvio \u00e9 a principal plataforma de marketing por correio eletr\u00f3nico\u2026","pll_sync_post":[],"_links":{"self":[{"href":"https:\/\/mailnjoy.com\/check\/wp-json\/wp\/v2\/pages\/1207","targetHints":{"allow":["GET"]}}],"collection":[{"href":"https:\/\/mailnjoy.com\/check\/wp-json\/wp\/v2\/pages"}],"about":[{"href":"https:\/\/mailnjoy.com\/check\/wp-json\/wp\/v2\/types\/page"}],"author":[{"embeddable":true,"href":"https:\/\/mailnjoy.com\/check\/wp-json\/wp\/v2\/users\/1"}],"replies":[{"embeddable":true,"href":"https:\/\/mailnjoy.com\/check\/wp-json\/wp\/v2\/comments?post=1207"}],"version-history":[{"count":2,"href":"https:\/\/mailnjoy.com\/check\/wp-json\/wp\/v2\/pages\/1207\/revisions"}],"predecessor-version":[{"id":1210,"href":"https:\/\/mailnjoy.com\/check\/wp-json\/wp\/v2\/pages\/1207\/revisions\/1210"}],"wp:attachment":[{"href":"https:\/\/mailnjoy.com\/check\/wp-json\/wp\/v2\/media?parent=1207"}],"curies":[{"name":"wp","href":"https:\/\/api.w.org\/{rel}","templated":true}]}}