{"id":1212,"date":"2025-01-17T11:44:59","date_gmt":"2025-01-17T10:44:59","guid":{"rendered":"https:\/\/ownmailist.net\/check\/?page_id=1212"},"modified":"2025-01-17T11:44:59","modified_gmt":"2025-01-17T10:44:59","slug":"bdd","status":"publish","type":"page","link":"https:\/\/mailnjoy.com\/check\/es\/partners\/bdd\/","title":{"rendered":"Le Blog du Digital"},"content":{"rendered":"\n<div class=\"wp-block-group alignwide has-global-padding is-layout-constrained wp-block-group-is-layout-constrained\">\n<figure class=\"wp-block-image aligncenter size-full is-resized has-custom-border is-style-rounded\"><img loading=\"lazy\" decoding=\"async\" width=\"740\" height=\"740\" src=\"https:\/\/mailnjoy.com\/check\/wp-content\/uploads\/2024\/10\/blog-du-digital.jpg\" alt=\"\" class=\"has-border-color has-green-border-color wp-image-267\" style=\"border-width:3px;border-radius:5px;width:400px\" srcset=\"https:\/\/mailnjoy.com\/check\/wp-content\/uploads\/2024\/10\/blog-du-digital.jpg 740w, https:\/\/mailnjoy.com\/check\/wp-content\/uploads\/2024\/10\/blog-du-digital-300x300.jpg 300w, https:\/\/mailnjoy.com\/check\/wp-content\/uploads\/2024\/10\/blog-du-digital-150x150.jpg 150w\" sizes=\"auto, (max-width: 740px) 100vw, 740px\" \/><\/figure>\n\n\n\n<h1 class=\"wp-block-heading has-text-align-center\">Le Blog du Digital<\/h1>\n\n\n\n<p>En Le blog du digital, nuestra prioridad es ayudar a los profesionales del marketing y la comunicaci\u00f3n web en su trabajo. Tanto si nuestros usuarios son principiantes como experimentados, les ayudamos proporcion\u00e1ndoles consejos de calidad. Para que puedan :<\/p>\n\n\n\n<ul class=\"wp-block-list check-list\">\n<li>Ahorrar tiempo y superar todas las dificultades que encuentran a diario,<\/li>\n\n\n\n<li>Mejorar su rendimiento para alcanzar sus objetivos, e incluso superarlos cuando sea posible.<\/li>\n<\/ul>\n\n\n\n<p>Cada semana publicamos gratuitamente nuevos dossieres sobre los siguientes temas:<\/p>\n\n\n\n<ul class=\"wp-block-list check-list\">\n<li>Webmaster &#8211; creaci\u00f3n, redise\u00f1o y optimizaci\u00f3n de sitios web: para ayudarle en todas las etapas de creaci\u00f3n, redise\u00f1o y mejora de su sitio web.<\/li>\n\n\n\n<li>SEO &#8211; Search Engine Optimisation (Optimizaci\u00f3n para motores de b\u00fasqueda): atraer tr\u00e1fico a su sitio web gracias a contenidos relevantes, un sitio optimizado t\u00e9cnicamente y una reputaci\u00f3n creciente,<\/li>\n\n\n\n<li>Emailing y boletines informativos: Para ayudarle a fidelizar a sus destinatarios y crear una importante lista de contactos,<\/li>\n\n\n\n<li>SEA &#8211; Publicidad en buscadores: para optimizar su presupuesto publicitario y mejorar su visibilidad en los medios seleccionados,<\/li>\n<\/ul>\n\n\n\n<div class=\"wp-block-buttons is-content-justification-center is-layout-flex wp-container-core-buttons-is-layout-a89b3969 wp-block-buttons-is-layout-flex\">\n<div class=\"wp-block-button is-style-outline is-style-outline--1\"><a class=\"wp-block-button__link wp-element-button\" href=\"https:\/\/blogdudigital.fr\/formation-emailing\/\">Ir al blog digital<\/a><\/div>\n<\/div>\n<\/div>\n\n\n\n<p><\/p>\n","protected":false},"excerpt":{"rendered":"<p>Le Blog du Digital En Le blog du digital, nuestra prioridad es ayudar a los profesionales del marketing y la comunicaci\u00f3n web en su trabajo. Tanto si nuestros usuarios son principiantes como experimentados, les ayudamos proporcion\u00e1ndoles consejos de calidad. Para que puedan : Cada semana publicamos gratuitamente nuevos dossieres sobre los siguientes temas:<\/p>\n","protected":false},"author":1,"featured_media":0,"parent":1195,"menu_order":0,"comment_status":"closed","ping_status":"closed","template":"","meta":{"_uag_custom_page_level_css":"","footnotes":""},"class_list":["post-1212","page","type-page","status-publish","hentry"],"yoast_head":"<!-- This site is optimized with the Yoast SEO plugin v23.6 - https:\/\/yoast.com\/wordpress\/plugins\/seo\/ -->\n<title>Socio - Le Blog du Digital - Mailnjoy<\/title>\n<meta name=\"description\" content=\"Descubra a nuestro socio Le blog du Digital: sus servicios en marketing digital\" \/>\n<meta name=\"robots\" content=\"index, follow, max-snippet:-1, max-image-preview:large, max-video-preview:-1\" \/>\n<link rel=\"canonical\" href=\"https:\/\/mailnjoy.com\/check\/es\/partners\/bdd\/\" \/>\n<meta name=\"twitter:label1\" content=\"Dur\u00e9e de lecture estim\u00e9e\" \/>\n\t<meta name=\"twitter:data1\" content=\"2 minutes\" \/>\n<script type=\"application\/ld+json\" class=\"yoast-schema-graph\">{\"@context\":\"https:\/\/schema.org\",\"@graph\":[{\"@type\":\"WebPage\",\"@id\":\"https:\/\/mailnjoy.com\/check\/es\/partners\/bdd\/\",\"url\":\"https:\/\/mailnjoy.com\/check\/es\/partners\/bdd\/\",\"name\":\"Socio - Le Blog du Digital - Mailnjoy\",\"isPartOf\":{\"@id\":\"https:\/\/mailnjoy.com\/check\/#website\"},\"primaryImageOfPage\":{\"@id\":\"https:\/\/mailnjoy.com\/check\/es\/partners\/bdd\/#primaryimage\"},\"image\":{\"@id\":\"https:\/\/mailnjoy.com\/check\/es\/partners\/bdd\/#primaryimage\"},\"thumbnailUrl\":\"https:\/\/mailnjoy.com\/check\/wp-content\/uploads\/2024\/10\/blog-du-digital.jpg\",\"datePublished\":\"2025-01-17T10:44:59+00:00\",\"dateModified\":\"2025-01-17T10:44:59+00:00\",\"description\":\"Descubra a nuestro socio Le blog du Digital: sus servicios en marketing digital\",\"breadcrumb\":{\"@id\":\"https:\/\/mailnjoy.com\/check\/es\/partners\/bdd\/#breadcrumb\"},\"inLanguage\":\"fr-FR\",\"potentialAction\":[{\"@type\":\"ReadAction\",\"target\":[\"https:\/\/mailnjoy.com\/check\/es\/partners\/bdd\/\"]}]},{\"@type\":\"ImageObject\",\"inLanguage\":\"fr-FR\",\"@id\":\"https:\/\/mailnjoy.com\/check\/es\/partners\/bdd\/#primaryimage\",\"url\":\"https:\/\/mailnjoy.com\/check\/wp-content\/uploads\/2024\/10\/blog-du-digital.jpg\",\"contentUrl\":\"https:\/\/mailnjoy.com\/check\/wp-content\/uploads\/2024\/10\/blog-du-digital.jpg\"},{\"@type\":\"BreadcrumbList\",\"@id\":\"https:\/\/mailnjoy.com\/check\/es\/partners\/bdd\/#breadcrumb\",\"itemListElement\":[{\"@type\":\"ListItem\",\"position\":1,\"name\":\"Accueil\",\"item\":\"https:\/\/mailnjoy.com\/check\/fr\/\"},{\"@type\":\"ListItem\",\"position\":2,\"name\":\"Nuestros socios\",\"item\":\"https:\/\/mailnjoy.com\/check\/es\/partners\/\"},{\"@type\":\"ListItem\",\"position\":3,\"name\":\"Le Blog du Digital\"}]},{\"@type\":\"WebSite\",\"@id\":\"https:\/\/mailnjoy.com\/check\/#website\",\"url\":\"https:\/\/mailnjoy.com\/check\/\",\"name\":\"Mailnjoy\",\"description\":\"\",\"publisher\":{\"@id\":\"https:\/\/mailnjoy.com\/check\/#organization\"},\"potentialAction\":[{\"@type\":\"SearchAction\",\"target\":{\"@type\":\"EntryPoint\",\"urlTemplate\":\"https:\/\/mailnjoy.com\/check\/?s={search_term_string}\"},\"query-input\":{\"@type\":\"PropertyValueSpecification\",\"valueRequired\":true,\"valueName\":\"search_term_string\"}}],\"inLanguage\":\"fr-FR\"},{\"@type\":\"Organization\",\"@id\":\"https:\/\/mailnjoy.com\/check\/#organization\",\"name\":\"Mailnjoy\",\"url\":\"https:\/\/mailnjoy.com\/check\/\",\"logo\":{\"@type\":\"ImageObject\",\"inLanguage\":\"fr-FR\",\"@id\":\"https:\/\/mailnjoy.com\/check\/#\/schema\/logo\/image\/\",\"url\":\"https:\/\/mailnjoy.com\/check\/wp-content\/uploads\/2024\/10\/check_logo_small_text_by.png\",\"contentUrl\":\"https:\/\/mailnjoy.com\/check\/wp-content\/uploads\/2024\/10\/check_logo_small_text_by.png\",\"width\":400,\"height\":347,\"caption\":\"Mailnjoy\"},\"image\":{\"@id\":\"https:\/\/mailnjoy.com\/check\/#\/schema\/logo\/image\/\"}}]}<\/script>\n<!-- \/ Yoast SEO plugin. -->","yoast_head_json":{"title":"Socio - Le Blog du Digital - Mailnjoy","description":"Descubra a nuestro socio Le blog du Digital: sus servicios en marketing digital","robots":{"index":"index","follow":"follow","max-snippet":"max-snippet:-1","max-image-preview":"max-image-preview:large","max-video-preview":"max-video-preview:-1"},"canonical":"https:\/\/mailnjoy.com\/check\/es\/partners\/bdd\/","twitter_misc":{"Dur\u00e9e de lecture estim\u00e9e":"2 minutes"},"schema":{"@context":"https:\/\/schema.org","@graph":[{"@type":"WebPage","@id":"https:\/\/mailnjoy.com\/check\/es\/partners\/bdd\/","url":"https:\/\/mailnjoy.com\/check\/es\/partners\/bdd\/","name":"Socio - Le Blog du Digital - Mailnjoy","isPartOf":{"@id":"https:\/\/mailnjoy.com\/check\/#website"},"primaryImageOfPage":{"@id":"https:\/\/mailnjoy.com\/check\/es\/partners\/bdd\/#primaryimage"},"image":{"@id":"https:\/\/mailnjoy.com\/check\/es\/partners\/bdd\/#primaryimage"},"thumbnailUrl":"https:\/\/mailnjoy.com\/check\/wp-content\/uploads\/2024\/10\/blog-du-digital.jpg","datePublished":"2025-01-17T10:44:59+00:00","dateModified":"2025-01-17T10:44:59+00:00","description":"Descubra a nuestro socio Le blog du Digital: sus servicios en marketing digital","breadcrumb":{"@id":"https:\/\/mailnjoy.com\/check\/es\/partners\/bdd\/#breadcrumb"},"inLanguage":"fr-FR","potentialAction":[{"@type":"ReadAction","target":["https:\/\/mailnjoy.com\/check\/es\/partners\/bdd\/"]}]},{"@type":"ImageObject","inLanguage":"fr-FR","@id":"https:\/\/mailnjoy.com\/check\/es\/partners\/bdd\/#primaryimage","url":"https:\/\/mailnjoy.com\/check\/wp-content\/uploads\/2024\/10\/blog-du-digital.jpg","contentUrl":"https:\/\/mailnjoy.com\/check\/wp-content\/uploads\/2024\/10\/blog-du-digital.jpg"},{"@type":"BreadcrumbList","@id":"https:\/\/mailnjoy.com\/check\/es\/partners\/bdd\/#breadcrumb","itemListElement":[{"@type":"ListItem","position":1,"name":"Accueil","item":"https:\/\/mailnjoy.com\/check\/fr\/"},{"@type":"ListItem","position":2,"name":"Nuestros socios","item":"https:\/\/mailnjoy.com\/check\/es\/partners\/"},{"@type":"ListItem","position":3,"name":"Le Blog du Digital"}]},{"@type":"WebSite","@id":"https:\/\/mailnjoy.com\/check\/#website","url":"https:\/\/mailnjoy.com\/check\/","name":"Mailnjoy","description":"","publisher":{"@id":"https:\/\/mailnjoy.com\/check\/#organization"},"potentialAction":[{"@type":"SearchAction","target":{"@type":"EntryPoint","urlTemplate":"https:\/\/mailnjoy.com\/check\/?s={search_term_string}"},"query-input":{"@type":"PropertyValueSpecification","valueRequired":true,"valueName":"search_term_string"}}],"inLanguage":"fr-FR"},{"@type":"Organization","@id":"https:\/\/mailnjoy.com\/check\/#organization","name":"Mailnjoy","url":"https:\/\/mailnjoy.com\/check\/","logo":{"@type":"ImageObject","inLanguage":"fr-FR","@id":"https:\/\/mailnjoy.com\/check\/#\/schema\/logo\/image\/","url":"https:\/\/mailnjoy.com\/check\/wp-content\/uploads\/2024\/10\/check_logo_small_text_by.png","contentUrl":"https:\/\/mailnjoy.com\/check\/wp-content\/uploads\/2024\/10\/check_logo_small_text_by.png","width":400,"height":347,"caption":"Mailnjoy"},"image":{"@id":"https:\/\/mailnjoy.com\/check\/#\/schema\/logo\/image\/"}}]}},"lang":"es","translations":{"es":1212,"fr":266,"en":270,"de":1217,"it":1222,"pt":1227},"uagb_featured_image_src":{"full":false,"thumbnail":false,"medium":false,"medium_large":false,"large":false,"1536x1536":false,"2048x2048":false,"post-thumbnail":false},"uagb_author_info":{"display_name":"sylvain","author_link":"https:\/\/mailnjoy.com\/check\/author\/sylvain\/"},"uagb_comment_info":0,"uagb_excerpt":"Le Blog du Digital En Le blog du digital, nuestra prioridad es ayudar a los profesionales del marketing y la comunicaci\u00f3n web en su trabajo. Tanto si nuestros usuarios son principiantes como experimentados, les ayudamos proporcion\u00e1ndoles consejos de calidad. Para que puedan : Cada semana publicamos gratuitamente nuevos dossieres sobre los siguientes temas:","pll_sync_post":[],"_links":{"self":[{"href":"https:\/\/mailnjoy.com\/check\/wp-json\/wp\/v2\/pages\/1212","targetHints":{"allow":["GET"]}}],"collection":[{"href":"https:\/\/mailnjoy.com\/check\/wp-json\/wp\/v2\/pages"}],"about":[{"href":"https:\/\/mailnjoy.com\/check\/wp-json\/wp\/v2\/types\/page"}],"author":[{"embeddable":true,"href":"https:\/\/mailnjoy.com\/check\/wp-json\/wp\/v2\/users\/1"}],"replies":[{"embeddable":true,"href":"https:\/\/mailnjoy.com\/check\/wp-json\/wp\/v2\/comments?post=1212"}],"version-history":[{"count":2,"href":"https:\/\/mailnjoy.com\/check\/wp-json\/wp\/v2\/pages\/1212\/revisions"}],"predecessor-version":[{"id":1215,"href":"https:\/\/mailnjoy.com\/check\/wp-json\/wp\/v2\/pages\/1212\/revisions\/1215"}],"up":[{"embeddable":true,"href":"https:\/\/mailnjoy.com\/check\/wp-json\/wp\/v2\/pages\/1195"}],"wp:attachment":[{"href":"https:\/\/mailnjoy.com\/check\/wp-json\/wp\/v2\/media?parent=1212"}],"curies":[{"name":"wp","href":"https:\/\/api.w.org\/{rel}","templated":true}]}}