{"id":1217,"date":"2025-01-17T11:47:21","date_gmt":"2025-01-17T10:47:21","guid":{"rendered":"https:\/\/ownmailist.net\/check\/?page_id=1217"},"modified":"2025-01-17T11:47:21","modified_gmt":"2025-01-17T10:47:21","slug":"bdd","status":"publish","type":"page","link":"https:\/\/mailnjoy.com\/check\/de\/partners\/bdd\/","title":{"rendered":"Le Blog du Digital"},"content":{"rendered":"\n<div class=\"wp-block-group alignwide has-global-padding is-layout-constrained wp-block-group-is-layout-constrained\">\n<figure class=\"wp-block-image aligncenter size-full is-resized has-custom-border is-style-rounded\"><img loading=\"lazy\" decoding=\"async\" width=\"740\" height=\"740\" src=\"https:\/\/mailnjoy.com\/check\/wp-content\/uploads\/2024\/10\/blog-du-digital.jpg\" alt=\"\" class=\"has-border-color has-green-border-color wp-image-267\" style=\"border-width:3px;border-radius:5px;width:400px\" srcset=\"https:\/\/mailnjoy.com\/check\/wp-content\/uploads\/2024\/10\/blog-du-digital.jpg 740w, https:\/\/mailnjoy.com\/check\/wp-content\/uploads\/2024\/10\/blog-du-digital-300x300.jpg 300w, https:\/\/mailnjoy.com\/check\/wp-content\/uploads\/2024\/10\/blog-du-digital-150x150.jpg 150w\" sizes=\"auto, (max-width: 740px) 100vw, 740px\" \/><\/figure>\n\n\n\n<h1 class=\"wp-block-heading has-text-align-center\">Le Blog du Digital<\/h1>\n\n\n\n<p>Im Le Blog du Digital ist es unsere Priorit\u00e4t, Fachleuten aus den Bereichen Webmarketing und Kommunikation bei ihren Aktionen zu helfen. Egal, ob unsere Internetnutzer Anf\u00e4nger oder Fortgeschrittene sind, wir helfen ihnen mit hochwertigen Ratschl\u00e4gen. So k\u00f6nnen sie :<\/p>\n\n\n\n<ul class=\"wp-block-list check-list\">\n<li>Zeit zu sparen und alle Schwierigkeiten zu \u00fcberwinden, denen sie im Alltag begegnen,<\/li>\n\n\n\n<li>ihre Leistung zu verbessern, um ihre Ziele zu erreichen oder, wenn m\u00f6glich, sogar zu \u00fcbertreffen.<\/li>\n<\/ul>\n\n\n\n<p>Jede Woche ver\u00f6ffentlichen wir kostenlos neue Dossiers mit Bezug zu folgenden Themen:<\/p>\n\n\n\n<ul class=\"wp-block-list check-list\">\n<li>Webmaster &#8211; Erstellung, Neugestaltung und Optimierung von Websites: um Ihnen bei allen Schritten der Erstellung, Neugestaltung und Verbesserung Ihrer Website zu helfen.<\/li>\n\n\n\n<li>SEO &#8211; Nat\u00fcrliche Suchmaschinenoptimierung: Um mithilfe relevanter Inhalte, einer technisch optimierten Website und einem wachsenden Bekanntheitsgrad erfolgreich Besucher auf die eigene Website zu locken,<\/li>\n\n\n\n<li>E-Mailing und Newsletter: Damit Sie Ihre Empf\u00e4nger an sich binden und sich eine umfangreiche Kontaktliste aufbauen k\u00f6nnen,<\/li>\n\n\n\n<li>SEA &#8211; Bezahlte Suchmaschinenoptimierung: Um Ihr Werbebudget zu optimieren und Ihre Sichtbarkeit in den ausgew\u00e4hlten Medien zu verbessern,<\/li>\n<\/ul>\n\n\n\n<div class=\"wp-block-buttons is-content-justification-center is-layout-flex wp-container-core-buttons-is-layout-a89b3969 wp-block-buttons-is-layout-flex\">\n<div class=\"wp-block-button is-style-outline is-style-outline--1\"><a class=\"wp-block-button__link wp-element-button\" href=\"https:\/\/blogdudigital.fr\/formation-emailing\/\">Zum Le Blog du Digital<\/a><\/div>\n<\/div>\n<\/div>\n","protected":false},"excerpt":{"rendered":"<p>Le Blog du Digital Im Le Blog du Digital ist es unsere Priorit\u00e4t, Fachleuten aus den Bereichen Webmarketing und Kommunikation bei ihren Aktionen zu helfen. Egal, ob unsere Internetnutzer Anf\u00e4nger oder Fortgeschrittene sind, wir helfen ihnen mit hochwertigen Ratschl\u00e4gen. So k\u00f6nnen sie : Jede Woche ver\u00f6ffentlichen wir kostenlos neue Dossiers mit Bezug zu folgenden Themen:<\/p>\n","protected":false},"author":1,"featured_media":0,"parent":1198,"menu_order":0,"comment_status":"closed","ping_status":"closed","template":"","meta":{"_uag_custom_page_level_css":"","footnotes":""},"class_list":["post-1217","page","type-page","status-publish","hentry"],"yoast_head":"<!-- This site is optimized with the Yoast SEO plugin v23.6 - https:\/\/yoast.com\/wordpress\/plugins\/seo\/ -->\n<title>Partner - Le Blog du Digital - Mailnjoy<\/title>\n<meta name=\"description\" content=\"Entdecken Sie unseren Partner Le blog du Digital: seine Dienstleistungen und Angebote im Bereich des digitalen Marketings.\" \/>\n<meta name=\"robots\" content=\"index, follow, max-snippet:-1, max-image-preview:large, max-video-preview:-1\" \/>\n<link rel=\"canonical\" href=\"https:\/\/mailnjoy.com\/check\/de\/partners\/bdd\/\" \/>\n<meta name=\"twitter:label1\" content=\"Dur\u00e9e de lecture estim\u00e9e\" \/>\n\t<meta name=\"twitter:data1\" content=\"2 minutes\" \/>\n<script type=\"application\/ld+json\" class=\"yoast-schema-graph\">{\"@context\":\"https:\/\/schema.org\",\"@graph\":[{\"@type\":\"WebPage\",\"@id\":\"https:\/\/mailnjoy.com\/check\/de\/partners\/bdd\/\",\"url\":\"https:\/\/mailnjoy.com\/check\/de\/partners\/bdd\/\",\"name\":\"Partner - Le Blog du Digital - Mailnjoy\",\"isPartOf\":{\"@id\":\"https:\/\/mailnjoy.com\/check\/#website\"},\"primaryImageOfPage\":{\"@id\":\"https:\/\/mailnjoy.com\/check\/de\/partners\/bdd\/#primaryimage\"},\"image\":{\"@id\":\"https:\/\/mailnjoy.com\/check\/de\/partners\/bdd\/#primaryimage\"},\"thumbnailUrl\":\"https:\/\/mailnjoy.com\/check\/wp-content\/uploads\/2024\/10\/blog-du-digital.jpg\",\"datePublished\":\"2025-01-17T10:47:21+00:00\",\"dateModified\":\"2025-01-17T10:47:21+00:00\",\"description\":\"Entdecken Sie unseren Partner Le blog du Digital: seine Dienstleistungen und Angebote im Bereich des digitalen Marketings.\",\"breadcrumb\":{\"@id\":\"https:\/\/mailnjoy.com\/check\/de\/partners\/bdd\/#breadcrumb\"},\"inLanguage\":\"fr-FR\",\"potentialAction\":[{\"@type\":\"ReadAction\",\"target\":[\"https:\/\/mailnjoy.com\/check\/de\/partners\/bdd\/\"]}]},{\"@type\":\"ImageObject\",\"inLanguage\":\"fr-FR\",\"@id\":\"https:\/\/mailnjoy.com\/check\/de\/partners\/bdd\/#primaryimage\",\"url\":\"https:\/\/mailnjoy.com\/check\/wp-content\/uploads\/2024\/10\/blog-du-digital.jpg\",\"contentUrl\":\"https:\/\/mailnjoy.com\/check\/wp-content\/uploads\/2024\/10\/blog-du-digital.jpg\"},{\"@type\":\"BreadcrumbList\",\"@id\":\"https:\/\/mailnjoy.com\/check\/de\/partners\/bdd\/#breadcrumb\",\"itemListElement\":[{\"@type\":\"ListItem\",\"position\":1,\"name\":\"Accueil\",\"item\":\"https:\/\/mailnjoy.com\/check\/fr\/\"},{\"@type\":\"ListItem\",\"position\":2,\"name\":\"Unsere Partner\",\"item\":\"https:\/\/mailnjoy.com\/check\/de\/partners\/\"},{\"@type\":\"ListItem\",\"position\":3,\"name\":\"Le Blog du Digital\"}]},{\"@type\":\"WebSite\",\"@id\":\"https:\/\/mailnjoy.com\/check\/#website\",\"url\":\"https:\/\/mailnjoy.com\/check\/\",\"name\":\"Mailnjoy\",\"description\":\"\",\"publisher\":{\"@id\":\"https:\/\/mailnjoy.com\/check\/#organization\"},\"potentialAction\":[{\"@type\":\"SearchAction\",\"target\":{\"@type\":\"EntryPoint\",\"urlTemplate\":\"https:\/\/mailnjoy.com\/check\/?s={search_term_string}\"},\"query-input\":{\"@type\":\"PropertyValueSpecification\",\"valueRequired\":true,\"valueName\":\"search_term_string\"}}],\"inLanguage\":\"fr-FR\"},{\"@type\":\"Organization\",\"@id\":\"https:\/\/mailnjoy.com\/check\/#organization\",\"name\":\"Mailnjoy\",\"url\":\"https:\/\/mailnjoy.com\/check\/\",\"logo\":{\"@type\":\"ImageObject\",\"inLanguage\":\"fr-FR\",\"@id\":\"https:\/\/mailnjoy.com\/check\/#\/schema\/logo\/image\/\",\"url\":\"https:\/\/mailnjoy.com\/check\/wp-content\/uploads\/2024\/10\/check_logo_small_text_by.png\",\"contentUrl\":\"https:\/\/mailnjoy.com\/check\/wp-content\/uploads\/2024\/10\/check_logo_small_text_by.png\",\"width\":400,\"height\":347,\"caption\":\"Mailnjoy\"},\"image\":{\"@id\":\"https:\/\/mailnjoy.com\/check\/#\/schema\/logo\/image\/\"}}]}<\/script>\n<!-- \/ Yoast SEO plugin. -->","yoast_head_json":{"title":"Partner - Le Blog du Digital - Mailnjoy","description":"Entdecken Sie unseren Partner Le blog du Digital: seine Dienstleistungen und Angebote im Bereich des digitalen Marketings.","robots":{"index":"index","follow":"follow","max-snippet":"max-snippet:-1","max-image-preview":"max-image-preview:large","max-video-preview":"max-video-preview:-1"},"canonical":"https:\/\/mailnjoy.com\/check\/de\/partners\/bdd\/","twitter_misc":{"Dur\u00e9e de lecture estim\u00e9e":"2 minutes"},"schema":{"@context":"https:\/\/schema.org","@graph":[{"@type":"WebPage","@id":"https:\/\/mailnjoy.com\/check\/de\/partners\/bdd\/","url":"https:\/\/mailnjoy.com\/check\/de\/partners\/bdd\/","name":"Partner - Le Blog du Digital - Mailnjoy","isPartOf":{"@id":"https:\/\/mailnjoy.com\/check\/#website"},"primaryImageOfPage":{"@id":"https:\/\/mailnjoy.com\/check\/de\/partners\/bdd\/#primaryimage"},"image":{"@id":"https:\/\/mailnjoy.com\/check\/de\/partners\/bdd\/#primaryimage"},"thumbnailUrl":"https:\/\/mailnjoy.com\/check\/wp-content\/uploads\/2024\/10\/blog-du-digital.jpg","datePublished":"2025-01-17T10:47:21+00:00","dateModified":"2025-01-17T10:47:21+00:00","description":"Entdecken Sie unseren Partner Le blog du Digital: seine Dienstleistungen und Angebote im Bereich des digitalen Marketings.","breadcrumb":{"@id":"https:\/\/mailnjoy.com\/check\/de\/partners\/bdd\/#breadcrumb"},"inLanguage":"fr-FR","potentialAction":[{"@type":"ReadAction","target":["https:\/\/mailnjoy.com\/check\/de\/partners\/bdd\/"]}]},{"@type":"ImageObject","inLanguage":"fr-FR","@id":"https:\/\/mailnjoy.com\/check\/de\/partners\/bdd\/#primaryimage","url":"https:\/\/mailnjoy.com\/check\/wp-content\/uploads\/2024\/10\/blog-du-digital.jpg","contentUrl":"https:\/\/mailnjoy.com\/check\/wp-content\/uploads\/2024\/10\/blog-du-digital.jpg"},{"@type":"BreadcrumbList","@id":"https:\/\/mailnjoy.com\/check\/de\/partners\/bdd\/#breadcrumb","itemListElement":[{"@type":"ListItem","position":1,"name":"Accueil","item":"https:\/\/mailnjoy.com\/check\/fr\/"},{"@type":"ListItem","position":2,"name":"Unsere Partner","item":"https:\/\/mailnjoy.com\/check\/de\/partners\/"},{"@type":"ListItem","position":3,"name":"Le Blog du Digital"}]},{"@type":"WebSite","@id":"https:\/\/mailnjoy.com\/check\/#website","url":"https:\/\/mailnjoy.com\/check\/","name":"Mailnjoy","description":"","publisher":{"@id":"https:\/\/mailnjoy.com\/check\/#organization"},"potentialAction":[{"@type":"SearchAction","target":{"@type":"EntryPoint","urlTemplate":"https:\/\/mailnjoy.com\/check\/?s={search_term_string}"},"query-input":{"@type":"PropertyValueSpecification","valueRequired":true,"valueName":"search_term_string"}}],"inLanguage":"fr-FR"},{"@type":"Organization","@id":"https:\/\/mailnjoy.com\/check\/#organization","name":"Mailnjoy","url":"https:\/\/mailnjoy.com\/check\/","logo":{"@type":"ImageObject","inLanguage":"fr-FR","@id":"https:\/\/mailnjoy.com\/check\/#\/schema\/logo\/image\/","url":"https:\/\/mailnjoy.com\/check\/wp-content\/uploads\/2024\/10\/check_logo_small_text_by.png","contentUrl":"https:\/\/mailnjoy.com\/check\/wp-content\/uploads\/2024\/10\/check_logo_small_text_by.png","width":400,"height":347,"caption":"Mailnjoy"},"image":{"@id":"https:\/\/mailnjoy.com\/check\/#\/schema\/logo\/image\/"}}]}},"lang":"de","translations":{"de":1217,"fr":266,"en":270,"es":1212,"it":1222,"pt":1227},"uagb_featured_image_src":{"full":false,"thumbnail":false,"medium":false,"medium_large":false,"large":false,"1536x1536":false,"2048x2048":false,"post-thumbnail":false},"uagb_author_info":{"display_name":"sylvain","author_link":"https:\/\/mailnjoy.com\/check\/author\/sylvain\/"},"uagb_comment_info":0,"uagb_excerpt":"Le Blog du Digital Im Le Blog du Digital ist es unsere Priorit\u00e4t, Fachleuten aus den Bereichen Webmarketing und Kommunikation bei ihren Aktionen zu helfen. Egal, ob unsere Internetnutzer Anf\u00e4nger oder Fortgeschrittene sind, wir helfen ihnen mit hochwertigen Ratschl\u00e4gen. So k\u00f6nnen sie : Jede Woche ver\u00f6ffentlichen wir kostenlos neue Dossiers mit Bezug zu folgenden Themen:","pll_sync_post":[],"_links":{"self":[{"href":"https:\/\/mailnjoy.com\/check\/wp-json\/wp\/v2\/pages\/1217","targetHints":{"allow":["GET"]}}],"collection":[{"href":"https:\/\/mailnjoy.com\/check\/wp-json\/wp\/v2\/pages"}],"about":[{"href":"https:\/\/mailnjoy.com\/check\/wp-json\/wp\/v2\/types\/page"}],"author":[{"embeddable":true,"href":"https:\/\/mailnjoy.com\/check\/wp-json\/wp\/v2\/users\/1"}],"replies":[{"embeddable":true,"href":"https:\/\/mailnjoy.com\/check\/wp-json\/wp\/v2\/comments?post=1217"}],"version-history":[{"count":2,"href":"https:\/\/mailnjoy.com\/check\/wp-json\/wp\/v2\/pages\/1217\/revisions"}],"predecessor-version":[{"id":1220,"href":"https:\/\/mailnjoy.com\/check\/wp-json\/wp\/v2\/pages\/1217\/revisions\/1220"}],"up":[{"embeddable":true,"href":"https:\/\/mailnjoy.com\/check\/wp-json\/wp\/v2\/pages\/1198"}],"wp:attachment":[{"href":"https:\/\/mailnjoy.com\/check\/wp-json\/wp\/v2\/media?parent=1217"}],"curies":[{"name":"wp","href":"https:\/\/api.w.org\/{rel}","templated":true}]}}