{"id":1235,"date":"2025-01-17T11:56:51","date_gmt":"2025-01-17T10:56:51","guid":{"rendered":"https:\/\/ownmailist.net\/check\/?page_id=1235"},"modified":"2025-01-17T11:56:51","modified_gmt":"2025-01-17T10:56:51","slug":"mailvio","status":"publish","type":"page","link":"https:\/\/mailnjoy.com\/check\/de\/partners\/mailvio\/","title":{"rendered":"Mailvio"},"content":{"rendered":"\n<div class=\"wp-block-group alignwide has-global-padding is-layout-constrained wp-block-group-is-layout-constrained\">\n<figure class=\"wp-block-image aligncenter size-large has-custom-border is-style-rounded\"><img loading=\"lazy\" decoding=\"async\" width=\"1024\" height=\"379\" src=\"https:\/\/mailnjoy.com\/check\/wp-content\/uploads\/2024\/10\/mailvio-1024x379.png\" alt=\"\" class=\"has-border-color has-green-border-color wp-image-243\" style=\"border-width:3px;border-radius:5px\" srcset=\"https:\/\/mailnjoy.com\/check\/wp-content\/uploads\/2024\/10\/mailvio-1024x379.png 1024w, https:\/\/mailnjoy.com\/check\/wp-content\/uploads\/2024\/10\/mailvio-300x111.png 300w, https:\/\/mailnjoy.com\/check\/wp-content\/uploads\/2024\/10\/mailvio-768x284.png 768w, https:\/\/mailnjoy.com\/check\/wp-content\/uploads\/2024\/10\/mailvio-1536x569.png 1536w, https:\/\/mailnjoy.com\/check\/wp-content\/uploads\/2024\/10\/mailvio-1568x581.png 1568w, https:\/\/mailnjoy.com\/check\/wp-content\/uploads\/2024\/10\/mailvio.png 1623w\" sizes=\"auto, (max-width: 1024px) 100vw, 1024px\" \/><\/figure>\n\n\n<h1 class=\"wp-block-heading has-text-align-center\">Mailvio<\/h1>\n\n\n<p>Mailvio bietet eine umfassende Suite von Tools, die darauf ausgelegt sind, die E-Mail-Marketingbem\u00fchungen aller Unternehmen zu optimieren.<\/p>\n\n\n<p>Die Plattform integriert hochmoderne Funktionen wie :<\/p>\n\n\n\n<ul class=\"wp-block-list check-list\">\n<li>Automatisierung von E-Mails<\/li>\n\n\n\n<li>KI-gest\u00fctzte E-Mail-Erstellung<\/li>\n\n\n\n<li>Broadcast-E-Mails<\/li>\n\n\n\n<li>Transaktions-E-Mails<\/li>\n\n\n\n<li>Umfangreiche Analysen und Statistiken<\/li>\n\n\n\n<li>A\/B-Splitting-Testing<\/li>\n\n\n\n<li>WYSIWYG-Editor f\u00fcr eine immer einfachere Erstellung von E-Mail-Kampagnen<\/li>\n<\/ul>\n\n\n<p>Dar\u00fcber hinaus bietet Mailvio erweiterte Funktionen wie KI-gest\u00fctzte E-Mail-Sequenzen, Massenversand, RFM-Segmentierung auf Basis des Kaufverhaltens und Zugang zur Mailvio Academy f\u00fcr kontinuierliches Lernen und Verbesserung.<\/p>\n\n\n<p>Mit Mailvio k\u00f6nnen Unternehmen ihre E-Mail-Marketingprozesse rationalisieren und bessere Ergebnisse in ihren Kampagnen erzielen.<\/p>\n\n\n\n<div class=\"wp-block-buttons is-content-justification-center is-layout-flex wp-container-core-buttons-is-layout-a89b3969 wp-block-buttons-is-layout-flex\"><div class=\"wp-block-button is-style-outline is-style-outline--1\"><a class=\"wp-block-button__link wp-element-button\" href=\"https:\/\/mailvio.com\/\">Zugang zu Mailvio<\/a><\/div>\n<\/div>\n<\/div>\n\n\n\n<p><\/p>\n","protected":false},"excerpt":{"rendered":"<p>Mailvio Mailvio bietet eine umfassende Suite von Tools, die darauf ausgelegt sind, die E-Mail-Marketingbem\u00fchungen aller Unternehmen zu optimieren. Die Plattform integriert hochmoderne Funktionen wie : Dar\u00fcber hinaus bietet Mailvio erweiterte Funktionen wie KI-gest\u00fctzte E-Mail-Sequenzen, Massenversand, RFM-Segmentierung auf Basis des Kaufverhaltens und Zugang zur Mailvio Academy f\u00fcr kontinuierliches Lernen und Verbesserung. Mit Mailvio k\u00f6nnen Unternehmen ihre [&hellip;]<\/p>\n","protected":false},"author":1,"featured_media":0,"parent":1198,"menu_order":0,"comment_status":"closed","ping_status":"closed","template":"","meta":{"_uag_custom_page_level_css":"","footnotes":""},"class_list":["post-1235","page","type-page","status-publish","hentry"],"yoast_head":"<!-- This site is optimized with the Yoast SEO plugin v23.6 - https:\/\/yoast.com\/wordpress\/plugins\/seo\/ -->\n<title>Partner Mailvio - Mailnjoy<\/title>\n<meta name=\"description\" content=\"Lernen Sie unseren Partner Mailvio kennen: seine Dienstleistungen und Angebote im Bereich des digitalen Marketings.\" \/>\n<meta name=\"robots\" content=\"index, follow, max-snippet:-1, max-image-preview:large, max-video-preview:-1\" \/>\n<link rel=\"canonical\" href=\"https:\/\/mailnjoy.com\/check\/de\/partners\/mailvio\/\" \/>\n<meta name=\"twitter:label1\" content=\"Dur\u00e9e de lecture estim\u00e9e\" \/>\n\t<meta name=\"twitter:data1\" content=\"1 minute\" \/>\n<script type=\"application\/ld+json\" class=\"yoast-schema-graph\">{\"@context\":\"https:\/\/schema.org\",\"@graph\":[{\"@type\":\"WebPage\",\"@id\":\"https:\/\/mailnjoy.com\/check\/de\/partners\/mailvio\/\",\"url\":\"https:\/\/mailnjoy.com\/check\/de\/partners\/mailvio\/\",\"name\":\"Partner Mailvio - Mailnjoy\",\"isPartOf\":{\"@id\":\"https:\/\/mailnjoy.com\/check\/#website\"},\"primaryImageOfPage\":{\"@id\":\"https:\/\/mailnjoy.com\/check\/de\/partners\/mailvio\/#primaryimage\"},\"image\":{\"@id\":\"https:\/\/mailnjoy.com\/check\/de\/partners\/mailvio\/#primaryimage\"},\"thumbnailUrl\":\"https:\/\/mailnjoy.com\/check\/wp-content\/uploads\/2024\/10\/mailvio-1024x379.png\",\"datePublished\":\"2025-01-17T10:56:51+00:00\",\"dateModified\":\"2025-01-17T10:56:51+00:00\",\"description\":\"Lernen Sie unseren Partner Mailvio kennen: seine Dienstleistungen und Angebote im Bereich des digitalen Marketings.\",\"breadcrumb\":{\"@id\":\"https:\/\/mailnjoy.com\/check\/de\/partners\/mailvio\/#breadcrumb\"},\"inLanguage\":\"fr-FR\",\"potentialAction\":[{\"@type\":\"ReadAction\",\"target\":[\"https:\/\/mailnjoy.com\/check\/de\/partners\/mailvio\/\"]}]},{\"@type\":\"ImageObject\",\"inLanguage\":\"fr-FR\",\"@id\":\"https:\/\/mailnjoy.com\/check\/de\/partners\/mailvio\/#primaryimage\",\"url\":\"https:\/\/mailnjoy.com\/check\/wp-content\/uploads\/2024\/10\/mailvio-1024x379.png\",\"contentUrl\":\"https:\/\/mailnjoy.com\/check\/wp-content\/uploads\/2024\/10\/mailvio-1024x379.png\"},{\"@type\":\"BreadcrumbList\",\"@id\":\"https:\/\/mailnjoy.com\/check\/de\/partners\/mailvio\/#breadcrumb\",\"itemListElement\":[{\"@type\":\"ListItem\",\"position\":1,\"name\":\"Accueil\",\"item\":\"https:\/\/mailnjoy.com\/check\/fr\/\"},{\"@type\":\"ListItem\",\"position\":2,\"name\":\"Unsere Partner\",\"item\":\"https:\/\/mailnjoy.com\/check\/de\/partners\/\"},{\"@type\":\"ListItem\",\"position\":3,\"name\":\"Mailvio\"}]},{\"@type\":\"WebSite\",\"@id\":\"https:\/\/mailnjoy.com\/check\/#website\",\"url\":\"https:\/\/mailnjoy.com\/check\/\",\"name\":\"Mailnjoy\",\"description\":\"\",\"publisher\":{\"@id\":\"https:\/\/mailnjoy.com\/check\/#organization\"},\"potentialAction\":[{\"@type\":\"SearchAction\",\"target\":{\"@type\":\"EntryPoint\",\"urlTemplate\":\"https:\/\/mailnjoy.com\/check\/?s={search_term_string}\"},\"query-input\":{\"@type\":\"PropertyValueSpecification\",\"valueRequired\":true,\"valueName\":\"search_term_string\"}}],\"inLanguage\":\"fr-FR\"},{\"@type\":\"Organization\",\"@id\":\"https:\/\/mailnjoy.com\/check\/#organization\",\"name\":\"Mailnjoy\",\"url\":\"https:\/\/mailnjoy.com\/check\/\",\"logo\":{\"@type\":\"ImageObject\",\"inLanguage\":\"fr-FR\",\"@id\":\"https:\/\/mailnjoy.com\/check\/#\/schema\/logo\/image\/\",\"url\":\"https:\/\/mailnjoy.com\/check\/wp-content\/uploads\/2024\/10\/check_logo_small_text_by.png\",\"contentUrl\":\"https:\/\/mailnjoy.com\/check\/wp-content\/uploads\/2024\/10\/check_logo_small_text_by.png\",\"width\":400,\"height\":347,\"caption\":\"Mailnjoy\"},\"image\":{\"@id\":\"https:\/\/mailnjoy.com\/check\/#\/schema\/logo\/image\/\"}}]}<\/script>\n<!-- \/ Yoast SEO plugin. -->","yoast_head_json":{"title":"Partner Mailvio - Mailnjoy","description":"Lernen Sie unseren Partner Mailvio kennen: seine Dienstleistungen und Angebote im Bereich des digitalen Marketings.","robots":{"index":"index","follow":"follow","max-snippet":"max-snippet:-1","max-image-preview":"max-image-preview:large","max-video-preview":"max-video-preview:-1"},"canonical":"https:\/\/mailnjoy.com\/check\/de\/partners\/mailvio\/","twitter_misc":{"Dur\u00e9e de lecture estim\u00e9e":"1 minute"},"schema":{"@context":"https:\/\/schema.org","@graph":[{"@type":"WebPage","@id":"https:\/\/mailnjoy.com\/check\/de\/partners\/mailvio\/","url":"https:\/\/mailnjoy.com\/check\/de\/partners\/mailvio\/","name":"Partner Mailvio - Mailnjoy","isPartOf":{"@id":"https:\/\/mailnjoy.com\/check\/#website"},"primaryImageOfPage":{"@id":"https:\/\/mailnjoy.com\/check\/de\/partners\/mailvio\/#primaryimage"},"image":{"@id":"https:\/\/mailnjoy.com\/check\/de\/partners\/mailvio\/#primaryimage"},"thumbnailUrl":"https:\/\/mailnjoy.com\/check\/wp-content\/uploads\/2024\/10\/mailvio-1024x379.png","datePublished":"2025-01-17T10:56:51+00:00","dateModified":"2025-01-17T10:56:51+00:00","description":"Lernen Sie unseren Partner Mailvio kennen: seine Dienstleistungen und Angebote im Bereich des digitalen Marketings.","breadcrumb":{"@id":"https:\/\/mailnjoy.com\/check\/de\/partners\/mailvio\/#breadcrumb"},"inLanguage":"fr-FR","potentialAction":[{"@type":"ReadAction","target":["https:\/\/mailnjoy.com\/check\/de\/partners\/mailvio\/"]}]},{"@type":"ImageObject","inLanguage":"fr-FR","@id":"https:\/\/mailnjoy.com\/check\/de\/partners\/mailvio\/#primaryimage","url":"https:\/\/mailnjoy.com\/check\/wp-content\/uploads\/2024\/10\/mailvio-1024x379.png","contentUrl":"https:\/\/mailnjoy.com\/check\/wp-content\/uploads\/2024\/10\/mailvio-1024x379.png"},{"@type":"BreadcrumbList","@id":"https:\/\/mailnjoy.com\/check\/de\/partners\/mailvio\/#breadcrumb","itemListElement":[{"@type":"ListItem","position":1,"name":"Accueil","item":"https:\/\/mailnjoy.com\/check\/fr\/"},{"@type":"ListItem","position":2,"name":"Unsere Partner","item":"https:\/\/mailnjoy.com\/check\/de\/partners\/"},{"@type":"ListItem","position":3,"name":"Mailvio"}]},{"@type":"WebSite","@id":"https:\/\/mailnjoy.com\/check\/#website","url":"https:\/\/mailnjoy.com\/check\/","name":"Mailnjoy","description":"","publisher":{"@id":"https:\/\/mailnjoy.com\/check\/#organization"},"potentialAction":[{"@type":"SearchAction","target":{"@type":"EntryPoint","urlTemplate":"https:\/\/mailnjoy.com\/check\/?s={search_term_string}"},"query-input":{"@type":"PropertyValueSpecification","valueRequired":true,"valueName":"search_term_string"}}],"inLanguage":"fr-FR"},{"@type":"Organization","@id":"https:\/\/mailnjoy.com\/check\/#organization","name":"Mailnjoy","url":"https:\/\/mailnjoy.com\/check\/","logo":{"@type":"ImageObject","inLanguage":"fr-FR","@id":"https:\/\/mailnjoy.com\/check\/#\/schema\/logo\/image\/","url":"https:\/\/mailnjoy.com\/check\/wp-content\/uploads\/2024\/10\/check_logo_small_text_by.png","contentUrl":"https:\/\/mailnjoy.com\/check\/wp-content\/uploads\/2024\/10\/check_logo_small_text_by.png","width":400,"height":347,"caption":"Mailnjoy"},"image":{"@id":"https:\/\/mailnjoy.com\/check\/#\/schema\/logo\/image\/"}}]}},"lang":"de","translations":{"de":1235,"fr":242,"en":254,"es":1232,"it":1238,"pt":1241},"uagb_featured_image_src":{"full":false,"thumbnail":false,"medium":false,"medium_large":false,"large":false,"1536x1536":false,"2048x2048":false,"post-thumbnail":false},"uagb_author_info":{"display_name":"sylvain","author_link":"https:\/\/mailnjoy.com\/check\/author\/sylvain\/"},"uagb_comment_info":0,"uagb_excerpt":"Mailvio Mailvio bietet eine umfassende Suite von Tools, die darauf ausgelegt sind, die E-Mail-Marketingbem\u00fchungen aller Unternehmen zu optimieren. Die Plattform integriert hochmoderne Funktionen wie : Dar\u00fcber hinaus bietet Mailvio erweiterte Funktionen wie KI-gest\u00fctzte E-Mail-Sequenzen, Massenversand, RFM-Segmentierung auf Basis des Kaufverhaltens und Zugang zur Mailvio Academy f\u00fcr kontinuierliches Lernen und Verbesserung. Mit Mailvio k\u00f6nnen Unternehmen ihre\u2026","pll_sync_post":[],"_links":{"self":[{"href":"https:\/\/mailnjoy.com\/check\/wp-json\/wp\/v2\/pages\/1235","targetHints":{"allow":["GET"]}}],"collection":[{"href":"https:\/\/mailnjoy.com\/check\/wp-json\/wp\/v2\/pages"}],"about":[{"href":"https:\/\/mailnjoy.com\/check\/wp-json\/wp\/v2\/types\/page"}],"author":[{"embeddable":true,"href":"https:\/\/mailnjoy.com\/check\/wp-json\/wp\/v2\/users\/1"}],"replies":[{"embeddable":true,"href":"https:\/\/mailnjoy.com\/check\/wp-json\/wp\/v2\/comments?post=1235"}],"version-history":[{"count":1,"href":"https:\/\/mailnjoy.com\/check\/wp-json\/wp\/v2\/pages\/1235\/revisions"}],"predecessor-version":[{"id":1236,"href":"https:\/\/mailnjoy.com\/check\/wp-json\/wp\/v2\/pages\/1235\/revisions\/1236"}],"up":[{"embeddable":true,"href":"https:\/\/mailnjoy.com\/check\/wp-json\/wp\/v2\/pages\/1198"}],"wp:attachment":[{"href":"https:\/\/mailnjoy.com\/check\/wp-json\/wp\/v2\/media?parent=1235"}],"curies":[{"name":"wp","href":"https:\/\/api.w.org\/{rel}","templated":true}]}}