{"id":1361,"date":"2025-01-18T10:40:31","date_gmt":"2025-01-18T09:40:31","guid":{"rendered":"https:\/\/ownmailist.net\/check\/?page_id=1361"},"modified":"2025-01-18T10:40:31","modified_gmt":"2025-01-18T09:40:31","slug":"security","status":"publish","type":"page","link":"https:\/\/mailnjoy.com\/check\/es\/security\/","title":{"rendered":"Seguridad"},"content":{"rendered":"\n<div class=\"wp-block-group alignwide has-global-padding is-layout-constrained wp-block-group-is-layout-constrained\">\n<div class=\"wp-block-columns alignwide is-layout-flex wp-container-core-columns-is-layout-28f84493 wp-block-columns-is-layout-flex\">\n<div class=\"wp-block-column is-layout-flow wp-block-column-is-layout-flow\"><h1 class=\"wp-block-heading\">Las direcciones de correo electr\u00f3nico son datos personales<\/h1>\n\n\n<p><em>Es cierto que no todas las direcciones se pueden relacionar directamente con una persona f\u00edsica, pero algunas s\u00ed. Por tanto, consideramos que todas las direcciones de correo electr\u00f3nico son datos personales.<\/em><\/p>\n\n\n<p><em>Por ello, tomamos todas las precauciones necesarias en relaci\u00f3n con los datos que nos conf\u00eda. M\u00e1s all\u00e1 de nuestras obligaciones legales, hemos optado por tratar la seguridad y la confidencialidad de los datos &#8220;por dise\u00f1o&#8221;, situ\u00e1ndolas en el primer plano de nuestras opciones t\u00e9cnicas.<\/em><\/p>\n<\/div>\n\n\n\n<div class=\"wp-block-column is-layout-flow wp-block-column-is-layout-flow\">\n<figure class=\"wp-block-image size-full\"><img loading=\"lazy\" decoding=\"async\" width=\"550\" height=\"550\" src=\"https:\/\/mailnjoy.com\/check\/wp-content\/uploads\/2024\/10\/security.0e57a86a.png\" alt=\"\" class=\"wp-image-279\" srcset=\"https:\/\/mailnjoy.com\/check\/wp-content\/uploads\/2024\/10\/security.0e57a86a.png 550w, https:\/\/mailnjoy.com\/check\/wp-content\/uploads\/2024\/10\/security.0e57a86a-300x300.png 300w, https:\/\/mailnjoy.com\/check\/wp-content\/uploads\/2024\/10\/security.0e57a86a-150x150.png 150w\" sizes=\"auto, (max-width: 550px) 100vw, 550px\" \/><\/figure>\n<\/div>\n<\/div>\n\n\n\n<div class=\"wp-block-columns alignwide card card-hover is-layout-flex wp-container-core-columns-is-layout-28f84493 wp-block-columns-is-layout-flex\">\n<div class=\"wp-block-column is-layout-flow wp-block-column-is-layout-flow\" style=\"flex-basis:33.33%\">\n<figure class=\"wp-block-image size-full\"><img loading=\"lazy\" decoding=\"async\" width=\"300\" height=\"300\" src=\"https:\/\/mailnjoy.com\/check\/wp-content\/uploads\/2024\/10\/escort.9975f90a.png\" alt=\"\" class=\"wp-image-163\" srcset=\"https:\/\/mailnjoy.com\/check\/wp-content\/uploads\/2024\/10\/escort.9975f90a.png 300w, https:\/\/mailnjoy.com\/check\/wp-content\/uploads\/2024\/10\/escort.9975f90a-150x150.png 150w\" sizes=\"auto, (max-width: 300px) 100vw, 300px\" \/><\/figure>\n<\/div>\n\n\n\n<div class=\"wp-block-column is-layout-flow wp-block-column-is-layout-flow\" style=\"flex-basis:66.66%\"><h2 class=\"wp-block-heading\">Ofrecemos<\/h2>\n\n\n\n<ul class=\"wp-block-list check-list\">\n<li><strong>Ejecuci\u00f3n de las solicitudes de supresi\u00f3n de<\/strong> datos: aplicaci\u00f3n del derecho de supresi\u00f3n<\/li>\n\n\n\n<li><strong>La integridad de sus datos:<\/strong> no se modifican, alteran ni pierden<\/li>\n\n\n\n<li><strong>Protecci\u00f3n contra el acceso externo:<\/strong> no hay fuga de datos<\/li>\n\n\n\n<li>Identificaci\u00f3n y <strong>control de todos los procesos<\/strong> aplicados a sus datos<\/li>\n\n\n\n<li>Alojamiento en <strong>servidores dedicados (no en la nube)<\/strong> en centros de datos ISO 27001 <strong>s\u00f3lo en Francia<\/strong><\/li>\n<\/ul>\n<\/div>\n<\/div>\n\n\n\n<div class=\"wp-block-columns alignwide card card-hover is-layout-flex wp-container-core-columns-is-layout-28f84493 wp-block-columns-is-layout-flex\">\n<div class=\"wp-block-column is-layout-flow wp-block-column-is-layout-flow\" style=\"flex-basis:66.66%\"><h2 class=\"wp-block-heading\">Nos comprometemos a<\/h2>\n\n\n\n<ul class=\"wp-block-list check-list\">\n<li>No <strong>vender ni compartir sus datos<\/strong> con ning\u00fan fin, a menos que est\u00e9 legalmente obligado a hacerlo (por ejemplo, por orden judicial).<\/li>\n\n\n\n<li>Para <strong>limitar el tiempo que conservamos<\/strong> sus datos: cuando usted decida eliminarlos o transcurrido un a\u00f1o como m\u00e1ximo.<\/li>\n\n\n\n<li>Cumplir <strong>plenamente el RGPD<\/strong> y la confidencialidad de los datos de los usuarios<\/li>\n<\/ul>\n<\/div>\n\n\n\n<div class=\"wp-block-column is-layout-flow wp-block-column-is-layout-flow\" style=\"flex-basis:33.33%\">\n<figure class=\"wp-block-image size-full\"><img loading=\"lazy\" decoding=\"async\" width=\"300\" height=\"300\" src=\"https:\/\/mailnjoy.com\/check\/wp-content\/uploads\/2024\/10\/protection.c561e6a2.png\" alt=\"\" class=\"wp-image-280\" srcset=\"https:\/\/mailnjoy.com\/check\/wp-content\/uploads\/2024\/10\/protection.c561e6a2.png 300w, https:\/\/mailnjoy.com\/check\/wp-content\/uploads\/2024\/10\/protection.c561e6a2-150x150.png 150w\" sizes=\"auto, (max-width: 300px) 100vw, 300px\" \/><\/figure>\n<\/div>\n<\/div>\n<\/div>\n","protected":false},"excerpt":{"rendered":"<p>Las direcciones de correo electr\u00f3nico son datos personales Es cierto que no todas las direcciones se pueden relacionar directamente con una persona f\u00edsica, pero algunas s\u00ed. Por tanto, consideramos que todas las direcciones de correo electr\u00f3nico son datos personales. Por ello, tomamos todas las precauciones necesarias en relaci\u00f3n con los datos que nos conf\u00eda. M\u00e1s [&hellip;]<\/p>\n","protected":false},"author":1,"featured_media":0,"parent":0,"menu_order":0,"comment_status":"closed","ping_status":"closed","template":"","meta":{"_uag_custom_page_level_css":"","footnotes":""},"class_list":["post-1361","page","type-page","status-publish","hentry"],"yoast_head":"<!-- This site is optimized with the Yoast SEO plugin v23.6 - https:\/\/yoast.com\/wordpress\/plugins\/seo\/ -->\n<title>Seguridad de sus datos - Mailnjoy<\/title>\n<meta name=\"description\" content=\"La seguridad de los datos de correo electr\u00f3nico que nos conf\u00eda es muy importante para nosotros. M\u00e1s informaci\u00f3n sobre nuestros compromisos en este \u00e1mbito\" \/>\n<meta name=\"robots\" content=\"index, follow, max-snippet:-1, max-image-preview:large, max-video-preview:-1\" \/>\n<link rel=\"canonical\" href=\"https:\/\/mailnjoy.com\/check\/es\/security\/\" \/>\n<meta name=\"twitter:label1\" content=\"Dur\u00e9e de lecture estim\u00e9e\" \/>\n\t<meta name=\"twitter:data1\" content=\"2 minutes\" \/>\n<script type=\"application\/ld+json\" class=\"yoast-schema-graph\">{\"@context\":\"https:\/\/schema.org\",\"@graph\":[{\"@type\":\"WebPage\",\"@id\":\"https:\/\/mailnjoy.com\/check\/es\/security\/\",\"url\":\"https:\/\/mailnjoy.com\/check\/es\/security\/\",\"name\":\"Seguridad de sus datos - Mailnjoy\",\"isPartOf\":{\"@id\":\"https:\/\/mailnjoy.com\/check\/#website\"},\"primaryImageOfPage\":{\"@id\":\"https:\/\/mailnjoy.com\/check\/es\/security\/#primaryimage\"},\"image\":{\"@id\":\"https:\/\/mailnjoy.com\/check\/es\/security\/#primaryimage\"},\"thumbnailUrl\":\"https:\/\/mailnjoy.com\/check\/wp-content\/uploads\/2024\/10\/security.0e57a86a.png\",\"datePublished\":\"2025-01-18T09:40:31+00:00\",\"dateModified\":\"2025-01-18T09:40:31+00:00\",\"description\":\"La seguridad de los datos de correo electr\u00f3nico que nos conf\u00eda es muy importante para nosotros. M\u00e1s informaci\u00f3n sobre nuestros compromisos en este \u00e1mbito\",\"breadcrumb\":{\"@id\":\"https:\/\/mailnjoy.com\/check\/es\/security\/#breadcrumb\"},\"inLanguage\":\"fr-FR\",\"potentialAction\":[{\"@type\":\"ReadAction\",\"target\":[\"https:\/\/mailnjoy.com\/check\/es\/security\/\"]}]},{\"@type\":\"ImageObject\",\"inLanguage\":\"fr-FR\",\"@id\":\"https:\/\/mailnjoy.com\/check\/es\/security\/#primaryimage\",\"url\":\"https:\/\/mailnjoy.com\/check\/wp-content\/uploads\/2024\/10\/security.0e57a86a.png\",\"contentUrl\":\"https:\/\/mailnjoy.com\/check\/wp-content\/uploads\/2024\/10\/security.0e57a86a.png\"},{\"@type\":\"BreadcrumbList\",\"@id\":\"https:\/\/mailnjoy.com\/check\/es\/security\/#breadcrumb\",\"itemListElement\":[{\"@type\":\"ListItem\",\"position\":1,\"name\":\"Accueil\",\"item\":\"https:\/\/mailnjoy.com\/check\/fr\/\"},{\"@type\":\"ListItem\",\"position\":2,\"name\":\"Seguridad\"}]},{\"@type\":\"WebSite\",\"@id\":\"https:\/\/mailnjoy.com\/check\/#website\",\"url\":\"https:\/\/mailnjoy.com\/check\/\",\"name\":\"Mailnjoy\",\"description\":\"\",\"publisher\":{\"@id\":\"https:\/\/mailnjoy.com\/check\/#organization\"},\"potentialAction\":[{\"@type\":\"SearchAction\",\"target\":{\"@type\":\"EntryPoint\",\"urlTemplate\":\"https:\/\/mailnjoy.com\/check\/?s={search_term_string}\"},\"query-input\":{\"@type\":\"PropertyValueSpecification\",\"valueRequired\":true,\"valueName\":\"search_term_string\"}}],\"inLanguage\":\"fr-FR\"},{\"@type\":\"Organization\",\"@id\":\"https:\/\/mailnjoy.com\/check\/#organization\",\"name\":\"Mailnjoy\",\"url\":\"https:\/\/mailnjoy.com\/check\/\",\"logo\":{\"@type\":\"ImageObject\",\"inLanguage\":\"fr-FR\",\"@id\":\"https:\/\/mailnjoy.com\/check\/#\/schema\/logo\/image\/\",\"url\":\"https:\/\/mailnjoy.com\/check\/wp-content\/uploads\/2024\/10\/check_logo_small_text_by.png\",\"contentUrl\":\"https:\/\/mailnjoy.com\/check\/wp-content\/uploads\/2024\/10\/check_logo_small_text_by.png\",\"width\":400,\"height\":347,\"caption\":\"Mailnjoy\"},\"image\":{\"@id\":\"https:\/\/mailnjoy.com\/check\/#\/schema\/logo\/image\/\"}}]}<\/script>\n<!-- \/ Yoast SEO plugin. -->","yoast_head_json":{"title":"Seguridad de sus datos - Mailnjoy","description":"La seguridad de los datos de correo electr\u00f3nico que nos conf\u00eda es muy importante para nosotros. M\u00e1s informaci\u00f3n sobre nuestros compromisos en este \u00e1mbito","robots":{"index":"index","follow":"follow","max-snippet":"max-snippet:-1","max-image-preview":"max-image-preview:large","max-video-preview":"max-video-preview:-1"},"canonical":"https:\/\/mailnjoy.com\/check\/es\/security\/","twitter_misc":{"Dur\u00e9e de lecture estim\u00e9e":"2 minutes"},"schema":{"@context":"https:\/\/schema.org","@graph":[{"@type":"WebPage","@id":"https:\/\/mailnjoy.com\/check\/es\/security\/","url":"https:\/\/mailnjoy.com\/check\/es\/security\/","name":"Seguridad de sus datos - Mailnjoy","isPartOf":{"@id":"https:\/\/mailnjoy.com\/check\/#website"},"primaryImageOfPage":{"@id":"https:\/\/mailnjoy.com\/check\/es\/security\/#primaryimage"},"image":{"@id":"https:\/\/mailnjoy.com\/check\/es\/security\/#primaryimage"},"thumbnailUrl":"https:\/\/mailnjoy.com\/check\/wp-content\/uploads\/2024\/10\/security.0e57a86a.png","datePublished":"2025-01-18T09:40:31+00:00","dateModified":"2025-01-18T09:40:31+00:00","description":"La seguridad de los datos de correo electr\u00f3nico que nos conf\u00eda es muy importante para nosotros. M\u00e1s informaci\u00f3n sobre nuestros compromisos en este \u00e1mbito","breadcrumb":{"@id":"https:\/\/mailnjoy.com\/check\/es\/security\/#breadcrumb"},"inLanguage":"fr-FR","potentialAction":[{"@type":"ReadAction","target":["https:\/\/mailnjoy.com\/check\/es\/security\/"]}]},{"@type":"ImageObject","inLanguage":"fr-FR","@id":"https:\/\/mailnjoy.com\/check\/es\/security\/#primaryimage","url":"https:\/\/mailnjoy.com\/check\/wp-content\/uploads\/2024\/10\/security.0e57a86a.png","contentUrl":"https:\/\/mailnjoy.com\/check\/wp-content\/uploads\/2024\/10\/security.0e57a86a.png"},{"@type":"BreadcrumbList","@id":"https:\/\/mailnjoy.com\/check\/es\/security\/#breadcrumb","itemListElement":[{"@type":"ListItem","position":1,"name":"Accueil","item":"https:\/\/mailnjoy.com\/check\/fr\/"},{"@type":"ListItem","position":2,"name":"Seguridad"}]},{"@type":"WebSite","@id":"https:\/\/mailnjoy.com\/check\/#website","url":"https:\/\/mailnjoy.com\/check\/","name":"Mailnjoy","description":"","publisher":{"@id":"https:\/\/mailnjoy.com\/check\/#organization"},"potentialAction":[{"@type":"SearchAction","target":{"@type":"EntryPoint","urlTemplate":"https:\/\/mailnjoy.com\/check\/?s={search_term_string}"},"query-input":{"@type":"PropertyValueSpecification","valueRequired":true,"valueName":"search_term_string"}}],"inLanguage":"fr-FR"},{"@type":"Organization","@id":"https:\/\/mailnjoy.com\/check\/#organization","name":"Mailnjoy","url":"https:\/\/mailnjoy.com\/check\/","logo":{"@type":"ImageObject","inLanguage":"fr-FR","@id":"https:\/\/mailnjoy.com\/check\/#\/schema\/logo\/image\/","url":"https:\/\/mailnjoy.com\/check\/wp-content\/uploads\/2024\/10\/check_logo_small_text_by.png","contentUrl":"https:\/\/mailnjoy.com\/check\/wp-content\/uploads\/2024\/10\/check_logo_small_text_by.png","width":400,"height":347,"caption":"Mailnjoy"},"image":{"@id":"https:\/\/mailnjoy.com\/check\/#\/schema\/logo\/image\/"}}]}},"lang":"es","translations":{"es":1361,"fr":157,"en":302,"de":1365,"it":1368,"pt":1372},"uagb_featured_image_src":{"full":false,"thumbnail":false,"medium":false,"medium_large":false,"large":false,"1536x1536":false,"2048x2048":false,"post-thumbnail":false},"uagb_author_info":{"display_name":"sylvain","author_link":"https:\/\/mailnjoy.com\/check\/author\/sylvain\/"},"uagb_comment_info":0,"uagb_excerpt":"Las direcciones de correo electr\u00f3nico son datos personales Es cierto que no todas las direcciones se pueden relacionar directamente con una persona f\u00edsica, pero algunas s\u00ed. Por tanto, consideramos que todas las direcciones de correo electr\u00f3nico son datos personales. Por ello, tomamos todas las precauciones necesarias en relaci\u00f3n con los datos que nos conf\u00eda. M\u00e1s\u2026","pll_sync_post":[],"_links":{"self":[{"href":"https:\/\/mailnjoy.com\/check\/wp-json\/wp\/v2\/pages\/1361","targetHints":{"allow":["GET"]}}],"collection":[{"href":"https:\/\/mailnjoy.com\/check\/wp-json\/wp\/v2\/pages"}],"about":[{"href":"https:\/\/mailnjoy.com\/check\/wp-json\/wp\/v2\/types\/page"}],"author":[{"embeddable":true,"href":"https:\/\/mailnjoy.com\/check\/wp-json\/wp\/v2\/users\/1"}],"replies":[{"embeddable":true,"href":"https:\/\/mailnjoy.com\/check\/wp-json\/wp\/v2\/comments?post=1361"}],"version-history":[{"count":1,"href":"https:\/\/mailnjoy.com\/check\/wp-json\/wp\/v2\/pages\/1361\/revisions"}],"predecessor-version":[{"id":1362,"href":"https:\/\/mailnjoy.com\/check\/wp-json\/wp\/v2\/pages\/1361\/revisions\/1362"}],"wp:attachment":[{"href":"https:\/\/mailnjoy.com\/check\/wp-json\/wp\/v2\/media?parent=1361"}],"curies":[{"name":"wp","href":"https:\/\/api.w.org\/{rel}","templated":true}]}}