{"id":1365,"date":"2025-01-18T10:41:47","date_gmt":"2025-01-18T09:41:47","guid":{"rendered":"https:\/\/ownmailist.net\/check\/?page_id=1365"},"modified":"2025-01-18T10:41:48","modified_gmt":"2025-01-18T09:41:48","slug":"security","status":"publish","type":"page","link":"https:\/\/mailnjoy.com\/check\/de\/security\/","title":{"rendered":"Sicherheit"},"content":{"rendered":"\n<div class=\"wp-block-group alignwide has-global-padding is-layout-constrained wp-block-group-is-layout-constrained\">\n<div class=\"wp-block-columns alignwide is-layout-flex wp-container-core-columns-is-layout-28f84493 wp-block-columns-is-layout-flex\">\n<div class=\"wp-block-column is-layout-flow wp-block-column-is-layout-flow\"><h1 class=\"wp-block-heading\">E-Mail-Adressen sind pers\u00f6nliche Daten<\/h1>\n\n\n<p><em>Zwar lassen sich nicht alle Adressen direkt auf eine nat\u00fcrliche Person zur\u00fcckf\u00fchren, aber einige schon. Wir betrachten daher alle E-Mail-Adressen als personenbezogene Daten.<\/em><\/p>\n\n\n<p><em>In diesem Zusammenhang treffen wir alle Vorsichtsma\u00dfnahmen in Bezug auf die Daten, die Sie uns anvertrauen. \u00dcber die gesetzliche Verpflichtung hinaus haben wir uns daf\u00fcr entschieden, die Sicherheit und Vertraulichkeit der Daten &#8220;by design&#8221; zu behandeln, indem wir sie an die erste Stelle unserer technischen Entscheidungen setzen.<\/em><\/p>\n<\/div>\n\n\n\n<div class=\"wp-block-column is-layout-flow wp-block-column-is-layout-flow\">\n<figure class=\"wp-block-image size-full\"><img loading=\"lazy\" decoding=\"async\" width=\"550\" height=\"550\" src=\"https:\/\/mailnjoy.com\/check\/wp-content\/uploads\/2024\/10\/security.0e57a86a.png\" alt=\"\" class=\"wp-image-279\" srcset=\"https:\/\/mailnjoy.com\/check\/wp-content\/uploads\/2024\/10\/security.0e57a86a.png 550w, https:\/\/mailnjoy.com\/check\/wp-content\/uploads\/2024\/10\/security.0e57a86a-300x300.png 300w, https:\/\/mailnjoy.com\/check\/wp-content\/uploads\/2024\/10\/security.0e57a86a-150x150.png 150w\" sizes=\"auto, (max-width: 550px) 100vw, 550px\" \/><\/figure>\n<\/div>\n<\/div>\n\n\n\n<div class=\"wp-block-columns alignwide card card-hover is-layout-flex wp-container-core-columns-is-layout-28f84493 wp-block-columns-is-layout-flex\">\n<div class=\"wp-block-column is-layout-flow wp-block-column-is-layout-flow\" style=\"flex-basis:33.33%\">\n<figure class=\"wp-block-image size-full\"><img loading=\"lazy\" decoding=\"async\" width=\"300\" height=\"300\" src=\"https:\/\/mailnjoy.com\/check\/wp-content\/uploads\/2024\/10\/escort.9975f90a.png\" alt=\"\" class=\"wp-image-163\" srcset=\"https:\/\/mailnjoy.com\/check\/wp-content\/uploads\/2024\/10\/escort.9975f90a.png 300w, https:\/\/mailnjoy.com\/check\/wp-content\/uploads\/2024\/10\/escort.9975f90a-150x150.png 150w\" sizes=\"auto, (max-width: 300px) 100vw, 300px\" \/><\/figure>\n<\/div>\n\n\n\n<div class=\"wp-block-column is-layout-flow wp-block-column-is-layout-flow\" style=\"flex-basis:66.66%\"><h2 class=\"wp-block-heading\">Wir versichern<\/h2>\n\n\n\n<ul class=\"wp-block-list check-list\">\n<li><strong>Die Umsetzung von Antr\u00e4gen<\/strong> auf Datenl\u00f6schung: Anwendung des Rechts auf L\u00f6schung<\/li>\n\n\n\n<li><strong>Die Integrit\u00e4t Ihrer Daten:<\/strong> keine Ver\u00e4nderung, Ab\u00e4nderung oder Verlust<\/li>\n\n\n\n<li><strong>Schutz vor Zugriffen von au\u00dfen:<\/strong> kein Datenleck<\/li>\n\n\n\n<li>Die Identifizierung und <strong>Kontrolle aller<\/strong> auf Ihre Daten angewandten <strong>Verarbeitungen<\/strong> <\/li>\n\n\n\n<li>Hosting auf <strong>dedizierten Servern (nicht in der Cloud)<\/strong> in Rechenzentren nach ISO 27001 und <strong>nur in Frankreich<\/strong><\/li>\n<\/ul>\n<\/div>\n<\/div>\n\n\n\n<div class=\"wp-block-columns alignwide card card-hover is-layout-flex wp-container-core-columns-is-layout-28f84493 wp-block-columns-is-layout-flex\">\n<div class=\"wp-block-column is-layout-flow wp-block-column-is-layout-flow\" style=\"flex-basis:66.66%\"><h2 class=\"wp-block-heading\">Wir verpflichten uns<\/h2>\n\n\n\n<ul class=\"wp-block-list check-list\">\n<li><strong>Ihre Daten<\/strong> zu keinem Zweck zu <strong>verkaufen oder weiterzugeben<\/strong>, es sei denn, es besteht eine gesetzliche Verpflichtung (z. B. eine gerichtliche Anordnung).<\/li>\n\n\n\n<li><strong>Die Speicherung<\/strong> Ihrer Daten <strong>zeitlich zu begrenzen<\/strong>: wenn Sie beschlie\u00dfen, sie zu l\u00f6schen oder nach maximal einem Jahr<\/li>\n\n\n\n<li><strong>Die DSGVO<\/strong> und die Vertraulichkeit der Nutzerdaten <strong>vollst\u00e4ndig einzuhalten<\/strong> <\/li>\n<\/ul>\n<\/div>\n\n\n\n<div class=\"wp-block-column is-layout-flow wp-block-column-is-layout-flow\" style=\"flex-basis:33.33%\">\n<figure class=\"wp-block-image size-full\"><img loading=\"lazy\" decoding=\"async\" width=\"300\" height=\"300\" src=\"https:\/\/mailnjoy.com\/check\/wp-content\/uploads\/2024\/10\/protection.c561e6a2.png\" alt=\"\" class=\"wp-image-280\" srcset=\"https:\/\/mailnjoy.com\/check\/wp-content\/uploads\/2024\/10\/protection.c561e6a2.png 300w, https:\/\/mailnjoy.com\/check\/wp-content\/uploads\/2024\/10\/protection.c561e6a2-150x150.png 150w\" sizes=\"auto, (max-width: 300px) 100vw, 300px\" \/><\/figure>\n<\/div>\n<\/div>\n<\/div>\n","protected":false},"excerpt":{"rendered":"<p>E-Mail-Adressen sind pers\u00f6nliche Daten Zwar lassen sich nicht alle Adressen direkt auf eine nat\u00fcrliche Person zur\u00fcckf\u00fchren, aber einige schon. Wir betrachten daher alle E-Mail-Adressen als personenbezogene Daten. In diesem Zusammenhang treffen wir alle Vorsichtsma\u00dfnahmen in Bezug auf die Daten, die Sie uns anvertrauen. \u00dcber die gesetzliche Verpflichtung hinaus haben wir uns daf\u00fcr entschieden, die Sicherheit [&hellip;]<\/p>\n","protected":false},"author":1,"featured_media":0,"parent":0,"menu_order":0,"comment_status":"closed","ping_status":"closed","template":"","meta":{"_uag_custom_page_level_css":"","footnotes":""},"class_list":["post-1365","page","type-page","status-publish","hentry"],"yoast_head":"<!-- This site is optimized with the Yoast SEO plugin v23.6 - https:\/\/yoast.com\/wordpress\/plugins\/seo\/ -->\n<title>Sicherheit Ihrer Daten - Mailnjoy<\/title>\n<meta name=\"description\" content=\"Die Sicherheit der E-Mail-Daten, die Sie uns anvertrauen, ist f\u00fcr uns sehr wichtig. Erfahren Sie mehr \u00fcber unsere diesbez\u00fcglichen Verpflichtungen\" \/>\n<meta name=\"robots\" content=\"index, follow, max-snippet:-1, max-image-preview:large, max-video-preview:-1\" \/>\n<link rel=\"canonical\" href=\"https:\/\/mailnjoy.com\/check\/de\/security\/\" \/>\n<meta name=\"twitter:label1\" content=\"Dur\u00e9e de lecture estim\u00e9e\" \/>\n\t<meta name=\"twitter:data1\" content=\"2 minutes\" \/>\n<script type=\"application\/ld+json\" class=\"yoast-schema-graph\">{\"@context\":\"https:\/\/schema.org\",\"@graph\":[{\"@type\":\"WebPage\",\"@id\":\"https:\/\/mailnjoy.com\/check\/de\/security\/\",\"url\":\"https:\/\/mailnjoy.com\/check\/de\/security\/\",\"name\":\"Sicherheit Ihrer Daten - Mailnjoy\",\"isPartOf\":{\"@id\":\"https:\/\/mailnjoy.com\/check\/#website\"},\"primaryImageOfPage\":{\"@id\":\"https:\/\/mailnjoy.com\/check\/de\/security\/#primaryimage\"},\"image\":{\"@id\":\"https:\/\/mailnjoy.com\/check\/de\/security\/#primaryimage\"},\"thumbnailUrl\":\"https:\/\/mailnjoy.com\/check\/wp-content\/uploads\/2024\/10\/security.0e57a86a.png\",\"datePublished\":\"2025-01-18T09:41:47+00:00\",\"dateModified\":\"2025-01-18T09:41:48+00:00\",\"description\":\"Die Sicherheit der E-Mail-Daten, die Sie uns anvertrauen, ist f\u00fcr uns sehr wichtig. Erfahren Sie mehr \u00fcber unsere diesbez\u00fcglichen Verpflichtungen\",\"breadcrumb\":{\"@id\":\"https:\/\/mailnjoy.com\/check\/de\/security\/#breadcrumb\"},\"inLanguage\":\"fr-FR\",\"potentialAction\":[{\"@type\":\"ReadAction\",\"target\":[\"https:\/\/mailnjoy.com\/check\/de\/security\/\"]}]},{\"@type\":\"ImageObject\",\"inLanguage\":\"fr-FR\",\"@id\":\"https:\/\/mailnjoy.com\/check\/de\/security\/#primaryimage\",\"url\":\"https:\/\/mailnjoy.com\/check\/wp-content\/uploads\/2024\/10\/security.0e57a86a.png\",\"contentUrl\":\"https:\/\/mailnjoy.com\/check\/wp-content\/uploads\/2024\/10\/security.0e57a86a.png\"},{\"@type\":\"BreadcrumbList\",\"@id\":\"https:\/\/mailnjoy.com\/check\/de\/security\/#breadcrumb\",\"itemListElement\":[{\"@type\":\"ListItem\",\"position\":1,\"name\":\"Accueil\",\"item\":\"https:\/\/mailnjoy.com\/check\/fr\/\"},{\"@type\":\"ListItem\",\"position\":2,\"name\":\"Sicherheit\"}]},{\"@type\":\"WebSite\",\"@id\":\"https:\/\/mailnjoy.com\/check\/#website\",\"url\":\"https:\/\/mailnjoy.com\/check\/\",\"name\":\"Mailnjoy\",\"description\":\"\",\"publisher\":{\"@id\":\"https:\/\/mailnjoy.com\/check\/#organization\"},\"potentialAction\":[{\"@type\":\"SearchAction\",\"target\":{\"@type\":\"EntryPoint\",\"urlTemplate\":\"https:\/\/mailnjoy.com\/check\/?s={search_term_string}\"},\"query-input\":{\"@type\":\"PropertyValueSpecification\",\"valueRequired\":true,\"valueName\":\"search_term_string\"}}],\"inLanguage\":\"fr-FR\"},{\"@type\":\"Organization\",\"@id\":\"https:\/\/mailnjoy.com\/check\/#organization\",\"name\":\"Mailnjoy\",\"url\":\"https:\/\/mailnjoy.com\/check\/\",\"logo\":{\"@type\":\"ImageObject\",\"inLanguage\":\"fr-FR\",\"@id\":\"https:\/\/mailnjoy.com\/check\/#\/schema\/logo\/image\/\",\"url\":\"https:\/\/mailnjoy.com\/check\/wp-content\/uploads\/2024\/10\/check_logo_small_text_by.png\",\"contentUrl\":\"https:\/\/mailnjoy.com\/check\/wp-content\/uploads\/2024\/10\/check_logo_small_text_by.png\",\"width\":400,\"height\":347,\"caption\":\"Mailnjoy\"},\"image\":{\"@id\":\"https:\/\/mailnjoy.com\/check\/#\/schema\/logo\/image\/\"}}]}<\/script>\n<!-- \/ Yoast SEO plugin. -->","yoast_head_json":{"title":"Sicherheit Ihrer Daten - Mailnjoy","description":"Die Sicherheit der E-Mail-Daten, die Sie uns anvertrauen, ist f\u00fcr uns sehr wichtig. Erfahren Sie mehr \u00fcber unsere diesbez\u00fcglichen Verpflichtungen","robots":{"index":"index","follow":"follow","max-snippet":"max-snippet:-1","max-image-preview":"max-image-preview:large","max-video-preview":"max-video-preview:-1"},"canonical":"https:\/\/mailnjoy.com\/check\/de\/security\/","twitter_misc":{"Dur\u00e9e de lecture estim\u00e9e":"2 minutes"},"schema":{"@context":"https:\/\/schema.org","@graph":[{"@type":"WebPage","@id":"https:\/\/mailnjoy.com\/check\/de\/security\/","url":"https:\/\/mailnjoy.com\/check\/de\/security\/","name":"Sicherheit Ihrer Daten - Mailnjoy","isPartOf":{"@id":"https:\/\/mailnjoy.com\/check\/#website"},"primaryImageOfPage":{"@id":"https:\/\/mailnjoy.com\/check\/de\/security\/#primaryimage"},"image":{"@id":"https:\/\/mailnjoy.com\/check\/de\/security\/#primaryimage"},"thumbnailUrl":"https:\/\/mailnjoy.com\/check\/wp-content\/uploads\/2024\/10\/security.0e57a86a.png","datePublished":"2025-01-18T09:41:47+00:00","dateModified":"2025-01-18T09:41:48+00:00","description":"Die Sicherheit der E-Mail-Daten, die Sie uns anvertrauen, ist f\u00fcr uns sehr wichtig. Erfahren Sie mehr \u00fcber unsere diesbez\u00fcglichen Verpflichtungen","breadcrumb":{"@id":"https:\/\/mailnjoy.com\/check\/de\/security\/#breadcrumb"},"inLanguage":"fr-FR","potentialAction":[{"@type":"ReadAction","target":["https:\/\/mailnjoy.com\/check\/de\/security\/"]}]},{"@type":"ImageObject","inLanguage":"fr-FR","@id":"https:\/\/mailnjoy.com\/check\/de\/security\/#primaryimage","url":"https:\/\/mailnjoy.com\/check\/wp-content\/uploads\/2024\/10\/security.0e57a86a.png","contentUrl":"https:\/\/mailnjoy.com\/check\/wp-content\/uploads\/2024\/10\/security.0e57a86a.png"},{"@type":"BreadcrumbList","@id":"https:\/\/mailnjoy.com\/check\/de\/security\/#breadcrumb","itemListElement":[{"@type":"ListItem","position":1,"name":"Accueil","item":"https:\/\/mailnjoy.com\/check\/fr\/"},{"@type":"ListItem","position":2,"name":"Sicherheit"}]},{"@type":"WebSite","@id":"https:\/\/mailnjoy.com\/check\/#website","url":"https:\/\/mailnjoy.com\/check\/","name":"Mailnjoy","description":"","publisher":{"@id":"https:\/\/mailnjoy.com\/check\/#organization"},"potentialAction":[{"@type":"SearchAction","target":{"@type":"EntryPoint","urlTemplate":"https:\/\/mailnjoy.com\/check\/?s={search_term_string}"},"query-input":{"@type":"PropertyValueSpecification","valueRequired":true,"valueName":"search_term_string"}}],"inLanguage":"fr-FR"},{"@type":"Organization","@id":"https:\/\/mailnjoy.com\/check\/#organization","name":"Mailnjoy","url":"https:\/\/mailnjoy.com\/check\/","logo":{"@type":"ImageObject","inLanguage":"fr-FR","@id":"https:\/\/mailnjoy.com\/check\/#\/schema\/logo\/image\/","url":"https:\/\/mailnjoy.com\/check\/wp-content\/uploads\/2024\/10\/check_logo_small_text_by.png","contentUrl":"https:\/\/mailnjoy.com\/check\/wp-content\/uploads\/2024\/10\/check_logo_small_text_by.png","width":400,"height":347,"caption":"Mailnjoy"},"image":{"@id":"https:\/\/mailnjoy.com\/check\/#\/schema\/logo\/image\/"}}]}},"lang":"de","translations":{"de":1365,"fr":157,"en":302,"es":1361,"it":1368,"pt":1372},"uagb_featured_image_src":{"full":false,"thumbnail":false,"medium":false,"medium_large":false,"large":false,"1536x1536":false,"2048x2048":false,"post-thumbnail":false},"uagb_author_info":{"display_name":"sylvain","author_link":"https:\/\/mailnjoy.com\/check\/author\/sylvain\/"},"uagb_comment_info":0,"uagb_excerpt":"E-Mail-Adressen sind pers\u00f6nliche Daten Zwar lassen sich nicht alle Adressen direkt auf eine nat\u00fcrliche Person zur\u00fcckf\u00fchren, aber einige schon. Wir betrachten daher alle E-Mail-Adressen als personenbezogene Daten. In diesem Zusammenhang treffen wir alle Vorsichtsma\u00dfnahmen in Bezug auf die Daten, die Sie uns anvertrauen. \u00dcber die gesetzliche Verpflichtung hinaus haben wir uns daf\u00fcr entschieden, die Sicherheit\u2026","pll_sync_post":[],"_links":{"self":[{"href":"https:\/\/mailnjoy.com\/check\/wp-json\/wp\/v2\/pages\/1365","targetHints":{"allow":["GET"]}}],"collection":[{"href":"https:\/\/mailnjoy.com\/check\/wp-json\/wp\/v2\/pages"}],"about":[{"href":"https:\/\/mailnjoy.com\/check\/wp-json\/wp\/v2\/types\/page"}],"author":[{"embeddable":true,"href":"https:\/\/mailnjoy.com\/check\/wp-json\/wp\/v2\/users\/1"}],"replies":[{"embeddable":true,"href":"https:\/\/mailnjoy.com\/check\/wp-json\/wp\/v2\/comments?post=1365"}],"version-history":[{"count":1,"href":"https:\/\/mailnjoy.com\/check\/wp-json\/wp\/v2\/pages\/1365\/revisions"}],"predecessor-version":[{"id":1366,"href":"https:\/\/mailnjoy.com\/check\/wp-json\/wp\/v2\/pages\/1365\/revisions\/1366"}],"wp:attachment":[{"href":"https:\/\/mailnjoy.com\/check\/wp-json\/wp\/v2\/media?parent=1365"}],"curies":[{"name":"wp","href":"https:\/\/api.w.org\/{rel}","templated":true}]}}