{"id":1372,"date":"2025-01-18T10:45:27","date_gmt":"2025-01-18T09:45:27","guid":{"rendered":"https:\/\/ownmailist.net\/check\/?page_id=1372"},"modified":"2025-01-18T10:45:27","modified_gmt":"2025-01-18T09:45:27","slug":"security","status":"publish","type":"page","link":"https:\/\/mailnjoy.com\/check\/pt\/security\/","title":{"rendered":"Seguran\u00e7a"},"content":{"rendered":"\n<div class=\"wp-block-group alignwide has-global-padding is-layout-constrained wp-block-group-is-layout-constrained\">\n<div class=\"wp-block-columns alignwide is-layout-flex wp-container-core-columns-is-layout-28f84493 wp-block-columns-is-layout-flex\">\n<div class=\"wp-block-column is-layout-flow wp-block-column-is-layout-flow\"><h1 class=\"wp-block-heading\">Os endere\u00e7os de correio eletr\u00f3nico s\u00e3o dados pessoais<\/h1>\n\n\n<p><em>\u00c9 certo que nem todos os endere\u00e7os podem ser diretamente associados a uma pessoa f\u00edsica, mas alguns podem. Por conseguinte, consideramos que todos os endere\u00e7os de correio eletr\u00f3nico s\u00e3o dados pessoais.<\/em><\/p>\n\n\n<p><em>Como tal, tomamos todas as precau\u00e7\u00f5es relativamente aos dados que nos confia. Para al\u00e9m das nossas obriga\u00e7\u00f5es legais, opt\u00e1mos por tratar a seguran\u00e7a e a confidencialidade dos dados &#8220;desde a conce\u00e7\u00e3o&#8221;, colocando-as no primeiro plano das nossas escolhas t\u00e9cnicas.<\/em><\/p>\n<\/div>\n\n\n\n<div class=\"wp-block-column is-layout-flow wp-block-column-is-layout-flow\">\n<figure class=\"wp-block-image size-full\"><img loading=\"lazy\" decoding=\"async\" width=\"550\" height=\"550\" src=\"https:\/\/mailnjoy.com\/check\/wp-content\/uploads\/2024\/10\/security.0e57a86a.png\" alt=\"\" class=\"wp-image-279\" srcset=\"https:\/\/mailnjoy.com\/check\/wp-content\/uploads\/2024\/10\/security.0e57a86a.png 550w, https:\/\/mailnjoy.com\/check\/wp-content\/uploads\/2024\/10\/security.0e57a86a-300x300.png 300w, https:\/\/mailnjoy.com\/check\/wp-content\/uploads\/2024\/10\/security.0e57a86a-150x150.png 150w\" sizes=\"auto, (max-width: 550px) 100vw, 550px\" \/><\/figure>\n<\/div>\n<\/div>\n\n\n\n<div class=\"wp-block-columns alignwide card card-hover is-layout-flex wp-container-core-columns-is-layout-28f84493 wp-block-columns-is-layout-flex\">\n<div class=\"wp-block-column is-layout-flow wp-block-column-is-layout-flow\" style=\"flex-basis:33.33%\">\n<figure class=\"wp-block-image size-full\"><img loading=\"lazy\" decoding=\"async\" width=\"300\" height=\"300\" src=\"https:\/\/mailnjoy.com\/check\/wp-content\/uploads\/2024\/10\/escort.9975f90a.png\" alt=\"\" class=\"wp-image-163\" srcset=\"https:\/\/mailnjoy.com\/check\/wp-content\/uploads\/2024\/10\/escort.9975f90a.png 300w, https:\/\/mailnjoy.com\/check\/wp-content\/uploads\/2024\/10\/escort.9975f90a-150x150.png 150w\" sizes=\"auto, (max-width: 300px) 100vw, 300px\" \/><\/figure>\n<\/div>\n\n\n\n<div class=\"wp-block-column is-layout-flow wp-block-column-is-layout-flow\" style=\"flex-basis:66.66%\"><h2 class=\"wp-block-heading\">Fornecemos<\/h2>\n\n\n\n<ul class=\"wp-block-list check-list\">\n<li><strong>Execu\u00e7\u00e3o dos pedidos de apagamento de<\/strong> dados: aplica\u00e7\u00e3o do direito ao apagamento<\/li>\n\n\n\n<li><strong>A integridade dos seus dados:<\/strong> nenhuma modifica\u00e7\u00e3o, altera\u00e7\u00e3o ou perda<\/li>\n\n\n\n<li><strong>Prote\u00e7\u00e3o contra o acesso externo:<\/strong> sem fuga de dados<\/li>\n\n\n\n<li>Identifica\u00e7\u00e3o e <strong>controlo de todos os processos<\/strong> aplicados aos seus dados<\/li>\n\n\n\n<li>Alojamento em <strong>servidores dedicados (n\u00e3o na nuvem)<\/strong> em centros de dados ISO 27001 <strong>apenas em Fran\u00e7a<\/strong><\/li>\n<\/ul>\n<\/div>\n<\/div>\n\n\n\n<div class=\"wp-block-columns alignwide card card-hover is-layout-flex wp-container-core-columns-is-layout-28f84493 wp-block-columns-is-layout-flex\">\n<div class=\"wp-block-column is-layout-flow wp-block-column-is-layout-flow\" style=\"flex-basis:66.66%\"><h2 class=\"wp-block-heading\">Estamos empenhados em<\/h2>\n\n\n\n<ul class=\"wp-block-list check-list\">\n<li>N\u00e3o <strong>vender ou partilhar os dados do utilizador<\/strong> para qualquer fim, a menos que seja legalmente obrigado a faz\u00ea-lo (por exemplo, por ordem judicial)<\/li>\n\n\n\n<li><strong>Limitar o per\u00edodo de tempo durante o qual conservamos<\/strong> os seus dados: quando decide apag\u00e1-los ou ap\u00f3s um per\u00edodo m\u00e1ximo de um ano.<\/li>\n\n\n\n<li><strong>Cumprir integralmente o RGPD<\/strong> e a confidencialidade dos dados dos utilizadores<\/li>\n<\/ul>\n<\/div>\n\n\n\n<div class=\"wp-block-column is-layout-flow wp-block-column-is-layout-flow\" style=\"flex-basis:33.33%\">\n<figure class=\"wp-block-image size-full\"><img loading=\"lazy\" decoding=\"async\" width=\"300\" height=\"300\" src=\"https:\/\/mailnjoy.com\/check\/wp-content\/uploads\/2024\/10\/protection.c561e6a2.png\" alt=\"\" class=\"wp-image-280\" srcset=\"https:\/\/mailnjoy.com\/check\/wp-content\/uploads\/2024\/10\/protection.c561e6a2.png 300w, https:\/\/mailnjoy.com\/check\/wp-content\/uploads\/2024\/10\/protection.c561e6a2-150x150.png 150w\" sizes=\"auto, (max-width: 300px) 100vw, 300px\" \/><\/figure>\n<\/div>\n<\/div>\n<\/div>\n","protected":false},"excerpt":{"rendered":"<p>Os endere\u00e7os de correio eletr\u00f3nico s\u00e3o dados pessoais \u00c9 certo que nem todos os endere\u00e7os podem ser diretamente associados a uma pessoa f\u00edsica, mas alguns podem. Por conseguinte, consideramos que todos os endere\u00e7os de correio eletr\u00f3nico s\u00e3o dados pessoais. Como tal, tomamos todas as precau\u00e7\u00f5es relativamente aos dados que nos confia. Para al\u00e9m das nossas [&hellip;]<\/p>\n","protected":false},"author":1,"featured_media":0,"parent":0,"menu_order":0,"comment_status":"closed","ping_status":"closed","template":"","meta":{"_uag_custom_page_level_css":"","footnotes":""},"class_list":["post-1372","page","type-page","status-publish","hentry"],"yoast_head":"<!-- This site is optimized with the Yoast SEO plugin v23.6 - https:\/\/yoast.com\/wordpress\/plugins\/seo\/ -->\n<title>Seguran\u00e7a dos seus dados - Mailnjoy<\/title>\n<meta name=\"description\" content=\"A seguran\u00e7a dos dados de correio eletr\u00f3nico que nos confia \u00e9 muito importante para n\u00f3s. Saiba mais sobre os nossos compromissos neste dom\u00ednio\" \/>\n<meta name=\"robots\" content=\"index, follow, max-snippet:-1, max-image-preview:large, max-video-preview:-1\" \/>\n<link rel=\"canonical\" href=\"https:\/\/mailnjoy.com\/check\/pt\/security\/\" \/>\n<meta name=\"twitter:label1\" content=\"Dur\u00e9e de lecture estim\u00e9e\" \/>\n\t<meta name=\"twitter:data1\" content=\"2 minutes\" \/>\n<script type=\"application\/ld+json\" class=\"yoast-schema-graph\">{\"@context\":\"https:\/\/schema.org\",\"@graph\":[{\"@type\":\"WebPage\",\"@id\":\"https:\/\/mailnjoy.com\/check\/pt\/security\/\",\"url\":\"https:\/\/mailnjoy.com\/check\/pt\/security\/\",\"name\":\"Seguran\u00e7a dos seus dados - Mailnjoy\",\"isPartOf\":{\"@id\":\"https:\/\/mailnjoy.com\/check\/#website\"},\"primaryImageOfPage\":{\"@id\":\"https:\/\/mailnjoy.com\/check\/pt\/security\/#primaryimage\"},\"image\":{\"@id\":\"https:\/\/mailnjoy.com\/check\/pt\/security\/#primaryimage\"},\"thumbnailUrl\":\"https:\/\/mailnjoy.com\/check\/wp-content\/uploads\/2024\/10\/security.0e57a86a.png\",\"datePublished\":\"2025-01-18T09:45:27+00:00\",\"dateModified\":\"2025-01-18T09:45:27+00:00\",\"description\":\"A seguran\u00e7a dos dados de correio eletr\u00f3nico que nos confia \u00e9 muito importante para n\u00f3s. Saiba mais sobre os nossos compromissos neste dom\u00ednio\",\"breadcrumb\":{\"@id\":\"https:\/\/mailnjoy.com\/check\/pt\/security\/#breadcrumb\"},\"inLanguage\":\"fr-FR\",\"potentialAction\":[{\"@type\":\"ReadAction\",\"target\":[\"https:\/\/mailnjoy.com\/check\/pt\/security\/\"]}]},{\"@type\":\"ImageObject\",\"inLanguage\":\"fr-FR\",\"@id\":\"https:\/\/mailnjoy.com\/check\/pt\/security\/#primaryimage\",\"url\":\"https:\/\/mailnjoy.com\/check\/wp-content\/uploads\/2024\/10\/security.0e57a86a.png\",\"contentUrl\":\"https:\/\/mailnjoy.com\/check\/wp-content\/uploads\/2024\/10\/security.0e57a86a.png\"},{\"@type\":\"BreadcrumbList\",\"@id\":\"https:\/\/mailnjoy.com\/check\/pt\/security\/#breadcrumb\",\"itemListElement\":[{\"@type\":\"ListItem\",\"position\":1,\"name\":\"Accueil\",\"item\":\"https:\/\/mailnjoy.com\/check\/fr\/\"},{\"@type\":\"ListItem\",\"position\":2,\"name\":\"Seguran\u00e7a\"}]},{\"@type\":\"WebSite\",\"@id\":\"https:\/\/mailnjoy.com\/check\/#website\",\"url\":\"https:\/\/mailnjoy.com\/check\/\",\"name\":\"Mailnjoy\",\"description\":\"\",\"publisher\":{\"@id\":\"https:\/\/mailnjoy.com\/check\/#organization\"},\"potentialAction\":[{\"@type\":\"SearchAction\",\"target\":{\"@type\":\"EntryPoint\",\"urlTemplate\":\"https:\/\/mailnjoy.com\/check\/?s={search_term_string}\"},\"query-input\":{\"@type\":\"PropertyValueSpecification\",\"valueRequired\":true,\"valueName\":\"search_term_string\"}}],\"inLanguage\":\"fr-FR\"},{\"@type\":\"Organization\",\"@id\":\"https:\/\/mailnjoy.com\/check\/#organization\",\"name\":\"Mailnjoy\",\"url\":\"https:\/\/mailnjoy.com\/check\/\",\"logo\":{\"@type\":\"ImageObject\",\"inLanguage\":\"fr-FR\",\"@id\":\"https:\/\/mailnjoy.com\/check\/#\/schema\/logo\/image\/\",\"url\":\"https:\/\/mailnjoy.com\/check\/wp-content\/uploads\/2024\/10\/check_logo_small_text_by.png\",\"contentUrl\":\"https:\/\/mailnjoy.com\/check\/wp-content\/uploads\/2024\/10\/check_logo_small_text_by.png\",\"width\":400,\"height\":347,\"caption\":\"Mailnjoy\"},\"image\":{\"@id\":\"https:\/\/mailnjoy.com\/check\/#\/schema\/logo\/image\/\"}}]}<\/script>\n<!-- \/ Yoast SEO plugin. -->","yoast_head_json":{"title":"Seguran\u00e7a dos seus dados - Mailnjoy","description":"A seguran\u00e7a dos dados de correio eletr\u00f3nico que nos confia \u00e9 muito importante para n\u00f3s. Saiba mais sobre os nossos compromissos neste dom\u00ednio","robots":{"index":"index","follow":"follow","max-snippet":"max-snippet:-1","max-image-preview":"max-image-preview:large","max-video-preview":"max-video-preview:-1"},"canonical":"https:\/\/mailnjoy.com\/check\/pt\/security\/","twitter_misc":{"Dur\u00e9e de lecture estim\u00e9e":"2 minutes"},"schema":{"@context":"https:\/\/schema.org","@graph":[{"@type":"WebPage","@id":"https:\/\/mailnjoy.com\/check\/pt\/security\/","url":"https:\/\/mailnjoy.com\/check\/pt\/security\/","name":"Seguran\u00e7a dos seus dados - Mailnjoy","isPartOf":{"@id":"https:\/\/mailnjoy.com\/check\/#website"},"primaryImageOfPage":{"@id":"https:\/\/mailnjoy.com\/check\/pt\/security\/#primaryimage"},"image":{"@id":"https:\/\/mailnjoy.com\/check\/pt\/security\/#primaryimage"},"thumbnailUrl":"https:\/\/mailnjoy.com\/check\/wp-content\/uploads\/2024\/10\/security.0e57a86a.png","datePublished":"2025-01-18T09:45:27+00:00","dateModified":"2025-01-18T09:45:27+00:00","description":"A seguran\u00e7a dos dados de correio eletr\u00f3nico que nos confia \u00e9 muito importante para n\u00f3s. Saiba mais sobre os nossos compromissos neste dom\u00ednio","breadcrumb":{"@id":"https:\/\/mailnjoy.com\/check\/pt\/security\/#breadcrumb"},"inLanguage":"fr-FR","potentialAction":[{"@type":"ReadAction","target":["https:\/\/mailnjoy.com\/check\/pt\/security\/"]}]},{"@type":"ImageObject","inLanguage":"fr-FR","@id":"https:\/\/mailnjoy.com\/check\/pt\/security\/#primaryimage","url":"https:\/\/mailnjoy.com\/check\/wp-content\/uploads\/2024\/10\/security.0e57a86a.png","contentUrl":"https:\/\/mailnjoy.com\/check\/wp-content\/uploads\/2024\/10\/security.0e57a86a.png"},{"@type":"BreadcrumbList","@id":"https:\/\/mailnjoy.com\/check\/pt\/security\/#breadcrumb","itemListElement":[{"@type":"ListItem","position":1,"name":"Accueil","item":"https:\/\/mailnjoy.com\/check\/fr\/"},{"@type":"ListItem","position":2,"name":"Seguran\u00e7a"}]},{"@type":"WebSite","@id":"https:\/\/mailnjoy.com\/check\/#website","url":"https:\/\/mailnjoy.com\/check\/","name":"Mailnjoy","description":"","publisher":{"@id":"https:\/\/mailnjoy.com\/check\/#organization"},"potentialAction":[{"@type":"SearchAction","target":{"@type":"EntryPoint","urlTemplate":"https:\/\/mailnjoy.com\/check\/?s={search_term_string}"},"query-input":{"@type":"PropertyValueSpecification","valueRequired":true,"valueName":"search_term_string"}}],"inLanguage":"fr-FR"},{"@type":"Organization","@id":"https:\/\/mailnjoy.com\/check\/#organization","name":"Mailnjoy","url":"https:\/\/mailnjoy.com\/check\/","logo":{"@type":"ImageObject","inLanguage":"fr-FR","@id":"https:\/\/mailnjoy.com\/check\/#\/schema\/logo\/image\/","url":"https:\/\/mailnjoy.com\/check\/wp-content\/uploads\/2024\/10\/check_logo_small_text_by.png","contentUrl":"https:\/\/mailnjoy.com\/check\/wp-content\/uploads\/2024\/10\/check_logo_small_text_by.png","width":400,"height":347,"caption":"Mailnjoy"},"image":{"@id":"https:\/\/mailnjoy.com\/check\/#\/schema\/logo\/image\/"}}]}},"lang":"pt","translations":{"pt":1372,"fr":157,"en":302,"es":1361,"de":1365,"it":1368},"uagb_featured_image_src":{"full":false,"thumbnail":false,"medium":false,"medium_large":false,"large":false,"1536x1536":false,"2048x2048":false,"post-thumbnail":false},"uagb_author_info":{"display_name":"sylvain","author_link":"https:\/\/mailnjoy.com\/check\/author\/sylvain\/"},"uagb_comment_info":0,"uagb_excerpt":"Os endere\u00e7os de correio eletr\u00f3nico s\u00e3o dados pessoais \u00c9 certo que nem todos os endere\u00e7os podem ser diretamente associados a uma pessoa f\u00edsica, mas alguns podem. Por conseguinte, consideramos que todos os endere\u00e7os de correio eletr\u00f3nico s\u00e3o dados pessoais. Como tal, tomamos todas as precau\u00e7\u00f5es relativamente aos dados que nos confia. Para al\u00e9m das nossas\u2026","pll_sync_post":[],"_links":{"self":[{"href":"https:\/\/mailnjoy.com\/check\/wp-json\/wp\/v2\/pages\/1372","targetHints":{"allow":["GET"]}}],"collection":[{"href":"https:\/\/mailnjoy.com\/check\/wp-json\/wp\/v2\/pages"}],"about":[{"href":"https:\/\/mailnjoy.com\/check\/wp-json\/wp\/v2\/types\/page"}],"author":[{"embeddable":true,"href":"https:\/\/mailnjoy.com\/check\/wp-json\/wp\/v2\/users\/1"}],"replies":[{"embeddable":true,"href":"https:\/\/mailnjoy.com\/check\/wp-json\/wp\/v2\/comments?post=1372"}],"version-history":[{"count":1,"href":"https:\/\/mailnjoy.com\/check\/wp-json\/wp\/v2\/pages\/1372\/revisions"}],"predecessor-version":[{"id":1373,"href":"https:\/\/mailnjoy.com\/check\/wp-json\/wp\/v2\/pages\/1372\/revisions\/1373"}],"wp:attachment":[{"href":"https:\/\/mailnjoy.com\/check\/wp-json\/wp\/v2\/media?parent=1372"}],"curies":[{"name":"wp","href":"https:\/\/api.w.org\/{rel}","templated":true}]}}