{"id":242,"date":"2024-10-17T16:06:01","date_gmt":"2024-10-17T14:06:01","guid":{"rendered":"https:\/\/ownmailist.net\/check\/?page_id=242"},"modified":"2025-01-17T11:56:07","modified_gmt":"2025-01-17T10:56:07","slug":"mailvio","status":"publish","type":"page","link":"https:\/\/mailnjoy.com\/check\/fr\/partners\/mailvio\/","title":{"rendered":"Mailvio"},"content":{"rendered":"\n<div class=\"wp-block-group alignwide has-global-padding is-layout-constrained wp-block-group-is-layout-constrained\">\n<figure class=\"wp-block-image aligncenter size-large has-custom-border is-style-rounded\"><img loading=\"lazy\" decoding=\"async\" width=\"1024\" height=\"379\" src=\"https:\/\/mailnjoy.com\/check\/wp-content\/uploads\/2024\/10\/mailvio-1024x379.png\" alt=\"\" class=\"has-border-color has-green-border-color wp-image-243\" style=\"border-width:3px;border-radius:5px\" srcset=\"https:\/\/mailnjoy.com\/check\/wp-content\/uploads\/2024\/10\/mailvio-1024x379.png 1024w, https:\/\/mailnjoy.com\/check\/wp-content\/uploads\/2024\/10\/mailvio-300x111.png 300w, https:\/\/mailnjoy.com\/check\/wp-content\/uploads\/2024\/10\/mailvio-768x284.png 768w, https:\/\/mailnjoy.com\/check\/wp-content\/uploads\/2024\/10\/mailvio-1536x569.png 1536w, https:\/\/mailnjoy.com\/check\/wp-content\/uploads\/2024\/10\/mailvio-1568x581.png 1568w, https:\/\/mailnjoy.com\/check\/wp-content\/uploads\/2024\/10\/mailvio.png 1623w\" sizes=\"auto, (max-width: 1024px) 100vw, 1024px\" \/><\/figure>\n\n\n\n<h1 class=\"wp-block-heading has-text-align-center\">Mailvio<\/h1>\n\n\n\n<p>Mailvio offre une suite compl\u00e8te d&#8217;outils con\u00e7us pour optimiser les efforts de marketing par emails pour les toutes les entreprises.<\/p>\n\n\n\n<p>La plateforme int\u00e8gre des fonctionnalit\u00e9s de pointe telles que :<\/p>\n\n\n\n<ul class=\"wp-block-list check-list\">\n<li>Automatisation d&#8217;emails<\/li>\n\n\n\n<li>Cr\u00e9ation d&#8217;email assist\u00e9e par l&#8217;IA<\/li>\n\n\n\n<li>Broadcast emails<\/li>\n\n\n\n<li>Emails transactionnels<\/li>\n\n\n\n<li>Analyse et statistiques pouss\u00e9es<\/li>\n\n\n\n<li>A\/B split testing<\/li>\n\n\n\n<li>\u00c9diteur WYSIWYG pour une cr\u00e9ation de campagne email toujours plus simple<\/li>\n<\/ul>\n\n\n\n<p>De plus, Mailvio propose des fonctionnalit\u00e9s avanc\u00e9es comme les s\u00e9quences emails boost\u00e9es \u00e0 l&#8217;IA, la diffusion de masse, la segmentation RFM bas\u00e9e sur le comportement d&#8217;achat, et l&#8217;acc\u00e8s \u00e0 la Mailvio Academy pour un apprentissage et une am\u00e9lioration continus<\/p>\n\n\n\n<p>Avec Mailvio, les entreprises peuvent rationaliser leurs processus d&#8217;email marketing et obtenir de meilleurs r\u00e9sultats dans leurs campagnes.<\/p>\n\n\n\n<div class=\"wp-block-buttons is-content-justification-center is-layout-flex wp-container-core-buttons-is-layout-a89b3969 wp-block-buttons-is-layout-flex\">\n<div class=\"wp-block-button is-style-outline is-style-outline--1\"><a class=\"wp-block-button__link wp-element-button\" href=\"https:\/\/mailvio.com\/\">Acc\u00e9der \u00e0 Mailvio<\/a><\/div>\n<\/div>\n<\/div>\n\n\n\n<p><\/p>\n","protected":false},"excerpt":{"rendered":"<p>Mailvio Mailvio offre une suite compl\u00e8te d&#8217;outils con\u00e7us pour optimiser les efforts de marketing par emails pour les toutes les entreprises. La plateforme int\u00e8gre des fonctionnalit\u00e9s de pointe telles que : De plus, Mailvio propose des fonctionnalit\u00e9s avanc\u00e9es comme les s\u00e9quences emails boost\u00e9es \u00e0 l&#8217;IA, la diffusion de masse, la segmentation RFM bas\u00e9e sur le [&hellip;]<\/p>\n","protected":false},"author":1,"featured_media":0,"parent":75,"menu_order":0,"comment_status":"closed","ping_status":"closed","template":"","meta":{"_uag_custom_page_level_css":"","footnotes":""},"class_list":["post-242","page","type-page","status-publish","hentry"],"yoast_head":"<!-- This site is optimized with the Yoast SEO plugin v23.6 - https:\/\/yoast.com\/wordpress\/plugins\/seo\/ -->\n<title>Partenaire Mailvio - Mailnjoy<\/title>\n<meta name=\"description\" content=\"D\u00e9couvrez notre partenaire Mailvio: ses services et prestations dans le marketing digital\" \/>\n<meta name=\"robots\" content=\"index, follow, max-snippet:-1, max-image-preview:large, max-video-preview:-1\" \/>\n<link rel=\"canonical\" href=\"https:\/\/mailnjoy.com\/check\/fr\/partners\/mailvio\/\" \/>\n<meta name=\"twitter:label1\" content=\"Dur\u00e9e de lecture estim\u00e9e\" \/>\n\t<meta name=\"twitter:data1\" content=\"1 minute\" \/>\n<script type=\"application\/ld+json\" class=\"yoast-schema-graph\">{\"@context\":\"https:\/\/schema.org\",\"@graph\":[{\"@type\":\"WebPage\",\"@id\":\"https:\/\/mailnjoy.com\/check\/fr\/partners\/mailvio\/\",\"url\":\"https:\/\/mailnjoy.com\/check\/fr\/partners\/mailvio\/\",\"name\":\"Partenaire Mailvio - Mailnjoy\",\"isPartOf\":{\"@id\":\"https:\/\/mailnjoy.com\/check\/#website\"},\"primaryImageOfPage\":{\"@id\":\"https:\/\/mailnjoy.com\/check\/fr\/partners\/mailvio\/#primaryimage\"},\"image\":{\"@id\":\"https:\/\/mailnjoy.com\/check\/fr\/partners\/mailvio\/#primaryimage\"},\"thumbnailUrl\":\"https:\/\/mailnjoy.com\/check\/wp-content\/uploads\/2024\/10\/mailvio-1024x379.png\",\"datePublished\":\"2024-10-17T14:06:01+00:00\",\"dateModified\":\"2025-01-17T10:56:07+00:00\",\"description\":\"D\u00e9couvrez notre partenaire Mailvio: ses services et prestations dans le marketing digital\",\"breadcrumb\":{\"@id\":\"https:\/\/mailnjoy.com\/check\/fr\/partners\/mailvio\/#breadcrumb\"},\"inLanguage\":\"fr-FR\",\"potentialAction\":[{\"@type\":\"ReadAction\",\"target\":[\"https:\/\/mailnjoy.com\/check\/fr\/partners\/mailvio\/\"]}]},{\"@type\":\"ImageObject\",\"inLanguage\":\"fr-FR\",\"@id\":\"https:\/\/mailnjoy.com\/check\/fr\/partners\/mailvio\/#primaryimage\",\"url\":\"https:\/\/mailnjoy.com\/check\/wp-content\/uploads\/2024\/10\/mailvio-1024x379.png\",\"contentUrl\":\"https:\/\/mailnjoy.com\/check\/wp-content\/uploads\/2024\/10\/mailvio-1024x379.png\"},{\"@type\":\"BreadcrumbList\",\"@id\":\"https:\/\/mailnjoy.com\/check\/fr\/partners\/mailvio\/#breadcrumb\",\"itemListElement\":[{\"@type\":\"ListItem\",\"position\":1,\"name\":\"Accueil\",\"item\":\"https:\/\/mailnjoy.com\/check\/fr\/\"},{\"@type\":\"ListItem\",\"position\":2,\"name\":\"Nos partenaires\",\"item\":\"https:\/\/mailnjoy.com\/check\/fr\/partners\/\"},{\"@type\":\"ListItem\",\"position\":3,\"name\":\"Mailvio\"}]},{\"@type\":\"WebSite\",\"@id\":\"https:\/\/mailnjoy.com\/check\/#website\",\"url\":\"https:\/\/mailnjoy.com\/check\/\",\"name\":\"Mailnjoy\",\"description\":\"\",\"publisher\":{\"@id\":\"https:\/\/mailnjoy.com\/check\/#organization\"},\"potentialAction\":[{\"@type\":\"SearchAction\",\"target\":{\"@type\":\"EntryPoint\",\"urlTemplate\":\"https:\/\/mailnjoy.com\/check\/?s={search_term_string}\"},\"query-input\":{\"@type\":\"PropertyValueSpecification\",\"valueRequired\":true,\"valueName\":\"search_term_string\"}}],\"inLanguage\":\"fr-FR\"},{\"@type\":\"Organization\",\"@id\":\"https:\/\/mailnjoy.com\/check\/#organization\",\"name\":\"Mailnjoy\",\"url\":\"https:\/\/mailnjoy.com\/check\/\",\"logo\":{\"@type\":\"ImageObject\",\"inLanguage\":\"fr-FR\",\"@id\":\"https:\/\/mailnjoy.com\/check\/#\/schema\/logo\/image\/\",\"url\":\"https:\/\/mailnjoy.com\/check\/wp-content\/uploads\/2024\/10\/check_logo_small_text_by.png\",\"contentUrl\":\"https:\/\/mailnjoy.com\/check\/wp-content\/uploads\/2024\/10\/check_logo_small_text_by.png\",\"width\":400,\"height\":347,\"caption\":\"Mailnjoy\"},\"image\":{\"@id\":\"https:\/\/mailnjoy.com\/check\/#\/schema\/logo\/image\/\"}}]}<\/script>\n<!-- \/ Yoast SEO plugin. -->","yoast_head_json":{"title":"Partenaire Mailvio - Mailnjoy","description":"D\u00e9couvrez notre partenaire Mailvio: ses services et prestations dans le marketing digital","robots":{"index":"index","follow":"follow","max-snippet":"max-snippet:-1","max-image-preview":"max-image-preview:large","max-video-preview":"max-video-preview:-1"},"canonical":"https:\/\/mailnjoy.com\/check\/fr\/partners\/mailvio\/","twitter_misc":{"Dur\u00e9e de lecture estim\u00e9e":"1 minute"},"schema":{"@context":"https:\/\/schema.org","@graph":[{"@type":"WebPage","@id":"https:\/\/mailnjoy.com\/check\/fr\/partners\/mailvio\/","url":"https:\/\/mailnjoy.com\/check\/fr\/partners\/mailvio\/","name":"Partenaire Mailvio - Mailnjoy","isPartOf":{"@id":"https:\/\/mailnjoy.com\/check\/#website"},"primaryImageOfPage":{"@id":"https:\/\/mailnjoy.com\/check\/fr\/partners\/mailvio\/#primaryimage"},"image":{"@id":"https:\/\/mailnjoy.com\/check\/fr\/partners\/mailvio\/#primaryimage"},"thumbnailUrl":"https:\/\/mailnjoy.com\/check\/wp-content\/uploads\/2024\/10\/mailvio-1024x379.png","datePublished":"2024-10-17T14:06:01+00:00","dateModified":"2025-01-17T10:56:07+00:00","description":"D\u00e9couvrez notre partenaire Mailvio: ses services et prestations dans le marketing digital","breadcrumb":{"@id":"https:\/\/mailnjoy.com\/check\/fr\/partners\/mailvio\/#breadcrumb"},"inLanguage":"fr-FR","potentialAction":[{"@type":"ReadAction","target":["https:\/\/mailnjoy.com\/check\/fr\/partners\/mailvio\/"]}]},{"@type":"ImageObject","inLanguage":"fr-FR","@id":"https:\/\/mailnjoy.com\/check\/fr\/partners\/mailvio\/#primaryimage","url":"https:\/\/mailnjoy.com\/check\/wp-content\/uploads\/2024\/10\/mailvio-1024x379.png","contentUrl":"https:\/\/mailnjoy.com\/check\/wp-content\/uploads\/2024\/10\/mailvio-1024x379.png"},{"@type":"BreadcrumbList","@id":"https:\/\/mailnjoy.com\/check\/fr\/partners\/mailvio\/#breadcrumb","itemListElement":[{"@type":"ListItem","position":1,"name":"Accueil","item":"https:\/\/mailnjoy.com\/check\/fr\/"},{"@type":"ListItem","position":2,"name":"Nos partenaires","item":"https:\/\/mailnjoy.com\/check\/fr\/partners\/"},{"@type":"ListItem","position":3,"name":"Mailvio"}]},{"@type":"WebSite","@id":"https:\/\/mailnjoy.com\/check\/#website","url":"https:\/\/mailnjoy.com\/check\/","name":"Mailnjoy","description":"","publisher":{"@id":"https:\/\/mailnjoy.com\/check\/#organization"},"potentialAction":[{"@type":"SearchAction","target":{"@type":"EntryPoint","urlTemplate":"https:\/\/mailnjoy.com\/check\/?s={search_term_string}"},"query-input":{"@type":"PropertyValueSpecification","valueRequired":true,"valueName":"search_term_string"}}],"inLanguage":"fr-FR"},{"@type":"Organization","@id":"https:\/\/mailnjoy.com\/check\/#organization","name":"Mailnjoy","url":"https:\/\/mailnjoy.com\/check\/","logo":{"@type":"ImageObject","inLanguage":"fr-FR","@id":"https:\/\/mailnjoy.com\/check\/#\/schema\/logo\/image\/","url":"https:\/\/mailnjoy.com\/check\/wp-content\/uploads\/2024\/10\/check_logo_small_text_by.png","contentUrl":"https:\/\/mailnjoy.com\/check\/wp-content\/uploads\/2024\/10\/check_logo_small_text_by.png","width":400,"height":347,"caption":"Mailnjoy"},"image":{"@id":"https:\/\/mailnjoy.com\/check\/#\/schema\/logo\/image\/"}}]}},"lang":"fr","translations":{"fr":242,"en":254,"es":1232,"de":1235,"it":1238,"pt":1241},"uagb_featured_image_src":{"full":false,"thumbnail":false,"medium":false,"medium_large":false,"large":false,"1536x1536":false,"2048x2048":false,"post-thumbnail":false},"uagb_author_info":{"display_name":"sylvain","author_link":"https:\/\/mailnjoy.com\/check\/author\/sylvain\/"},"uagb_comment_info":0,"uagb_excerpt":"Mailvio Mailvio offre une suite compl\u00e8te d&#8217;outils con\u00e7us pour optimiser les efforts de marketing par emails pour les toutes les entreprises. La plateforme int\u00e8gre des fonctionnalit\u00e9s de pointe telles que : De plus, Mailvio propose des fonctionnalit\u00e9s avanc\u00e9es comme les s\u00e9quences emails boost\u00e9es \u00e0 l&#8217;IA, la diffusion de masse, la segmentation RFM bas\u00e9e sur le\u2026","pll_sync_post":[],"_links":{"self":[{"href":"https:\/\/mailnjoy.com\/check\/wp-json\/wp\/v2\/pages\/242","targetHints":{"allow":["GET"]}}],"collection":[{"href":"https:\/\/mailnjoy.com\/check\/wp-json\/wp\/v2\/pages"}],"about":[{"href":"https:\/\/mailnjoy.com\/check\/wp-json\/wp\/v2\/types\/page"}],"author":[{"embeddable":true,"href":"https:\/\/mailnjoy.com\/check\/wp-json\/wp\/v2\/users\/1"}],"replies":[{"embeddable":true,"href":"https:\/\/mailnjoy.com\/check\/wp-json\/wp\/v2\/comments?post=242"}],"version-history":[{"count":10,"href":"https:\/\/mailnjoy.com\/check\/wp-json\/wp\/v2\/pages\/242\/revisions"}],"predecessor-version":[{"id":268,"href":"https:\/\/mailnjoy.com\/check\/wp-json\/wp\/v2\/pages\/242\/revisions\/268"}],"up":[{"embeddable":true,"href":"https:\/\/mailnjoy.com\/check\/wp-json\/wp\/v2\/pages\/75"}],"wp:attachment":[{"href":"https:\/\/mailnjoy.com\/check\/wp-json\/wp\/v2\/media?parent=242"}],"curies":[{"name":"wp","href":"https:\/\/api.w.org\/{rel}","templated":true}]}}