{"id":266,"date":"2024-10-17T16:39:19","date_gmt":"2024-10-17T14:39:19","guid":{"rendered":"https:\/\/ownmailist.net\/check\/?page_id=266"},"modified":"2025-01-16T13:51:26","modified_gmt":"2025-01-16T12:51:26","slug":"bdd","status":"publish","type":"page","link":"https:\/\/mailnjoy.com\/check\/fr\/partners\/bdd\/","title":{"rendered":"Le Blog du Digital"},"content":{"rendered":"\n<div class=\"wp-block-group alignwide has-global-padding is-layout-constrained wp-block-group-is-layout-constrained\">\n<figure class=\"wp-block-image aligncenter size-full is-resized has-custom-border is-style-rounded\"><img loading=\"lazy\" decoding=\"async\" width=\"740\" height=\"740\" src=\"https:\/\/mailnjoy.com\/check\/wp-content\/uploads\/2024\/10\/blog-du-digital.jpg\" alt=\"\" class=\"has-border-color has-green-border-color wp-image-267\" style=\"border-width:3px;border-radius:5px;width:400px\" srcset=\"https:\/\/mailnjoy.com\/check\/wp-content\/uploads\/2024\/10\/blog-du-digital.jpg 740w, https:\/\/mailnjoy.com\/check\/wp-content\/uploads\/2024\/10\/blog-du-digital-300x300.jpg 300w, https:\/\/mailnjoy.com\/check\/wp-content\/uploads\/2024\/10\/blog-du-digital-150x150.jpg 150w\" sizes=\"auto, (max-width: 740px) 100vw, 740px\" \/><\/figure>\n\n\n\n<h1 class=\"wp-block-heading has-text-align-center\">Le Blog du Digital<\/h1>\n\n\n\n<p>Au blog du digital, notre priorit\u00e9 est d&#8217;aider les professionnels du web marketing et de la communication dans leurs actions. Que nos internautes soient d\u00e9butants ou exp\u00e9riment\u00e9s, nous les aidons en leur fournissant des conseils de qualit\u00e9. Ainsi, ils peuvent :<\/p>\n\n\n\n<ul class=\"wp-block-list check-list\">\n<li>Gagner du temps et franchir toutes les difficult\u00e9s qu&#8217;ils rencontrent au quotidien,<\/li>\n\n\n\n<li>Am\u00e9liorer leurs performances afin d&#8217;atteindre leurs objectifs, voire m\u00eame de les d\u00e9passer quand cela est possible.<\/li>\n<\/ul>\n\n\n\n<p>Chaque semaine, nous publions gratuitement de nouveaux dossiers en lien avec les th\u00e9matiques suivantes :<\/p>\n\n\n\n<ul class=\"wp-block-list check-list\">\n<li>Webmaster &#8211; cr\u00e9ation, refonte et optimisation de sites internet : pour vous aider dans toutes les \u00e9tapes de cr\u00e9ation, de refonte et d&#8217;am\u00e9lioration de votre site web.<\/li>\n\n\n\n<li>SEO &#8211; R\u00e9f\u00e9rencement naturel : Pour r\u00e9ussir \u00e0 attirer du trafic sur son site internet gr\u00e2ce \u00e0 du contenu pertinent, \u00e0 un site optimis\u00e9 techniquement et \u00e0 une notori\u00e9t\u00e9 grandissante,<\/li>\n\n\n\n<li>Emailing et newsletter : Pour vous permettre de fid\u00e9liser vos destinataires et de vous cr\u00e9er une liste de contacts cons\u00e9quente,<\/li>\n\n\n\n<li>SEA &#8211; R\u00e9f\u00e9rencement payant : pour optimiser votre budget publicitaire et am\u00e9liorer votre visibilit\u00e9 sur les m\u00e9dias choisis,<\/li>\n<\/ul>\n\n\n\n<div class=\"wp-block-buttons is-content-justification-center is-layout-flex wp-container-core-buttons-is-layout-a89b3969 wp-block-buttons-is-layout-flex\">\n<div class=\"wp-block-button is-style-outline is-style-outline--1\"><a class=\"wp-block-button__link wp-element-button\" href=\"https:\/\/blogdudigital.fr\/formation-emailing\/\">Acc\u00e9der au Blog du Digital<\/a><\/div>\n<\/div>\n<\/div>\n","protected":false},"excerpt":{"rendered":"<p>Le Blog du Digital Au blog du digital, notre priorit\u00e9 est d&#8217;aider les professionnels du web marketing et de la communication dans leurs actions. Que nos internautes soient d\u00e9butants ou exp\u00e9riment\u00e9s, nous les aidons en leur fournissant des conseils de qualit\u00e9. Ainsi, ils peuvent : Chaque semaine, nous publions gratuitement de nouveaux dossiers en lien [&hellip;]<\/p>\n","protected":false},"author":1,"featured_media":0,"parent":75,"menu_order":0,"comment_status":"closed","ping_status":"closed","template":"","meta":{"_uag_custom_page_level_css":"","footnotes":""},"class_list":["post-266","page","type-page","status-publish","hentry"],"yoast_head":"<!-- This site is optimized with the Yoast SEO plugin v23.6 - https:\/\/yoast.com\/wordpress\/plugins\/seo\/ -->\n<title>Partenaire - Le Blog du Digital - Mailnjoy<\/title>\n<meta name=\"description\" content=\"D\u00e9couvrez notre partenaire Le blog du Digital: ses services et prestations dans le marketing digital\" \/>\n<meta name=\"robots\" content=\"index, follow, max-snippet:-1, max-image-preview:large, max-video-preview:-1\" \/>\n<link rel=\"canonical\" href=\"https:\/\/mailnjoy.com\/check\/fr\/partners\/bdd\/\" \/>\n<meta name=\"twitter:label1\" content=\"Dur\u00e9e de lecture estim\u00e9e\" \/>\n\t<meta name=\"twitter:data1\" content=\"2 minutes\" \/>\n<script type=\"application\/ld+json\" class=\"yoast-schema-graph\">{\"@context\":\"https:\/\/schema.org\",\"@graph\":[{\"@type\":\"WebPage\",\"@id\":\"https:\/\/mailnjoy.com\/check\/fr\/partners\/bdd\/\",\"url\":\"https:\/\/mailnjoy.com\/check\/fr\/partners\/bdd\/\",\"name\":\"Partenaire - Le Blog du Digital - Mailnjoy\",\"isPartOf\":{\"@id\":\"https:\/\/mailnjoy.com\/check\/#website\"},\"primaryImageOfPage\":{\"@id\":\"https:\/\/mailnjoy.com\/check\/fr\/partners\/bdd\/#primaryimage\"},\"image\":{\"@id\":\"https:\/\/mailnjoy.com\/check\/fr\/partners\/bdd\/#primaryimage\"},\"thumbnailUrl\":\"https:\/\/mailnjoy.com\/check\/wp-content\/uploads\/2024\/10\/blog-du-digital.jpg\",\"datePublished\":\"2024-10-17T14:39:19+00:00\",\"dateModified\":\"2025-01-16T12:51:26+00:00\",\"description\":\"D\u00e9couvrez notre partenaire Le blog du Digital: ses services et prestations dans le marketing digital\",\"breadcrumb\":{\"@id\":\"https:\/\/mailnjoy.com\/check\/fr\/partners\/bdd\/#breadcrumb\"},\"inLanguage\":\"fr-FR\",\"potentialAction\":[{\"@type\":\"ReadAction\",\"target\":[\"https:\/\/mailnjoy.com\/check\/fr\/partners\/bdd\/\"]}]},{\"@type\":\"ImageObject\",\"inLanguage\":\"fr-FR\",\"@id\":\"https:\/\/mailnjoy.com\/check\/fr\/partners\/bdd\/#primaryimage\",\"url\":\"https:\/\/mailnjoy.com\/check\/wp-content\/uploads\/2024\/10\/blog-du-digital.jpg\",\"contentUrl\":\"https:\/\/mailnjoy.com\/check\/wp-content\/uploads\/2024\/10\/blog-du-digital.jpg\"},{\"@type\":\"BreadcrumbList\",\"@id\":\"https:\/\/mailnjoy.com\/check\/fr\/partners\/bdd\/#breadcrumb\",\"itemListElement\":[{\"@type\":\"ListItem\",\"position\":1,\"name\":\"Accueil\",\"item\":\"https:\/\/mailnjoy.com\/check\/fr\/\"},{\"@type\":\"ListItem\",\"position\":2,\"name\":\"Nos partenaires\",\"item\":\"https:\/\/mailnjoy.com\/check\/fr\/partners\/\"},{\"@type\":\"ListItem\",\"position\":3,\"name\":\"Le Blog du Digital\"}]},{\"@type\":\"WebSite\",\"@id\":\"https:\/\/mailnjoy.com\/check\/#website\",\"url\":\"https:\/\/mailnjoy.com\/check\/\",\"name\":\"Mailnjoy\",\"description\":\"\",\"publisher\":{\"@id\":\"https:\/\/mailnjoy.com\/check\/#organization\"},\"potentialAction\":[{\"@type\":\"SearchAction\",\"target\":{\"@type\":\"EntryPoint\",\"urlTemplate\":\"https:\/\/mailnjoy.com\/check\/?s={search_term_string}\"},\"query-input\":{\"@type\":\"PropertyValueSpecification\",\"valueRequired\":true,\"valueName\":\"search_term_string\"}}],\"inLanguage\":\"fr-FR\"},{\"@type\":\"Organization\",\"@id\":\"https:\/\/mailnjoy.com\/check\/#organization\",\"name\":\"Mailnjoy\",\"url\":\"https:\/\/mailnjoy.com\/check\/\",\"logo\":{\"@type\":\"ImageObject\",\"inLanguage\":\"fr-FR\",\"@id\":\"https:\/\/mailnjoy.com\/check\/#\/schema\/logo\/image\/\",\"url\":\"https:\/\/mailnjoy.com\/check\/wp-content\/uploads\/2024\/10\/check_logo_small_text_by.png\",\"contentUrl\":\"https:\/\/mailnjoy.com\/check\/wp-content\/uploads\/2024\/10\/check_logo_small_text_by.png\",\"width\":400,\"height\":347,\"caption\":\"Mailnjoy\"},\"image\":{\"@id\":\"https:\/\/mailnjoy.com\/check\/#\/schema\/logo\/image\/\"}}]}<\/script>\n<!-- \/ Yoast SEO plugin. -->","yoast_head_json":{"title":"Partenaire - Le Blog du Digital - Mailnjoy","description":"D\u00e9couvrez notre partenaire Le blog du Digital: ses services et prestations dans le marketing digital","robots":{"index":"index","follow":"follow","max-snippet":"max-snippet:-1","max-image-preview":"max-image-preview:large","max-video-preview":"max-video-preview:-1"},"canonical":"https:\/\/mailnjoy.com\/check\/fr\/partners\/bdd\/","twitter_misc":{"Dur\u00e9e de lecture estim\u00e9e":"2 minutes"},"schema":{"@context":"https:\/\/schema.org","@graph":[{"@type":"WebPage","@id":"https:\/\/mailnjoy.com\/check\/fr\/partners\/bdd\/","url":"https:\/\/mailnjoy.com\/check\/fr\/partners\/bdd\/","name":"Partenaire - Le Blog du Digital - Mailnjoy","isPartOf":{"@id":"https:\/\/mailnjoy.com\/check\/#website"},"primaryImageOfPage":{"@id":"https:\/\/mailnjoy.com\/check\/fr\/partners\/bdd\/#primaryimage"},"image":{"@id":"https:\/\/mailnjoy.com\/check\/fr\/partners\/bdd\/#primaryimage"},"thumbnailUrl":"https:\/\/mailnjoy.com\/check\/wp-content\/uploads\/2024\/10\/blog-du-digital.jpg","datePublished":"2024-10-17T14:39:19+00:00","dateModified":"2025-01-16T12:51:26+00:00","description":"D\u00e9couvrez notre partenaire Le blog du Digital: ses services et prestations dans le marketing digital","breadcrumb":{"@id":"https:\/\/mailnjoy.com\/check\/fr\/partners\/bdd\/#breadcrumb"},"inLanguage":"fr-FR","potentialAction":[{"@type":"ReadAction","target":["https:\/\/mailnjoy.com\/check\/fr\/partners\/bdd\/"]}]},{"@type":"ImageObject","inLanguage":"fr-FR","@id":"https:\/\/mailnjoy.com\/check\/fr\/partners\/bdd\/#primaryimage","url":"https:\/\/mailnjoy.com\/check\/wp-content\/uploads\/2024\/10\/blog-du-digital.jpg","contentUrl":"https:\/\/mailnjoy.com\/check\/wp-content\/uploads\/2024\/10\/blog-du-digital.jpg"},{"@type":"BreadcrumbList","@id":"https:\/\/mailnjoy.com\/check\/fr\/partners\/bdd\/#breadcrumb","itemListElement":[{"@type":"ListItem","position":1,"name":"Accueil","item":"https:\/\/mailnjoy.com\/check\/fr\/"},{"@type":"ListItem","position":2,"name":"Nos partenaires","item":"https:\/\/mailnjoy.com\/check\/fr\/partners\/"},{"@type":"ListItem","position":3,"name":"Le Blog du Digital"}]},{"@type":"WebSite","@id":"https:\/\/mailnjoy.com\/check\/#website","url":"https:\/\/mailnjoy.com\/check\/","name":"Mailnjoy","description":"","publisher":{"@id":"https:\/\/mailnjoy.com\/check\/#organization"},"potentialAction":[{"@type":"SearchAction","target":{"@type":"EntryPoint","urlTemplate":"https:\/\/mailnjoy.com\/check\/?s={search_term_string}"},"query-input":{"@type":"PropertyValueSpecification","valueRequired":true,"valueName":"search_term_string"}}],"inLanguage":"fr-FR"},{"@type":"Organization","@id":"https:\/\/mailnjoy.com\/check\/#organization","name":"Mailnjoy","url":"https:\/\/mailnjoy.com\/check\/","logo":{"@type":"ImageObject","inLanguage":"fr-FR","@id":"https:\/\/mailnjoy.com\/check\/#\/schema\/logo\/image\/","url":"https:\/\/mailnjoy.com\/check\/wp-content\/uploads\/2024\/10\/check_logo_small_text_by.png","contentUrl":"https:\/\/mailnjoy.com\/check\/wp-content\/uploads\/2024\/10\/check_logo_small_text_by.png","width":400,"height":347,"caption":"Mailnjoy"},"image":{"@id":"https:\/\/mailnjoy.com\/check\/#\/schema\/logo\/image\/"}}]}},"lang":"fr","translations":{"fr":266,"en":270,"es":1212,"de":1217,"it":1222,"pt":1227},"uagb_featured_image_src":{"full":false,"thumbnail":false,"medium":false,"medium_large":false,"large":false,"1536x1536":false,"2048x2048":false,"post-thumbnail":false},"uagb_author_info":{"display_name":"sylvain","author_link":"https:\/\/mailnjoy.com\/check\/author\/sylvain\/"},"uagb_comment_info":0,"uagb_excerpt":"Le Blog du Digital Au blog du digital, notre priorit\u00e9 est d&#8217;aider les professionnels du web marketing et de la communication dans leurs actions. Que nos internautes soient d\u00e9butants ou exp\u00e9riment\u00e9s, nous les aidons en leur fournissant des conseils de qualit\u00e9. Ainsi, ils peuvent : Chaque semaine, nous publions gratuitement de nouveaux dossiers en lien\u2026","pll_sync_post":[],"_links":{"self":[{"href":"https:\/\/mailnjoy.com\/check\/wp-json\/wp\/v2\/pages\/266","targetHints":{"allow":["GET"]}}],"collection":[{"href":"https:\/\/mailnjoy.com\/check\/wp-json\/wp\/v2\/pages"}],"about":[{"href":"https:\/\/mailnjoy.com\/check\/wp-json\/wp\/v2\/types\/page"}],"author":[{"embeddable":true,"href":"https:\/\/mailnjoy.com\/check\/wp-json\/wp\/v2\/users\/1"}],"replies":[{"embeddable":true,"href":"https:\/\/mailnjoy.com\/check\/wp-json\/wp\/v2\/comments?post=266"}],"version-history":[{"count":3,"href":"https:\/\/mailnjoy.com\/check\/wp-json\/wp\/v2\/pages\/266\/revisions"}],"predecessor-version":[{"id":579,"href":"https:\/\/mailnjoy.com\/check\/wp-json\/wp\/v2\/pages\/266\/revisions\/579"}],"up":[{"embeddable":true,"href":"https:\/\/mailnjoy.com\/check\/wp-json\/wp\/v2\/pages\/75"}],"wp:attachment":[{"href":"https:\/\/mailnjoy.com\/check\/wp-json\/wp\/v2\/media?parent=266"}],"curies":[{"name":"wp","href":"https:\/\/api.w.org\/{rel}","templated":true}]}}