{"id":304,"date":"2024-10-17T17:36:25","date_gmt":"2024-10-17T15:36:25","guid":{"rendered":"https:\/\/ownmailist.net\/check\/?page_id=304"},"modified":"2025-01-16T12:26:52","modified_gmt":"2025-01-16T11:26:52","slug":"developer","status":"publish","type":"page","link":"https:\/\/mailnjoy.com\/check\/fr\/developer\/","title":{"rendered":"D\u00e9veloppeur"},"content":{"rendered":"\n<div class=\"wp-block-group alignwide has-global-padding is-layout-constrained wp-block-group-is-layout-constrained\">\n<div class=\"wp-block-columns alignwide is-layout-flex wp-container-core-columns-is-layout-a85f4655 wp-block-columns-is-layout-flex\">\n<div class=\"wp-block-column is-layout-flow wp-block-column-is-layout-flow\" style=\"flex-basis:55%\">\n<h1 class=\"wp-block-heading\">Int\u00e9grer notre API de v\u00e9rification email \u00e0 vos usages<\/h1>\n\n\n\n<p><br>Int\u00e9grez directement la v\u00e9rification email dans vos outils gr\u00e2ce \u00e0 l&#8217;API Mailnjoy. Comme notre outil, l&#8217;API est op\u00e9rationnelle et destin\u00e9e \u00e0 <br>cro\u00eetre, n&#8217;h\u00e9sitez pas \u00e0 l&#8217;essayer !<br><br><\/p>\n\n\n\n<h2 class=\"wp-block-heading has-green-color has-text-color has-link-color wp-elements-96e1f21b7e19e32d9ba965dfd8b78d95\" style=\"font-size:clamp(0.984rem, 0.984rem + ((1vw - 0.2rem) * 0.86), 1.5rem);\">Notre but est de r\u00e9pondre \u00e0 tous vos besoins d&#8217;automatisation<\/h2>\n\n\n\n<ul class=\"wp-block-list check-list\">\n<li><strong>La validation unitaire d&#8217;un email via l&#8217;API<\/strong><br>Validez vos adresses d\u00e8s l&#8217;inscription de vos utilisateurs, pour assurer la qualit\u00e9 de vos listes \u00e0 la source et pr\u00e9venir l&#8217;inscription de comptes frauduleux.<\/li>\n\n\n\n<li><strong>La validation de listes int\u00e9grales d&#8217;email via le SFTP<\/strong><br>D\u00e9posez vos listes int\u00e9grales d&#8217;email sur Check by Malnjoy et validez vos adresses mails directement depuis vos outils, sans changer vos habitudes.<\/li>\n<\/ul>\n\n\n\n<p><br>La gestion des cl\u00e9s API et SFTP, ainsi que les diff\u00e9rentes documentations d&#8217;int\u00e9gration sont accessibles sur le <a href=\"https:\/\/developer.mailnjoy.com\/\" target=\"_blank\" rel=\"noreferrer noopener\"><strong>portail d\u00e9veloppeur<\/strong><\/a>. Ce dernier est \u00e9galement accessible directement depuis l&#8217;interface de votre compte utilisateur Mailnjoy.<br><br>La documentation de l&#8217;API est \u00e9galement disponible et consultable directement sur <a href=\"https:\/\/github.com\/mailnjoy\/check-api\" target=\"_blank\" rel=\"noreferrer noopener\"><strong>Github<\/strong><\/a>.<\/p>\n<\/div>\n\n\n\n<div class=\"wp-block-column is-layout-flow wp-block-column-is-layout-flow\" style=\"padding-right:var(--wp--preset--spacing--30);padding-left:var(--wp--preset--spacing--30);flex-basis:45%\">\n<figure class=\"wp-block-image size-full\"><img loading=\"lazy\" decoding=\"async\" width=\"1743\" height=\"2282\" src=\"https:\/\/mailnjoy.com\/check\/wp-content\/uploads\/2024\/10\/developpeur.png\" alt=\"\" class=\"wp-image-305\" srcset=\"https:\/\/mailnjoy.com\/check\/wp-content\/uploads\/2024\/10\/developpeur.png 1743w, https:\/\/mailnjoy.com\/check\/wp-content\/uploads\/2024\/10\/developpeur-229x300.png 229w, https:\/\/mailnjoy.com\/check\/wp-content\/uploads\/2024\/10\/developpeur-782x1024.png 782w, https:\/\/mailnjoy.com\/check\/wp-content\/uploads\/2024\/10\/developpeur-768x1005.png 768w, https:\/\/mailnjoy.com\/check\/wp-content\/uploads\/2024\/10\/developpeur-1173x1536.png 1173w, https:\/\/mailnjoy.com\/check\/wp-content\/uploads\/2024\/10\/developpeur-1564x2048.png 1564w, https:\/\/mailnjoy.com\/check\/wp-content\/uploads\/2024\/10\/developpeur-1568x2053.png 1568w\" sizes=\"auto, (max-width: 1743px) 100vw, 1743px\" \/><\/figure>\n<\/div>\n<\/div>\n<\/div>\n\n\n\n<p><\/p>\n","protected":false},"excerpt":{"rendered":"<p>Int\u00e9grer notre API de v\u00e9rification email \u00e0 vos usages Int\u00e9grez directement la v\u00e9rification email dans vos outils gr\u00e2ce \u00e0 l&#8217;API Mailnjoy. Comme notre outil, l&#8217;API est op\u00e9rationnelle et destin\u00e9e \u00e0 cro\u00eetre, n&#8217;h\u00e9sitez pas \u00e0 l&#8217;essayer ! Notre but est de r\u00e9pondre \u00e0 tous vos besoins d&#8217;automatisation La gestion des cl\u00e9s API et SFTP, ainsi que [&hellip;]<\/p>\n","protected":false},"author":1,"featured_media":0,"parent":0,"menu_order":0,"comment_status":"closed","ping_status":"closed","template":"","meta":{"_uag_custom_page_level_css":"","footnotes":""},"class_list":["post-304","page","type-page","status-publish","hentry"],"yoast_head":"<!-- This site is optimized with the Yoast SEO plugin v23.6 - https:\/\/yoast.com\/wordpress\/plugins\/seo\/ -->\n<title>API de v\u00e9rification email - Mailnjoy<\/title>\n<meta name=\"description\" content=\"Utilisez l&#039;API de v\u00e9rification email de Mailnjoy afin d&#039;automatiser vos v\u00e9rifications d&#039;adresses email ou de listes emails\" \/>\n<meta name=\"robots\" content=\"index, follow, max-snippet:-1, max-image-preview:large, max-video-preview:-1\" \/>\n<link rel=\"canonical\" href=\"https:\/\/mailnjoy.com\/check\/fr\/developer\/\" \/>\n<meta name=\"twitter:label1\" content=\"Dur\u00e9e de lecture estim\u00e9e\" \/>\n\t<meta name=\"twitter:data1\" content=\"1 minute\" \/>\n<script type=\"application\/ld+json\" class=\"yoast-schema-graph\">{\"@context\":\"https:\/\/schema.org\",\"@graph\":[{\"@type\":\"WebPage\",\"@id\":\"https:\/\/mailnjoy.com\/check\/fr\/developer\/\",\"url\":\"https:\/\/mailnjoy.com\/check\/fr\/developer\/\",\"name\":\"API de v\u00e9rification email - Mailnjoy\",\"isPartOf\":{\"@id\":\"https:\/\/mailnjoy.com\/check\/#website\"},\"primaryImageOfPage\":{\"@id\":\"https:\/\/mailnjoy.com\/check\/fr\/developer\/#primaryimage\"},\"image\":{\"@id\":\"https:\/\/mailnjoy.com\/check\/fr\/developer\/#primaryimage\"},\"thumbnailUrl\":\"https:\/\/mailnjoy.com\/check\/wp-content\/uploads\/2024\/10\/developpeur.png\",\"datePublished\":\"2024-10-17T15:36:25+00:00\",\"dateModified\":\"2025-01-16T11:26:52+00:00\",\"description\":\"Utilisez l'API de v\u00e9rification email de Mailnjoy afin d'automatiser vos v\u00e9rifications d'adresses email ou de listes emails\",\"breadcrumb\":{\"@id\":\"https:\/\/mailnjoy.com\/check\/fr\/developer\/#breadcrumb\"},\"inLanguage\":\"fr-FR\",\"potentialAction\":[{\"@type\":\"ReadAction\",\"target\":[\"https:\/\/mailnjoy.com\/check\/fr\/developer\/\"]}]},{\"@type\":\"ImageObject\",\"inLanguage\":\"fr-FR\",\"@id\":\"https:\/\/mailnjoy.com\/check\/fr\/developer\/#primaryimage\",\"url\":\"https:\/\/mailnjoy.com\/check\/wp-content\/uploads\/2024\/10\/developpeur.png\",\"contentUrl\":\"https:\/\/mailnjoy.com\/check\/wp-content\/uploads\/2024\/10\/developpeur.png\"},{\"@type\":\"BreadcrumbList\",\"@id\":\"https:\/\/mailnjoy.com\/check\/fr\/developer\/#breadcrumb\",\"itemListElement\":[{\"@type\":\"ListItem\",\"position\":1,\"name\":\"Accueil\",\"item\":\"https:\/\/mailnjoy.com\/check\/fr\/\"},{\"@type\":\"ListItem\",\"position\":2,\"name\":\"D\u00e9veloppeur\"}]},{\"@type\":\"WebSite\",\"@id\":\"https:\/\/mailnjoy.com\/check\/#website\",\"url\":\"https:\/\/mailnjoy.com\/check\/\",\"name\":\"Mailnjoy\",\"description\":\"\",\"publisher\":{\"@id\":\"https:\/\/mailnjoy.com\/check\/#organization\"},\"potentialAction\":[{\"@type\":\"SearchAction\",\"target\":{\"@type\":\"EntryPoint\",\"urlTemplate\":\"https:\/\/mailnjoy.com\/check\/?s={search_term_string}\"},\"query-input\":{\"@type\":\"PropertyValueSpecification\",\"valueRequired\":true,\"valueName\":\"search_term_string\"}}],\"inLanguage\":\"fr-FR\"},{\"@type\":\"Organization\",\"@id\":\"https:\/\/mailnjoy.com\/check\/#organization\",\"name\":\"Mailnjoy\",\"url\":\"https:\/\/mailnjoy.com\/check\/\",\"logo\":{\"@type\":\"ImageObject\",\"inLanguage\":\"fr-FR\",\"@id\":\"https:\/\/mailnjoy.com\/check\/#\/schema\/logo\/image\/\",\"url\":\"https:\/\/mailnjoy.com\/check\/wp-content\/uploads\/2024\/10\/check_logo_small_text_by.png\",\"contentUrl\":\"https:\/\/mailnjoy.com\/check\/wp-content\/uploads\/2024\/10\/check_logo_small_text_by.png\",\"width\":400,\"height\":347,\"caption\":\"Mailnjoy\"},\"image\":{\"@id\":\"https:\/\/mailnjoy.com\/check\/#\/schema\/logo\/image\/\"}}]}<\/script>\n<!-- \/ Yoast SEO plugin. -->","yoast_head_json":{"title":"API de v\u00e9rification email - Mailnjoy","description":"Utilisez l'API de v\u00e9rification email de Mailnjoy afin d'automatiser vos v\u00e9rifications d'adresses email ou de listes emails","robots":{"index":"index","follow":"follow","max-snippet":"max-snippet:-1","max-image-preview":"max-image-preview:large","max-video-preview":"max-video-preview:-1"},"canonical":"https:\/\/mailnjoy.com\/check\/fr\/developer\/","twitter_misc":{"Dur\u00e9e de lecture estim\u00e9e":"1 minute"},"schema":{"@context":"https:\/\/schema.org","@graph":[{"@type":"WebPage","@id":"https:\/\/mailnjoy.com\/check\/fr\/developer\/","url":"https:\/\/mailnjoy.com\/check\/fr\/developer\/","name":"API de v\u00e9rification email - Mailnjoy","isPartOf":{"@id":"https:\/\/mailnjoy.com\/check\/#website"},"primaryImageOfPage":{"@id":"https:\/\/mailnjoy.com\/check\/fr\/developer\/#primaryimage"},"image":{"@id":"https:\/\/mailnjoy.com\/check\/fr\/developer\/#primaryimage"},"thumbnailUrl":"https:\/\/mailnjoy.com\/check\/wp-content\/uploads\/2024\/10\/developpeur.png","datePublished":"2024-10-17T15:36:25+00:00","dateModified":"2025-01-16T11:26:52+00:00","description":"Utilisez l'API de v\u00e9rification email de Mailnjoy afin d'automatiser vos v\u00e9rifications d'adresses email ou de listes emails","breadcrumb":{"@id":"https:\/\/mailnjoy.com\/check\/fr\/developer\/#breadcrumb"},"inLanguage":"fr-FR","potentialAction":[{"@type":"ReadAction","target":["https:\/\/mailnjoy.com\/check\/fr\/developer\/"]}]},{"@type":"ImageObject","inLanguage":"fr-FR","@id":"https:\/\/mailnjoy.com\/check\/fr\/developer\/#primaryimage","url":"https:\/\/mailnjoy.com\/check\/wp-content\/uploads\/2024\/10\/developpeur.png","contentUrl":"https:\/\/mailnjoy.com\/check\/wp-content\/uploads\/2024\/10\/developpeur.png"},{"@type":"BreadcrumbList","@id":"https:\/\/mailnjoy.com\/check\/fr\/developer\/#breadcrumb","itemListElement":[{"@type":"ListItem","position":1,"name":"Accueil","item":"https:\/\/mailnjoy.com\/check\/fr\/"},{"@type":"ListItem","position":2,"name":"D\u00e9veloppeur"}]},{"@type":"WebSite","@id":"https:\/\/mailnjoy.com\/check\/#website","url":"https:\/\/mailnjoy.com\/check\/","name":"Mailnjoy","description":"","publisher":{"@id":"https:\/\/mailnjoy.com\/check\/#organization"},"potentialAction":[{"@type":"SearchAction","target":{"@type":"EntryPoint","urlTemplate":"https:\/\/mailnjoy.com\/check\/?s={search_term_string}"},"query-input":{"@type":"PropertyValueSpecification","valueRequired":true,"valueName":"search_term_string"}}],"inLanguage":"fr-FR"},{"@type":"Organization","@id":"https:\/\/mailnjoy.com\/check\/#organization","name":"Mailnjoy","url":"https:\/\/mailnjoy.com\/check\/","logo":{"@type":"ImageObject","inLanguage":"fr-FR","@id":"https:\/\/mailnjoy.com\/check\/#\/schema\/logo\/image\/","url":"https:\/\/mailnjoy.com\/check\/wp-content\/uploads\/2024\/10\/check_logo_small_text_by.png","contentUrl":"https:\/\/mailnjoy.com\/check\/wp-content\/uploads\/2024\/10\/check_logo_small_text_by.png","width":400,"height":347,"caption":"Mailnjoy"},"image":{"@id":"https:\/\/mailnjoy.com\/check\/#\/schema\/logo\/image\/"}}]}},"lang":"fr","translations":{"fr":304,"en":316,"es":1170,"de":1173,"it":1176,"pt":1179},"uagb_featured_image_src":{"full":false,"thumbnail":false,"medium":false,"medium_large":false,"large":false,"1536x1536":false,"2048x2048":false,"post-thumbnail":false},"uagb_author_info":{"display_name":"sylvain","author_link":"https:\/\/mailnjoy.com\/check\/author\/sylvain\/"},"uagb_comment_info":0,"uagb_excerpt":"Int\u00e9grer notre API de v\u00e9rification email \u00e0 vos usages Int\u00e9grez directement la v\u00e9rification email dans vos outils gr\u00e2ce \u00e0 l&#8217;API Mailnjoy. Comme notre outil, l&#8217;API est op\u00e9rationnelle et destin\u00e9e \u00e0 cro\u00eetre, n&#8217;h\u00e9sitez pas \u00e0 l&#8217;essayer ! Notre but est de r\u00e9pondre \u00e0 tous vos besoins d&#8217;automatisation La gestion des cl\u00e9s API et SFTP, ainsi que\u2026","pll_sync_post":[],"_links":{"self":[{"href":"https:\/\/mailnjoy.com\/check\/wp-json\/wp\/v2\/pages\/304","targetHints":{"allow":["GET"]}}],"collection":[{"href":"https:\/\/mailnjoy.com\/check\/wp-json\/wp\/v2\/pages"}],"about":[{"href":"https:\/\/mailnjoy.com\/check\/wp-json\/wp\/v2\/types\/page"}],"author":[{"embeddable":true,"href":"https:\/\/mailnjoy.com\/check\/wp-json\/wp\/v2\/users\/1"}],"replies":[{"embeddable":true,"href":"https:\/\/mailnjoy.com\/check\/wp-json\/wp\/v2\/comments?post=304"}],"version-history":[{"count":19,"href":"https:\/\/mailnjoy.com\/check\/wp-json\/wp\/v2\/pages\/304\/revisions"}],"predecessor-version":[{"id":1041,"href":"https:\/\/mailnjoy.com\/check\/wp-json\/wp\/v2\/pages\/304\/revisions\/1041"}],"wp:attachment":[{"href":"https:\/\/mailnjoy.com\/check\/wp-json\/wp\/v2\/media?parent=304"}],"curies":[{"name":"wp","href":"https:\/\/api.w.org\/{rel}","templated":true}]}}