{"id":318,"date":"2024-10-17T17:54:53","date_gmt":"2024-10-17T15:54:53","guid":{"rendered":"https:\/\/ownmailist.net\/check\/?page_id=318"},"modified":"2025-01-16T12:47:13","modified_gmt":"2025-01-16T11:47:13","slug":"ecology","status":"publish","type":"page","link":"https:\/\/mailnjoy.com\/check\/fr\/ecology\/","title":{"rendered":"\u00c9cologie"},"content":{"rendered":"\n<div class=\"wp-block-group alignwide has-global-padding is-layout-constrained wp-block-group-is-layout-constrained\">\n<div class=\"wp-block-columns alignwide is-layout-flex wp-container-core-columns-is-layout-a85f4655 wp-block-columns-is-layout-flex\">\n<div class=\"wp-block-column is-layout-flow wp-block-column-is-layout-flow\" style=\"flex-basis:55%\">\n<h1 class=\"wp-block-heading\">Nous nous engageons pour notre plan\u00e8te<\/h1>\n\n\n\n<p>Parce que nous sommes convaincus que chaque geste compte, nous contribuons \u00e0 la sauvegarde de notre environnement et vous aidons \u00e0 faire de m\u00eame.<\/p>\n\n\n\n<h2 class=\"wp-block-heading has-green-color has-text-color has-link-color wp-elements-c3c2d56f55e7f6c95d88770f823b22a6\" style=\"font-size:clamp(0.984rem, 0.984rem + ((1vw - 0.2rem) * 0.86), 1.5rem);\">Nous prenons pour cela deux engagements :<\/h2>\n\n\n\n<ul class=\"wp-block-list check-list\">\n<li><strong>Vous aider \u00e0 diminuer l&#8217;impact carbonne r\u00e9current de vos campagnes emailing<\/strong><br>En plus de vous faire perdre de l&#8217;argent inutilement, chaque email envoy\u00e9 sur une boite non lue ou inexistante a une empreinte carbone.<br>Entretenir une bonne hygi\u00e8ne de liste est donc un geste \u00e9co-citoyen.<br>Vous aussi soyez acteur des petits gestes qui, mis bout \u00e0 bout, font de grandes actions, et devenez un \u00e9co-emaileur pour notre bien commun !<\/li>\n\n\n\n<li><strong>Verser une partie de nos b\u00e9n\u00e9fices \u00e0 des associations environnementales<\/strong><br>Un geste qui \u00e0 lui seul ne changera certes pas le monde, mais qui va dans le sens de nos valeurs et de notre engagement !<\/li>\n<\/ul>\n<\/div>\n\n\n\n<div class=\"wp-block-column is-layout-flow wp-block-column-is-layout-flow\" style=\"padding-right:var(--wp--preset--spacing--30);padding-left:var(--wp--preset--spacing--30);flex-basis:45%\">\n<figure class=\"wp-block-image size-full\"><img loading=\"lazy\" decoding=\"async\" width=\"600\" height=\"600\" src=\"https:\/\/mailnjoy.com\/check\/wp-content\/uploads\/2024\/10\/ecology.png\" alt=\"\" class=\"wp-image-319\" srcset=\"https:\/\/mailnjoy.com\/check\/wp-content\/uploads\/2024\/10\/ecology.png 600w, https:\/\/mailnjoy.com\/check\/wp-content\/uploads\/2024\/10\/ecology-300x300.png 300w, https:\/\/mailnjoy.com\/check\/wp-content\/uploads\/2024\/10\/ecology-150x150.png 150w\" sizes=\"auto, (max-width: 600px) 100vw, 600px\" \/><\/figure>\n<\/div>\n<\/div>\n<\/div>\n","protected":false},"excerpt":{"rendered":"<p>Nous nous engageons pour notre plan\u00e8te Parce que nous sommes convaincus que chaque geste compte, nous contribuons \u00e0 la sauvegarde de notre environnement et vous aidons \u00e0 faire de m\u00eame. Nous prenons pour cela deux engagements :<\/p>\n","protected":false},"author":1,"featured_media":0,"parent":0,"menu_order":0,"comment_status":"closed","ping_status":"closed","template":"","meta":{"_uag_custom_page_level_css":"","footnotes":""},"class_list":["post-318","page","type-page","status-publish","hentry"],"yoast_head":"<!-- This site is optimized with the Yoast SEO plugin v23.6 - https:\/\/yoast.com\/wordpress\/plugins\/seo\/ -->\n<title>Engagement \u00e9cologique - Mailnjoy<\/title>\n<meta name=\"description\" content=\"D\u00e9couvrez en quoi la v\u00e9rification email a un impact \u00e9cologique et nos engagements de valeurs\" \/>\n<meta name=\"robots\" content=\"index, follow, max-snippet:-1, max-image-preview:large, max-video-preview:-1\" \/>\n<link rel=\"canonical\" href=\"https:\/\/mailnjoy.com\/check\/fr\/ecology\/\" \/>\n<meta name=\"twitter:label1\" content=\"Dur\u00e9e de lecture estim\u00e9e\" \/>\n\t<meta name=\"twitter:data1\" content=\"1 minute\" \/>\n<script type=\"application\/ld+json\" class=\"yoast-schema-graph\">{\"@context\":\"https:\/\/schema.org\",\"@graph\":[{\"@type\":\"WebPage\",\"@id\":\"https:\/\/mailnjoy.com\/check\/fr\/ecology\/\",\"url\":\"https:\/\/mailnjoy.com\/check\/fr\/ecology\/\",\"name\":\"Engagement \u00e9cologique - Mailnjoy\",\"isPartOf\":{\"@id\":\"https:\/\/mailnjoy.com\/check\/#website\"},\"primaryImageOfPage\":{\"@id\":\"https:\/\/mailnjoy.com\/check\/fr\/ecology\/#primaryimage\"},\"image\":{\"@id\":\"https:\/\/mailnjoy.com\/check\/fr\/ecology\/#primaryimage\"},\"thumbnailUrl\":\"https:\/\/mailnjoy.com\/check\/wp-content\/uploads\/2024\/10\/ecology.png\",\"datePublished\":\"2024-10-17T15:54:53+00:00\",\"dateModified\":\"2025-01-16T11:47:13+00:00\",\"description\":\"D\u00e9couvrez en quoi la v\u00e9rification email a un impact \u00e9cologique et nos engagements de valeurs\",\"breadcrumb\":{\"@id\":\"https:\/\/mailnjoy.com\/check\/fr\/ecology\/#breadcrumb\"},\"inLanguage\":\"fr-FR\",\"potentialAction\":[{\"@type\":\"ReadAction\",\"target\":[\"https:\/\/mailnjoy.com\/check\/fr\/ecology\/\"]}]},{\"@type\":\"ImageObject\",\"inLanguage\":\"fr-FR\",\"@id\":\"https:\/\/mailnjoy.com\/check\/fr\/ecology\/#primaryimage\",\"url\":\"https:\/\/mailnjoy.com\/check\/wp-content\/uploads\/2024\/10\/ecology.png\",\"contentUrl\":\"https:\/\/mailnjoy.com\/check\/wp-content\/uploads\/2024\/10\/ecology.png\"},{\"@type\":\"BreadcrumbList\",\"@id\":\"https:\/\/mailnjoy.com\/check\/fr\/ecology\/#breadcrumb\",\"itemListElement\":[{\"@type\":\"ListItem\",\"position\":1,\"name\":\"Accueil\",\"item\":\"https:\/\/mailnjoy.com\/check\/fr\/\"},{\"@type\":\"ListItem\",\"position\":2,\"name\":\"\u00c9cologie\"}]},{\"@type\":\"WebSite\",\"@id\":\"https:\/\/mailnjoy.com\/check\/#website\",\"url\":\"https:\/\/mailnjoy.com\/check\/\",\"name\":\"Mailnjoy\",\"description\":\"\",\"publisher\":{\"@id\":\"https:\/\/mailnjoy.com\/check\/#organization\"},\"potentialAction\":[{\"@type\":\"SearchAction\",\"target\":{\"@type\":\"EntryPoint\",\"urlTemplate\":\"https:\/\/mailnjoy.com\/check\/?s={search_term_string}\"},\"query-input\":{\"@type\":\"PropertyValueSpecification\",\"valueRequired\":true,\"valueName\":\"search_term_string\"}}],\"inLanguage\":\"fr-FR\"},{\"@type\":\"Organization\",\"@id\":\"https:\/\/mailnjoy.com\/check\/#organization\",\"name\":\"Mailnjoy\",\"url\":\"https:\/\/mailnjoy.com\/check\/\",\"logo\":{\"@type\":\"ImageObject\",\"inLanguage\":\"fr-FR\",\"@id\":\"https:\/\/mailnjoy.com\/check\/#\/schema\/logo\/image\/\",\"url\":\"https:\/\/mailnjoy.com\/check\/wp-content\/uploads\/2024\/10\/check_logo_small_text_by.png\",\"contentUrl\":\"https:\/\/mailnjoy.com\/check\/wp-content\/uploads\/2024\/10\/check_logo_small_text_by.png\",\"width\":400,\"height\":347,\"caption\":\"Mailnjoy\"},\"image\":{\"@id\":\"https:\/\/mailnjoy.com\/check\/#\/schema\/logo\/image\/\"}}]}<\/script>\n<!-- \/ Yoast SEO plugin. -->","yoast_head_json":{"title":"Engagement \u00e9cologique - Mailnjoy","description":"D\u00e9couvrez en quoi la v\u00e9rification email a un impact \u00e9cologique et nos engagements de valeurs","robots":{"index":"index","follow":"follow","max-snippet":"max-snippet:-1","max-image-preview":"max-image-preview:large","max-video-preview":"max-video-preview:-1"},"canonical":"https:\/\/mailnjoy.com\/check\/fr\/ecology\/","twitter_misc":{"Dur\u00e9e de lecture estim\u00e9e":"1 minute"},"schema":{"@context":"https:\/\/schema.org","@graph":[{"@type":"WebPage","@id":"https:\/\/mailnjoy.com\/check\/fr\/ecology\/","url":"https:\/\/mailnjoy.com\/check\/fr\/ecology\/","name":"Engagement \u00e9cologique - Mailnjoy","isPartOf":{"@id":"https:\/\/mailnjoy.com\/check\/#website"},"primaryImageOfPage":{"@id":"https:\/\/mailnjoy.com\/check\/fr\/ecology\/#primaryimage"},"image":{"@id":"https:\/\/mailnjoy.com\/check\/fr\/ecology\/#primaryimage"},"thumbnailUrl":"https:\/\/mailnjoy.com\/check\/wp-content\/uploads\/2024\/10\/ecology.png","datePublished":"2024-10-17T15:54:53+00:00","dateModified":"2025-01-16T11:47:13+00:00","description":"D\u00e9couvrez en quoi la v\u00e9rification email a un impact \u00e9cologique et nos engagements de valeurs","breadcrumb":{"@id":"https:\/\/mailnjoy.com\/check\/fr\/ecology\/#breadcrumb"},"inLanguage":"fr-FR","potentialAction":[{"@type":"ReadAction","target":["https:\/\/mailnjoy.com\/check\/fr\/ecology\/"]}]},{"@type":"ImageObject","inLanguage":"fr-FR","@id":"https:\/\/mailnjoy.com\/check\/fr\/ecology\/#primaryimage","url":"https:\/\/mailnjoy.com\/check\/wp-content\/uploads\/2024\/10\/ecology.png","contentUrl":"https:\/\/mailnjoy.com\/check\/wp-content\/uploads\/2024\/10\/ecology.png"},{"@type":"BreadcrumbList","@id":"https:\/\/mailnjoy.com\/check\/fr\/ecology\/#breadcrumb","itemListElement":[{"@type":"ListItem","position":1,"name":"Accueil","item":"https:\/\/mailnjoy.com\/check\/fr\/"},{"@type":"ListItem","position":2,"name":"\u00c9cologie"}]},{"@type":"WebSite","@id":"https:\/\/mailnjoy.com\/check\/#website","url":"https:\/\/mailnjoy.com\/check\/","name":"Mailnjoy","description":"","publisher":{"@id":"https:\/\/mailnjoy.com\/check\/#organization"},"potentialAction":[{"@type":"SearchAction","target":{"@type":"EntryPoint","urlTemplate":"https:\/\/mailnjoy.com\/check\/?s={search_term_string}"},"query-input":{"@type":"PropertyValueSpecification","valueRequired":true,"valueName":"search_term_string"}}],"inLanguage":"fr-FR"},{"@type":"Organization","@id":"https:\/\/mailnjoy.com\/check\/#organization","name":"Mailnjoy","url":"https:\/\/mailnjoy.com\/check\/","logo":{"@type":"ImageObject","inLanguage":"fr-FR","@id":"https:\/\/mailnjoy.com\/check\/#\/schema\/logo\/image\/","url":"https:\/\/mailnjoy.com\/check\/wp-content\/uploads\/2024\/10\/check_logo_small_text_by.png","contentUrl":"https:\/\/mailnjoy.com\/check\/wp-content\/uploads\/2024\/10\/check_logo_small_text_by.png","width":400,"height":347,"caption":"Mailnjoy"},"image":{"@id":"https:\/\/mailnjoy.com\/check\/#\/schema\/logo\/image\/"}}]}},"lang":"fr","translations":{"fr":318,"en":321,"es":1183,"de":1186,"it":1189,"pt":1192},"uagb_featured_image_src":{"full":false,"thumbnail":false,"medium":false,"medium_large":false,"large":false,"1536x1536":false,"2048x2048":false,"post-thumbnail":false},"uagb_author_info":{"display_name":"sylvain","author_link":"https:\/\/mailnjoy.com\/check\/author\/sylvain\/"},"uagb_comment_info":0,"uagb_excerpt":"Nous nous engageons pour notre plan\u00e8te Parce que nous sommes convaincus que chaque geste compte, nous contribuons \u00e0 la sauvegarde de notre environnement et vous aidons \u00e0 faire de m\u00eame. Nous prenons pour cela deux engagements :","pll_sync_post":[],"_links":{"self":[{"href":"https:\/\/mailnjoy.com\/check\/wp-json\/wp\/v2\/pages\/318","targetHints":{"allow":["GET"]}}],"collection":[{"href":"https:\/\/mailnjoy.com\/check\/wp-json\/wp\/v2\/pages"}],"about":[{"href":"https:\/\/mailnjoy.com\/check\/wp-json\/wp\/v2\/types\/page"}],"author":[{"embeddable":true,"href":"https:\/\/mailnjoy.com\/check\/wp-json\/wp\/v2\/users\/1"}],"replies":[{"embeddable":true,"href":"https:\/\/mailnjoy.com\/check\/wp-json\/wp\/v2\/comments?post=318"}],"version-history":[{"count":1,"href":"https:\/\/mailnjoy.com\/check\/wp-json\/wp\/v2\/pages\/318\/revisions"}],"predecessor-version":[{"id":320,"href":"https:\/\/mailnjoy.com\/check\/wp-json\/wp\/v2\/pages\/318\/revisions\/320"}],"wp:attachment":[{"href":"https:\/\/mailnjoy.com\/check\/wp-json\/wp\/v2\/media?parent=318"}],"curies":[{"name":"wp","href":"https:\/\/api.w.org\/{rel}","templated":true}]}}