{"id":75,"date":"2024-10-14T20:01:53","date_gmt":"2024-10-14T18:01:53","guid":{"rendered":"https:\/\/ownmailist.net\/?page_id=75"},"modified":"2025-01-17T10:59:24","modified_gmt":"2025-01-17T09:59:24","slug":"partners","status":"publish","type":"page","link":"https:\/\/mailnjoy.com\/check\/fr\/partners\/","title":{"rendered":"Nos partenaires"},"content":{"rendered":"\n<div class=\"wp-block-group has-global-padding is-layout-constrained wp-block-group-is-layout-constrained\">\n<h1 class=\"wp-block-heading has-text-align-center\">Nos partenaires<\/h1>\n\n\n\n<p class=\"has-text-align-center\">Le monde de l&#8217;emailling \u00e9tant vaste et complexe, Mailnjoy est heureux de pouvoir vous aider \u00e0 naviguer dans la masse d&#8217;outils existants en vous proposant la liste de tous nos partenaires de confiance. N&#8217;h\u00e9sitez pas \u00e0 visiter leurs sites !<\/p>\n<\/div>\n\n\n\n<div class=\"wp-block-group has-global-padding is-layout-constrained wp-block-group-is-layout-constrained\">\n<div class=\"wp-block-columns align-stretch partners is-layout-flex wp-container-core-columns-is-layout-f85e5524 wp-block-columns-is-layout-flex\" style=\"padding-top:var(--wp--preset--spacing--30)\">\n<div class=\"wp-block-column is-layout-flow wp-block-column-is-layout-flow\">\n<div class=\"wp-block-group box box-bordered is-layout-flow wp-block-group-is-layout-flow\">\n<figure class=\"wp-block-image aligncenter size-full\"><img loading=\"lazy\" decoding=\"async\" width=\"542\" height=\"239\" src=\"https:\/\/mailnjoy.com\/check\/wp-content\/uploads\/2024\/10\/mailvio-logo.6323b24a.png\" alt=\"\" class=\"wp-image-219\" style=\"object-fit:cover\" srcset=\"https:\/\/mailnjoy.com\/check\/wp-content\/uploads\/2024\/10\/mailvio-logo.6323b24a.png 542w, https:\/\/mailnjoy.com\/check\/wp-content\/uploads\/2024\/10\/mailvio-logo.6323b24a-300x132.png 300w\" sizes=\"auto, (max-width: 542px) 100vw, 542px\" \/><\/figure>\n\n\n\n<p>Mailvio est la plateforme d&#8217;email marketing de r\u00e9f\u00e9rence pour les affili\u00e9s qui cherchent \u00e0 maximiser leur potentiel de revenus. La plateforme permet aux affili\u00e9s de mon\u00e9tiser leur audience plus efficacement gr\u00e2ce \u00e0 une automatisation avanc\u00e9e, des fonctionnalit\u00e9s bas\u00e9es sur l&#8217;IA et une segmentation pr\u00e9cise. Avec Mailvio, les affili\u00e9s peuvent augmenter leurs revenus sans avoir recours \u00e0 des tactiques de spam, gr\u00e2ce \u00e0 une interface conviviale et \u00e0 des outils puissants.<\/p>\n\n\n\n<div class=\"wp-block-buttons is-content-justification-center is-layout-flex wp-container-core-buttons-is-layout-a89b3969 wp-block-buttons-is-layout-flex\">\n<div class=\"wp-block-button is-style-outline is-style-outline--1\"><a class=\"wp-block-button__link wp-element-button\" href=\"https:\/\/mailnjoy.com\/check\/fr\/partners\/mailvio\/\">D\u00e9couvrir Mailvio<\/a><\/div>\n<\/div>\n<\/div>\n<\/div>\n\n\n\n<div class=\"wp-block-column is-layout-flow wp-block-column-is-layout-flow\">\n<div class=\"wp-block-group box box-bordered is-layout-flow wp-block-group-is-layout-flow\">\n<figure class=\"wp-block-image aligncenter size-full\"><img loading=\"lazy\" decoding=\"async\" width=\"300\" height=\"134\" src=\"https:\/\/mailnjoy.com\/check\/wp-content\/uploads\/2024\/10\/blog-du-digital-1.png\" alt=\"\" class=\"wp-image-223\" style=\"object-fit:cover\"\/><\/figure>\n\n\n\n<p>Le blog du digital regroupe un grand nombre de conseils et d&#8217;astuces afin de venir en aide aux professionnels de la communication et du marketing. Concr\u00e8tement, ils publient chaque semaine plusieurs dossiers sur les th\u00e9matiques suivantes :<\/p>\n\n\n\n<ul class=\"wp-block-list\">\n<li>SEO : R\u00e9f\u00e9rencement naturel<\/li>\n\n\n\n<li>Emailing et newsletter<\/li>\n\n\n\n<li>SEA : r\u00e9f\u00e9rencement payant<\/li>\n\n\n\n<li>Webmaster : cr\u00e9ation, refonte et optimisation de sites internet<\/li>\n<\/ul>\n\n\n\n<div class=\"wp-block-buttons is-layout-flex wp-block-buttons-is-layout-flex\">\n<div class=\"wp-block-button is-style-outline is-style-outline--2\"><a class=\"wp-block-button__link wp-element-button\" href=\"https:\/\/mailnjoy.com\/check\/fr\/partners\/bdd\/\">D\u00e9couvrir Le Blog du Digital<\/a><\/div>\n<\/div>\n<\/div>\n<\/div>\n<\/div>\n<\/div>\n","protected":false},"excerpt":{"rendered":"<p>Nos partenaires Le monde de l&#8217;emailling \u00e9tant vaste et complexe, Mailnjoy est heureux de pouvoir vous aider \u00e0 naviguer dans la masse d&#8217;outils existants en vous proposant la liste de tous nos partenaires de confiance. N&#8217;h\u00e9sitez pas \u00e0 visiter leurs sites ! Mailvio est la plateforme d&#8217;email marketing de r\u00e9f\u00e9rence pour les affili\u00e9s qui cherchent [&hellip;]<\/p>\n","protected":false},"author":1,"featured_media":0,"parent":0,"menu_order":0,"comment_status":"closed","ping_status":"closed","template":"","meta":{"_uag_custom_page_level_css":"","footnotes":""},"class_list":["post-75","page","type-page","status-publish","hentry"],"yoast_head":"<!-- This site is optimized with the Yoast SEO plugin v23.6 - https:\/\/yoast.com\/wordpress\/plugins\/seo\/ -->\n<title>Nos partenaires - Mailnjoy<\/title>\n<meta name=\"description\" content=\"D\u00e9couvrez les partenaires de Mailnjoy, des acteurs de confiance pour vos besoins en emailing\" \/>\n<meta name=\"robots\" content=\"index, follow, max-snippet:-1, max-image-preview:large, max-video-preview:-1\" \/>\n<link rel=\"canonical\" href=\"https:\/\/mailnjoy.com\/check\/fr\/partners\/\" \/>\n<meta name=\"twitter:label1\" content=\"Dur\u00e9e de lecture estim\u00e9e\" \/>\n\t<meta name=\"twitter:data1\" content=\"2 minutes\" \/>\n<script type=\"application\/ld+json\" class=\"yoast-schema-graph\">{\"@context\":\"https:\/\/schema.org\",\"@graph\":[{\"@type\":\"WebPage\",\"@id\":\"https:\/\/mailnjoy.com\/check\/fr\/partners\/\",\"url\":\"https:\/\/mailnjoy.com\/check\/fr\/partners\/\",\"name\":\"Nos partenaires - Mailnjoy\",\"isPartOf\":{\"@id\":\"https:\/\/mailnjoy.com\/check\/#website\"},\"primaryImageOfPage\":{\"@id\":\"https:\/\/mailnjoy.com\/check\/fr\/partners\/#primaryimage\"},\"image\":{\"@id\":\"https:\/\/mailnjoy.com\/check\/fr\/partners\/#primaryimage\"},\"thumbnailUrl\":\"https:\/\/mailnjoy.com\/check\/wp-content\/uploads\/2024\/10\/mailvio-logo.6323b24a.png\",\"datePublished\":\"2024-10-14T18:01:53+00:00\",\"dateModified\":\"2025-01-17T09:59:24+00:00\",\"description\":\"D\u00e9couvrez les partenaires de Mailnjoy, des acteurs de confiance pour vos besoins en emailing\",\"breadcrumb\":{\"@id\":\"https:\/\/mailnjoy.com\/check\/fr\/partners\/#breadcrumb\"},\"inLanguage\":\"fr-FR\",\"potentialAction\":[{\"@type\":\"ReadAction\",\"target\":[\"https:\/\/mailnjoy.com\/check\/fr\/partners\/\"]}]},{\"@type\":\"ImageObject\",\"inLanguage\":\"fr-FR\",\"@id\":\"https:\/\/mailnjoy.com\/check\/fr\/partners\/#primaryimage\",\"url\":\"https:\/\/mailnjoy.com\/check\/wp-content\/uploads\/2024\/10\/mailvio-logo.6323b24a.png\",\"contentUrl\":\"https:\/\/mailnjoy.com\/check\/wp-content\/uploads\/2024\/10\/mailvio-logo.6323b24a.png\"},{\"@type\":\"BreadcrumbList\",\"@id\":\"https:\/\/mailnjoy.com\/check\/fr\/partners\/#breadcrumb\",\"itemListElement\":[{\"@type\":\"ListItem\",\"position\":1,\"name\":\"Accueil\",\"item\":\"https:\/\/mailnjoy.com\/check\/fr\/\"},{\"@type\":\"ListItem\",\"position\":2,\"name\":\"Nos partenaires\"}]},{\"@type\":\"WebSite\",\"@id\":\"https:\/\/mailnjoy.com\/check\/#website\",\"url\":\"https:\/\/mailnjoy.com\/check\/\",\"name\":\"Mailnjoy\",\"description\":\"\",\"publisher\":{\"@id\":\"https:\/\/mailnjoy.com\/check\/#organization\"},\"potentialAction\":[{\"@type\":\"SearchAction\",\"target\":{\"@type\":\"EntryPoint\",\"urlTemplate\":\"https:\/\/mailnjoy.com\/check\/?s={search_term_string}\"},\"query-input\":{\"@type\":\"PropertyValueSpecification\",\"valueRequired\":true,\"valueName\":\"search_term_string\"}}],\"inLanguage\":\"fr-FR\"},{\"@type\":\"Organization\",\"@id\":\"https:\/\/mailnjoy.com\/check\/#organization\",\"name\":\"Mailnjoy\",\"url\":\"https:\/\/mailnjoy.com\/check\/\",\"logo\":{\"@type\":\"ImageObject\",\"inLanguage\":\"fr-FR\",\"@id\":\"https:\/\/mailnjoy.com\/check\/#\/schema\/logo\/image\/\",\"url\":\"https:\/\/mailnjoy.com\/check\/wp-content\/uploads\/2024\/10\/check_logo_small_text_by.png\",\"contentUrl\":\"https:\/\/mailnjoy.com\/check\/wp-content\/uploads\/2024\/10\/check_logo_small_text_by.png\",\"width\":400,\"height\":347,\"caption\":\"Mailnjoy\"},\"image\":{\"@id\":\"https:\/\/mailnjoy.com\/check\/#\/schema\/logo\/image\/\"}}]}<\/script>\n<!-- \/ Yoast SEO plugin. -->","yoast_head_json":{"title":"Nos partenaires - Mailnjoy","description":"D\u00e9couvrez les partenaires de Mailnjoy, des acteurs de confiance pour vos besoins en emailing","robots":{"index":"index","follow":"follow","max-snippet":"max-snippet:-1","max-image-preview":"max-image-preview:large","max-video-preview":"max-video-preview:-1"},"canonical":"https:\/\/mailnjoy.com\/check\/fr\/partners\/","twitter_misc":{"Dur\u00e9e de lecture estim\u00e9e":"2 minutes"},"schema":{"@context":"https:\/\/schema.org","@graph":[{"@type":"WebPage","@id":"https:\/\/mailnjoy.com\/check\/fr\/partners\/","url":"https:\/\/mailnjoy.com\/check\/fr\/partners\/","name":"Nos partenaires - Mailnjoy","isPartOf":{"@id":"https:\/\/mailnjoy.com\/check\/#website"},"primaryImageOfPage":{"@id":"https:\/\/mailnjoy.com\/check\/fr\/partners\/#primaryimage"},"image":{"@id":"https:\/\/mailnjoy.com\/check\/fr\/partners\/#primaryimage"},"thumbnailUrl":"https:\/\/mailnjoy.com\/check\/wp-content\/uploads\/2024\/10\/mailvio-logo.6323b24a.png","datePublished":"2024-10-14T18:01:53+00:00","dateModified":"2025-01-17T09:59:24+00:00","description":"D\u00e9couvrez les partenaires de Mailnjoy, des acteurs de confiance pour vos besoins en emailing","breadcrumb":{"@id":"https:\/\/mailnjoy.com\/check\/fr\/partners\/#breadcrumb"},"inLanguage":"fr-FR","potentialAction":[{"@type":"ReadAction","target":["https:\/\/mailnjoy.com\/check\/fr\/partners\/"]}]},{"@type":"ImageObject","inLanguage":"fr-FR","@id":"https:\/\/mailnjoy.com\/check\/fr\/partners\/#primaryimage","url":"https:\/\/mailnjoy.com\/check\/wp-content\/uploads\/2024\/10\/mailvio-logo.6323b24a.png","contentUrl":"https:\/\/mailnjoy.com\/check\/wp-content\/uploads\/2024\/10\/mailvio-logo.6323b24a.png"},{"@type":"BreadcrumbList","@id":"https:\/\/mailnjoy.com\/check\/fr\/partners\/#breadcrumb","itemListElement":[{"@type":"ListItem","position":1,"name":"Accueil","item":"https:\/\/mailnjoy.com\/check\/fr\/"},{"@type":"ListItem","position":2,"name":"Nos partenaires"}]},{"@type":"WebSite","@id":"https:\/\/mailnjoy.com\/check\/#website","url":"https:\/\/mailnjoy.com\/check\/","name":"Mailnjoy","description":"","publisher":{"@id":"https:\/\/mailnjoy.com\/check\/#organization"},"potentialAction":[{"@type":"SearchAction","target":{"@type":"EntryPoint","urlTemplate":"https:\/\/mailnjoy.com\/check\/?s={search_term_string}"},"query-input":{"@type":"PropertyValueSpecification","valueRequired":true,"valueName":"search_term_string"}}],"inLanguage":"fr-FR"},{"@type":"Organization","@id":"https:\/\/mailnjoy.com\/check\/#organization","name":"Mailnjoy","url":"https:\/\/mailnjoy.com\/check\/","logo":{"@type":"ImageObject","inLanguage":"fr-FR","@id":"https:\/\/mailnjoy.com\/check\/#\/schema\/logo\/image\/","url":"https:\/\/mailnjoy.com\/check\/wp-content\/uploads\/2024\/10\/check_logo_small_text_by.png","contentUrl":"https:\/\/mailnjoy.com\/check\/wp-content\/uploads\/2024\/10\/check_logo_small_text_by.png","width":400,"height":347,"caption":"Mailnjoy"},"image":{"@id":"https:\/\/mailnjoy.com\/check\/#\/schema\/logo\/image\/"}}]}},"lang":"fr","translations":{"fr":75,"en":261,"es":1195,"de":1198,"it":1201,"pt":1207},"uagb_featured_image_src":{"full":false,"thumbnail":false,"medium":false,"medium_large":false,"large":false,"1536x1536":false,"2048x2048":false,"post-thumbnail":false},"uagb_author_info":{"display_name":"sylvain","author_link":"https:\/\/mailnjoy.com\/check\/author\/sylvain\/"},"uagb_comment_info":0,"uagb_excerpt":"Nos partenaires Le monde de l&#8217;emailling \u00e9tant vaste et complexe, Mailnjoy est heureux de pouvoir vous aider \u00e0 naviguer dans la masse d&#8217;outils existants en vous proposant la liste de tous nos partenaires de confiance. N&#8217;h\u00e9sitez pas \u00e0 visiter leurs sites ! Mailvio est la plateforme d&#8217;email marketing de r\u00e9f\u00e9rence pour les affili\u00e9s qui cherchent\u2026","pll_sync_post":[],"_links":{"self":[{"href":"https:\/\/mailnjoy.com\/check\/wp-json\/wp\/v2\/pages\/75","targetHints":{"allow":["GET"]}}],"collection":[{"href":"https:\/\/mailnjoy.com\/check\/wp-json\/wp\/v2\/pages"}],"about":[{"href":"https:\/\/mailnjoy.com\/check\/wp-json\/wp\/v2\/types\/page"}],"author":[{"embeddable":true,"href":"https:\/\/mailnjoy.com\/check\/wp-json\/wp\/v2\/users\/1"}],"replies":[{"embeddable":true,"href":"https:\/\/mailnjoy.com\/check\/wp-json\/wp\/v2\/comments?post=75"}],"version-history":[{"count":21,"href":"https:\/\/mailnjoy.com\/check\/wp-json\/wp\/v2\/pages\/75\/revisions"}],"predecessor-version":[{"id":275,"href":"https:\/\/mailnjoy.com\/check\/wp-json\/wp\/v2\/pages\/75\/revisions\/275"}],"wp:attachment":[{"href":"https:\/\/mailnjoy.com\/check\/wp-json\/wp\/v2\/media?parent=75"}],"curies":[{"name":"wp","href":"https:\/\/api.w.org\/{rel}","templated":true}]}}