{"id":8,"date":"2024-09-30T13:04:37","date_gmt":"2024-09-30T11:04:37","guid":{"rendered":"https:\/\/ownmailist.net\/?page_id=8"},"modified":"2025-01-22T20:33:22","modified_gmt":"2025-01-22T19:33:22","slug":"accueil","status":"publish","type":"page","link":"https:\/\/mailnjoy.com\/check\/fr\/","title":{"rendered":"Accueil"},"content":{"rendered":"\n<div class=\"wp-block-group alignwide page-header is-layout-flow wp-block-group-is-layout-flow\">\n<div class=\"wp-block-columns alignwide is-layout-flex wp-container-core-columns-is-layout-28f84493 wp-block-columns-is-layout-flex\">\n<div class=\"wp-block-column is-vertically-aligned-center has-text-align-center is-layout-flow wp-block-column-is-layout-flow\" style=\"flex-basis:50%\">\n<h1 class=\"wp-block-heading\">Le hasard c&#8217;est bien pour la loterie moins pour l&#8217;emailing : v\u00e9rifiez vos emails avant d&#8217;envoyer!<\/h1>\n\n\n\n<p class=\"has-text-align-center\" style=\"font-size:clamp(0.875rem, 0.875rem + ((1vw - 0.2rem) * 0.625), 1.25rem);\">Mailnjoy est <strong>LA solution<\/strong> pour augmenter votre d\u00e9livrabilit\u00e9 et booster vos campagnes de marketing par email<\/p>\n\n\n\n<div class=\"wp-block-buttons is-content-justification-center is-layout-flex wp-container-core-buttons-is-layout-a6d9f191 wp-block-buttons-is-layout-flex\" style=\"margin-top:var(--wp--preset--spacing--40);margin-bottom:var(--wp--preset--spacing--40)\">\n<div class=\"wp-block-button is-style-fill has-icon\"><a class=\"wp-block-button__link wp-element-button\" href=\"https:\/\/app.check.mailnjoy.com\/page-signin\"><svg xmlns=\"http:\/\/www.w3.org\/2000\/svg\" viewBox=\"0 0 480 512\"><path d=\"M477.7 186.1L309.5 18.3c-3.1-3.1-8.2-3.1-11.3 0l-34 33.9c-3.1 3.1-3.1 8.2 0 11.3l11.2 11.1L33 316.5c-38.8 38.7-45.1 102-9.4 143.5 20.6 24 49.5 36 78.4 35.9 26.4 0 52.8-10 72.9-30.1l246.3-245.7 11.2 11.1c3.1 3.1 8.2 3.1 11.3 0l34-33.9c3.1-3 3.1-8.1 0-11.2zM318 256H161l148-147.7 78.5 78.3L318 256z\"><\/path><\/svg>Testez gratuitement<\/a><\/div>\n<\/div>\n<\/div>\n\n\n\n<div class=\"wp-block-column is-vertically-aligned-center is-layout-flow wp-block-column-is-layout-flow\" style=\"flex-basis:50%\">\n<figure class=\"wp-block-image alignleft size-full home-header-image\"><img loading=\"lazy\" decoding=\"async\" width=\"1000\" height=\"1000\" src=\"https:\/\/mailnjoy.com\/check\/wp-content\/uploads\/2024\/10\/header.png\" alt=\"\" class=\"wp-image-617\" srcset=\"https:\/\/mailnjoy.com\/check\/wp-content\/uploads\/2024\/10\/header.png 1000w, https:\/\/mailnjoy.com\/check\/wp-content\/uploads\/2024\/10\/header-300x300.png 300w, https:\/\/mailnjoy.com\/check\/wp-content\/uploads\/2024\/10\/header-150x150.png 150w, https:\/\/mailnjoy.com\/check\/wp-content\/uploads\/2024\/10\/header-768x768.png 768w\" sizes=\"auto, (max-width: 1000px) 100vw, 1000px\" \/><\/figure>\n<\/div>\n<\/div>\n<\/div>\n\n\n\n<div class=\"wp-block-columns are-vertically-aligned-center is-layout-flex wp-container-core-columns-is-layout-28f84493 wp-block-columns-is-layout-flex\">\n<div class=\"wp-block-column is-vertically-aligned-center is-layout-flow wp-block-column-is-layout-flow\">\n<figure class=\"wp-block-image alignright size-full\"><img loading=\"lazy\" decoding=\"async\" width=\"879\" height=\"900\" src=\"https:\/\/mailnjoy.com\/check\/wp-content\/uploads\/2024\/10\/microscope.855c805b.png\" alt=\"\" class=\"wp-image-442\" srcset=\"https:\/\/mailnjoy.com\/check\/wp-content\/uploads\/2024\/10\/microscope.855c805b.png 879w, https:\/\/mailnjoy.com\/check\/wp-content\/uploads\/2024\/10\/microscope.855c805b-293x300.png 293w, https:\/\/mailnjoy.com\/check\/wp-content\/uploads\/2024\/10\/microscope.855c805b-768x786.png 768w\" sizes=\"auto, (max-width: 879px) 100vw, 879px\" \/><\/figure>\n<\/div>\n\n\n\n<div class=\"wp-block-column is-vertically-aligned-center is-layout-flow wp-block-column-is-layout-flow\">\n<div class=\"wp-block-group has-global-padding is-content-justification-left is-layout-constrained wp-container-core-group-is-layout-74cbbf86 wp-block-group-is-layout-constrained\">\n<h2 class=\"wp-block-heading\">Une v\u00e9rification email d&#8217;une finesse in\u00e9gal\u00e9e &#8230;<\/h2>\n\n\n\n<ul class=\"wp-block-list check-list\">\n<li>2 niveaux de d\u00e9tails : jusqu&#8217;\u00e0 15 points d&#8217;analyse par email<\/li>\n\n\n\n<li>La plus large couverture de FAI nationaux et internationaux<\/li>\n\n\n\n<li>Gestion des emails BtoB et BtoC<\/li>\n<\/ul>\n\n\n\n<div class=\"wp-block-buttons is-content-justification-center is-layout-flex wp-container-core-buttons-is-layout-a89b3969 wp-block-buttons-is-layout-flex\">\n<div class=\"wp-block-button is-style-outline is-style-outline--1\"><a class=\"wp-block-button__link wp-element-button\" href=\"https:\/\/mailnjoy.com\/check\/fr\/validation\/\">En savoir plus<\/a><\/div>\n<\/div>\n<\/div>\n<\/div>\n<\/div>\n\n\n\n<div class=\"wp-block-columns are-vertically-aligned-center is-layout-flex wp-container-core-columns-is-layout-28f84493 wp-block-columns-is-layout-flex\">\n<div class=\"wp-block-column is-vertically-aligned-center is-layout-flow wp-block-column-is-layout-flow\">\n<div class=\"wp-block-group has-global-padding is-content-justification-right is-layout-constrained wp-container-core-group-is-layout-6f72e2c3 wp-block-group-is-layout-constrained\">\n<h2 class=\"wp-block-heading\">&#8230; simple \u00e0 exploiter&#8230;<\/h2>\n\n\n\n<ul class=\"wp-block-list check-list\">\n<li>Deux tris des adresses emails. Simplifi\u00e9 pour aller vite, d\u00e9taill\u00e9 pour les plus exigeants<\/li>\n\n\n\n<li>Les r\u00e9sultats de l&#8217;analyse sont directement int\u00e9gr\u00e9s dans votre fichier source<\/li>\n\n\n\n<li>Validation disponible en SaaS sur notre site, <a href=\"https:\/\/mailnjoy.com\/check\/fr\/developer#result\">via API ou m\u00eame SFTP<\/a><\/li>\n<\/ul>\n\n\n\n<div class=\"wp-block-buttons is-content-justification-center is-layout-flex wp-container-core-buttons-is-layout-a89b3969 wp-block-buttons-is-layout-flex\">\n<div class=\"wp-block-button is-style-outline is-style-outline--2\"><a class=\"wp-block-button__link wp-element-button\" href=\"https:\/\/mailnjoy.com\/check\/fr\/validation\/#result\">En savoir plus<\/a><\/div>\n<\/div>\n<\/div>\n<\/div>\n\n\n\n<div class=\"wp-block-column is-vertically-aligned-center is-layout-flow wp-block-column-is-layout-flow\">\n<figure class=\"wp-block-image aligncenter size-full is-resized\"><img loading=\"lazy\" decoding=\"async\" width=\"1000\" height=\"906\" src=\"https:\/\/mailnjoy.com\/check\/wp-content\/uploads\/2024\/10\/slacking.8fb0236a.png\" alt=\"\" class=\"wp-image-451\" style=\"object-fit:contain;width:552px;height:500px\" srcset=\"https:\/\/mailnjoy.com\/check\/wp-content\/uploads\/2024\/10\/slacking.8fb0236a.png 1000w, https:\/\/mailnjoy.com\/check\/wp-content\/uploads\/2024\/10\/slacking.8fb0236a-300x272.png 300w, https:\/\/mailnjoy.com\/check\/wp-content\/uploads\/2024\/10\/slacking.8fb0236a-768x696.png 768w\" sizes=\"auto, (max-width: 1000px) 100vw, 1000px\" \/><\/figure>\n<\/div>\n<\/div>\n\n\n\n<div class=\"wp-block-columns are-vertically-aligned-center is-layout-flex wp-container-core-columns-is-layout-28f84493 wp-block-columns-is-layout-flex\">\n<div class=\"wp-block-column is-vertically-aligned-center is-layout-flow wp-block-column-is-layout-flow\">\n<figure class=\"wp-block-image alignright size-full\"><img loading=\"lazy\" decoding=\"async\" width=\"471\" height=\"471\" src=\"https:\/\/mailnjoy.com\/check\/wp-content\/uploads\/2024\/10\/piece_1_centime_travers.3f7c5db0.png\" alt=\"\" class=\"wp-image-459\" srcset=\"https:\/\/mailnjoy.com\/check\/wp-content\/uploads\/2024\/10\/piece_1_centime_travers.3f7c5db0.png 471w, https:\/\/mailnjoy.com\/check\/wp-content\/uploads\/2024\/10\/piece_1_centime_travers.3f7c5db0-300x300.png 300w, https:\/\/mailnjoy.com\/check\/wp-content\/uploads\/2024\/10\/piece_1_centime_travers.3f7c5db0-150x150.png 150w\" sizes=\"auto, (max-width: 471px) 100vw, 471px\" \/><\/figure>\n<\/div>\n\n\n\n<div class=\"wp-block-column is-vertically-aligned-center is-layout-flow wp-block-column-is-layout-flow\">\n<div class=\"wp-block-group has-global-padding is-content-justification-right is-layout-constrained wp-container-core-group-is-layout-6f72e2c3 wp-block-group-is-layout-constrained\">\n<h2 class=\"wp-block-heading\">&#8230; \u00e0 un prix imbattable<\/h2>\n\n\n\n<ul class=\"wp-block-list check-list\">\n<li>\u00c0 partir de 0,0004&nbsp;\u20ac par adresse valid\u00e9e<\/li>\n\n\n\n<li>Payez uniquement les adresses qualifi\u00e9es<\/li>\n\n\n\n<li>\u00c0 la carte ou en abonnement<\/li>\n<\/ul>\n\n\n\n<div class=\"wp-block-buttons is-content-justification-center is-layout-flex wp-container-core-buttons-is-layout-a89b3969 wp-block-buttons-is-layout-flex\">\n<div class=\"wp-block-button is-style-outline is-style-outline--3\"><a class=\"wp-block-button__link wp-element-button\" href=\"https:\/\/mailnjoy.com\/check\/fr\/pricing\/\">Voir les tarifs<\/a><\/div>\n<\/div>\n<\/div>\n<\/div>\n<\/div>\n\n\n\n<div class=\"wp-block-group has-global-padding is-layout-constrained wp-block-group-is-layout-constrained\" style=\"margin-top:var(--wp--preset--spacing--40);margin-bottom:var(--wp--preset--spacing--40);padding-top:var(--wp--preset--spacing--40);padding-bottom:var(--wp--preset--spacing--40)\">\n<h2 class=\"wp-block-heading has-text-align-center has-green-color has-text-color has-link-color wp-elements-2e5953b3baf99df2b340d003d1a7a810\">Dans ces conditions,<br>le hasard vous co\u00fbte plus cher !<\/h2>\n\n\n\n<div class=\"wp-block-buttons is-content-justification-center is-layout-flex wp-container-core-buttons-is-layout-a89b3969 wp-block-buttons-is-layout-flex\">\n<div class=\"wp-block-button is-style-fill has-icon\"><a class=\"wp-block-button__link wp-element-button\" href=\"https:\/\/app.check.mailnjoy.com\/page-signin\"><svg xmlns=\"http:\/\/www.w3.org\/2000\/svg\" viewBox=\"0 0 480 512\"><path d=\"M477.7 186.1L309.5 18.3c-3.1-3.1-8.2-3.1-11.3 0l-34 33.9c-3.1 3.1-3.1 8.2 0 11.3l11.2 11.1L33 316.5c-38.8 38.7-45.1 102-9.4 143.5 20.6 24 49.5 36 78.4 35.9 26.4 0 52.8-10 72.9-30.1l246.3-245.7 11.2 11.1c3.1 3.1 8.2 3.1 11.3 0l34-33.9c3.1-3 3.1-8.1 0-11.2zM318 256H161l148-147.7 78.5 78.3L318 256z\"><\/path><\/svg>Testez gratuitement<\/a><\/div>\n<\/div>\n<\/div>\n\n\n\n<div class=\"wp-block-group alignfull team wave is-layout-flow wp-block-group-is-layout-flow\" style=\"padding-top:var(--wp--preset--spacing--20);padding-bottom:var(--wp--preset--spacing--20)\">\n<h2 class=\"wp-block-heading has-text-align-center\">Toujours pas convaincu ?<\/h2>\n\n\n\n<p class=\"has-text-align-center\">Pas de probl\u00e8me, on a d&#8217;autres atouts dans notre manche \ud83d\ude0e<\/p>\n\n\n\n<div class=\"wp-block-columns align-stretch features-row is-layout-flex wp-container-core-columns-is-layout-69cf8084 wp-block-columns-is-layout-flex\" style=\"margin-top:var(--wp--preset--spacing--40)\">\n<div class=\"wp-block-column is-layout-flow wp-block-column-is-layout-flow\" style=\"flex-basis:33.333%\">\n<div class=\"wp-block-group card card-hover is-layout-flow wp-block-group-is-layout-flow\">\n<div class=\"wp-block-group is-layout-flow wp-block-group-is-layout-flow\">\n<figure class=\"wp-block-image aligncenter size-full is-resized\"><img loading=\"lazy\" decoding=\"async\" width=\"175\" height=\"175\" src=\"https:\/\/mailnjoy.com\/check\/wp-content\/uploads\/2024\/10\/datacenter.png\" alt=\"\" class=\"wp-image-468\" style=\"object-fit:cover;width:125px;height:125px\" srcset=\"https:\/\/mailnjoy.com\/check\/wp-content\/uploads\/2024\/10\/datacenter.png 175w, https:\/\/mailnjoy.com\/check\/wp-content\/uploads\/2024\/10\/datacenter-150x150.png 150w\" sizes=\"auto, (max-width: 175px) 100vw, 175px\" \/><\/figure>\n\n\n\n<p class=\"has-text-align-center has-green-color has-text-color has-link-color wp-elements-7633940b66068e686237decbb084923a\"><a href=\"https:\/\/mailnjoy.com\/check\/fr\/security\/\">Datacenters ISO 27001<\/a><\/p>\n\n\n\n<p class=\"has-text-align-center\">La s\u00e9curit\u00e9 et la confidentialit\u00e9 de vos donn\u00e9es sont notre priorit\u00e9. Nous les h\u00e9bergeons <strong>en France<\/strong> exclusivement.<\/p>\n<\/div>\n<\/div>\n<\/div>\n\n\n\n<div class=\"wp-block-column is-layout-flow wp-block-column-is-layout-flow\" style=\"flex-basis:33.333%\">\n<div class=\"wp-block-group card card-hover is-layout-flow wp-block-group-is-layout-flow\">\n<div class=\"wp-block-group is-layout-flow wp-block-group-is-layout-flow\">\n<figure class=\"wp-block-image aligncenter size-full is-resized\"><img loading=\"lazy\" decoding=\"async\" width=\"175\" height=\"175\" src=\"https:\/\/mailnjoy.com\/check\/wp-content\/uploads\/2024\/10\/rgpd.png\" alt=\"\" class=\"wp-image-469\" style=\"object-fit:cover;width:125px;height:125px\" srcset=\"https:\/\/mailnjoy.com\/check\/wp-content\/uploads\/2024\/10\/rgpd.png 175w, https:\/\/mailnjoy.com\/check\/wp-content\/uploads\/2024\/10\/rgpd-150x150.png 150w\" sizes=\"auto, (max-width: 175px) 100vw, 175px\" \/><\/figure>\n\n\n\n<p class=\"has-text-align-center has-green-color has-text-color has-link-color wp-elements-8bf3b1d11848e222b12625c7df590568\"><a href=\"https:\/\/mailnjoy.com\/check\/fr\/security\/\">Conforme au RGPD<\/a><\/p>\n\n\n\n<p class=\"has-text-align-center\">L&#8217;ensemble de nos traitements et stockages sont conformes au r\u00e8glement europ\u00e9en sur la <strong>protection<\/strong> des donn\u00e9es.<\/p>\n<\/div>\n<\/div>\n<\/div>\n\n\n\n<div class=\"wp-block-column is-layout-flow wp-block-column-is-layout-flow\" style=\"flex-basis:33.333%\">\n<div class=\"wp-block-group card card-hover is-layout-flow wp-block-group-is-layout-flow\">\n<div class=\"wp-block-group is-layout-flow wp-block-group-is-layout-flow\">\n<figure class=\"wp-block-image aligncenter size-full is-resized\"><img loading=\"lazy\" decoding=\"async\" width=\"175\" height=\"175\" src=\"https:\/\/mailnjoy.com\/check\/wp-content\/uploads\/2024\/10\/team.png\" alt=\"\" class=\"wp-image-470\" style=\"object-fit:cover;width:125px;height:125px\" srcset=\"https:\/\/mailnjoy.com\/check\/wp-content\/uploads\/2024\/10\/team.png 175w, https:\/\/mailnjoy.com\/check\/wp-content\/uploads\/2024\/10\/team-150x150.png 150w\" sizes=\"auto, (max-width: 175px) 100vw, 175px\" \/><\/figure>\n\n\n\n<p class=\"has-text-align-center has-green-color has-text-color has-link-color wp-elements-ed29a3e830f1633258f1f4d9f764356b\"><a href=\"https:\/\/mailnjoy.com\/check\/fr\/team\/\">Une \u00e9quipe au top<\/a><\/p>\n\n\n\n<p class=\"has-text-align-center\">Nos ing\u00e9nieurs disposent d&#8217;une <strong>expertise<\/strong> dans l&#8217;emailing et la data quality.<\/p>\n<\/div>\n<\/div>\n<\/div>\n<\/div>\n\n\n\n<div class=\"wp-block-columns align-stretch features-row is-layout-flex wp-container-core-columns-is-layout-28f84493 wp-block-columns-is-layout-flex\">\n<div class=\"wp-block-column has-text-align-center is-layout-flow wp-block-column-is-layout-flow\" style=\"flex-basis:33.333%\">\n<div class=\"wp-block-group card card-hover is-layout-flow wp-block-group-is-layout-flow\">\n<div class=\"wp-block-group is-layout-flow wp-block-group-is-layout-flow\">\n<figure class=\"wp-block-image aligncenter size-full is-resized\"><img loading=\"lazy\" decoding=\"async\" width=\"175\" height=\"175\" src=\"https:\/\/mailnjoy.com\/check\/wp-content\/uploads\/2024\/10\/api.png\" alt=\"\" class=\"wp-image-471\" style=\"object-fit:cover;width:125px;height:125px\" srcset=\"https:\/\/mailnjoy.com\/check\/wp-content\/uploads\/2024\/10\/api.png 175w, https:\/\/mailnjoy.com\/check\/wp-content\/uploads\/2024\/10\/api-150x150.png 150w\" sizes=\"auto, (max-width: 175px) 100vw, 175px\" \/><\/figure>\n\n\n\n<p class=\"has-text-align-center has-green-color has-text-color has-link-color wp-elements-6d94fd4f838a17efd389a63944a6e97a\"><a href=\"https:\/\/mailnjoy.com\/check\/fr\/developer\/\">Interface API<\/a><\/p>\n\n\n\n<p class=\"has-text-align-center\"><strong>Int\u00e9grez<\/strong> la validation de vos emails \u00e0 vos syst\u00e8mes <strong>facilement<\/strong> gr\u00e2ce aux possibilit\u00e9s de notre API.<\/p>\n<\/div>\n<\/div>\n<\/div>\n\n\n\n<div class=\"wp-block-column is-layout-flow wp-block-column-is-layout-flow\" style=\"flex-basis:33.333%\">\n<div class=\"wp-block-group card card-hover is-layout-flow wp-block-group-is-layout-flow\">\n<div class=\"wp-block-group is-layout-flow wp-block-group-is-layout-flow\">\n<figure class=\"wp-block-image aligncenter size-full is-resized\"><img loading=\"lazy\" decoding=\"async\" width=\"175\" height=\"175\" src=\"https:\/\/mailnjoy.com\/check\/wp-content\/uploads\/2024\/10\/green.png\" alt=\"\" class=\"wp-image-473\" style=\"object-fit:cover;width:125px;height:125px\" srcset=\"https:\/\/mailnjoy.com\/check\/wp-content\/uploads\/2024\/10\/green.png 175w, https:\/\/mailnjoy.com\/check\/wp-content\/uploads\/2024\/10\/green-150x150.png 150w\" sizes=\"auto, (max-width: 175px) 100vw, 175px\" \/><\/figure>\n\n\n\n<p class=\"has-text-align-center has-green-color has-text-color has-link-color wp-elements-a3f03dd239793ca596f481ca90a92df6\"><a href=\"https:\/\/mailnjoy.com\/check\/fr\/ecology\/\">Plan\u00e8te friendly<\/a><\/p>\n\n\n\n<p class=\"has-text-align-center\">L&#8217;envoi et le stockage d&#8217;un email produisent du CO<sub>2<\/sub>. Gr\u00e2ce \u00e0 Check, n&#8217;envoyez que des <strong>emails utiles<\/strong>!<\/p>\n<\/div>\n<\/div>\n<\/div>\n<\/div>\n<\/div>\n","protected":false},"excerpt":{"rendered":"<p>Le hasard c&#8217;est bien pour la loterie moins pour l&#8217;emailing : v\u00e9rifiez vos emails avant d&#8217;envoyer! Mailnjoy est LA solution pour augmenter votre d\u00e9livrabilit\u00e9 et booster vos campagnes de marketing par email Une v\u00e9rification email d&#8217;une finesse in\u00e9gal\u00e9e &#8230; &#8230; simple \u00e0 exploiter&#8230; &#8230; \u00e0 un prix imbattable Dans ces conditions,le hasard vous co\u00fbte plus [&hellip;]<\/p>\n","protected":false},"author":1,"featured_media":0,"parent":0,"menu_order":0,"comment_status":"closed","ping_status":"closed","template":"","meta":{"_uag_custom_page_level_css":"","footnotes":""},"class_list":["post-8","page","type-page","status-publish","hentry"],"yoast_head":"<!-- This site is optimized with the Yoast SEO plugin v23.6 - https:\/\/yoast.com\/wordpress\/plugins\/seo\/ -->\n<title>V\u00e9rifier et valider vos adresses emails avec Mailnjoy<\/title>\n<meta name=\"description\" content=\"Mailnjoy est la solution pour augmenter votre d\u00e9livrabilit\u00e9 et booster vos campagnes de marketing par email. V\u00e9rification premium des emails\" \/>\n<meta name=\"robots\" content=\"index, follow, max-snippet:-1, max-image-preview:large, max-video-preview:-1\" \/>\n<link rel=\"canonical\" href=\"https:\/\/mailnjoy.com\/check\/fr\/\" \/>\n<meta name=\"twitter:label1\" content=\"Dur\u00e9e de lecture estim\u00e9e\" \/>\n\t<meta name=\"twitter:data1\" content=\"4 minutes\" \/>\n<script type=\"application\/ld+json\" class=\"yoast-schema-graph\">{\"@context\":\"https:\/\/schema.org\",\"@graph\":[{\"@type\":\"WebPage\",\"@id\":\"https:\/\/mailnjoy.com\/check\/fr\/\",\"url\":\"https:\/\/mailnjoy.com\/check\/fr\/\",\"name\":\"V\u00e9rifier et valider vos adresses emails avec Mailnjoy\",\"isPartOf\":{\"@id\":\"https:\/\/mailnjoy.com\/check\/#website\"},\"primaryImageOfPage\":{\"@id\":\"https:\/\/mailnjoy.com\/check\/fr\/#primaryimage\"},\"image\":{\"@id\":\"https:\/\/mailnjoy.com\/check\/fr\/#primaryimage\"},\"thumbnailUrl\":\"https:\/\/mailnjoy.com\/check\/wp-content\/uploads\/2024\/10\/header.png\",\"datePublished\":\"2024-09-30T11:04:37+00:00\",\"dateModified\":\"2025-01-22T19:33:22+00:00\",\"description\":\"Mailnjoy est la solution pour augmenter votre d\u00e9livrabilit\u00e9 et booster vos campagnes de marketing par email. V\u00e9rification premium des emails\",\"breadcrumb\":{\"@id\":\"https:\/\/mailnjoy.com\/check\/fr\/#breadcrumb\"},\"inLanguage\":\"fr-FR\",\"potentialAction\":[{\"@type\":\"ReadAction\",\"target\":[\"https:\/\/mailnjoy.com\/check\/fr\/\"]}]},{\"@type\":\"ImageObject\",\"inLanguage\":\"fr-FR\",\"@id\":\"https:\/\/mailnjoy.com\/check\/fr\/#primaryimage\",\"url\":\"https:\/\/mailnjoy.com\/check\/wp-content\/uploads\/2024\/10\/header.png\",\"contentUrl\":\"https:\/\/mailnjoy.com\/check\/wp-content\/uploads\/2024\/10\/header.png\"},{\"@type\":\"BreadcrumbList\",\"@id\":\"https:\/\/mailnjoy.com\/check\/fr\/#breadcrumb\",\"itemListElement\":[{\"@type\":\"ListItem\",\"position\":1,\"name\":\"Accueil\",\"item\":\"https:\/\/mailnjoy.com\/check\/fr\/\"},{\"@type\":\"ListItem\",\"position\":2,\"name\":\"Accueil\"}]},{\"@type\":\"WebSite\",\"@id\":\"https:\/\/mailnjoy.com\/check\/#website\",\"url\":\"https:\/\/mailnjoy.com\/check\/\",\"name\":\"Mailnjoy\",\"description\":\"\",\"publisher\":{\"@id\":\"https:\/\/mailnjoy.com\/check\/#organization\"},\"potentialAction\":[{\"@type\":\"SearchAction\",\"target\":{\"@type\":\"EntryPoint\",\"urlTemplate\":\"https:\/\/mailnjoy.com\/check\/?s={search_term_string}\"},\"query-input\":{\"@type\":\"PropertyValueSpecification\",\"valueRequired\":true,\"valueName\":\"search_term_string\"}}],\"inLanguage\":\"fr-FR\"},{\"@type\":\"Organization\",\"@id\":\"https:\/\/mailnjoy.com\/check\/#organization\",\"name\":\"Mailnjoy\",\"url\":\"https:\/\/mailnjoy.com\/check\/\",\"logo\":{\"@type\":\"ImageObject\",\"inLanguage\":\"fr-FR\",\"@id\":\"https:\/\/mailnjoy.com\/check\/#\/schema\/logo\/image\/\",\"url\":\"https:\/\/mailnjoy.com\/check\/wp-content\/uploads\/2024\/10\/check_logo_small_text_by.png\",\"contentUrl\":\"https:\/\/mailnjoy.com\/check\/wp-content\/uploads\/2024\/10\/check_logo_small_text_by.png\",\"width\":400,\"height\":347,\"caption\":\"Mailnjoy\"},\"image\":{\"@id\":\"https:\/\/mailnjoy.com\/check\/#\/schema\/logo\/image\/\"}}]}<\/script>\n<!-- \/ Yoast SEO plugin. -->","yoast_head_json":{"title":"V\u00e9rifier et valider vos adresses emails avec Mailnjoy","description":"Mailnjoy est la solution pour augmenter votre d\u00e9livrabilit\u00e9 et booster vos campagnes de marketing par email. V\u00e9rification premium des emails","robots":{"index":"index","follow":"follow","max-snippet":"max-snippet:-1","max-image-preview":"max-image-preview:large","max-video-preview":"max-video-preview:-1"},"canonical":"https:\/\/mailnjoy.com\/check\/fr\/","twitter_misc":{"Dur\u00e9e de lecture estim\u00e9e":"4 minutes"},"schema":{"@context":"https:\/\/schema.org","@graph":[{"@type":"WebPage","@id":"https:\/\/mailnjoy.com\/check\/fr\/","url":"https:\/\/mailnjoy.com\/check\/fr\/","name":"V\u00e9rifier et valider vos adresses emails avec Mailnjoy","isPartOf":{"@id":"https:\/\/mailnjoy.com\/check\/#website"},"primaryImageOfPage":{"@id":"https:\/\/mailnjoy.com\/check\/fr\/#primaryimage"},"image":{"@id":"https:\/\/mailnjoy.com\/check\/fr\/#primaryimage"},"thumbnailUrl":"https:\/\/mailnjoy.com\/check\/wp-content\/uploads\/2024\/10\/header.png","datePublished":"2024-09-30T11:04:37+00:00","dateModified":"2025-01-22T19:33:22+00:00","description":"Mailnjoy est la solution pour augmenter votre d\u00e9livrabilit\u00e9 et booster vos campagnes de marketing par email. V\u00e9rification premium des emails","breadcrumb":{"@id":"https:\/\/mailnjoy.com\/check\/fr\/#breadcrumb"},"inLanguage":"fr-FR","potentialAction":[{"@type":"ReadAction","target":["https:\/\/mailnjoy.com\/check\/fr\/"]}]},{"@type":"ImageObject","inLanguage":"fr-FR","@id":"https:\/\/mailnjoy.com\/check\/fr\/#primaryimage","url":"https:\/\/mailnjoy.com\/check\/wp-content\/uploads\/2024\/10\/header.png","contentUrl":"https:\/\/mailnjoy.com\/check\/wp-content\/uploads\/2024\/10\/header.png"},{"@type":"BreadcrumbList","@id":"https:\/\/mailnjoy.com\/check\/fr\/#breadcrumb","itemListElement":[{"@type":"ListItem","position":1,"name":"Accueil","item":"https:\/\/mailnjoy.com\/check\/fr\/"},{"@type":"ListItem","position":2,"name":"Accueil"}]},{"@type":"WebSite","@id":"https:\/\/mailnjoy.com\/check\/#website","url":"https:\/\/mailnjoy.com\/check\/","name":"Mailnjoy","description":"","publisher":{"@id":"https:\/\/mailnjoy.com\/check\/#organization"},"potentialAction":[{"@type":"SearchAction","target":{"@type":"EntryPoint","urlTemplate":"https:\/\/mailnjoy.com\/check\/?s={search_term_string}"},"query-input":{"@type":"PropertyValueSpecification","valueRequired":true,"valueName":"search_term_string"}}],"inLanguage":"fr-FR"},{"@type":"Organization","@id":"https:\/\/mailnjoy.com\/check\/#organization","name":"Mailnjoy","url":"https:\/\/mailnjoy.com\/check\/","logo":{"@type":"ImageObject","inLanguage":"fr-FR","@id":"https:\/\/mailnjoy.com\/check\/#\/schema\/logo\/image\/","url":"https:\/\/mailnjoy.com\/check\/wp-content\/uploads\/2024\/10\/check_logo_small_text_by.png","contentUrl":"https:\/\/mailnjoy.com\/check\/wp-content\/uploads\/2024\/10\/check_logo_small_text_by.png","width":400,"height":347,"caption":"Mailnjoy"},"image":{"@id":"https:\/\/mailnjoy.com\/check\/#\/schema\/logo\/image\/"}}]}},"lang":"fr","translations":{"fr":8,"en":30,"es":1080,"de":1100,"it":1107,"pt":1115},"uagb_featured_image_src":{"full":false,"thumbnail":false,"medium":false,"medium_large":false,"large":false,"1536x1536":false,"2048x2048":false,"post-thumbnail":false},"uagb_author_info":{"display_name":"sylvain","author_link":"https:\/\/mailnjoy.com\/check\/author\/sylvain\/"},"uagb_comment_info":0,"uagb_excerpt":"Le hasard c&#8217;est bien pour la loterie moins pour l&#8217;emailing : v\u00e9rifiez vos emails avant d&#8217;envoyer! Mailnjoy est LA solution pour augmenter votre d\u00e9livrabilit\u00e9 et booster vos campagnes de marketing par email Une v\u00e9rification email d&#8217;une finesse in\u00e9gal\u00e9e &#8230; &#8230; simple \u00e0 exploiter&#8230; &#8230; \u00e0 un prix imbattable Dans ces conditions,le hasard vous co\u00fbte plus\u2026","pll_sync_post":[],"_links":{"self":[{"href":"https:\/\/mailnjoy.com\/check\/wp-json\/wp\/v2\/pages\/8","targetHints":{"allow":["GET"]}}],"collection":[{"href":"https:\/\/mailnjoy.com\/check\/wp-json\/wp\/v2\/pages"}],"about":[{"href":"https:\/\/mailnjoy.com\/check\/wp-json\/wp\/v2\/types\/page"}],"author":[{"embeddable":true,"href":"https:\/\/mailnjoy.com\/check\/wp-json\/wp\/v2\/users\/1"}],"replies":[{"embeddable":true,"href":"https:\/\/mailnjoy.com\/check\/wp-json\/wp\/v2\/comments?post=8"}],"version-history":[{"count":110,"href":"https:\/\/mailnjoy.com\/check\/wp-json\/wp\/v2\/pages\/8\/revisions"}],"predecessor-version":[{"id":1545,"href":"https:\/\/mailnjoy.com\/check\/wp-json\/wp\/v2\/pages\/8\/revisions\/1545"}],"wp:attachment":[{"href":"https:\/\/mailnjoy.com\/check\/wp-json\/wp\/v2\/media?parent=8"}],"curies":[{"name":"wp","href":"https:\/\/api.w.org\/{rel}","templated":true}]}}