{"id":1845,"date":"2025-09-18T10:49:03","date_gmt":"2025-09-18T08:49:03","guid":{"rendered":"https:\/\/mailnjoy.com\/hunt\/?page_id=1845"},"modified":"2026-04-01T12:04:16","modified_gmt":"2026-04-01T10:04:16","slug":"security","status":"publish","type":"page","link":"https:\/\/mailnjoy.com\/hunt\/fr\/security\/","title":{"rendered":"S\u00e9curit\u00e9"},"content":{"rendered":"\n<div class=\"wp-block-group alignwide has-global-padding is-layout-constrained wp-block-group-is-layout-constrained\">\n<div class=\"wp-block-columns alignwide is-layout-flex wp-container-core-columns-is-layout-28f84493 wp-block-columns-is-layout-flex\">\n<div class=\"wp-block-column is-layout-flow wp-block-column-is-layout-flow\">\n<h1 class=\"wp-block-heading\">Les adresses emails sont des donn\u00e9es personnelles<\/h1>\n\n\n\n<p><em>Certes, toutes les adresses ne permettent pas de remonter directement \u00e0 une personne physique, mais certaines le peuvent. Nous consid\u00e9rons donc toutes les adresses email comme des donn\u00e9es personnelles.<\/em><\/p>\n\n\n\n<p><em>\u00c0 ce titre, nous prenons toutes les pr\u00e9cautions vis \u00e0 vis des donn\u00e9es que vous nous confiez. Au-del\u00e0 de l&#8217;obligation l\u00e9gale, nous avons choisi de traiter la s\u00e9curit\u00e9 et la confidentialit\u00e9 des donn\u00e9es &#8220;by design&#8221; en la mettant au premier rang de nos choix techniques.<\/em><\/p>\n<\/div>\n\n\n\n<div class=\"wp-block-column is-layout-flow wp-block-column-is-layout-flow\">\n<figure class=\"wp-block-image size-full\"><img loading=\"lazy\" decoding=\"async\" width=\"550\" height=\"550\" src=\"https:\/\/mailnjoy.com\/check\/wp-content\/uploads\/2024\/10\/security.0e57a86a.png\" alt=\"\" class=\"wp-image-279\" srcset=\"https:\/\/mailnjoy.com\/hunt\/wp-content\/uploads\/2024\/10\/security.0e57a86a.png 550w, https:\/\/mailnjoy.com\/hunt\/wp-content\/uploads\/2024\/10\/security.0e57a86a-300x300.png 300w, https:\/\/mailnjoy.com\/hunt\/wp-content\/uploads\/2024\/10\/security.0e57a86a-150x150.png 150w\" sizes=\"auto, (max-width: 550px) 100vw, 550px\" \/><\/figure>\n<\/div>\n<\/div>\n\n\n\n<div class=\"wp-block-columns alignwide card card-hover is-layout-flex wp-container-core-columns-is-layout-28f84493 wp-block-columns-is-layout-flex\">\n<div class=\"wp-block-column is-layout-flow wp-block-column-is-layout-flow\" style=\"flex-basis:33.33%\">\n<figure class=\"wp-block-image size-full\"><img loading=\"lazy\" decoding=\"async\" width=\"1500\" height=\"1500\" src=\"https:\/\/mailnjoy.com\/hunt\/wp-content\/uploads\/2025\/09\/escort.50673de8.png\" alt=\"\" class=\"wp-image-1846\" srcset=\"https:\/\/mailnjoy.com\/hunt\/wp-content\/uploads\/2025\/09\/escort.50673de8.png 1500w, https:\/\/mailnjoy.com\/hunt\/wp-content\/uploads\/2025\/09\/escort.50673de8-300x300.png 300w, https:\/\/mailnjoy.com\/hunt\/wp-content\/uploads\/2025\/09\/escort.50673de8-1024x1024.png 1024w, https:\/\/mailnjoy.com\/hunt\/wp-content\/uploads\/2025\/09\/escort.50673de8-150x150.png 150w, https:\/\/mailnjoy.com\/hunt\/wp-content\/uploads\/2025\/09\/escort.50673de8-768x768.png 768w\" sizes=\"auto, (max-width: 1500px) 100vw, 1500px\" \/><\/figure>\n<\/div>\n\n\n\n<div class=\"wp-block-column is-layout-flow wp-block-column-is-layout-flow\" style=\"flex-basis:66.66%\">\n<h2 class=\"wp-block-heading\">Nous assurons<\/h2>\n\n\n\n<ul class=\"wp-block-list check-list\">\n<li><strong>La mise en \u0153uvre des demandes de suppression<\/strong> de donn\u00e9es : application du droit \u00e0 l&#8217;effacement<\/li>\n\n\n\n<li><strong>L&#8217;int\u00e9grit\u00e9 de vos donn\u00e9es :<\/strong> pas de modification, d&#8217;alt\u00e9ration ou de perte<\/li>\n\n\n\n<li><strong>La protection contre tout acc\u00e8s ext\u00e9rieur :<\/strong> pas de fuite de donn\u00e9es<\/li>\n\n\n\n<li>L&#8217;identification et la <strong>ma\u00eetrise de l&#8217;ensemble des traitements<\/strong> appliqu\u00e9s \u00e0 vos donn\u00e9es<\/li>\n\n\n\n<li>L&#8217;h\u00e9bergement sur <strong>des serveurs d\u00e9di\u00e9s (hors cloud)<\/strong> dans des datacenters ISO 27001 et <strong>uniquement en France<\/strong><\/li>\n<\/ul>\n<\/div>\n<\/div>\n\n\n\n<div class=\"wp-block-columns alignwide card card-hover is-layout-flex wp-container-core-columns-is-layout-28f84493 wp-block-columns-is-layout-flex\">\n<div class=\"wp-block-column is-layout-flow wp-block-column-is-layout-flow\" style=\"flex-basis:66.66%\">\n<h2 class=\"wp-block-heading\">Nous nous engageons<\/h2>\n\n\n\n<ul class=\"wp-block-list check-list\">\n<li>\u00c0 ne <strong>pas vendre ou partager vos donn\u00e9es<\/strong> \u00e0 quel titre que ce soit, sauf obligation l\u00e9gale (type r\u00e9quisition judiciaire)<\/li>\n\n\n\n<li>\u00c0 <strong>limiter dans le temps la r\u00e9tention<\/strong> de vos donn\u00e9es : quand vous d\u00e9cidez de les supprimer ou au bout d&#8217;un an maximum<\/li>\n\n\n\n<li>A <strong>respecter enti\u00e8rement le RGPD<\/strong> et la confidentialit\u00e9 des donn\u00e9es utilisateurs<\/li>\n<\/ul>\n<\/div>\n\n\n\n<div class=\"wp-block-column is-layout-flow wp-block-column-is-layout-flow\" style=\"flex-basis:33.33%\">\n<figure class=\"wp-block-image size-full\"><img loading=\"lazy\" decoding=\"async\" width=\"1250\" height=\"1250\" src=\"https:\/\/mailnjoy.com\/hunt\/wp-content\/uploads\/2025\/09\/protection.29926ec4.png\" alt=\"\" class=\"wp-image-1847\" srcset=\"https:\/\/mailnjoy.com\/hunt\/wp-content\/uploads\/2025\/09\/protection.29926ec4.png 1250w, https:\/\/mailnjoy.com\/hunt\/wp-content\/uploads\/2025\/09\/protection.29926ec4-300x300.png 300w, https:\/\/mailnjoy.com\/hunt\/wp-content\/uploads\/2025\/09\/protection.29926ec4-1024x1024.png 1024w, https:\/\/mailnjoy.com\/hunt\/wp-content\/uploads\/2025\/09\/protection.29926ec4-150x150.png 150w, https:\/\/mailnjoy.com\/hunt\/wp-content\/uploads\/2025\/09\/protection.29926ec4-768x768.png 768w\" sizes=\"auto, (max-width: 1250px) 100vw, 1250px\" \/><\/figure>\n<\/div>\n<\/div>\n<\/div>\n","protected":false},"excerpt":{"rendered":"<p>Les adresses emails sont des donn\u00e9es personnelles Certes, toutes les adresses ne permettent pas de remonter directement \u00e0 une personne physique, mais certaines le peuvent. Nous consid\u00e9rons donc toutes les adresses email comme des donn\u00e9es personnelles. \u00c0 ce titre, nous prenons toutes les pr\u00e9cautions vis \u00e0 vis des donn\u00e9es que vous nous confiez. Au-del\u00e0 de [&hellip;]<\/p>\n","protected":false},"author":1,"featured_media":0,"parent":0,"menu_order":0,"comment_status":"closed","ping_status":"closed","template":"","meta":{"_uag_custom_page_level_css":"","footnotes":""},"class_list":["post-1845","page","type-page","status-publish","hentry"],"yoast_head":"<!-- This site is optimized with the Yoast SEO plugin v23.6 - https:\/\/yoast.com\/wordpress\/plugins\/seo\/ -->\n<title>S\u00e9curit\u00e9 de vos donn\u00e9es - Mailnjoy<\/title>\n<meta name=\"description\" content=\"La s\u00e9curisation de donn\u00e9es emails que vous nous confiez est tr\u00e8s importante pour nous. D\u00e9couvrez nos engagements \u00e0 ce sujet\" \/>\n<meta name=\"robots\" content=\"index, follow, max-snippet:-1, max-image-preview:large, max-video-preview:-1\" \/>\n<link rel=\"canonical\" href=\"https:\/\/mailnjoy.com\/hunt\/fr\/security\/\" \/>\n<meta name=\"twitter:label1\" content=\"Dur\u00e9e de lecture estim\u00e9e\" \/>\n\t<meta name=\"twitter:data1\" content=\"2 minutes\" \/>\n<script type=\"application\/ld+json\" class=\"yoast-schema-graph\">{\"@context\":\"https:\/\/schema.org\",\"@graph\":[{\"@type\":\"WebPage\",\"@id\":\"https:\/\/mailnjoy.com\/hunt\/fr\/security\/\",\"url\":\"https:\/\/mailnjoy.com\/hunt\/fr\/security\/\",\"name\":\"S\u00e9curit\u00e9 de vos donn\u00e9es - Mailnjoy\",\"isPartOf\":{\"@id\":\"https:\/\/mailnjoy.com\/hunt\/#website\"},\"primaryImageOfPage\":{\"@id\":\"https:\/\/mailnjoy.com\/hunt\/fr\/security\/#primaryimage\"},\"image\":{\"@id\":\"https:\/\/mailnjoy.com\/hunt\/fr\/security\/#primaryimage\"},\"thumbnailUrl\":\"https:\/\/mailnjoy.com\/check\/wp-content\/uploads\/2024\/10\/security.0e57a86a.png\",\"datePublished\":\"2025-09-18T08:49:03+00:00\",\"dateModified\":\"2026-04-01T10:04:16+00:00\",\"description\":\"La s\u00e9curisation de donn\u00e9es emails que vous nous confiez est tr\u00e8s importante pour nous. D\u00e9couvrez nos engagements \u00e0 ce sujet\",\"breadcrumb\":{\"@id\":\"https:\/\/mailnjoy.com\/hunt\/fr\/security\/#breadcrumb\"},\"inLanguage\":\"fr-FR\",\"potentialAction\":[{\"@type\":\"ReadAction\",\"target\":[\"https:\/\/mailnjoy.com\/hunt\/fr\/security\/\"]}]},{\"@type\":\"ImageObject\",\"inLanguage\":\"fr-FR\",\"@id\":\"https:\/\/mailnjoy.com\/hunt\/fr\/security\/#primaryimage\",\"url\":\"https:\/\/mailnjoy.com\/check\/wp-content\/uploads\/2024\/10\/security.0e57a86a.png\",\"contentUrl\":\"https:\/\/mailnjoy.com\/check\/wp-content\/uploads\/2024\/10\/security.0e57a86a.png\"},{\"@type\":\"BreadcrumbList\",\"@id\":\"https:\/\/mailnjoy.com\/hunt\/fr\/security\/#breadcrumb\",\"itemListElement\":[{\"@type\":\"ListItem\",\"position\":1,\"name\":\"Accueil\",\"item\":\"https:\/\/mailnjoy.com\/hunt\/fr\/\"},{\"@type\":\"ListItem\",\"position\":2,\"name\":\"S\u00e9curit\u00e9\"}]},{\"@type\":\"WebSite\",\"@id\":\"https:\/\/mailnjoy.com\/hunt\/#website\",\"url\":\"https:\/\/mailnjoy.com\/hunt\/\",\"name\":\"Mailnjoy\",\"description\":\"\",\"publisher\":{\"@id\":\"https:\/\/mailnjoy.com\/hunt\/#organization\"},\"potentialAction\":[{\"@type\":\"SearchAction\",\"target\":{\"@type\":\"EntryPoint\",\"urlTemplate\":\"https:\/\/mailnjoy.com\/hunt\/?s={search_term_string}\"},\"query-input\":{\"@type\":\"PropertyValueSpecification\",\"valueRequired\":true,\"valueName\":\"search_term_string\"}}],\"inLanguage\":\"fr-FR\"},{\"@type\":\"Organization\",\"@id\":\"https:\/\/mailnjoy.com\/hunt\/#organization\",\"name\":\"Mailnjoy\",\"url\":\"https:\/\/mailnjoy.com\/hunt\/\",\"logo\":{\"@type\":\"ImageObject\",\"inLanguage\":\"fr-FR\",\"@id\":\"https:\/\/mailnjoy.com\/hunt\/#\/schema\/logo\/image\/\",\"url\":\"https:\/\/mailnjoy.com\/hunt\/wp-content\/uploads\/2025\/06\/hunt-scaled.png\",\"contentUrl\":\"https:\/\/mailnjoy.com\/hunt\/wp-content\/uploads\/2025\/06\/hunt-scaled.png\",\"width\":2560,\"height\":1243,\"caption\":\"Mailnjoy\"},\"image\":{\"@id\":\"https:\/\/mailnjoy.com\/hunt\/#\/schema\/logo\/image\/\"}}]}<\/script>\n<!-- \/ Yoast SEO plugin. -->","yoast_head_json":{"title":"S\u00e9curit\u00e9 de vos donn\u00e9es - Mailnjoy","description":"La s\u00e9curisation de donn\u00e9es emails que vous nous confiez est tr\u00e8s importante pour nous. D\u00e9couvrez nos engagements \u00e0 ce sujet","robots":{"index":"index","follow":"follow","max-snippet":"max-snippet:-1","max-image-preview":"max-image-preview:large","max-video-preview":"max-video-preview:-1"},"canonical":"https:\/\/mailnjoy.com\/hunt\/fr\/security\/","twitter_misc":{"Dur\u00e9e de lecture estim\u00e9e":"2 minutes"},"schema":{"@context":"https:\/\/schema.org","@graph":[{"@type":"WebPage","@id":"https:\/\/mailnjoy.com\/hunt\/fr\/security\/","url":"https:\/\/mailnjoy.com\/hunt\/fr\/security\/","name":"S\u00e9curit\u00e9 de vos donn\u00e9es - Mailnjoy","isPartOf":{"@id":"https:\/\/mailnjoy.com\/hunt\/#website"},"primaryImageOfPage":{"@id":"https:\/\/mailnjoy.com\/hunt\/fr\/security\/#primaryimage"},"image":{"@id":"https:\/\/mailnjoy.com\/hunt\/fr\/security\/#primaryimage"},"thumbnailUrl":"https:\/\/mailnjoy.com\/check\/wp-content\/uploads\/2024\/10\/security.0e57a86a.png","datePublished":"2025-09-18T08:49:03+00:00","dateModified":"2026-04-01T10:04:16+00:00","description":"La s\u00e9curisation de donn\u00e9es emails que vous nous confiez est tr\u00e8s importante pour nous. D\u00e9couvrez nos engagements \u00e0 ce sujet","breadcrumb":{"@id":"https:\/\/mailnjoy.com\/hunt\/fr\/security\/#breadcrumb"},"inLanguage":"fr-FR","potentialAction":[{"@type":"ReadAction","target":["https:\/\/mailnjoy.com\/hunt\/fr\/security\/"]}]},{"@type":"ImageObject","inLanguage":"fr-FR","@id":"https:\/\/mailnjoy.com\/hunt\/fr\/security\/#primaryimage","url":"https:\/\/mailnjoy.com\/check\/wp-content\/uploads\/2024\/10\/security.0e57a86a.png","contentUrl":"https:\/\/mailnjoy.com\/check\/wp-content\/uploads\/2024\/10\/security.0e57a86a.png"},{"@type":"BreadcrumbList","@id":"https:\/\/mailnjoy.com\/hunt\/fr\/security\/#breadcrumb","itemListElement":[{"@type":"ListItem","position":1,"name":"Accueil","item":"https:\/\/mailnjoy.com\/hunt\/fr\/"},{"@type":"ListItem","position":2,"name":"S\u00e9curit\u00e9"}]},{"@type":"WebSite","@id":"https:\/\/mailnjoy.com\/hunt\/#website","url":"https:\/\/mailnjoy.com\/hunt\/","name":"Mailnjoy","description":"","publisher":{"@id":"https:\/\/mailnjoy.com\/hunt\/#organization"},"potentialAction":[{"@type":"SearchAction","target":{"@type":"EntryPoint","urlTemplate":"https:\/\/mailnjoy.com\/hunt\/?s={search_term_string}"},"query-input":{"@type":"PropertyValueSpecification","valueRequired":true,"valueName":"search_term_string"}}],"inLanguage":"fr-FR"},{"@type":"Organization","@id":"https:\/\/mailnjoy.com\/hunt\/#organization","name":"Mailnjoy","url":"https:\/\/mailnjoy.com\/hunt\/","logo":{"@type":"ImageObject","inLanguage":"fr-FR","@id":"https:\/\/mailnjoy.com\/hunt\/#\/schema\/logo\/image\/","url":"https:\/\/mailnjoy.com\/hunt\/wp-content\/uploads\/2025\/06\/hunt-scaled.png","contentUrl":"https:\/\/mailnjoy.com\/hunt\/wp-content\/uploads\/2025\/06\/hunt-scaled.png","width":2560,"height":1243,"caption":"Mailnjoy"},"image":{"@id":"https:\/\/mailnjoy.com\/hunt\/#\/schema\/logo\/image\/"}}]}},"lang":"fr","translations":{"fr":1845,"en":2226,"es":2229,"de":2232,"it":2235,"pt":2238},"uagb_featured_image_src":{"full":false,"thumbnail":false,"medium":false,"medium_large":false,"large":false,"1536x1536":false,"2048x2048":false,"post-thumbnail":false},"uagb_author_info":{"display_name":"sylvain","author_link":"https:\/\/mailnjoy.com\/hunt\/author\/sylvain\/"},"uagb_comment_info":0,"uagb_excerpt":"Les adresses emails sont des donn\u00e9es personnelles Certes, toutes les adresses ne permettent pas de remonter directement \u00e0 une personne physique, mais certaines le peuvent. Nous consid\u00e9rons donc toutes les adresses email comme des donn\u00e9es personnelles. \u00c0 ce titre, nous prenons toutes les pr\u00e9cautions vis \u00e0 vis des donn\u00e9es que vous nous confiez. Au-del\u00e0 de\u2026","pll_sync_post":[],"_links":{"self":[{"href":"https:\/\/mailnjoy.com\/hunt\/wp-json\/wp\/v2\/pages\/1845","targetHints":{"allow":["GET"]}}],"collection":[{"href":"https:\/\/mailnjoy.com\/hunt\/wp-json\/wp\/v2\/pages"}],"about":[{"href":"https:\/\/mailnjoy.com\/hunt\/wp-json\/wp\/v2\/types\/page"}],"author":[{"embeddable":true,"href":"https:\/\/mailnjoy.com\/hunt\/wp-json\/wp\/v2\/users\/1"}],"replies":[{"embeddable":true,"href":"https:\/\/mailnjoy.com\/hunt\/wp-json\/wp\/v2\/comments?post=1845"}],"version-history":[{"count":1,"href":"https:\/\/mailnjoy.com\/hunt\/wp-json\/wp\/v2\/pages\/1845\/revisions"}],"predecessor-version":[{"id":1848,"href":"https:\/\/mailnjoy.com\/hunt\/wp-json\/wp\/v2\/pages\/1845\/revisions\/1848"}],"wp:attachment":[{"href":"https:\/\/mailnjoy.com\/hunt\/wp-json\/wp\/v2\/media?parent=1845"}],"curies":[{"name":"wp","href":"https:\/\/api.w.org\/{rel}","templated":true}]}}