{"id":1849,"date":"2025-09-18T10:50:35","date_gmt":"2025-09-18T08:50:35","guid":{"rendered":"https:\/\/mailnjoy.com\/hunt\/?page_id=1849"},"modified":"2026-04-01T11:49:14","modified_gmt":"2026-04-01T09:49:14","slug":"developer","status":"publish","type":"page","link":"https:\/\/mailnjoy.com\/hunt\/fr\/developer\/","title":{"rendered":"D\u00e9veloppeur"},"content":{"rendered":"\n<div class=\"wp-block-group alignwide has-global-padding is-layout-constrained wp-block-group-is-layout-constrained\">\n<div class=\"wp-block-columns alignwide are-vertically-aligned-center is-layout-flex wp-container-core-columns-is-layout-a85f4655 wp-block-columns-is-layout-flex\">\n<div class=\"wp-block-column is-vertically-aligned-center is-layout-flow wp-block-column-is-layout-flow\" style=\"flex-basis:55%\">\n<h1 class=\"wp-block-heading\">Int\u00e9grer notre API de recherche email \u00e0 vos usages<\/h1>\n\n\n\n<p><br>Int\u00e9grez directement la recherche d&#8217;adresses email dans vos outils gr\u00e2ce \u00e0 l&#8217;API Mailnjoy. Comme notre outil, l&#8217;API est op\u00e9rationnelle et destin\u00e9e \u00e0 <br>cro\u00eetre, n&#8217;h\u00e9sitez pas \u00e0 l&#8217;essayer !<br><br><\/p>\n\n\n\n<h2 class=\"wp-block-heading has-green-color has-text-color has-link-color wp-elements-96e1f21b7e19e32d9ba965dfd8b78d95\" style=\"font-size:clamp(0.984rem, 0.984rem + ((1vw - 0.2rem) * 0.86), 1.5rem);\">Notre but est de r\u00e9pondre \u00e0 tous vos besoins d&#8217;automatisation<\/h2>\n\n\n\n<ul class=\"wp-block-list check-list\">\n<li><strong>La recherche unitaire d&#8217;une adresse email via l&#8217;API<\/strong><br>Int\u00e9grer la recherche d&#8217;une adresse email dans vos workflow en appelant directement l&#8217;API, que ce soit pour la recherche d&#8217;une personne sp\u00e9cifique ou des adresses g\u00e9n\u00e9riques d&#8217;une soci\u00e9t\u00e9s<\/li>\n\n\n\n<li><strong>L&#8217;enrichissement de vos fichiers sources  avec les adresses emails manquantes via le SFTP<\/strong><br>D\u00e9posez vos fichiers sources et enrichissez ces derniers en ajoutant les adresses mails manquantes de vos contacts professionnels, et int\u00e9grer directement les r\u00e9sultats dans vos outils, sans changer vos habitudes.<\/li>\n<\/ul>\n\n\n\n<p><br>La gestion des cl\u00e9s API et SFTP, ainsi que les diff\u00e9rentes documentations d&#8217;int\u00e9gration sont accessibles sur le <a href=\"https:\/\/developer.mailnjoy.com\/\" target=\"_blank\" rel=\"noreferrer noopener\"><strong>portail d\u00e9veloppeur<\/strong><\/a>. Ce dernier est \u00e9galement accessible directement depuis l&#8217;interface de votre compte utilisateur Mailnjoy.<br><br>La documentation de l&#8217;API est \u00e9galement disponible et consultable directement sur <strong>Github<\/strong>.<\/p>\n<\/div>\n\n\n\n<div class=\"wp-block-column is-vertically-aligned-center is-layout-flow wp-block-column-is-layout-flow\" style=\"padding-right:var(--wp--preset--spacing--30);padding-left:var(--wp--preset--spacing--30);flex-basis:50%\">\n<figure class=\"wp-block-image size-full mr--10\"><img loading=\"lazy\" decoding=\"async\" width=\"650\" height=\"500\" src=\"https:\/\/mailnjoy.com\/hunt\/wp-content\/uploads\/2025\/09\/API-1.png\" alt=\"\" class=\"wp-image-1953\" srcset=\"https:\/\/mailnjoy.com\/hunt\/wp-content\/uploads\/2025\/09\/API-1.png 650w, https:\/\/mailnjoy.com\/hunt\/wp-content\/uploads\/2025\/09\/API-1-300x231.png 300w\" sizes=\"auto, (max-width: 650px) 100vw, 650px\" \/><\/figure>\n<\/div>\n<\/div>\n<\/div>\n\n\n\n<p><\/p>\n","protected":false},"excerpt":{"rendered":"<p>Int\u00e9grer notre API de recherche email \u00e0 vos usages Int\u00e9grez directement la recherche d&#8217;adresses email dans vos outils gr\u00e2ce \u00e0 l&#8217;API Mailnjoy. Comme notre outil, l&#8217;API est op\u00e9rationnelle et destin\u00e9e \u00e0 cro\u00eetre, n&#8217;h\u00e9sitez pas \u00e0 l&#8217;essayer ! Notre but est de r\u00e9pondre \u00e0 tous vos besoins d&#8217;automatisation La gestion des cl\u00e9s API et SFTP, ainsi [&hellip;]<\/p>\n","protected":false},"author":1,"featured_media":0,"parent":0,"menu_order":0,"comment_status":"closed","ping_status":"closed","template":"","meta":{"_uag_custom_page_level_css":"","footnotes":""},"class_list":["post-1849","page","type-page","status-publish","hentry"],"yoast_head":"<!-- This site is optimized with the Yoast SEO plugin v23.6 - https:\/\/yoast.com\/wordpress\/plugins\/seo\/ -->\n<title>API de recherche email - Mailnjoy<\/title>\n<meta name=\"description\" content=\"Utilisez l&#039;API de recherche email de Mailnjoy afin d&#039;automatiser vos recherches d&#039;adresses email ou l&#039;enrichissement de vos fichiers sources\" \/>\n<meta name=\"robots\" content=\"index, follow, max-snippet:-1, max-image-preview:large, max-video-preview:-1\" \/>\n<link rel=\"canonical\" href=\"https:\/\/mailnjoy.com\/hunt\/fr\/developer\/\" \/>\n<meta name=\"twitter:label1\" content=\"Dur\u00e9e de lecture estim\u00e9e\" \/>\n\t<meta name=\"twitter:data1\" content=\"2 minutes\" \/>\n<script type=\"application\/ld+json\" class=\"yoast-schema-graph\">{\"@context\":\"https:\/\/schema.org\",\"@graph\":[{\"@type\":\"WebPage\",\"@id\":\"https:\/\/mailnjoy.com\/hunt\/fr\/developer\/\",\"url\":\"https:\/\/mailnjoy.com\/hunt\/fr\/developer\/\",\"name\":\"API de recherche email - Mailnjoy\",\"isPartOf\":{\"@id\":\"https:\/\/mailnjoy.com\/hunt\/#website\"},\"primaryImageOfPage\":{\"@id\":\"https:\/\/mailnjoy.com\/hunt\/fr\/developer\/#primaryimage\"},\"image\":{\"@id\":\"https:\/\/mailnjoy.com\/hunt\/fr\/developer\/#primaryimage\"},\"thumbnailUrl\":\"https:\/\/mailnjoy.com\/hunt\/wp-content\/uploads\/2025\/09\/API-1.png\",\"datePublished\":\"2025-09-18T08:50:35+00:00\",\"dateModified\":\"2026-04-01T09:49:14+00:00\",\"description\":\"Utilisez l'API de recherche email de Mailnjoy afin d'automatiser vos recherches d'adresses email ou l'enrichissement de vos fichiers sources\",\"breadcrumb\":{\"@id\":\"https:\/\/mailnjoy.com\/hunt\/fr\/developer\/#breadcrumb\"},\"inLanguage\":\"fr-FR\",\"potentialAction\":[{\"@type\":\"ReadAction\",\"target\":[\"https:\/\/mailnjoy.com\/hunt\/fr\/developer\/\"]}]},{\"@type\":\"ImageObject\",\"inLanguage\":\"fr-FR\",\"@id\":\"https:\/\/mailnjoy.com\/hunt\/fr\/developer\/#primaryimage\",\"url\":\"https:\/\/mailnjoy.com\/hunt\/wp-content\/uploads\/2025\/09\/API-1.png\",\"contentUrl\":\"https:\/\/mailnjoy.com\/hunt\/wp-content\/uploads\/2025\/09\/API-1.png\",\"width\":650,\"height\":500},{\"@type\":\"BreadcrumbList\",\"@id\":\"https:\/\/mailnjoy.com\/hunt\/fr\/developer\/#breadcrumb\",\"itemListElement\":[{\"@type\":\"ListItem\",\"position\":1,\"name\":\"Accueil\",\"item\":\"https:\/\/mailnjoy.com\/hunt\/fr\/\"},{\"@type\":\"ListItem\",\"position\":2,\"name\":\"D\u00e9veloppeur\"}]},{\"@type\":\"WebSite\",\"@id\":\"https:\/\/mailnjoy.com\/hunt\/#website\",\"url\":\"https:\/\/mailnjoy.com\/hunt\/\",\"name\":\"Mailnjoy\",\"description\":\"\",\"publisher\":{\"@id\":\"https:\/\/mailnjoy.com\/hunt\/#organization\"},\"potentialAction\":[{\"@type\":\"SearchAction\",\"target\":{\"@type\":\"EntryPoint\",\"urlTemplate\":\"https:\/\/mailnjoy.com\/hunt\/?s={search_term_string}\"},\"query-input\":{\"@type\":\"PropertyValueSpecification\",\"valueRequired\":true,\"valueName\":\"search_term_string\"}}],\"inLanguage\":\"fr-FR\"},{\"@type\":\"Organization\",\"@id\":\"https:\/\/mailnjoy.com\/hunt\/#organization\",\"name\":\"Mailnjoy\",\"url\":\"https:\/\/mailnjoy.com\/hunt\/\",\"logo\":{\"@type\":\"ImageObject\",\"inLanguage\":\"fr-FR\",\"@id\":\"https:\/\/mailnjoy.com\/hunt\/#\/schema\/logo\/image\/\",\"url\":\"https:\/\/mailnjoy.com\/hunt\/wp-content\/uploads\/2025\/06\/hunt-scaled.png\",\"contentUrl\":\"https:\/\/mailnjoy.com\/hunt\/wp-content\/uploads\/2025\/06\/hunt-scaled.png\",\"width\":2560,\"height\":1243,\"caption\":\"Mailnjoy\"},\"image\":{\"@id\":\"https:\/\/mailnjoy.com\/hunt\/#\/schema\/logo\/image\/\"}}]}<\/script>\n<!-- \/ Yoast SEO plugin. -->","yoast_head_json":{"title":"API de recherche email - Mailnjoy","description":"Utilisez l'API de recherche email de Mailnjoy afin d'automatiser vos recherches d'adresses email ou l'enrichissement de vos fichiers sources","robots":{"index":"index","follow":"follow","max-snippet":"max-snippet:-1","max-image-preview":"max-image-preview:large","max-video-preview":"max-video-preview:-1"},"canonical":"https:\/\/mailnjoy.com\/hunt\/fr\/developer\/","twitter_misc":{"Dur\u00e9e de lecture estim\u00e9e":"2 minutes"},"schema":{"@context":"https:\/\/schema.org","@graph":[{"@type":"WebPage","@id":"https:\/\/mailnjoy.com\/hunt\/fr\/developer\/","url":"https:\/\/mailnjoy.com\/hunt\/fr\/developer\/","name":"API de recherche email - Mailnjoy","isPartOf":{"@id":"https:\/\/mailnjoy.com\/hunt\/#website"},"primaryImageOfPage":{"@id":"https:\/\/mailnjoy.com\/hunt\/fr\/developer\/#primaryimage"},"image":{"@id":"https:\/\/mailnjoy.com\/hunt\/fr\/developer\/#primaryimage"},"thumbnailUrl":"https:\/\/mailnjoy.com\/hunt\/wp-content\/uploads\/2025\/09\/API-1.png","datePublished":"2025-09-18T08:50:35+00:00","dateModified":"2026-04-01T09:49:14+00:00","description":"Utilisez l'API de recherche email de Mailnjoy afin d'automatiser vos recherches d'adresses email ou l'enrichissement de vos fichiers sources","breadcrumb":{"@id":"https:\/\/mailnjoy.com\/hunt\/fr\/developer\/#breadcrumb"},"inLanguage":"fr-FR","potentialAction":[{"@type":"ReadAction","target":["https:\/\/mailnjoy.com\/hunt\/fr\/developer\/"]}]},{"@type":"ImageObject","inLanguage":"fr-FR","@id":"https:\/\/mailnjoy.com\/hunt\/fr\/developer\/#primaryimage","url":"https:\/\/mailnjoy.com\/hunt\/wp-content\/uploads\/2025\/09\/API-1.png","contentUrl":"https:\/\/mailnjoy.com\/hunt\/wp-content\/uploads\/2025\/09\/API-1.png","width":650,"height":500},{"@type":"BreadcrumbList","@id":"https:\/\/mailnjoy.com\/hunt\/fr\/developer\/#breadcrumb","itemListElement":[{"@type":"ListItem","position":1,"name":"Accueil","item":"https:\/\/mailnjoy.com\/hunt\/fr\/"},{"@type":"ListItem","position":2,"name":"D\u00e9veloppeur"}]},{"@type":"WebSite","@id":"https:\/\/mailnjoy.com\/hunt\/#website","url":"https:\/\/mailnjoy.com\/hunt\/","name":"Mailnjoy","description":"","publisher":{"@id":"https:\/\/mailnjoy.com\/hunt\/#organization"},"potentialAction":[{"@type":"SearchAction","target":{"@type":"EntryPoint","urlTemplate":"https:\/\/mailnjoy.com\/hunt\/?s={search_term_string}"},"query-input":{"@type":"PropertyValueSpecification","valueRequired":true,"valueName":"search_term_string"}}],"inLanguage":"fr-FR"},{"@type":"Organization","@id":"https:\/\/mailnjoy.com\/hunt\/#organization","name":"Mailnjoy","url":"https:\/\/mailnjoy.com\/hunt\/","logo":{"@type":"ImageObject","inLanguage":"fr-FR","@id":"https:\/\/mailnjoy.com\/hunt\/#\/schema\/logo\/image\/","url":"https:\/\/mailnjoy.com\/hunt\/wp-content\/uploads\/2025\/06\/hunt-scaled.png","contentUrl":"https:\/\/mailnjoy.com\/hunt\/wp-content\/uploads\/2025\/06\/hunt-scaled.png","width":2560,"height":1243,"caption":"Mailnjoy"},"image":{"@id":"https:\/\/mailnjoy.com\/hunt\/#\/schema\/logo\/image\/"}}]}},"lang":"fr","translations":{"fr":1849,"en":2097,"es":2100,"de":2105,"it":2111,"pt":2115},"uagb_featured_image_src":{"full":false,"thumbnail":false,"medium":false,"medium_large":false,"large":false,"1536x1536":false,"2048x2048":false,"post-thumbnail":false},"uagb_author_info":{"display_name":"sylvain","author_link":"https:\/\/mailnjoy.com\/hunt\/author\/sylvain\/"},"uagb_comment_info":0,"uagb_excerpt":"Int\u00e9grer notre API de recherche email \u00e0 vos usages Int\u00e9grez directement la recherche d&#8217;adresses email dans vos outils gr\u00e2ce \u00e0 l&#8217;API Mailnjoy. Comme notre outil, l&#8217;API est op\u00e9rationnelle et destin\u00e9e \u00e0 cro\u00eetre, n&#8217;h\u00e9sitez pas \u00e0 l&#8217;essayer ! Notre but est de r\u00e9pondre \u00e0 tous vos besoins d&#8217;automatisation La gestion des cl\u00e9s API et SFTP, ainsi\u2026","pll_sync_post":[],"_links":{"self":[{"href":"https:\/\/mailnjoy.com\/hunt\/wp-json\/wp\/v2\/pages\/1849","targetHints":{"allow":["GET"]}}],"collection":[{"href":"https:\/\/mailnjoy.com\/hunt\/wp-json\/wp\/v2\/pages"}],"about":[{"href":"https:\/\/mailnjoy.com\/hunt\/wp-json\/wp\/v2\/types\/page"}],"author":[{"embeddable":true,"href":"https:\/\/mailnjoy.com\/hunt\/wp-json\/wp\/v2\/users\/1"}],"replies":[{"embeddable":true,"href":"https:\/\/mailnjoy.com\/hunt\/wp-json\/wp\/v2\/comments?post=1849"}],"version-history":[{"count":5,"href":"https:\/\/mailnjoy.com\/hunt\/wp-json\/wp\/v2\/pages\/1849\/revisions"}],"predecessor-version":[{"id":2004,"href":"https:\/\/mailnjoy.com\/hunt\/wp-json\/wp\/v2\/pages\/1849\/revisions\/2004"}],"wp:attachment":[{"href":"https:\/\/mailnjoy.com\/hunt\/wp-json\/wp\/v2\/media?parent=1849"}],"curies":[{"name":"wp","href":"https:\/\/api.w.org\/{rel}","templated":true}]}}