{"id":1855,"date":"2025-09-18T11:25:59","date_gmt":"2025-09-18T09:25:59","guid":{"rendered":"https:\/\/mailnjoy.com\/hunt\/?page_id=1855"},"modified":"2026-04-02T13:34:24","modified_gmt":"2026-04-02T11:34:24","slug":"tools","status":"publish","type":"page","link":"https:\/\/mailnjoy.com\/hunt\/fr\/tools\/","title":{"rendered":"Outils Mailnjoy"},"content":{"rendered":"\n<div class=\"wp-block-group alignfull has-global-padding is-layout-constrained wp-block-group-is-layout-constrained\">\n<h1 class=\"wp-block-heading alignwide has-text-align-center\">Mailnjoy, des solutions pour vous simplifier l&#8217;emailing<\/h1>\n\n\n\n<div class=\"wp-block-columns alignfull are-vertically-aligned-center is-layout-flex wp-container-core-columns-is-layout-28f84493 wp-block-columns-is-layout-flex\">\n<div class=\"wp-block-column is-vertically-aligned-center is-layout-flow wp-block-column-is-layout-flow\">\n<figure class=\"wp-block-image alignright size-medium\"><img loading=\"lazy\" decoding=\"async\" width=\"300\" height=\"212\" src=\"https:\/\/mailnjoy.com\/hunt\/wp-content\/uploads\/2025\/09\/mailnjoy.2b78f045-300x212.png\" alt=\"\" class=\"wp-image-1856\" srcset=\"https:\/\/mailnjoy.com\/hunt\/wp-content\/uploads\/2025\/09\/mailnjoy.2b78f045-300x212.png 300w, https:\/\/mailnjoy.com\/hunt\/wp-content\/uploads\/2025\/09\/mailnjoy.2b78f045-1024x724.png 1024w, https:\/\/mailnjoy.com\/hunt\/wp-content\/uploads\/2025\/09\/mailnjoy.2b78f045-768x543.png 768w, https:\/\/mailnjoy.com\/hunt\/wp-content\/uploads\/2025\/09\/mailnjoy.2b78f045-1536x1086.png 1536w, https:\/\/mailnjoy.com\/hunt\/wp-content\/uploads\/2025\/09\/mailnjoy.2b78f045-2048x1448.png 2048w, https:\/\/mailnjoy.com\/hunt\/wp-content\/uploads\/2025\/09\/mailnjoy.2b78f045-1568x1109.png 1568w\" sizes=\"auto, (max-width: 300px) 100vw, 300px\" \/><\/figure>\n<\/div>\n\n\n\n<div class=\"wp-block-column is-vertically-aligned-center is-layout-flow wp-block-column-is-layout-flow\">\n<p>Mailnjoy, c&#8217;est une entreprise de passionn\u00e9s de la technique et d&#8217;experts de l&#8217;Emailing. Notre objectif est de vous apporter un ensemble de solutions efficaces et int\u00e9gr\u00e9es les unes aux autres afin de vous faciliter l&#8217;acc\u00e8s au monde de l&#8217;Emailing.<\/p>\n\n\n\n<div class=\"wp-block-buttons is-content-justification-center is-layout-flex wp-container-core-buttons-is-layout-a89b3969 wp-block-buttons-is-layout-flex\">\n<div class=\"wp-block-button\"><a class=\"wp-block-button__link has-orange-background-color has-background wp-element-button\" href=\"https:\/\/mailnjoy.com\/hunt\/fr\/team\/\">En savoir plus<\/a><\/div>\n<\/div>\n<\/div>\n<\/div>\n<\/div>\n\n\n\n<div class=\"wp-block-columns alignfull are-vertically-aligned-center is-layout-flex wp-container-core-columns-is-layout-28f84493 wp-block-columns-is-layout-flex\">\n<div class=\"wp-block-column is-vertically-aligned-center is-layout-flow wp-block-column-is-layout-flow\">\n<p class=\"has-text-align-right\">Check est le premier produit de Mailnjoy. C&#8217;est un validateur email qui permet de nettoyer les bases d&#8217;adresses emails. Cela afin d&#8217;\u00e9viter de ternir la r\u00e9putation de l&#8217;exp\u00e9diteur en retirant les bounces, ansi que d&#8217;\u00e9conomiser l&#8217;envoi de milliers de mails \u00e0 des adresses commercialement inint\u00e9ressantes.<\/p>\n\n\n\n<div class=\"wp-block-buttons is-content-justification-center is-layout-flex wp-container-core-buttons-is-layout-a89b3969 wp-block-buttons-is-layout-flex\">\n<div class=\"wp-block-button\"><a class=\"wp-block-button__link has-orange-background-color has-background wp-element-button\" href=\"https:\/\/mailnjoy.com\/check\/fr\/\">En savoir plus<\/a><\/div>\n<\/div>\n<\/div>\n\n\n\n<div class=\"wp-block-column is-vertically-aligned-center is-layout-flow wp-block-column-is-layout-flow\">\n<figure class=\"wp-block-image alignleft size-medium\"><img loading=\"lazy\" decoding=\"async\" width=\"300\" height=\"212\" src=\"https:\/\/mailnjoy.com\/hunt\/wp-content\/uploads\/2025\/09\/check.d4cb4db0-300x212.png\" alt=\"\" class=\"wp-image-1865\" srcset=\"https:\/\/mailnjoy.com\/hunt\/wp-content\/uploads\/2025\/09\/check.d4cb4db0-300x212.png 300w, https:\/\/mailnjoy.com\/hunt\/wp-content\/uploads\/2025\/09\/check.d4cb4db0-1024x724.png 1024w, https:\/\/mailnjoy.com\/hunt\/wp-content\/uploads\/2025\/09\/check.d4cb4db0-768x543.png 768w, https:\/\/mailnjoy.com\/hunt\/wp-content\/uploads\/2025\/09\/check.d4cb4db0-1536x1086.png 1536w, https:\/\/mailnjoy.com\/hunt\/wp-content\/uploads\/2025\/09\/check.d4cb4db0-2048x1448.png 2048w, https:\/\/mailnjoy.com\/hunt\/wp-content\/uploads\/2025\/09\/check.d4cb4db0-1568x1109.png 1568w\" sizes=\"auto, (max-width: 300px) 100vw, 300px\" \/><\/figure>\n<\/div>\n<\/div>\n\n\n\n<div class=\"wp-block-columns alignfull are-vertically-aligned-center is-layout-flex wp-container-core-columns-is-layout-28f84493 wp-block-columns-is-layout-flex\">\n<div class=\"wp-block-column is-vertically-aligned-center is-layout-flow wp-block-column-is-layout-flow\">\n<figure class=\"wp-block-image alignright size-medium\"><img loading=\"lazy\" decoding=\"async\" width=\"300\" height=\"212\" src=\"https:\/\/mailnjoy.com\/hunt\/wp-content\/uploads\/2025\/09\/hunt.c7311485-300x212.png\" alt=\"\" class=\"wp-image-1866\" srcset=\"https:\/\/mailnjoy.com\/hunt\/wp-content\/uploads\/2025\/09\/hunt.c7311485-300x212.png 300w, https:\/\/mailnjoy.com\/hunt\/wp-content\/uploads\/2025\/09\/hunt.c7311485-1024x724.png 1024w, https:\/\/mailnjoy.com\/hunt\/wp-content\/uploads\/2025\/09\/hunt.c7311485-768x543.png 768w, https:\/\/mailnjoy.com\/hunt\/wp-content\/uploads\/2025\/09\/hunt.c7311485-1536x1086.png 1536w, https:\/\/mailnjoy.com\/hunt\/wp-content\/uploads\/2025\/09\/hunt.c7311485-2048x1448.png 2048w, https:\/\/mailnjoy.com\/hunt\/wp-content\/uploads\/2025\/09\/hunt.c7311485-1568x1109.png 1568w\" sizes=\"auto, (max-width: 300px) 100vw, 300px\" \/><\/figure>\n<\/div>\n\n\n\n<div class=\"wp-block-column is-vertically-aligned-center is-layout-flow wp-block-column-is-layout-flow\">\n<p>Hunt est le second produit de la gamme Mailnjoy. Cet outil permet de faciliter la recherche de prospects en trouvant les emails de personnes connues ou de contacts g\u00e9n\u00e9riques au sein d&#8217;entreprises.<\/p>\n\n\n\n<div class=\"wp-block-buttons is-content-justification-center is-layout-flex wp-container-core-buttons-is-layout-a89b3969 wp-block-buttons-is-layout-flex\">\n<div class=\"wp-block-button\"><a class=\"wp-block-button__link has-orange-background-color has-background wp-element-button\" href=\"https:\/\/mailnjoy.com\/hunt\/fr\/\">En savoir plus<\/a><\/div>\n<\/div>\n<\/div>\n<\/div>\n\n\n\n<p><\/p>\n","protected":false},"excerpt":{"rendered":"<p>Mailnjoy, des solutions pour vous simplifier l&#8217;emailing Mailnjoy, c&#8217;est une entreprise de passionn\u00e9s de la technique et d&#8217;experts de l&#8217;Emailing. Notre objectif est de vous apporter un ensemble de solutions efficaces et int\u00e9gr\u00e9es les unes aux autres afin de vous faciliter l&#8217;acc\u00e8s au monde de l&#8217;Emailing. Check est le premier produit de Mailnjoy. C&#8217;est un [&hellip;]<\/p>\n","protected":false},"author":1,"featured_media":0,"parent":0,"menu_order":0,"comment_status":"closed","ping_status":"closed","template":"","meta":{"_uag_custom_page_level_css":"","footnotes":""},"class_list":["post-1855","page","type-page","status-publish","hentry"],"yoast_head":"<!-- This site is optimized with the Yoast SEO plugin v23.6 - https:\/\/yoast.com\/wordpress\/plugins\/seo\/ -->\n<title>Diff\u00e9rents outils Mailnjoy<\/title>\n<meta name=\"description\" content=\"D\u00e9couvrez les diff\u00e9rents outils de la gamme Mailnjoy, pour simplifier vos besoins Emailing (v\u00e9rification email, recherche adresses email, etc)\" \/>\n<meta name=\"robots\" content=\"index, follow, max-snippet:-1, max-image-preview:large, max-video-preview:-1\" \/>\n<link rel=\"canonical\" href=\"https:\/\/mailnjoy.com\/hunt\/fr\/tools\/\" \/>\n<meta name=\"twitter:label1\" content=\"Dur\u00e9e de lecture estim\u00e9e\" \/>\n\t<meta name=\"twitter:data1\" content=\"2 minutes\" \/>\n<script type=\"application\/ld+json\" class=\"yoast-schema-graph\">{\"@context\":\"https:\/\/schema.org\",\"@graph\":[{\"@type\":\"WebPage\",\"@id\":\"https:\/\/mailnjoy.com\/hunt\/fr\/tools\/\",\"url\":\"https:\/\/mailnjoy.com\/hunt\/fr\/tools\/\",\"name\":\"Diff\u00e9rents outils Mailnjoy\",\"isPartOf\":{\"@id\":\"https:\/\/mailnjoy.com\/hunt\/#website\"},\"primaryImageOfPage\":{\"@id\":\"https:\/\/mailnjoy.com\/hunt\/fr\/tools\/#primaryimage\"},\"image\":{\"@id\":\"https:\/\/mailnjoy.com\/hunt\/fr\/tools\/#primaryimage\"},\"thumbnailUrl\":\"https:\/\/mailnjoy.com\/hunt\/wp-content\/uploads\/2025\/09\/mailnjoy.2b78f045-300x212.png\",\"datePublished\":\"2025-09-18T09:25:59+00:00\",\"dateModified\":\"2026-04-02T11:34:24+00:00\",\"description\":\"D\u00e9couvrez les diff\u00e9rents outils de la gamme Mailnjoy, pour simplifier vos besoins Emailing (v\u00e9rification email, recherche adresses email, etc)\",\"breadcrumb\":{\"@id\":\"https:\/\/mailnjoy.com\/hunt\/fr\/tools\/#breadcrumb\"},\"inLanguage\":\"fr-FR\",\"potentialAction\":[{\"@type\":\"ReadAction\",\"target\":[\"https:\/\/mailnjoy.com\/hunt\/fr\/tools\/\"]}]},{\"@type\":\"ImageObject\",\"inLanguage\":\"fr-FR\",\"@id\":\"https:\/\/mailnjoy.com\/hunt\/fr\/tools\/#primaryimage\",\"url\":\"https:\/\/mailnjoy.com\/hunt\/wp-content\/uploads\/2025\/09\/mailnjoy.2b78f045-scaled.png\",\"contentUrl\":\"https:\/\/mailnjoy.com\/hunt\/wp-content\/uploads\/2025\/09\/mailnjoy.2b78f045-scaled.png\",\"width\":2560,\"height\":1810},{\"@type\":\"BreadcrumbList\",\"@id\":\"https:\/\/mailnjoy.com\/hunt\/fr\/tools\/#breadcrumb\",\"itemListElement\":[{\"@type\":\"ListItem\",\"position\":1,\"name\":\"Accueil\",\"item\":\"https:\/\/mailnjoy.com\/hunt\/fr\/\"},{\"@type\":\"ListItem\",\"position\":2,\"name\":\"Outils Mailnjoy\"}]},{\"@type\":\"WebSite\",\"@id\":\"https:\/\/mailnjoy.com\/hunt\/#website\",\"url\":\"https:\/\/mailnjoy.com\/hunt\/\",\"name\":\"Mailnjoy\",\"description\":\"\",\"publisher\":{\"@id\":\"https:\/\/mailnjoy.com\/hunt\/#organization\"},\"potentialAction\":[{\"@type\":\"SearchAction\",\"target\":{\"@type\":\"EntryPoint\",\"urlTemplate\":\"https:\/\/mailnjoy.com\/hunt\/?s={search_term_string}\"},\"query-input\":{\"@type\":\"PropertyValueSpecification\",\"valueRequired\":true,\"valueName\":\"search_term_string\"}}],\"inLanguage\":\"fr-FR\"},{\"@type\":\"Organization\",\"@id\":\"https:\/\/mailnjoy.com\/hunt\/#organization\",\"name\":\"Mailnjoy\",\"url\":\"https:\/\/mailnjoy.com\/hunt\/\",\"logo\":{\"@type\":\"ImageObject\",\"inLanguage\":\"fr-FR\",\"@id\":\"https:\/\/mailnjoy.com\/hunt\/#\/schema\/logo\/image\/\",\"url\":\"https:\/\/mailnjoy.com\/hunt\/wp-content\/uploads\/2025\/06\/hunt-scaled.png\",\"contentUrl\":\"https:\/\/mailnjoy.com\/hunt\/wp-content\/uploads\/2025\/06\/hunt-scaled.png\",\"width\":2560,\"height\":1243,\"caption\":\"Mailnjoy\"},\"image\":{\"@id\":\"https:\/\/mailnjoy.com\/hunt\/#\/schema\/logo\/image\/\"}}]}<\/script>\n<!-- \/ Yoast SEO plugin. -->","yoast_head_json":{"title":"Diff\u00e9rents outils Mailnjoy","description":"D\u00e9couvrez les diff\u00e9rents outils de la gamme Mailnjoy, pour simplifier vos besoins Emailing (v\u00e9rification email, recherche adresses email, etc)","robots":{"index":"index","follow":"follow","max-snippet":"max-snippet:-1","max-image-preview":"max-image-preview:large","max-video-preview":"max-video-preview:-1"},"canonical":"https:\/\/mailnjoy.com\/hunt\/fr\/tools\/","twitter_misc":{"Dur\u00e9e de lecture estim\u00e9e":"2 minutes"},"schema":{"@context":"https:\/\/schema.org","@graph":[{"@type":"WebPage","@id":"https:\/\/mailnjoy.com\/hunt\/fr\/tools\/","url":"https:\/\/mailnjoy.com\/hunt\/fr\/tools\/","name":"Diff\u00e9rents outils Mailnjoy","isPartOf":{"@id":"https:\/\/mailnjoy.com\/hunt\/#website"},"primaryImageOfPage":{"@id":"https:\/\/mailnjoy.com\/hunt\/fr\/tools\/#primaryimage"},"image":{"@id":"https:\/\/mailnjoy.com\/hunt\/fr\/tools\/#primaryimage"},"thumbnailUrl":"https:\/\/mailnjoy.com\/hunt\/wp-content\/uploads\/2025\/09\/mailnjoy.2b78f045-300x212.png","datePublished":"2025-09-18T09:25:59+00:00","dateModified":"2026-04-02T11:34:24+00:00","description":"D\u00e9couvrez les diff\u00e9rents outils de la gamme Mailnjoy, pour simplifier vos besoins Emailing (v\u00e9rification email, recherche adresses email, etc)","breadcrumb":{"@id":"https:\/\/mailnjoy.com\/hunt\/fr\/tools\/#breadcrumb"},"inLanguage":"fr-FR","potentialAction":[{"@type":"ReadAction","target":["https:\/\/mailnjoy.com\/hunt\/fr\/tools\/"]}]},{"@type":"ImageObject","inLanguage":"fr-FR","@id":"https:\/\/mailnjoy.com\/hunt\/fr\/tools\/#primaryimage","url":"https:\/\/mailnjoy.com\/hunt\/wp-content\/uploads\/2025\/09\/mailnjoy.2b78f045-scaled.png","contentUrl":"https:\/\/mailnjoy.com\/hunt\/wp-content\/uploads\/2025\/09\/mailnjoy.2b78f045-scaled.png","width":2560,"height":1810},{"@type":"BreadcrumbList","@id":"https:\/\/mailnjoy.com\/hunt\/fr\/tools\/#breadcrumb","itemListElement":[{"@type":"ListItem","position":1,"name":"Accueil","item":"https:\/\/mailnjoy.com\/hunt\/fr\/"},{"@type":"ListItem","position":2,"name":"Outils Mailnjoy"}]},{"@type":"WebSite","@id":"https:\/\/mailnjoy.com\/hunt\/#website","url":"https:\/\/mailnjoy.com\/hunt\/","name":"Mailnjoy","description":"","publisher":{"@id":"https:\/\/mailnjoy.com\/hunt\/#organization"},"potentialAction":[{"@type":"SearchAction","target":{"@type":"EntryPoint","urlTemplate":"https:\/\/mailnjoy.com\/hunt\/?s={search_term_string}"},"query-input":{"@type":"PropertyValueSpecification","valueRequired":true,"valueName":"search_term_string"}}],"inLanguage":"fr-FR"},{"@type":"Organization","@id":"https:\/\/mailnjoy.com\/hunt\/#organization","name":"Mailnjoy","url":"https:\/\/mailnjoy.com\/hunt\/","logo":{"@type":"ImageObject","inLanguage":"fr-FR","@id":"https:\/\/mailnjoy.com\/hunt\/#\/schema\/logo\/image\/","url":"https:\/\/mailnjoy.com\/hunt\/wp-content\/uploads\/2025\/06\/hunt-scaled.png","contentUrl":"https:\/\/mailnjoy.com\/hunt\/wp-content\/uploads\/2025\/06\/hunt-scaled.png","width":2560,"height":1243,"caption":"Mailnjoy"},"image":{"@id":"https:\/\/mailnjoy.com\/hunt\/#\/schema\/logo\/image\/"}}]}},"lang":"fr","translations":{"fr":1855,"en":2177,"es":2181,"de":2187,"it":2194,"pt":2198},"uagb_featured_image_src":{"full":false,"thumbnail":false,"medium":false,"medium_large":false,"large":false,"1536x1536":false,"2048x2048":false,"post-thumbnail":false},"uagb_author_info":{"display_name":"sylvain","author_link":"https:\/\/mailnjoy.com\/hunt\/author\/sylvain\/"},"uagb_comment_info":0,"uagb_excerpt":"Mailnjoy, des solutions pour vous simplifier l&#8217;emailing Mailnjoy, c&#8217;est une entreprise de passionn\u00e9s de la technique et d&#8217;experts de l&#8217;Emailing. Notre objectif est de vous apporter un ensemble de solutions efficaces et int\u00e9gr\u00e9es les unes aux autres afin de vous faciliter l&#8217;acc\u00e8s au monde de l&#8217;Emailing. Check est le premier produit de Mailnjoy. C&#8217;est un\u2026","pll_sync_post":[],"_links":{"self":[{"href":"https:\/\/mailnjoy.com\/hunt\/wp-json\/wp\/v2\/pages\/1855","targetHints":{"allow":["GET"]}}],"collection":[{"href":"https:\/\/mailnjoy.com\/hunt\/wp-json\/wp\/v2\/pages"}],"about":[{"href":"https:\/\/mailnjoy.com\/hunt\/wp-json\/wp\/v2\/types\/page"}],"author":[{"embeddable":true,"href":"https:\/\/mailnjoy.com\/hunt\/wp-json\/wp\/v2\/users\/1"}],"replies":[{"embeddable":true,"href":"https:\/\/mailnjoy.com\/hunt\/wp-json\/wp\/v2\/comments?post=1855"}],"version-history":[{"count":15,"href":"https:\/\/mailnjoy.com\/hunt\/wp-json\/wp\/v2\/pages\/1855\/revisions"}],"predecessor-version":[{"id":2185,"href":"https:\/\/mailnjoy.com\/hunt\/wp-json\/wp\/v2\/pages\/1855\/revisions\/2185"}],"wp:attachment":[{"href":"https:\/\/mailnjoy.com\/hunt\/wp-json\/wp\/v2\/media?parent=1855"}],"curies":[{"name":"wp","href":"https:\/\/api.w.org\/{rel}","templated":true}]}}