{"id":1879,"date":"2025-09-18T12:56:36","date_gmt":"2025-09-18T10:56:36","guid":{"rendered":"https:\/\/mailnjoy.com\/hunt\/?page_id=1879"},"modified":"2026-04-02T15:34:35","modified_gmt":"2026-04-02T13:34:35","slug":"find-emails","status":"publish","type":"page","link":"https:\/\/mailnjoy.com\/hunt\/fr\/find-emails\/","title":{"rendered":"Recherche de mails"},"content":{"rendered":"\n<div class=\"wp-block-group alignwide has-global-padding is-layout-constrained wp-block-group-is-layout-constrained\">\n<div class=\"wp-block-columns alignwide is-layout-flex wp-container-core-columns-is-layout-28f84493 wp-block-columns-is-layout-flex\">\n<div class=\"wp-block-column is-layout-flow wp-block-column-is-layout-flow\">\n<h1 class=\"wp-block-heading\">Pourquoi payer pour des r\u00e9sultats inutiles&nbsp;?<\/h1>\n\n\n\n<p>Voici un exemple de recherche sur l&#8217;un de nos plus gros concurrents.<\/p>\n\n\n\n<p>Comme nous, vous doutez peut-\u00eatre qu&#8217;Emmanuel Macron ou le grand m\u00e9chant loup travaillent chez Lor\u00e9al.<br>D&#8217;autres chercheurs d&#8217;adresses emails vous assureront du contraire, en \u00e9tant m\u00eame assez s\u00fbrs d&#8217;eux pour vous faire payer ce r\u00e9sultat.<\/p>\n\n\n\n<p>Chez Mailnjoy, nous avons une approche diff\u00e9rente de nos concurrents. Et vous pouvez \u00eatre s\u00fbr que si nous vous retournons un email, alors il existe.<\/p>\n<\/div>\n\n\n\n<div class=\"wp-block-column is-layout-flow wp-block-column-is-layout-flow\">\n<figure class=\"wp-block-image size-large mr--10\"><img loading=\"lazy\" decoding=\"async\" width=\"1024\" height=\"668\" src=\"https:\/\/mailnjoy.com\/hunt\/wp-content\/uploads\/2025\/09\/hunt_example.b964d8dc-1024x668.png\" alt=\"\" class=\"wp-image-1880\" srcset=\"https:\/\/mailnjoy.com\/hunt\/wp-content\/uploads\/2025\/09\/hunt_example.b964d8dc-1024x668.png 1024w, https:\/\/mailnjoy.com\/hunt\/wp-content\/uploads\/2025\/09\/hunt_example.b964d8dc-300x196.png 300w, https:\/\/mailnjoy.com\/hunt\/wp-content\/uploads\/2025\/09\/hunt_example.b964d8dc-768x501.png 768w, https:\/\/mailnjoy.com\/hunt\/wp-content\/uploads\/2025\/09\/hunt_example.b964d8dc.png 1161w\" sizes=\"auto, (max-width: 1024px) 100vw, 1024px\" \/><\/figure>\n<\/div>\n<\/div>\n<\/div>\n\n\n\n<div class=\"wp-block-group alignwide has-global-padding is-layout-constrained wp-block-group-is-layout-constrained\" style=\"margin-top:var(--wp--preset--spacing--40);margin-bottom:var(--wp--preset--spacing--40)\">\n<div class=\"wp-block-columns alignwide are-vertically-aligned-center is-layout-flex wp-container-core-columns-is-layout-28f84493 wp-block-columns-is-layout-flex\">\n<div class=\"wp-block-column is-vertically-aligned-center is-layout-flow wp-block-column-is-layout-flow\">\n<figure class=\"wp-block-image size-large\"><img loading=\"lazy\" decoding=\"async\" width=\"1024\" height=\"1024\" src=\"https:\/\/mailnjoy.com\/hunt\/wp-content\/uploads\/2025\/09\/vrai_contact.92eef6df-1024x1024.png\" alt=\"obtenir contact email fiable\" class=\"wp-image-1886\" srcset=\"https:\/\/mailnjoy.com\/hunt\/wp-content\/uploads\/2025\/09\/vrai_contact.92eef6df-1024x1024.png 1024w, https:\/\/mailnjoy.com\/hunt\/wp-content\/uploads\/2025\/09\/vrai_contact.92eef6df-300x300.png 300w, https:\/\/mailnjoy.com\/hunt\/wp-content\/uploads\/2025\/09\/vrai_contact.92eef6df-150x150.png 150w, https:\/\/mailnjoy.com\/hunt\/wp-content\/uploads\/2025\/09\/vrai_contact.92eef6df-768x768.png 768w, https:\/\/mailnjoy.com\/hunt\/wp-content\/uploads\/2025\/09\/vrai_contact.92eef6df-1536x1536.png 1536w, https:\/\/mailnjoy.com\/hunt\/wp-content\/uploads\/2025\/09\/vrai_contact.92eef6df-2048x2048.png 2048w, https:\/\/mailnjoy.com\/hunt\/wp-content\/uploads\/2025\/09\/vrai_contact.92eef6df-1568x1568.png 1568w\" sizes=\"auto, (max-width: 1024px) 100vw, 1024px\" \/><\/figure>\n<\/div>\n\n\n\n<div class=\"wp-block-column is-vertically-aligned-center is-layout-flow wp-block-column-is-layout-flow\">\n<h2 class=\"wp-block-heading\">Pourquoi Hunt&nbsp;?<\/h2>\n\n\n<div class=\"wp-block-uagb-faq uagb-faq__outer-wrap uagb-block-08430ac5 uagb-faq-icon-row-reverse uagb-faq-layout-accordion uagb-faq-expand-first-true uagb-faq-inactive-other-true uagb-faq__wrap uagb-buttons-layout-wrap uagb-faq-equal-height     \" data-faqtoggle=\"true\" role=\"tablist\"><div class=\"wp-block-uagb-faq-child uagb-faq-child__outer-wrap uagb-faq-item uagb-block-b0b0ff20 \" role=\"tab\" tabindex=\"0\"><div class=\"uagb-faq-questions-button uagb-faq-questions\">\t\t\t<span class=\"uagb-icon uagb-faq-icon-wrap\">\n\t\t\t\t\t\t\t\t<svg xmlns=\"https:\/\/www.w3.org\/2000\/svg\" viewBox= \"0 0 448 512\"><path d=\"M432 256c0 17.69-14.33 32.01-32 32.01H256v144c0 17.69-14.33 31.99-32 31.99s-32-14.3-32-31.99v-144H48c-17.67 0-32-14.32-32-32.01s14.33-31.99 32-31.99H192v-144c0-17.69 14.33-32.01 32-32.01s32 14.32 32 32.01v144h144C417.7 224 432 238.3 432 256z\"><\/path><\/svg>\n\t\t\t\t\t\t\t<\/span>\n\t\t\t\t\t\t<span class=\"uagb-icon-active uagb-faq-icon-wrap\">\n\t\t\t\t\t\t\t\t<svg xmlns=\"https:\/\/www.w3.org\/2000\/svg\" viewBox= \"0 0 448 512\"><path d=\"M400 288h-352c-17.69 0-32-14.32-32-32.01s14.31-31.99 32-31.99h352c17.69 0 32 14.3 32 31.99S417.7 288 400 288z\"><\/path><\/svg>\n\t\t\t\t\t\t\t<\/span>\n\t\t\t<span class=\"uagb-question\">Une recherche SMTP<\/span><\/div><div class=\"uagb-faq-content\"><p>Pour sa recherche, Hunt se base directement sur le protocole d&#8217;envoi des emails, le SMTP.<br>Avec cette m\u00e9thode, <strong>pas d&#8217;al\u00e9atoire ou d&#8217;estimation<\/strong>, nous trouvons <strong>techniquement<\/strong> l&#8217;email que vous recherchez si il existe.<\/p><\/div><\/div><div class=\"wp-block-uagb-faq-child uagb-faq-child__outer-wrap uagb-faq-item uagb-block-6b091343 \" role=\"tab\" tabindex=\"0\"><div class=\"uagb-faq-questions-button uagb-faq-questions\">\t\t\t<span class=\"uagb-icon uagb-faq-icon-wrap\">\n\t\t\t\t\t\t\t\t<svg xmlns=\"https:\/\/www.w3.org\/2000\/svg\" viewBox= \"0 0 448 512\"><path d=\"M432 256c0 17.69-14.33 32.01-32 32.01H256v144c0 17.69-14.33 31.99-32 31.99s-32-14.3-32-31.99v-144H48c-17.67 0-32-14.32-32-32.01s14.33-31.99 32-31.99H192v-144c0-17.69 14.33-32.01 32-32.01s32 14.32 32 32.01v144h144C417.7 224 432 238.3 432 256z\"><\/path><\/svg>\n\t\t\t\t\t\t\t<\/span>\n\t\t\t\t\t\t<span class=\"uagb-icon-active uagb-faq-icon-wrap\">\n\t\t\t\t\t\t\t\t<svg xmlns=\"https:\/\/www.w3.org\/2000\/svg\" viewBox= \"0 0 448 512\"><path d=\"M400 288h-352c-17.69 0-32-14.32-32-32.01s14.31-31.99 32-31.99h352c17.69 0 32 14.3 32 31.99S417.7 288 400 288z\"><\/path><\/svg>\n\t\t\t\t\t\t\t<\/span>\n\t\t\t<span class=\"uagb-question\">Pas de scrapping web<\/span><\/div><div class=\"uagb-faq-content\"><p>Contrairement \u00e0 bon nombre de nos concurrents, nous ne r\u00e9cup\u00e9rons pas nos adresses emails en parcourant le web. Il existe de nombreuses raisons justifiant ce choix, la plus importante pour vous \u00e9tant <strong>l&#8217;existence des Spamtraps<\/strong>.<br>Les spamtraps sont des pi\u00e8ges laiss\u00e9s sur des pages publiques par les h\u00e9bergeurs, afin de d\u00e9tecter les spammeurs qui utilisent des adresses collect\u00e9es sans consentement. Envoyer un email sur une de ces adresses revient \u00e0 enterrer votre r\u00e9putation email.<br>Avec Hunt, <strong>vous ne prenez pas ce risque<\/strong>.<\/p><\/div><\/div><div class=\"wp-block-uagb-faq-child uagb-faq-child__outer-wrap uagb-faq-item uagb-block-189f1eb6 \" role=\"tab\" tabindex=\"0\"><div class=\"uagb-faq-questions-button uagb-faq-questions\">\t\t\t<span class=\"uagb-icon uagb-faq-icon-wrap\">\n\t\t\t\t\t\t\t\t<svg xmlns=\"https:\/\/www.w3.org\/2000\/svg\" viewBox= \"0 0 448 512\"><path d=\"M432 256c0 17.69-14.33 32.01-32 32.01H256v144c0 17.69-14.33 31.99-32 31.99s-32-14.3-32-31.99v-144H48c-17.67 0-32-14.32-32-32.01s14.33-31.99 32-31.99H192v-144c0-17.69 14.33-32.01 32-32.01s32 14.32 32 32.01v144h144C417.7 224 432 238.3 432 256z\"><\/path><\/svg>\n\t\t\t\t\t\t\t<\/span>\n\t\t\t\t\t\t<span class=\"uagb-icon-active uagb-faq-icon-wrap\">\n\t\t\t\t\t\t\t\t<svg xmlns=\"https:\/\/www.w3.org\/2000\/svg\" viewBox= \"0 0 448 512\"><path d=\"M400 288h-352c-17.69 0-32-14.32-32-32.01s14.31-31.99 32-31.99h352c17.69 0 32 14.3 32 31.99S417.7 288 400 288z\"><\/path><\/svg>\n\t\t\t\t\t\t\t<\/span>\n\t\t\t<span class=\"uagb-question\">Des adresses valid\u00e9es<\/span><\/div><div class=\"uagb-faq-content\"><p>Chez Mailnjoy, nous sommes des experts de l&#8217;Emailling. \u00c0 quoi servirait de vous retourner une adresse invalide ?<br>Nous utilisons notre validateur <a href=\"https:\/\/check.mailnjoy.com\" target=\"_blank\" rel=\"noreferrer noopener\">Check<\/a> sur chacun des r\u00e9sultats pour vous <strong>fournir des adresses 100% valides<\/strong>.<br>Vous pouvez envoyer sereinement des communications vers les contacts que nous trouvons !<\/p><\/div><\/div><div class=\"wp-block-uagb-faq-child uagb-faq-child__outer-wrap uagb-faq-item uagb-block-cdb883c9 \" role=\"tab\" tabindex=\"0\"><div class=\"uagb-faq-questions-button uagb-faq-questions\">\t\t\t<span class=\"uagb-icon uagb-faq-icon-wrap\">\n\t\t\t\t\t\t\t\t<svg xmlns=\"https:\/\/www.w3.org\/2000\/svg\" viewBox= \"0 0 448 512\"><path d=\"M432 256c0 17.69-14.33 32.01-32 32.01H256v144c0 17.69-14.33 31.99-32 31.99s-32-14.3-32-31.99v-144H48c-17.67 0-32-14.32-32-32.01s14.33-31.99 32-31.99H192v-144c0-17.69 14.33-32.01 32-32.01s32 14.32 32 32.01v144h144C417.7 224 432 238.3 432 256z\"><\/path><\/svg>\n\t\t\t\t\t\t\t<\/span>\n\t\t\t\t\t\t<span class=\"uagb-icon-active uagb-faq-icon-wrap\">\n\t\t\t\t\t\t\t\t<svg xmlns=\"https:\/\/www.w3.org\/2000\/svg\" viewBox= \"0 0 448 512\"><path d=\"M400 288h-352c-17.69 0-32-14.32-32-32.01s14.31-31.99 32-31.99h352c17.69 0 32 14.3 32 31.99S417.7 288 400 288z\"><\/path><\/svg>\n\t\t\t\t\t\t\t<\/span>\n\t\t\t<span class=\"uagb-question\">Un apprentissage intelligent<\/span><\/div><div class=\"uagb-faq-content\"><p>Au fur et \u00e0 mesure des recherches, notre algorithme rep\u00e9re les patterns utilis\u00e9es par les diff\u00e9rentes entreprises (nom.pr\u00e9nom, pr\u00e9nom.nom, etc&#8230;) et am\u00e9liore ainsi son <strong>efficacit\u00e9 et sa vitesse de r\u00e9ponse<\/strong> sur les entreprises pour lesquelles il a d\u00e9j\u00e0 trouv\u00e9 des adresses.<br>Tout \u00e7a dans le but de vous apporter une exp\u00e9rience toujours meilleure.<\/p><\/div><\/div><\/div><\/div>\n<\/div>\n<\/div>\n\n\n\n<div class=\"wp-block-group alignwide has-global-padding is-layout-constrained wp-block-group-is-layout-constrained\">\n<div class=\"wp-block-columns alignwide are-vertically-aligned-center is-layout-flex wp-container-core-columns-is-layout-b0bab6eb wp-block-columns-is-layout-flex\" style=\"margin-top:var(--wp--preset--spacing--40);margin-bottom:var(--wp--preset--spacing--40)\">\n<div class=\"wp-block-column is-vertically-aligned-center is-layout-flow wp-block-column-is-layout-flow\" style=\"flex-basis:50%\">\n<h1 class=\"wp-block-heading\">Avec hunt vous ne payez que si nous trouvons l&#8217;adresse email recherch\u00e9e<\/h1>\n\n\n\n<p><\/p>\n\n\n\n<p>Beaucoup d&#8217;email finder sur le march\u00e9 font payer \u00e0 la recherche effectu\u00e9e, mais chez Mailnjoy nous avons une philosophie diff\u00e9rente car votre satisfaction est notre priorit\u00e9. <\/p>\n\n\n\n<p>Avec Hunt, vous ma\u00eetrisez enti\u00e8rement vos co\u00fbts et vous faites de belles \u00e9conomies, car <strong>seules les adresses emails qui auront \u00e9t\u00e9 trouv\u00e9es vous seront factur\u00e9es !<\/strong><\/p>\n<\/div>\n\n\n\n<div class=\"wp-block-column is-vertically-aligned-center is-layout-flow wp-block-column-is-layout-flow\" style=\"flex-basis:35%\">\n<figure class=\"wp-block-image size-large\"><img loading=\"lazy\" decoding=\"async\" width=\"1024\" height=\"1024\" src=\"https:\/\/mailnjoy.com\/hunt\/wp-content\/uploads\/2025\/09\/tirelire-1024x1024.png\" alt=\"payer uniquement si adresse email trouv\u00e9e\" class=\"wp-image-1944\" srcset=\"https:\/\/mailnjoy.com\/hunt\/wp-content\/uploads\/2025\/09\/tirelire-1024x1024.png 1024w, https:\/\/mailnjoy.com\/hunt\/wp-content\/uploads\/2025\/09\/tirelire-300x300.png 300w, https:\/\/mailnjoy.com\/hunt\/wp-content\/uploads\/2025\/09\/tirelire-150x150.png 150w, https:\/\/mailnjoy.com\/hunt\/wp-content\/uploads\/2025\/09\/tirelire-768x768.png 768w, https:\/\/mailnjoy.com\/hunt\/wp-content\/uploads\/2025\/09\/tirelire-1536x1536.png 1536w, https:\/\/mailnjoy.com\/hunt\/wp-content\/uploads\/2025\/09\/tirelire-2048x2048.png 2048w, https:\/\/mailnjoy.com\/hunt\/wp-content\/uploads\/2025\/09\/tirelire-1568x1568.png 1568w\" sizes=\"auto, (max-width: 1024px) 100vw, 1024px\" \/><\/figure>\n<\/div>\n<\/div>\n<\/div>\n\n\n\n<div class=\"wp-block-columns alignfull is-layout-flex wp-container-core-columns-is-layout-0806ab5c wp-block-columns-is-layout-flex\" style=\"margin-top:var(--wp--preset--spacing--30);margin-bottom:var(--wp--preset--spacing--30)\">\n<div class=\"wp-block-column is-layout-flow wp-block-column-is-layout-flow\" style=\"flex-basis:33.33%\">\n<h2 class=\"wp-block-heading\">Facilitez-vous l&#8217;exploitation des r\u00e9sultats<\/h2>\n\n\n\n<p class=\"has-text-color has-link-color wp-elements-b1a52ae13945fb5a00a4c7252513ba3b\" style=\"color:#3c3c3b;font-size:clamp(0.984rem, 0.984rem + ((1vw - 0.2rem) * 0.86), 1.5rem);\">Ils sont automatiquement int\u00e9gr\u00e9s dans vos fichiers sources<\/p>\n\n\n\n<p>Si vous nous transmettez un fichier source au format csv avec diff\u00e9rentes colonnes, nous l&#8217;enrichirons directement avec les emails trouv\u00e9s, tout en pr\u00e9servant vos donn\u00e9es initiales.<br><br>Le processus d&#8217;enrichissement de vos fichiers sources s&#8217;int\u00e8gre ainsi tr\u00e8s facilement avec les diff\u00e9rents outils de votre chaine emailing!<\/p>\n<\/div>\n\n\n\n<div class=\"wp-block-column is-layout-flow wp-block-column-is-layout-flow\" style=\"flex-basis:66.66%\">\n<div class=\"wp-block-group is-layout-flow wp-block-group-is-layout-flow\" style=\"padding-top:var(--wp--preset--spacing--40);padding-left:var(--wp--preset--spacing--40)\">\n<figure class=\"wp-block-image size-full\"><img loading=\"lazy\" decoding=\"async\" width=\"1068\" height=\"250\" src=\"https:\/\/mailnjoy.com\/hunt\/wp-content\/uploads\/2026\/03\/hunt_result_fr.png\" alt=\"Enrichissement de fichier client\" class=\"wp-image-2012\" srcset=\"https:\/\/mailnjoy.com\/hunt\/wp-content\/uploads\/2026\/03\/hunt_result_fr.png 1068w, https:\/\/mailnjoy.com\/hunt\/wp-content\/uploads\/2026\/03\/hunt_result_fr-300x70.png 300w, https:\/\/mailnjoy.com\/hunt\/wp-content\/uploads\/2026\/03\/hunt_result_fr-1024x240.png 1024w, https:\/\/mailnjoy.com\/hunt\/wp-content\/uploads\/2026\/03\/hunt_result_fr-768x180.png 768w\" sizes=\"auto, (max-width: 1068px) 100vw, 1068px\" \/><\/figure>\n<\/div>\n<\/div>\n<\/div>\n\n\n\n<h2 class=\"wp-block-heading alignwide has-text-align-center\">Testez Hunt et voyez ces avantages en pratique\u202f!<\/h2>\n\n\n\n<div class=\"wp-block-buttons is-content-justification-center is-layout-flex wp-container-core-buttons-is-layout-e511ce0b wp-block-buttons-is-layout-flex\" style=\"margin-top:var(--wp--preset--spacing--30);margin-bottom:var(--wp--preset--spacing--30)\">\n<div class=\"wp-block-button\"><a class=\"wp-block-button__link has-orange-background-color has-background wp-element-button\" href=\"https:\/\/app.hunt.mailnjoy.com\/page-signin\">S&#8217;inscrire et gagner 20 recherches gratuites<\/a><\/div>\n<\/div>\n\n\n\n<p><\/p>\n","protected":false},"excerpt":{"rendered":"<p>Pourquoi payer pour des r\u00e9sultats inutiles&nbsp;? Voici un exemple de recherche sur l&#8217;un de nos plus gros concurrents. Comme nous, vous doutez peut-\u00eatre qu&#8217;Emmanuel Macron ou le grand m\u00e9chant loup travaillent chez Lor\u00e9al.D&#8217;autres chercheurs d&#8217;adresses emails vous assureront du contraire, en \u00e9tant m\u00eame assez s\u00fbrs d&#8217;eux pour vous faire payer ce r\u00e9sultat. Chez Mailnjoy, nous [&hellip;]<\/p>\n","protected":false},"author":1,"featured_media":0,"parent":0,"menu_order":0,"comment_status":"closed","ping_status":"closed","template":"","meta":{"_uag_custom_page_level_css":"","footnotes":""},"class_list":["post-1879","page","type-page","status-publish","hentry"],"yoast_head":"<!-- This site is optimized with the Yoast SEO plugin v23.6 - https:\/\/yoast.com\/wordpress\/plugins\/seo\/ -->\n<title>La meilleure mani\u00e8re de rechercher les emails de vos prospects<\/title>\n<meta name=\"description\" content=\"Avec Mailnjoy la recherche d&#039;adresses email n&#039;a jamais \u00e9t\u00e9 aussi facile. Boostez vos campagnes marketing avec de nouveaux contacts \u00e0 d\u00e9marcher\" \/>\n<meta name=\"robots\" content=\"index, follow, max-snippet:-1, max-image-preview:large, max-video-preview:-1\" \/>\n<link rel=\"canonical\" href=\"https:\/\/mailnjoy.com\/hunt\/fr\/find-emails\/\" \/>\n<meta name=\"twitter:label1\" content=\"Dur\u00e9e de lecture estim\u00e9e\" \/>\n\t<meta name=\"twitter:data1\" content=\"2 minutes\" \/>\n<script type=\"application\/ld+json\" class=\"yoast-schema-graph\">{\"@context\":\"https:\/\/schema.org\",\"@graph\":[{\"@type\":\"WebPage\",\"@id\":\"https:\/\/mailnjoy.com\/hunt\/fr\/find-emails\/\",\"url\":\"https:\/\/mailnjoy.com\/hunt\/fr\/find-emails\/\",\"name\":\"La meilleure mani\u00e8re de rechercher les emails de vos prospects\",\"isPartOf\":{\"@id\":\"https:\/\/mailnjoy.com\/hunt\/#website\"},\"primaryImageOfPage\":{\"@id\":\"https:\/\/mailnjoy.com\/hunt\/fr\/find-emails\/#primaryimage\"},\"image\":{\"@id\":\"https:\/\/mailnjoy.com\/hunt\/fr\/find-emails\/#primaryimage\"},\"thumbnailUrl\":\"https:\/\/mailnjoy.com\/hunt\/wp-content\/uploads\/2025\/09\/hunt_example.b964d8dc-1024x668.png\",\"datePublished\":\"2025-09-18T10:56:36+00:00\",\"dateModified\":\"2026-04-02T13:34:35+00:00\",\"description\":\"Avec Mailnjoy la recherche d'adresses email n'a jamais \u00e9t\u00e9 aussi facile. Boostez vos campagnes marketing avec de nouveaux contacts \u00e0 d\u00e9marcher\",\"breadcrumb\":{\"@id\":\"https:\/\/mailnjoy.com\/hunt\/fr\/find-emails\/#breadcrumb\"},\"inLanguage\":\"fr-FR\",\"potentialAction\":[{\"@type\":\"ReadAction\",\"target\":[\"https:\/\/mailnjoy.com\/hunt\/fr\/find-emails\/\"]}]},{\"@type\":\"ImageObject\",\"inLanguage\":\"fr-FR\",\"@id\":\"https:\/\/mailnjoy.com\/hunt\/fr\/find-emails\/#primaryimage\",\"url\":\"https:\/\/mailnjoy.com\/hunt\/wp-content\/uploads\/2025\/09\/hunt_example.b964d8dc.png\",\"contentUrl\":\"https:\/\/mailnjoy.com\/hunt\/wp-content\/uploads\/2025\/09\/hunt_example.b964d8dc.png\",\"width\":1161,\"height\":757},{\"@type\":\"BreadcrumbList\",\"@id\":\"https:\/\/mailnjoy.com\/hunt\/fr\/find-emails\/#breadcrumb\",\"itemListElement\":[{\"@type\":\"ListItem\",\"position\":1,\"name\":\"Accueil\",\"item\":\"https:\/\/mailnjoy.com\/hunt\/fr\/\"},{\"@type\":\"ListItem\",\"position\":2,\"name\":\"Recherche de mails\"}]},{\"@type\":\"WebSite\",\"@id\":\"https:\/\/mailnjoy.com\/hunt\/#website\",\"url\":\"https:\/\/mailnjoy.com\/hunt\/\",\"name\":\"Mailnjoy\",\"description\":\"\",\"publisher\":{\"@id\":\"https:\/\/mailnjoy.com\/hunt\/#organization\"},\"potentialAction\":[{\"@type\":\"SearchAction\",\"target\":{\"@type\":\"EntryPoint\",\"urlTemplate\":\"https:\/\/mailnjoy.com\/hunt\/?s={search_term_string}\"},\"query-input\":{\"@type\":\"PropertyValueSpecification\",\"valueRequired\":true,\"valueName\":\"search_term_string\"}}],\"inLanguage\":\"fr-FR\"},{\"@type\":\"Organization\",\"@id\":\"https:\/\/mailnjoy.com\/hunt\/#organization\",\"name\":\"Mailnjoy\",\"url\":\"https:\/\/mailnjoy.com\/hunt\/\",\"logo\":{\"@type\":\"ImageObject\",\"inLanguage\":\"fr-FR\",\"@id\":\"https:\/\/mailnjoy.com\/hunt\/#\/schema\/logo\/image\/\",\"url\":\"https:\/\/mailnjoy.com\/hunt\/wp-content\/uploads\/2025\/06\/hunt-scaled.png\",\"contentUrl\":\"https:\/\/mailnjoy.com\/hunt\/wp-content\/uploads\/2025\/06\/hunt-scaled.png\",\"width\":2560,\"height\":1243,\"caption\":\"Mailnjoy\"},\"image\":{\"@id\":\"https:\/\/mailnjoy.com\/hunt\/#\/schema\/logo\/image\/\"}}]}<\/script>\n<!-- \/ Yoast SEO plugin. -->","yoast_head_json":{"title":"La meilleure mani\u00e8re de rechercher les emails de vos prospects","description":"Avec Mailnjoy la recherche d'adresses email n'a jamais \u00e9t\u00e9 aussi facile. Boostez vos campagnes marketing avec de nouveaux contacts \u00e0 d\u00e9marcher","robots":{"index":"index","follow":"follow","max-snippet":"max-snippet:-1","max-image-preview":"max-image-preview:large","max-video-preview":"max-video-preview:-1"},"canonical":"https:\/\/mailnjoy.com\/hunt\/fr\/find-emails\/","twitter_misc":{"Dur\u00e9e de lecture estim\u00e9e":"2 minutes"},"schema":{"@context":"https:\/\/schema.org","@graph":[{"@type":"WebPage","@id":"https:\/\/mailnjoy.com\/hunt\/fr\/find-emails\/","url":"https:\/\/mailnjoy.com\/hunt\/fr\/find-emails\/","name":"La meilleure mani\u00e8re de rechercher les emails de vos prospects","isPartOf":{"@id":"https:\/\/mailnjoy.com\/hunt\/#website"},"primaryImageOfPage":{"@id":"https:\/\/mailnjoy.com\/hunt\/fr\/find-emails\/#primaryimage"},"image":{"@id":"https:\/\/mailnjoy.com\/hunt\/fr\/find-emails\/#primaryimage"},"thumbnailUrl":"https:\/\/mailnjoy.com\/hunt\/wp-content\/uploads\/2025\/09\/hunt_example.b964d8dc-1024x668.png","datePublished":"2025-09-18T10:56:36+00:00","dateModified":"2026-04-02T13:34:35+00:00","description":"Avec Mailnjoy la recherche d'adresses email n'a jamais \u00e9t\u00e9 aussi facile. Boostez vos campagnes marketing avec de nouveaux contacts \u00e0 d\u00e9marcher","breadcrumb":{"@id":"https:\/\/mailnjoy.com\/hunt\/fr\/find-emails\/#breadcrumb"},"inLanguage":"fr-FR","potentialAction":[{"@type":"ReadAction","target":["https:\/\/mailnjoy.com\/hunt\/fr\/find-emails\/"]}]},{"@type":"ImageObject","inLanguage":"fr-FR","@id":"https:\/\/mailnjoy.com\/hunt\/fr\/find-emails\/#primaryimage","url":"https:\/\/mailnjoy.com\/hunt\/wp-content\/uploads\/2025\/09\/hunt_example.b964d8dc.png","contentUrl":"https:\/\/mailnjoy.com\/hunt\/wp-content\/uploads\/2025\/09\/hunt_example.b964d8dc.png","width":1161,"height":757},{"@type":"BreadcrumbList","@id":"https:\/\/mailnjoy.com\/hunt\/fr\/find-emails\/#breadcrumb","itemListElement":[{"@type":"ListItem","position":1,"name":"Accueil","item":"https:\/\/mailnjoy.com\/hunt\/fr\/"},{"@type":"ListItem","position":2,"name":"Recherche de mails"}]},{"@type":"WebSite","@id":"https:\/\/mailnjoy.com\/hunt\/#website","url":"https:\/\/mailnjoy.com\/hunt\/","name":"Mailnjoy","description":"","publisher":{"@id":"https:\/\/mailnjoy.com\/hunt\/#organization"},"potentialAction":[{"@type":"SearchAction","target":{"@type":"EntryPoint","urlTemplate":"https:\/\/mailnjoy.com\/hunt\/?s={search_term_string}"},"query-input":{"@type":"PropertyValueSpecification","valueRequired":true,"valueName":"search_term_string"}}],"inLanguage":"fr-FR"},{"@type":"Organization","@id":"https:\/\/mailnjoy.com\/hunt\/#organization","name":"Mailnjoy","url":"https:\/\/mailnjoy.com\/hunt\/","logo":{"@type":"ImageObject","inLanguage":"fr-FR","@id":"https:\/\/mailnjoy.com\/hunt\/#\/schema\/logo\/image\/","url":"https:\/\/mailnjoy.com\/hunt\/wp-content\/uploads\/2025\/06\/hunt-scaled.png","contentUrl":"https:\/\/mailnjoy.com\/hunt\/wp-content\/uploads\/2025\/06\/hunt-scaled.png","width":2560,"height":1243,"caption":"Mailnjoy"},"image":{"@id":"https:\/\/mailnjoy.com\/hunt\/#\/schema\/logo\/image\/"}}]}},"lang":"fr","translations":{"fr":1879,"en":2269,"es":2275,"de":2281,"it":2287,"pt":2293},"uagb_featured_image_src":{"full":false,"thumbnail":false,"medium":false,"medium_large":false,"large":false,"1536x1536":false,"2048x2048":false,"post-thumbnail":false},"uagb_author_info":{"display_name":"sylvain","author_link":"https:\/\/mailnjoy.com\/hunt\/author\/sylvain\/"},"uagb_comment_info":0,"uagb_excerpt":"Pourquoi payer pour des r\u00e9sultats inutiles&nbsp;? Voici un exemple de recherche sur l&#8217;un de nos plus gros concurrents. Comme nous, vous doutez peut-\u00eatre qu&#8217;Emmanuel Macron ou le grand m\u00e9chant loup travaillent chez Lor\u00e9al.D&#8217;autres chercheurs d&#8217;adresses emails vous assureront du contraire, en \u00e9tant m\u00eame assez s\u00fbrs d&#8217;eux pour vous faire payer ce r\u00e9sultat. Chez Mailnjoy, nous\u2026","pll_sync_post":[],"_links":{"self":[{"href":"https:\/\/mailnjoy.com\/hunt\/wp-json\/wp\/v2\/pages\/1879","targetHints":{"allow":["GET"]}}],"collection":[{"href":"https:\/\/mailnjoy.com\/hunt\/wp-json\/wp\/v2\/pages"}],"about":[{"href":"https:\/\/mailnjoy.com\/hunt\/wp-json\/wp\/v2\/types\/page"}],"author":[{"embeddable":true,"href":"https:\/\/mailnjoy.com\/hunt\/wp-json\/wp\/v2\/users\/1"}],"replies":[{"embeddable":true,"href":"https:\/\/mailnjoy.com\/hunt\/wp-json\/wp\/v2\/comments?post=1879"}],"version-history":[{"count":25,"href":"https:\/\/mailnjoy.com\/hunt\/wp-json\/wp\/v2\/pages\/1879\/revisions"}],"predecessor-version":[{"id":2267,"href":"https:\/\/mailnjoy.com\/hunt\/wp-json\/wp\/v2\/pages\/1879\/revisions\/2267"}],"wp:attachment":[{"href":"https:\/\/mailnjoy.com\/hunt\/wp-json\/wp\/v2\/media?parent=1879"}],"curies":[{"name":"wp","href":"https:\/\/api.w.org\/{rel}","templated":true}]}}