{"id":2105,"date":"2026-04-02T11:22:35","date_gmt":"2026-04-02T09:22:35","guid":{"rendered":"https:\/\/mailnjoy.com\/hunt\/?page_id=2105"},"modified":"2026-04-02T11:22:35","modified_gmt":"2026-04-02T09:22:35","slug":"developer","status":"publish","type":"page","link":"https:\/\/mailnjoy.com\/hunt\/de\/developer\/","title":{"rendered":"Entwickler"},"content":{"rendered":"\n<div class=\"wp-block-group alignwide has-global-padding is-layout-constrained wp-block-group-is-layout-constrained\">\n<div class=\"wp-block-columns alignwide are-vertically-aligned-center is-layout-flex wp-container-core-columns-is-layout-a85f4655 wp-block-columns-is-layout-flex\">\n<div class=\"wp-block-column is-vertically-aligned-center is-layout-flow wp-block-column-is-layout-flow\" style=\"flex-basis:55%\">\n<h1 class=\"wp-block-heading\">Integrieren Sie unsere E-Mail-Such-API in Ihre Anwendungen<\/h1>\n\n\n\n<p><br>Integrieren Sie die Suche nach E-Mail-Adressen dank der Mailnjoy-API direkt in Ihre Tools. Da die API ebenso wie unser Tool bereits einsatzbereit ist und weiter ausgebaut werden soll, z\u00f6gern Sie nicht, sie auszuprobieren!<br><br><\/p>\n\n\n\n<h2 class=\"wp-block-heading has-green-color has-text-color has-link-color wp-elements-c9ee64bd305ae60d1b0c70965d24e31c\" style=\"font-size:clamp(0.984rem, 0.984rem + ((1vw - 0.2rem) * 0.86), 1.5rem);\">Unser Ziel ist es, all Ihre Anforderungen im Bereich der Automatisierung zu erf\u00fcllen<\/h2>\n\n\n\n<ul class=\"wp-block-list check-list\">\n<li><strong>Einzelne Suche nach einer E-Mail-Adresse \u00fcber die API<\/strong><br>Integrieren Sie die Suche nach einer E-Mail-Adresse in Ihre Workflows, indem Sie die API direkt aufrufen, sei es zur Suche nach einer bestimmten Person oder nach allgemeinen Adressen eines Unternehmens<\/li>\n\n\n\n<li><strong>Erg\u00e4nzen Sie Ihre Quelldateien \u00fcber SFTP um fehlende<\/strong> <strong>E-Mail-Adressen<\/strong><br>Laden Sie Ihre Quelldateien hoch, erg\u00e4nzen Sie diese um die fehlenden E-Mail-Adressen Ihrer Gesch\u00e4ftskontakte und integrieren Sie die Ergebnisse direkt in Ihre Tools, ohne Ihre Arbeitsabl\u00e4ufe \u00e4ndern zu m\u00fcssen.<\/li>\n<\/ul>\n\n\n\n<p><br>Die Verwaltung der API- und SFTP-Schl\u00fcssel sowie die verschiedenen Integrationsdokumentationen sind \u00fcber das <a href=\"https:\/\/developer.mailnjoy.com\/\" target=\"_blank\" rel=\"noreferrer noopener\"><strong>Entwicklerportal<\/strong><\/a> zug\u00e4nglich. Dieses ist auch direkt \u00fcber die Benutzeroberfl\u00e4che Ihres Mailnjoy-Benutzerkontos erreichbar.<br><br>Die API-Dokumentation ist zudem direkt auf <strong>GitHub<\/strong> verf\u00fcgbar und kann dort eingesehen werden.<\/p>\n<\/div>\n\n\n\n<div class=\"wp-block-column is-vertically-aligned-center is-layout-flow wp-block-column-is-layout-flow\" style=\"padding-right:var(--wp--preset--spacing--30);padding-left:var(--wp--preset--spacing--30);flex-basis:50%\">\n<figure class=\"wp-block-image size-full mr--10\"><img loading=\"lazy\" decoding=\"async\" width=\"650\" height=\"500\" src=\"https:\/\/mailnjoy.com\/hunt\/wp-content\/uploads\/2025\/09\/API-1.png\" alt=\"\" class=\"wp-image-1953\" srcset=\"https:\/\/mailnjoy.com\/hunt\/wp-content\/uploads\/2025\/09\/API-1.png 650w, https:\/\/mailnjoy.com\/hunt\/wp-content\/uploads\/2025\/09\/API-1-300x231.png 300w\" sizes=\"auto, (max-width: 650px) 100vw, 650px\" \/><\/figure>\n<\/div>\n<\/div>\n<\/div>\n\n\n\n<p><\/p>\n","protected":false},"excerpt":{"rendered":"<p>Integrieren Sie unsere E-Mail-Such-API in Ihre Anwendungen Integrieren Sie die Suche nach E-Mail-Adressen dank der Mailnjoy-API direkt in Ihre Tools. Da die API ebenso wie unser Tool bereits einsatzbereit ist und weiter ausgebaut werden soll, z\u00f6gern Sie nicht, sie auszuprobieren! Unser Ziel ist es, all Ihre Anforderungen im Bereich der Automatisierung zu erf\u00fcllen Die Verwaltung [&hellip;]<\/p>\n","protected":false},"author":1,"featured_media":0,"parent":0,"menu_order":0,"comment_status":"closed","ping_status":"closed","template":"","meta":{"_uag_custom_page_level_css":"","footnotes":""},"class_list":["post-2105","page","type-page","status-publish","hentry"],"yoast_head":"<!-- This site is optimized with the Yoast SEO plugin v23.6 - https:\/\/yoast.com\/wordpress\/plugins\/seo\/ -->\n<title>E-Mail-Such-API - Mailnjoy<\/title>\n<meta name=\"description\" content=\"Nutzen Sie die E-Mail-Such-API von Mailnjoy, um die Suche nach E-Mail-Adressen oder die Anreicherung Ihrer Quelldateien zu automatisieren\" \/>\n<meta name=\"robots\" content=\"index, follow, max-snippet:-1, max-image-preview:large, max-video-preview:-1\" \/>\n<link rel=\"canonical\" href=\"https:\/\/mailnjoy.com\/hunt\/de\/developer\/\" \/>\n<meta name=\"twitter:label1\" content=\"Dur\u00e9e de lecture estim\u00e9e\" \/>\n\t<meta name=\"twitter:data1\" content=\"2 minutes\" \/>\n<script type=\"application\/ld+json\" class=\"yoast-schema-graph\">{\"@context\":\"https:\/\/schema.org\",\"@graph\":[{\"@type\":\"WebPage\",\"@id\":\"https:\/\/mailnjoy.com\/hunt\/de\/developer\/\",\"url\":\"https:\/\/mailnjoy.com\/hunt\/de\/developer\/\",\"name\":\"E-Mail-Such-API - Mailnjoy\",\"isPartOf\":{\"@id\":\"https:\/\/mailnjoy.com\/hunt\/#website\"},\"primaryImageOfPage\":{\"@id\":\"https:\/\/mailnjoy.com\/hunt\/de\/developer\/#primaryimage\"},\"image\":{\"@id\":\"https:\/\/mailnjoy.com\/hunt\/de\/developer\/#primaryimage\"},\"thumbnailUrl\":\"https:\/\/mailnjoy.com\/hunt\/wp-content\/uploads\/2025\/09\/API-1.png\",\"datePublished\":\"2026-04-02T09:22:35+00:00\",\"dateModified\":\"2026-04-02T09:22:35+00:00\",\"description\":\"Nutzen Sie die E-Mail-Such-API von Mailnjoy, um die Suche nach E-Mail-Adressen oder die Anreicherung Ihrer Quelldateien zu automatisieren\",\"breadcrumb\":{\"@id\":\"https:\/\/mailnjoy.com\/hunt\/de\/developer\/#breadcrumb\"},\"inLanguage\":\"fr-FR\",\"potentialAction\":[{\"@type\":\"ReadAction\",\"target\":[\"https:\/\/mailnjoy.com\/hunt\/de\/developer\/\"]}]},{\"@type\":\"ImageObject\",\"inLanguage\":\"fr-FR\",\"@id\":\"https:\/\/mailnjoy.com\/hunt\/de\/developer\/#primaryimage\",\"url\":\"https:\/\/mailnjoy.com\/hunt\/wp-content\/uploads\/2025\/09\/API-1.png\",\"contentUrl\":\"https:\/\/mailnjoy.com\/hunt\/wp-content\/uploads\/2025\/09\/API-1.png\",\"width\":650,\"height\":500},{\"@type\":\"BreadcrumbList\",\"@id\":\"https:\/\/mailnjoy.com\/hunt\/de\/developer\/#breadcrumb\",\"itemListElement\":[{\"@type\":\"ListItem\",\"position\":1,\"name\":\"Accueil\",\"item\":\"https:\/\/mailnjoy.com\/hunt\/fr\/\"},{\"@type\":\"ListItem\",\"position\":2,\"name\":\"Entwickler\"}]},{\"@type\":\"WebSite\",\"@id\":\"https:\/\/mailnjoy.com\/hunt\/#website\",\"url\":\"https:\/\/mailnjoy.com\/hunt\/\",\"name\":\"Mailnjoy\",\"description\":\"\",\"publisher\":{\"@id\":\"https:\/\/mailnjoy.com\/hunt\/#organization\"},\"potentialAction\":[{\"@type\":\"SearchAction\",\"target\":{\"@type\":\"EntryPoint\",\"urlTemplate\":\"https:\/\/mailnjoy.com\/hunt\/?s={search_term_string}\"},\"query-input\":{\"@type\":\"PropertyValueSpecification\",\"valueRequired\":true,\"valueName\":\"search_term_string\"}}],\"inLanguage\":\"fr-FR\"},{\"@type\":\"Organization\",\"@id\":\"https:\/\/mailnjoy.com\/hunt\/#organization\",\"name\":\"Mailnjoy\",\"url\":\"https:\/\/mailnjoy.com\/hunt\/\",\"logo\":{\"@type\":\"ImageObject\",\"inLanguage\":\"fr-FR\",\"@id\":\"https:\/\/mailnjoy.com\/hunt\/#\/schema\/logo\/image\/\",\"url\":\"https:\/\/mailnjoy.com\/hunt\/wp-content\/uploads\/2025\/06\/hunt-scaled.png\",\"contentUrl\":\"https:\/\/mailnjoy.com\/hunt\/wp-content\/uploads\/2025\/06\/hunt-scaled.png\",\"width\":2560,\"height\":1243,\"caption\":\"Mailnjoy\"},\"image\":{\"@id\":\"https:\/\/mailnjoy.com\/hunt\/#\/schema\/logo\/image\/\"}}]}<\/script>\n<!-- \/ Yoast SEO plugin. -->","yoast_head_json":{"title":"E-Mail-Such-API - Mailnjoy","description":"Nutzen Sie die E-Mail-Such-API von Mailnjoy, um die Suche nach E-Mail-Adressen oder die Anreicherung Ihrer Quelldateien zu automatisieren","robots":{"index":"index","follow":"follow","max-snippet":"max-snippet:-1","max-image-preview":"max-image-preview:large","max-video-preview":"max-video-preview:-1"},"canonical":"https:\/\/mailnjoy.com\/hunt\/de\/developer\/","twitter_misc":{"Dur\u00e9e de lecture estim\u00e9e":"2 minutes"},"schema":{"@context":"https:\/\/schema.org","@graph":[{"@type":"WebPage","@id":"https:\/\/mailnjoy.com\/hunt\/de\/developer\/","url":"https:\/\/mailnjoy.com\/hunt\/de\/developer\/","name":"E-Mail-Such-API - Mailnjoy","isPartOf":{"@id":"https:\/\/mailnjoy.com\/hunt\/#website"},"primaryImageOfPage":{"@id":"https:\/\/mailnjoy.com\/hunt\/de\/developer\/#primaryimage"},"image":{"@id":"https:\/\/mailnjoy.com\/hunt\/de\/developer\/#primaryimage"},"thumbnailUrl":"https:\/\/mailnjoy.com\/hunt\/wp-content\/uploads\/2025\/09\/API-1.png","datePublished":"2026-04-02T09:22:35+00:00","dateModified":"2026-04-02T09:22:35+00:00","description":"Nutzen Sie die E-Mail-Such-API von Mailnjoy, um die Suche nach E-Mail-Adressen oder die Anreicherung Ihrer Quelldateien zu automatisieren","breadcrumb":{"@id":"https:\/\/mailnjoy.com\/hunt\/de\/developer\/#breadcrumb"},"inLanguage":"fr-FR","potentialAction":[{"@type":"ReadAction","target":["https:\/\/mailnjoy.com\/hunt\/de\/developer\/"]}]},{"@type":"ImageObject","inLanguage":"fr-FR","@id":"https:\/\/mailnjoy.com\/hunt\/de\/developer\/#primaryimage","url":"https:\/\/mailnjoy.com\/hunt\/wp-content\/uploads\/2025\/09\/API-1.png","contentUrl":"https:\/\/mailnjoy.com\/hunt\/wp-content\/uploads\/2025\/09\/API-1.png","width":650,"height":500},{"@type":"BreadcrumbList","@id":"https:\/\/mailnjoy.com\/hunt\/de\/developer\/#breadcrumb","itemListElement":[{"@type":"ListItem","position":1,"name":"Accueil","item":"https:\/\/mailnjoy.com\/hunt\/fr\/"},{"@type":"ListItem","position":2,"name":"Entwickler"}]},{"@type":"WebSite","@id":"https:\/\/mailnjoy.com\/hunt\/#website","url":"https:\/\/mailnjoy.com\/hunt\/","name":"Mailnjoy","description":"","publisher":{"@id":"https:\/\/mailnjoy.com\/hunt\/#organization"},"potentialAction":[{"@type":"SearchAction","target":{"@type":"EntryPoint","urlTemplate":"https:\/\/mailnjoy.com\/hunt\/?s={search_term_string}"},"query-input":{"@type":"PropertyValueSpecification","valueRequired":true,"valueName":"search_term_string"}}],"inLanguage":"fr-FR"},{"@type":"Organization","@id":"https:\/\/mailnjoy.com\/hunt\/#organization","name":"Mailnjoy","url":"https:\/\/mailnjoy.com\/hunt\/","logo":{"@type":"ImageObject","inLanguage":"fr-FR","@id":"https:\/\/mailnjoy.com\/hunt\/#\/schema\/logo\/image\/","url":"https:\/\/mailnjoy.com\/hunt\/wp-content\/uploads\/2025\/06\/hunt-scaled.png","contentUrl":"https:\/\/mailnjoy.com\/hunt\/wp-content\/uploads\/2025\/06\/hunt-scaled.png","width":2560,"height":1243,"caption":"Mailnjoy"},"image":{"@id":"https:\/\/mailnjoy.com\/hunt\/#\/schema\/logo\/image\/"}}]}},"lang":"de","translations":{"de":2105,"fr":1849,"en":2097,"es":2100,"it":2111,"pt":2115},"uagb_featured_image_src":{"full":false,"thumbnail":false,"medium":false,"medium_large":false,"large":false,"1536x1536":false,"2048x2048":false,"post-thumbnail":false},"uagb_author_info":{"display_name":"sylvain","author_link":"https:\/\/mailnjoy.com\/hunt\/author\/sylvain\/"},"uagb_comment_info":0,"uagb_excerpt":"Integrieren Sie unsere E-Mail-Such-API in Ihre Anwendungen Integrieren Sie die Suche nach E-Mail-Adressen dank der Mailnjoy-API direkt in Ihre Tools. Da die API ebenso wie unser Tool bereits einsatzbereit ist und weiter ausgebaut werden soll, z\u00f6gern Sie nicht, sie auszuprobieren! Unser Ziel ist es, all Ihre Anforderungen im Bereich der Automatisierung zu erf\u00fcllen Die Verwaltung\u2026","pll_sync_post":[],"_links":{"self":[{"href":"https:\/\/mailnjoy.com\/hunt\/wp-json\/wp\/v2\/pages\/2105","targetHints":{"allow":["GET"]}}],"collection":[{"href":"https:\/\/mailnjoy.com\/hunt\/wp-json\/wp\/v2\/pages"}],"about":[{"href":"https:\/\/mailnjoy.com\/hunt\/wp-json\/wp\/v2\/types\/page"}],"author":[{"embeddable":true,"href":"https:\/\/mailnjoy.com\/hunt\/wp-json\/wp\/v2\/users\/1"}],"replies":[{"embeddable":true,"href":"https:\/\/mailnjoy.com\/hunt\/wp-json\/wp\/v2\/comments?post=2105"}],"version-history":[{"count":2,"href":"https:\/\/mailnjoy.com\/hunt\/wp-json\/wp\/v2\/pages\/2105\/revisions"}],"predecessor-version":[{"id":2108,"href":"https:\/\/mailnjoy.com\/hunt\/wp-json\/wp\/v2\/pages\/2105\/revisions\/2108"}],"wp:attachment":[{"href":"https:\/\/mailnjoy.com\/hunt\/wp-json\/wp\/v2\/media?parent=2105"}],"curies":[{"name":"wp","href":"https:\/\/api.w.org\/{rel}","templated":true}]}}