{"id":2115,"date":"2026-04-02T11:25:23","date_gmt":"2026-04-02T09:25:23","guid":{"rendered":"https:\/\/mailnjoy.com\/hunt\/?page_id=2115"},"modified":"2026-04-02T11:25:24","modified_gmt":"2026-04-02T09:25:24","slug":"developer","status":"publish","type":"page","link":"https:\/\/mailnjoy.com\/hunt\/pt\/developer\/","title":{"rendered":"Desenvolvedor"},"content":{"rendered":"\n<div class=\"wp-block-group alignwide has-global-padding is-layout-constrained wp-block-group-is-layout-constrained\">\n<div class=\"wp-block-columns alignwide are-vertically-aligned-center is-layout-flex wp-container-core-columns-is-layout-a85f4655 wp-block-columns-is-layout-flex\">\n<div class=\"wp-block-column is-vertically-aligned-center is-layout-flow wp-block-column-is-layout-flow\" style=\"flex-basis:55%\">\n<h1 class=\"wp-block-heading\">Integre a nossa API de pesquisa de e-mail nas suas aplica\u00e7\u00f5es<\/h1>\n\n\n\n<p><br>Integre diretamente a pesquisa de endere\u00e7os de e-mail nas suas ferramentas atrav\u00e9s da API Mailnjoy. Tal como a nossa ferramenta, a API j\u00e1 est\u00e1 operacional e destinada a crescer, por isso n\u00e3o hesite em experiment\u00e1-la!<br><br><\/p>\n\n\n\n<h2 class=\"wp-block-heading has-green-color has-text-color has-link-color wp-elements-702aa0c1708a24981a567a839e9e00ff\" style=\"font-size:clamp(0.984rem, 0.984rem + ((1vw - 0.2rem) * 0.86), 1.5rem);\">O nosso objetivo \u00e9 satisfazer todas as suas necessidades de automa\u00e7\u00e3o<\/h2>\n\n\n\n<ul class=\"wp-block-list check-list\">\n<li><strong>Pesquisa individual de um endere\u00e7o de e-mail atrav\u00e9s da API<\/strong><br>Integre a pesquisa de um endere\u00e7o de e-mail nos seus fluxos de trabalho, chamando diretamente a API, seja para procurar uma pessoa espec\u00edfica ou endere\u00e7os gen\u00e9ricos de uma empresa<\/li>\n\n\n\n<li><strong>Enriquecimento dos seus ficheiros de origem com os endere\u00e7os de e-mail em falta atrav\u00e9s do SFTP<\/strong><br>Carregue os seus ficheiros de origem e complete-os adicionando os endere\u00e7os de e-mail em falta dos seus contactos profissionais, e integre diretamente os resultados nas suas ferramentas, sem alterar os seus h\u00e1bitos.<\/li>\n<\/ul>\n\n\n\n<p><br>A gest\u00e3o das chaves API e SFTP, bem como as diversas documenta\u00e7\u00f5es de integra\u00e7\u00e3o, est\u00e3o dispon\u00edveis no <a href=\"https:\/\/developer.mailnjoy.com\/\" target=\"_blank\" rel=\"noreferrer noopener\"><strong>portal do programador<\/strong><\/a>. Este portal tamb\u00e9m pode ser acedido diretamente a partir da interface da sua conta de utilizador Mailnjoy.<br><br>A documenta\u00e7\u00e3o da API tamb\u00e9m est\u00e1 dispon\u00edvel e pode ser consultada diretamente no <strong>GitHub<\/strong>.<\/p>\n<\/div>\n\n\n\n<div class=\"wp-block-column is-vertically-aligned-center is-layout-flow wp-block-column-is-layout-flow\" style=\"padding-right:var(--wp--preset--spacing--30);padding-left:var(--wp--preset--spacing--30);flex-basis:50%\">\n<figure class=\"wp-block-image size-full mr--10\"><img loading=\"lazy\" decoding=\"async\" width=\"650\" height=\"500\" src=\"https:\/\/mailnjoy.com\/hunt\/wp-content\/uploads\/2025\/09\/API-1.png\" alt=\"\" class=\"wp-image-1953\" srcset=\"https:\/\/mailnjoy.com\/hunt\/wp-content\/uploads\/2025\/09\/API-1.png 650w, https:\/\/mailnjoy.com\/hunt\/wp-content\/uploads\/2025\/09\/API-1-300x231.png 300w\" sizes=\"auto, (max-width: 650px) 100vw, 650px\" \/><\/figure>\n<\/div>\n<\/div>\n<\/div>\n\n\n\n<p><\/p>\n","protected":false},"excerpt":{"rendered":"<p>Integre a nossa API de pesquisa de e-mail nas suas aplica\u00e7\u00f5es Integre diretamente a pesquisa de endere\u00e7os de e-mail nas suas ferramentas atrav\u00e9s da API Mailnjoy. Tal como a nossa ferramenta, a API j\u00e1 est\u00e1 operacional e destinada a crescer, por isso n\u00e3o hesite em experiment\u00e1-la! O nosso objetivo \u00e9 satisfazer todas as suas necessidades [&hellip;]<\/p>\n","protected":false},"author":1,"featured_media":0,"parent":0,"menu_order":0,"comment_status":"closed","ping_status":"closed","template":"","meta":{"_uag_custom_page_level_css":"","footnotes":""},"class_list":["post-2115","page","type-page","status-publish","hentry"],"yoast_head":"<!-- This site is optimized with the Yoast SEO plugin v23.6 - https:\/\/yoast.com\/wordpress\/plugins\/seo\/ -->\n<title>API de pesquisa de e-mail - Mailnjoy<\/title>\n<meta name=\"description\" content=\"Utilize a API de pesquisa de e-mail da Mailnjoy para automatizar as suas pesquisas de endere\u00e7os de e-mail ou o enriquecimento dos seus ficheiros de origem\" \/>\n<meta name=\"robots\" content=\"index, follow, max-snippet:-1, max-image-preview:large, max-video-preview:-1\" \/>\n<link rel=\"canonical\" href=\"https:\/\/mailnjoy.com\/hunt\/pt\/developer\/\" \/>\n<meta name=\"twitter:label1\" content=\"Dur\u00e9e de lecture estim\u00e9e\" \/>\n\t<meta name=\"twitter:data1\" content=\"2 minutes\" \/>\n<script type=\"application\/ld+json\" class=\"yoast-schema-graph\">{\"@context\":\"https:\/\/schema.org\",\"@graph\":[{\"@type\":\"WebPage\",\"@id\":\"https:\/\/mailnjoy.com\/hunt\/pt\/developer\/\",\"url\":\"https:\/\/mailnjoy.com\/hunt\/pt\/developer\/\",\"name\":\"API de pesquisa de e-mail - Mailnjoy\",\"isPartOf\":{\"@id\":\"https:\/\/mailnjoy.com\/hunt\/#website\"},\"primaryImageOfPage\":{\"@id\":\"https:\/\/mailnjoy.com\/hunt\/pt\/developer\/#primaryimage\"},\"image\":{\"@id\":\"https:\/\/mailnjoy.com\/hunt\/pt\/developer\/#primaryimage\"},\"thumbnailUrl\":\"https:\/\/mailnjoy.com\/hunt\/wp-content\/uploads\/2025\/09\/API-1.png\",\"datePublished\":\"2026-04-02T09:25:23+00:00\",\"dateModified\":\"2026-04-02T09:25:24+00:00\",\"description\":\"Utilize a API de pesquisa de e-mail da Mailnjoy para automatizar as suas pesquisas de endere\u00e7os de e-mail ou o enriquecimento dos seus ficheiros de origem\",\"breadcrumb\":{\"@id\":\"https:\/\/mailnjoy.com\/hunt\/pt\/developer\/#breadcrumb\"},\"inLanguage\":\"fr-FR\",\"potentialAction\":[{\"@type\":\"ReadAction\",\"target\":[\"https:\/\/mailnjoy.com\/hunt\/pt\/developer\/\"]}]},{\"@type\":\"ImageObject\",\"inLanguage\":\"fr-FR\",\"@id\":\"https:\/\/mailnjoy.com\/hunt\/pt\/developer\/#primaryimage\",\"url\":\"https:\/\/mailnjoy.com\/hunt\/wp-content\/uploads\/2025\/09\/API-1.png\",\"contentUrl\":\"https:\/\/mailnjoy.com\/hunt\/wp-content\/uploads\/2025\/09\/API-1.png\",\"width\":650,\"height\":500},{\"@type\":\"BreadcrumbList\",\"@id\":\"https:\/\/mailnjoy.com\/hunt\/pt\/developer\/#breadcrumb\",\"itemListElement\":[{\"@type\":\"ListItem\",\"position\":1,\"name\":\"Accueil\",\"item\":\"https:\/\/mailnjoy.com\/hunt\/fr\/\"},{\"@type\":\"ListItem\",\"position\":2,\"name\":\"Desenvolvedor\"}]},{\"@type\":\"WebSite\",\"@id\":\"https:\/\/mailnjoy.com\/hunt\/#website\",\"url\":\"https:\/\/mailnjoy.com\/hunt\/\",\"name\":\"Mailnjoy\",\"description\":\"\",\"publisher\":{\"@id\":\"https:\/\/mailnjoy.com\/hunt\/#organization\"},\"potentialAction\":[{\"@type\":\"SearchAction\",\"target\":{\"@type\":\"EntryPoint\",\"urlTemplate\":\"https:\/\/mailnjoy.com\/hunt\/?s={search_term_string}\"},\"query-input\":{\"@type\":\"PropertyValueSpecification\",\"valueRequired\":true,\"valueName\":\"search_term_string\"}}],\"inLanguage\":\"fr-FR\"},{\"@type\":\"Organization\",\"@id\":\"https:\/\/mailnjoy.com\/hunt\/#organization\",\"name\":\"Mailnjoy\",\"url\":\"https:\/\/mailnjoy.com\/hunt\/\",\"logo\":{\"@type\":\"ImageObject\",\"inLanguage\":\"fr-FR\",\"@id\":\"https:\/\/mailnjoy.com\/hunt\/#\/schema\/logo\/image\/\",\"url\":\"https:\/\/mailnjoy.com\/hunt\/wp-content\/uploads\/2025\/06\/hunt-scaled.png\",\"contentUrl\":\"https:\/\/mailnjoy.com\/hunt\/wp-content\/uploads\/2025\/06\/hunt-scaled.png\",\"width\":2560,\"height\":1243,\"caption\":\"Mailnjoy\"},\"image\":{\"@id\":\"https:\/\/mailnjoy.com\/hunt\/#\/schema\/logo\/image\/\"}}]}<\/script>\n<!-- \/ Yoast SEO plugin. -->","yoast_head_json":{"title":"API de pesquisa de e-mail - Mailnjoy","description":"Utilize a API de pesquisa de e-mail da Mailnjoy para automatizar as suas pesquisas de endere\u00e7os de e-mail ou o enriquecimento dos seus ficheiros de origem","robots":{"index":"index","follow":"follow","max-snippet":"max-snippet:-1","max-image-preview":"max-image-preview:large","max-video-preview":"max-video-preview:-1"},"canonical":"https:\/\/mailnjoy.com\/hunt\/pt\/developer\/","twitter_misc":{"Dur\u00e9e de lecture estim\u00e9e":"2 minutes"},"schema":{"@context":"https:\/\/schema.org","@graph":[{"@type":"WebPage","@id":"https:\/\/mailnjoy.com\/hunt\/pt\/developer\/","url":"https:\/\/mailnjoy.com\/hunt\/pt\/developer\/","name":"API de pesquisa de e-mail - Mailnjoy","isPartOf":{"@id":"https:\/\/mailnjoy.com\/hunt\/#website"},"primaryImageOfPage":{"@id":"https:\/\/mailnjoy.com\/hunt\/pt\/developer\/#primaryimage"},"image":{"@id":"https:\/\/mailnjoy.com\/hunt\/pt\/developer\/#primaryimage"},"thumbnailUrl":"https:\/\/mailnjoy.com\/hunt\/wp-content\/uploads\/2025\/09\/API-1.png","datePublished":"2026-04-02T09:25:23+00:00","dateModified":"2026-04-02T09:25:24+00:00","description":"Utilize a API de pesquisa de e-mail da Mailnjoy para automatizar as suas pesquisas de endere\u00e7os de e-mail ou o enriquecimento dos seus ficheiros de origem","breadcrumb":{"@id":"https:\/\/mailnjoy.com\/hunt\/pt\/developer\/#breadcrumb"},"inLanguage":"fr-FR","potentialAction":[{"@type":"ReadAction","target":["https:\/\/mailnjoy.com\/hunt\/pt\/developer\/"]}]},{"@type":"ImageObject","inLanguage":"fr-FR","@id":"https:\/\/mailnjoy.com\/hunt\/pt\/developer\/#primaryimage","url":"https:\/\/mailnjoy.com\/hunt\/wp-content\/uploads\/2025\/09\/API-1.png","contentUrl":"https:\/\/mailnjoy.com\/hunt\/wp-content\/uploads\/2025\/09\/API-1.png","width":650,"height":500},{"@type":"BreadcrumbList","@id":"https:\/\/mailnjoy.com\/hunt\/pt\/developer\/#breadcrumb","itemListElement":[{"@type":"ListItem","position":1,"name":"Accueil","item":"https:\/\/mailnjoy.com\/hunt\/fr\/"},{"@type":"ListItem","position":2,"name":"Desenvolvedor"}]},{"@type":"WebSite","@id":"https:\/\/mailnjoy.com\/hunt\/#website","url":"https:\/\/mailnjoy.com\/hunt\/","name":"Mailnjoy","description":"","publisher":{"@id":"https:\/\/mailnjoy.com\/hunt\/#organization"},"potentialAction":[{"@type":"SearchAction","target":{"@type":"EntryPoint","urlTemplate":"https:\/\/mailnjoy.com\/hunt\/?s={search_term_string}"},"query-input":{"@type":"PropertyValueSpecification","valueRequired":true,"valueName":"search_term_string"}}],"inLanguage":"fr-FR"},{"@type":"Organization","@id":"https:\/\/mailnjoy.com\/hunt\/#organization","name":"Mailnjoy","url":"https:\/\/mailnjoy.com\/hunt\/","logo":{"@type":"ImageObject","inLanguage":"fr-FR","@id":"https:\/\/mailnjoy.com\/hunt\/#\/schema\/logo\/image\/","url":"https:\/\/mailnjoy.com\/hunt\/wp-content\/uploads\/2025\/06\/hunt-scaled.png","contentUrl":"https:\/\/mailnjoy.com\/hunt\/wp-content\/uploads\/2025\/06\/hunt-scaled.png","width":2560,"height":1243,"caption":"Mailnjoy"},"image":{"@id":"https:\/\/mailnjoy.com\/hunt\/#\/schema\/logo\/image\/"}}]}},"lang":"pt","translations":{"pt":2115,"fr":1849,"en":2097,"es":2100,"de":2105,"it":2111},"uagb_featured_image_src":{"full":false,"thumbnail":false,"medium":false,"medium_large":false,"large":false,"1536x1536":false,"2048x2048":false,"post-thumbnail":false},"uagb_author_info":{"display_name":"sylvain","author_link":"https:\/\/mailnjoy.com\/hunt\/author\/sylvain\/"},"uagb_comment_info":0,"uagb_excerpt":"Integre a nossa API de pesquisa de e-mail nas suas aplica\u00e7\u00f5es Integre diretamente a pesquisa de endere\u00e7os de e-mail nas suas ferramentas atrav\u00e9s da API Mailnjoy. Tal como a nossa ferramenta, a API j\u00e1 est\u00e1 operacional e destinada a crescer, por isso n\u00e3o hesite em experiment\u00e1-la! O nosso objetivo \u00e9 satisfazer todas as suas necessidades\u2026","pll_sync_post":[],"_links":{"self":[{"href":"https:\/\/mailnjoy.com\/hunt\/wp-json\/wp\/v2\/pages\/2115","targetHints":{"allow":["GET"]}}],"collection":[{"href":"https:\/\/mailnjoy.com\/hunt\/wp-json\/wp\/v2\/pages"}],"about":[{"href":"https:\/\/mailnjoy.com\/hunt\/wp-json\/wp\/v2\/types\/page"}],"author":[{"embeddable":true,"href":"https:\/\/mailnjoy.com\/hunt\/wp-json\/wp\/v2\/users\/1"}],"replies":[{"embeddable":true,"href":"https:\/\/mailnjoy.com\/hunt\/wp-json\/wp\/v2\/comments?post=2115"}],"version-history":[{"count":2,"href":"https:\/\/mailnjoy.com\/hunt\/wp-json\/wp\/v2\/pages\/2115\/revisions"}],"predecessor-version":[{"id":2117,"href":"https:\/\/mailnjoy.com\/hunt\/wp-json\/wp\/v2\/pages\/2115\/revisions\/2117"}],"wp:attachment":[{"href":"https:\/\/mailnjoy.com\/hunt\/wp-json\/wp\/v2\/media?parent=2115"}],"curies":[{"name":"wp","href":"https:\/\/api.w.org\/{rel}","templated":true}]}}