{"id":2142,"date":"2026-04-02T12:04:53","date_gmt":"2026-04-02T10:04:53","guid":{"rendered":"https:\/\/mailnjoy.com\/hunt\/?page_id=2142"},"modified":"2026-04-02T12:04:53","modified_gmt":"2026-04-02T10:04:53","slug":"ecology","status":"publish","type":"page","link":"https:\/\/mailnjoy.com\/hunt\/de\/ecology\/","title":{"rendered":"\u00d6kologie"},"content":{"rendered":"\n<div class=\"wp-block-group alignwide has-global-padding is-layout-constrained wp-block-group-is-layout-constrained\">\n<div class=\"wp-block-columns alignwide is-layout-flex wp-container-core-columns-is-layout-a85f4655 wp-block-columns-is-layout-flex\">\n<div class=\"wp-block-column is-layout-flow wp-block-column-is-layout-flow\" style=\"flex-basis:55%\">\n<h1 class=\"wp-block-heading\">Wir setzen uns f\u00fcr unseren Planeten ein<\/h1>\n\n\n\n<p>Da wir davon \u00fcberzeugt sind, dass jede kleine Geste z\u00e4hlt, leisten wir einen Beitrag zum Schutz unserer Umwelt und helfen Ihnen dabei, dasselbe zu tun.<\/p>\n\n\n\n<h2 class=\"wp-block-heading has-green-color has-text-color has-link-color wp-elements-5dc0e50b30af8e67a5625d2e70619463\" style=\"font-size:clamp(0.984rem, 0.984rem + ((1vw - 0.2rem) * 0.86), 1.5rem);\">Dazu gehen wir zwei Verpflichtungen ein:<\/h2>\n\n\n\n<ul class=\"wp-block-list check-list\">\n<li><strong>Wir helfen Ihnen dabei, den wiederkehrenden CO\u2082-Fu\u00dfabdruck Ihrer E-Mail-Kampagnen zu verringern<\/strong> <br>Jede E-Mail, die an eine ungelesene oder nicht existierende Adresse gesendet wird, kostet Sie nicht nur unn\u00f6tig Geld, sondern verursacht auch einen CO\u2082-Fu\u00dfabdruck.<br>Nur vollst\u00e4ndig validierte und direkt nutzbare E-Mails zu versenden, ist daher ein Beitrag zum Umweltschutz. Leisten auch Sie Ihren Beitrag mit kleinen Gesten, die in der Summe Gro\u00dfes bewirken, und werden Sie ein umweltbewusster E-Mail-Versender f\u00fcr unser aller Wohl!<\/li>\n\n\n\n<li><strong>Einen Teil unseres Gewinns an Umweltverb\u00e4nde spenden<\/strong><br>Eine Geste, die zwar allein die Welt nicht ver\u00e4ndern wird, aber unseren Werten und unserem Engagement entspricht!<\/li>\n<\/ul>\n<\/div>\n\n\n\n<div class=\"wp-block-column is-layout-flow wp-block-column-is-layout-flow\" style=\"padding-right:var(--wp--preset--spacing--30);padding-left:var(--wp--preset--spacing--30);flex-basis:45%\">\n<figure class=\"wp-block-image size-full\"><img loading=\"lazy\" decoding=\"async\" width=\"600\" height=\"600\" src=\"https:\/\/mailnjoy.com\/check\/wp-content\/uploads\/2024\/10\/ecology.png\" alt=\"\" class=\"wp-image-319\" srcset=\"https:\/\/mailnjoy.com\/hunt\/wp-content\/uploads\/2024\/10\/ecology.png 600w, https:\/\/mailnjoy.com\/hunt\/wp-content\/uploads\/2024\/10\/ecology-300x300.png 300w, https:\/\/mailnjoy.com\/hunt\/wp-content\/uploads\/2024\/10\/ecology-150x150.png 150w\" sizes=\"auto, (max-width: 600px) 100vw, 600px\" \/><\/figure>\n<\/div>\n<\/div>\n<\/div>\n\n\n\n<p><\/p>\n","protected":false},"excerpt":{"rendered":"<p>Wir setzen uns f\u00fcr unseren Planeten ein Da wir davon \u00fcberzeugt sind, dass jede kleine Geste z\u00e4hlt, leisten wir einen Beitrag zum Schutz unserer Umwelt und helfen Ihnen dabei, dasselbe zu tun. Dazu gehen wir zwei Verpflichtungen ein:<\/p>\n","protected":false},"author":1,"featured_media":0,"parent":0,"menu_order":0,"comment_status":"closed","ping_status":"closed","template":"","meta":{"_uag_custom_page_level_css":"","footnotes":""},"class_list":["post-2142","page","type-page","status-publish","hentry"],"yoast_head":"<!-- This site is optimized with the Yoast SEO plugin v23.6 - https:\/\/yoast.com\/wordpress\/plugins\/seo\/ -->\n<title>Umweltengagement - Mailnjoy<\/title>\n<meta name=\"description\" content=\"Erfahren Sie, wie sich die Qualit\u00e4t der Ergebnisse von Mailnjoy auf die Umwelt auswirkt, und lernen Sie unsere Werte kennen\" \/>\n<meta name=\"robots\" content=\"index, follow, max-snippet:-1, max-image-preview:large, max-video-preview:-1\" \/>\n<link rel=\"canonical\" href=\"https:\/\/mailnjoy.com\/hunt\/de\/ecology\/\" \/>\n<meta name=\"twitter:label1\" content=\"Dur\u00e9e de lecture estim\u00e9e\" \/>\n\t<meta name=\"twitter:data1\" content=\"1 minute\" \/>\n<script type=\"application\/ld+json\" class=\"yoast-schema-graph\">{\"@context\":\"https:\/\/schema.org\",\"@graph\":[{\"@type\":\"WebPage\",\"@id\":\"https:\/\/mailnjoy.com\/hunt\/de\/ecology\/\",\"url\":\"https:\/\/mailnjoy.com\/hunt\/de\/ecology\/\",\"name\":\"Umweltengagement - Mailnjoy\",\"isPartOf\":{\"@id\":\"https:\/\/mailnjoy.com\/hunt\/#website\"},\"primaryImageOfPage\":{\"@id\":\"https:\/\/mailnjoy.com\/hunt\/de\/ecology\/#primaryimage\"},\"image\":{\"@id\":\"https:\/\/mailnjoy.com\/hunt\/de\/ecology\/#primaryimage\"},\"thumbnailUrl\":\"https:\/\/mailnjoy.com\/check\/wp-content\/uploads\/2024\/10\/ecology.png\",\"datePublished\":\"2026-04-02T10:04:53+00:00\",\"dateModified\":\"2026-04-02T10:04:53+00:00\",\"description\":\"Erfahren Sie, wie sich die Qualit\u00e4t der Ergebnisse von Mailnjoy auf die Umwelt auswirkt, und lernen Sie unsere Werte kennen\",\"breadcrumb\":{\"@id\":\"https:\/\/mailnjoy.com\/hunt\/de\/ecology\/#breadcrumb\"},\"inLanguage\":\"fr-FR\",\"potentialAction\":[{\"@type\":\"ReadAction\",\"target\":[\"https:\/\/mailnjoy.com\/hunt\/de\/ecology\/\"]}]},{\"@type\":\"ImageObject\",\"inLanguage\":\"fr-FR\",\"@id\":\"https:\/\/mailnjoy.com\/hunt\/de\/ecology\/#primaryimage\",\"url\":\"https:\/\/mailnjoy.com\/check\/wp-content\/uploads\/2024\/10\/ecology.png\",\"contentUrl\":\"https:\/\/mailnjoy.com\/check\/wp-content\/uploads\/2024\/10\/ecology.png\"},{\"@type\":\"BreadcrumbList\",\"@id\":\"https:\/\/mailnjoy.com\/hunt\/de\/ecology\/#breadcrumb\",\"itemListElement\":[{\"@type\":\"ListItem\",\"position\":1,\"name\":\"Accueil\",\"item\":\"https:\/\/mailnjoy.com\/hunt\/fr\/\"},{\"@type\":\"ListItem\",\"position\":2,\"name\":\"\u00d6kologie\"}]},{\"@type\":\"WebSite\",\"@id\":\"https:\/\/mailnjoy.com\/hunt\/#website\",\"url\":\"https:\/\/mailnjoy.com\/hunt\/\",\"name\":\"Mailnjoy\",\"description\":\"\",\"publisher\":{\"@id\":\"https:\/\/mailnjoy.com\/hunt\/#organization\"},\"potentialAction\":[{\"@type\":\"SearchAction\",\"target\":{\"@type\":\"EntryPoint\",\"urlTemplate\":\"https:\/\/mailnjoy.com\/hunt\/?s={search_term_string}\"},\"query-input\":{\"@type\":\"PropertyValueSpecification\",\"valueRequired\":true,\"valueName\":\"search_term_string\"}}],\"inLanguage\":\"fr-FR\"},{\"@type\":\"Organization\",\"@id\":\"https:\/\/mailnjoy.com\/hunt\/#organization\",\"name\":\"Mailnjoy\",\"url\":\"https:\/\/mailnjoy.com\/hunt\/\",\"logo\":{\"@type\":\"ImageObject\",\"inLanguage\":\"fr-FR\",\"@id\":\"https:\/\/mailnjoy.com\/hunt\/#\/schema\/logo\/image\/\",\"url\":\"https:\/\/mailnjoy.com\/hunt\/wp-content\/uploads\/2025\/06\/hunt-scaled.png\",\"contentUrl\":\"https:\/\/mailnjoy.com\/hunt\/wp-content\/uploads\/2025\/06\/hunt-scaled.png\",\"width\":2560,\"height\":1243,\"caption\":\"Mailnjoy\"},\"image\":{\"@id\":\"https:\/\/mailnjoy.com\/hunt\/#\/schema\/logo\/image\/\"}}]}<\/script>\n<!-- \/ Yoast SEO plugin. -->","yoast_head_json":{"title":"Umweltengagement - Mailnjoy","description":"Erfahren Sie, wie sich die Qualit\u00e4t der Ergebnisse von Mailnjoy auf die Umwelt auswirkt, und lernen Sie unsere Werte kennen","robots":{"index":"index","follow":"follow","max-snippet":"max-snippet:-1","max-image-preview":"max-image-preview:large","max-video-preview":"max-video-preview:-1"},"canonical":"https:\/\/mailnjoy.com\/hunt\/de\/ecology\/","twitter_misc":{"Dur\u00e9e de lecture estim\u00e9e":"1 minute"},"schema":{"@context":"https:\/\/schema.org","@graph":[{"@type":"WebPage","@id":"https:\/\/mailnjoy.com\/hunt\/de\/ecology\/","url":"https:\/\/mailnjoy.com\/hunt\/de\/ecology\/","name":"Umweltengagement - Mailnjoy","isPartOf":{"@id":"https:\/\/mailnjoy.com\/hunt\/#website"},"primaryImageOfPage":{"@id":"https:\/\/mailnjoy.com\/hunt\/de\/ecology\/#primaryimage"},"image":{"@id":"https:\/\/mailnjoy.com\/hunt\/de\/ecology\/#primaryimage"},"thumbnailUrl":"https:\/\/mailnjoy.com\/check\/wp-content\/uploads\/2024\/10\/ecology.png","datePublished":"2026-04-02T10:04:53+00:00","dateModified":"2026-04-02T10:04:53+00:00","description":"Erfahren Sie, wie sich die Qualit\u00e4t der Ergebnisse von Mailnjoy auf die Umwelt auswirkt, und lernen Sie unsere Werte kennen","breadcrumb":{"@id":"https:\/\/mailnjoy.com\/hunt\/de\/ecology\/#breadcrumb"},"inLanguage":"fr-FR","potentialAction":[{"@type":"ReadAction","target":["https:\/\/mailnjoy.com\/hunt\/de\/ecology\/"]}]},{"@type":"ImageObject","inLanguage":"fr-FR","@id":"https:\/\/mailnjoy.com\/hunt\/de\/ecology\/#primaryimage","url":"https:\/\/mailnjoy.com\/check\/wp-content\/uploads\/2024\/10\/ecology.png","contentUrl":"https:\/\/mailnjoy.com\/check\/wp-content\/uploads\/2024\/10\/ecology.png"},{"@type":"BreadcrumbList","@id":"https:\/\/mailnjoy.com\/hunt\/de\/ecology\/#breadcrumb","itemListElement":[{"@type":"ListItem","position":1,"name":"Accueil","item":"https:\/\/mailnjoy.com\/hunt\/fr\/"},{"@type":"ListItem","position":2,"name":"\u00d6kologie"}]},{"@type":"WebSite","@id":"https:\/\/mailnjoy.com\/hunt\/#website","url":"https:\/\/mailnjoy.com\/hunt\/","name":"Mailnjoy","description":"","publisher":{"@id":"https:\/\/mailnjoy.com\/hunt\/#organization"},"potentialAction":[{"@type":"SearchAction","target":{"@type":"EntryPoint","urlTemplate":"https:\/\/mailnjoy.com\/hunt\/?s={search_term_string}"},"query-input":{"@type":"PropertyValueSpecification","valueRequired":true,"valueName":"search_term_string"}}],"inLanguage":"fr-FR"},{"@type":"Organization","@id":"https:\/\/mailnjoy.com\/hunt\/#organization","name":"Mailnjoy","url":"https:\/\/mailnjoy.com\/hunt\/","logo":{"@type":"ImageObject","inLanguage":"fr-FR","@id":"https:\/\/mailnjoy.com\/hunt\/#\/schema\/logo\/image\/","url":"https:\/\/mailnjoy.com\/hunt\/wp-content\/uploads\/2025\/06\/hunt-scaled.png","contentUrl":"https:\/\/mailnjoy.com\/hunt\/wp-content\/uploads\/2025\/06\/hunt-scaled.png","width":2560,"height":1243,"caption":"Mailnjoy"},"image":{"@id":"https:\/\/mailnjoy.com\/hunt\/#\/schema\/logo\/image\/"}}]}},"lang":"de","translations":{"de":2142,"fr":1851,"en":2135,"es":2138,"it":2147,"pt":2151},"uagb_featured_image_src":{"full":false,"thumbnail":false,"medium":false,"medium_large":false,"large":false,"1536x1536":false,"2048x2048":false,"post-thumbnail":false},"uagb_author_info":{"display_name":"sylvain","author_link":"https:\/\/mailnjoy.com\/hunt\/author\/sylvain\/"},"uagb_comment_info":0,"uagb_excerpt":"Wir setzen uns f\u00fcr unseren Planeten ein Da wir davon \u00fcberzeugt sind, dass jede kleine Geste z\u00e4hlt, leisten wir einen Beitrag zum Schutz unserer Umwelt und helfen Ihnen dabei, dasselbe zu tun. Dazu gehen wir zwei Verpflichtungen ein:","pll_sync_post":[],"_links":{"self":[{"href":"https:\/\/mailnjoy.com\/hunt\/wp-json\/wp\/v2\/pages\/2142","targetHints":{"allow":["GET"]}}],"collection":[{"href":"https:\/\/mailnjoy.com\/hunt\/wp-json\/wp\/v2\/pages"}],"about":[{"href":"https:\/\/mailnjoy.com\/hunt\/wp-json\/wp\/v2\/types\/page"}],"author":[{"embeddable":true,"href":"https:\/\/mailnjoy.com\/hunt\/wp-json\/wp\/v2\/users\/1"}],"replies":[{"embeddable":true,"href":"https:\/\/mailnjoy.com\/hunt\/wp-json\/wp\/v2\/comments?post=2142"}],"version-history":[{"count":2,"href":"https:\/\/mailnjoy.com\/hunt\/wp-json\/wp\/v2\/pages\/2142\/revisions"}],"predecessor-version":[{"id":2145,"href":"https:\/\/mailnjoy.com\/hunt\/wp-json\/wp\/v2\/pages\/2142\/revisions\/2145"}],"wp:attachment":[{"href":"https:\/\/mailnjoy.com\/hunt\/wp-json\/wp\/v2\/media?parent=2142"}],"curies":[{"name":"wp","href":"https:\/\/api.w.org\/{rel}","templated":true}]}}