{"id":2166,"date":"2026-04-02T13:03:20","date_gmt":"2026-04-02T11:03:20","guid":{"rendered":"https:\/\/mailnjoy.com\/hunt\/?page_id=2166"},"modified":"2026-04-02T13:03:20","modified_gmt":"2026-04-02T11:03:20","slug":"partners","status":"publish","type":"page","link":"https:\/\/mailnjoy.com\/hunt\/de\/partners\/","title":{"rendered":"Unsere Partner"},"content":{"rendered":"\n<div class=\"wp-block-group has-global-padding is-layout-constrained wp-block-group-is-layout-constrained\"><h1 class=\"wp-block-heading has-text-align-center\">Unsere Partner<\/h1>\n\n\n<p class=\"has-text-align-center\">Da die Welt der E-Mail-Marketing-Tools umfangreich und komplex ist, freut sich Mailnjoy, Ihnen dabei helfen zu k\u00f6nnen, sich in der F\u00fclle der vorhandenen Tools zurechtzufinden, indem wir Ihnen eine Liste all unserer vertrauensw\u00fcrdigen Partner zur Verf\u00fcgung stellen. Schauen Sie doch einfach mal auf deren Websites vorbei!<\/p>\n<\/div>\n\n\n\n<div class=\"wp-block-group has-global-padding is-layout-constrained wp-block-group-is-layout-constrained\">\n<div class=\"wp-block-columns align-stretch partners is-layout-flex wp-container-core-columns-is-layout-f85e5524 wp-block-columns-is-layout-flex\" style=\"padding-top:var(--wp--preset--spacing--30)\">\n<div class=\"wp-block-column is-layout-flow wp-block-column-is-layout-flow\"><\/div>\n\n\n\n<div class=\"wp-block-column is-layout-flow wp-block-column-is-layout-flow\"><\/div>\n<\/div>\n<\/div>\n\n\n\n<p><\/p>\n","protected":false},"excerpt":{"rendered":"<p>Unsere Partner Da die Welt der E-Mail-Marketing-Tools umfangreich und komplex ist, freut sich Mailnjoy, Ihnen dabei helfen zu k\u00f6nnen, sich in der F\u00fclle der vorhandenen Tools zurechtzufinden, indem wir Ihnen eine Liste all unserer vertrauensw\u00fcrdigen Partner zur Verf\u00fcgung stellen. Schauen Sie doch einfach mal auf deren Websites vorbei!<\/p>\n","protected":false},"author":1,"featured_media":0,"parent":0,"menu_order":0,"comment_status":"closed","ping_status":"closed","template":"","meta":{"_uag_custom_page_level_css":"","footnotes":""},"class_list":["post-2166","page","type-page","status-publish","hentry"],"yoast_head":"<!-- This site is optimized with the Yoast SEO plugin v23.6 - https:\/\/yoast.com\/wordpress\/plugins\/seo\/ -->\n<title>Unsere Partner - Mailnjoy<\/title>\n<meta name=\"description\" content=\"Entdecken Sie die Partner von Mailnjoy \u2013 zuverl\u00e4ssige Partner f\u00fcr Ihre E-Mail-Marketing-Bed\u00fcrfnisse\" \/>\n<meta name=\"robots\" content=\"index, follow, max-snippet:-1, max-image-preview:large, max-video-preview:-1\" \/>\n<link rel=\"canonical\" href=\"https:\/\/mailnjoy.com\/hunt\/de\/partners\/\" \/>\n<meta name=\"twitter:label1\" content=\"Dur\u00e9e de lecture estim\u00e9e\" \/>\n\t<meta name=\"twitter:data1\" content=\"1 minute\" \/>\n<script type=\"application\/ld+json\" class=\"yoast-schema-graph\">{\"@context\":\"https:\/\/schema.org\",\"@graph\":[{\"@type\":\"WebPage\",\"@id\":\"https:\/\/mailnjoy.com\/hunt\/de\/partners\/\",\"url\":\"https:\/\/mailnjoy.com\/hunt\/de\/partners\/\",\"name\":\"Unsere Partner - Mailnjoy\",\"isPartOf\":{\"@id\":\"https:\/\/mailnjoy.com\/hunt\/#website\"},\"datePublished\":\"2026-04-02T11:03:20+00:00\",\"dateModified\":\"2026-04-02T11:03:20+00:00\",\"description\":\"Entdecken Sie die Partner von Mailnjoy \u2013 zuverl\u00e4ssige Partner f\u00fcr Ihre E-Mail-Marketing-Bed\u00fcrfnisse\",\"breadcrumb\":{\"@id\":\"https:\/\/mailnjoy.com\/hunt\/de\/partners\/#breadcrumb\"},\"inLanguage\":\"fr-FR\",\"potentialAction\":[{\"@type\":\"ReadAction\",\"target\":[\"https:\/\/mailnjoy.com\/hunt\/de\/partners\/\"]}]},{\"@type\":\"BreadcrumbList\",\"@id\":\"https:\/\/mailnjoy.com\/hunt\/de\/partners\/#breadcrumb\",\"itemListElement\":[{\"@type\":\"ListItem\",\"position\":1,\"name\":\"Accueil\",\"item\":\"https:\/\/mailnjoy.com\/hunt\/fr\/\"},{\"@type\":\"ListItem\",\"position\":2,\"name\":\"Unsere Partner\"}]},{\"@type\":\"WebSite\",\"@id\":\"https:\/\/mailnjoy.com\/hunt\/#website\",\"url\":\"https:\/\/mailnjoy.com\/hunt\/\",\"name\":\"Mailnjoy\",\"description\":\"\",\"publisher\":{\"@id\":\"https:\/\/mailnjoy.com\/hunt\/#organization\"},\"potentialAction\":[{\"@type\":\"SearchAction\",\"target\":{\"@type\":\"EntryPoint\",\"urlTemplate\":\"https:\/\/mailnjoy.com\/hunt\/?s={search_term_string}\"},\"query-input\":{\"@type\":\"PropertyValueSpecification\",\"valueRequired\":true,\"valueName\":\"search_term_string\"}}],\"inLanguage\":\"fr-FR\"},{\"@type\":\"Organization\",\"@id\":\"https:\/\/mailnjoy.com\/hunt\/#organization\",\"name\":\"Mailnjoy\",\"url\":\"https:\/\/mailnjoy.com\/hunt\/\",\"logo\":{\"@type\":\"ImageObject\",\"inLanguage\":\"fr-FR\",\"@id\":\"https:\/\/mailnjoy.com\/hunt\/#\/schema\/logo\/image\/\",\"url\":\"https:\/\/mailnjoy.com\/hunt\/wp-content\/uploads\/2025\/06\/hunt-scaled.png\",\"contentUrl\":\"https:\/\/mailnjoy.com\/hunt\/wp-content\/uploads\/2025\/06\/hunt-scaled.png\",\"width\":2560,\"height\":1243,\"caption\":\"Mailnjoy\"},\"image\":{\"@id\":\"https:\/\/mailnjoy.com\/hunt\/#\/schema\/logo\/image\/\"}}]}<\/script>\n<!-- \/ Yoast SEO plugin. -->","yoast_head_json":{"title":"Unsere Partner - Mailnjoy","description":"Entdecken Sie die Partner von Mailnjoy \u2013 zuverl\u00e4ssige Partner f\u00fcr Ihre E-Mail-Marketing-Bed\u00fcrfnisse","robots":{"index":"index","follow":"follow","max-snippet":"max-snippet:-1","max-image-preview":"max-image-preview:large","max-video-preview":"max-video-preview:-1"},"canonical":"https:\/\/mailnjoy.com\/hunt\/de\/partners\/","twitter_misc":{"Dur\u00e9e de lecture estim\u00e9e":"1 minute"},"schema":{"@context":"https:\/\/schema.org","@graph":[{"@type":"WebPage","@id":"https:\/\/mailnjoy.com\/hunt\/de\/partners\/","url":"https:\/\/mailnjoy.com\/hunt\/de\/partners\/","name":"Unsere Partner - Mailnjoy","isPartOf":{"@id":"https:\/\/mailnjoy.com\/hunt\/#website"},"datePublished":"2026-04-02T11:03:20+00:00","dateModified":"2026-04-02T11:03:20+00:00","description":"Entdecken Sie die Partner von Mailnjoy \u2013 zuverl\u00e4ssige Partner f\u00fcr Ihre E-Mail-Marketing-Bed\u00fcrfnisse","breadcrumb":{"@id":"https:\/\/mailnjoy.com\/hunt\/de\/partners\/#breadcrumb"},"inLanguage":"fr-FR","potentialAction":[{"@type":"ReadAction","target":["https:\/\/mailnjoy.com\/hunt\/de\/partners\/"]}]},{"@type":"BreadcrumbList","@id":"https:\/\/mailnjoy.com\/hunt\/de\/partners\/#breadcrumb","itemListElement":[{"@type":"ListItem","position":1,"name":"Accueil","item":"https:\/\/mailnjoy.com\/hunt\/fr\/"},{"@type":"ListItem","position":2,"name":"Unsere Partner"}]},{"@type":"WebSite","@id":"https:\/\/mailnjoy.com\/hunt\/#website","url":"https:\/\/mailnjoy.com\/hunt\/","name":"Mailnjoy","description":"","publisher":{"@id":"https:\/\/mailnjoy.com\/hunt\/#organization"},"potentialAction":[{"@type":"SearchAction","target":{"@type":"EntryPoint","urlTemplate":"https:\/\/mailnjoy.com\/hunt\/?s={search_term_string}"},"query-input":{"@type":"PropertyValueSpecification","valueRequired":true,"valueName":"search_term_string"}}],"inLanguage":"fr-FR"},{"@type":"Organization","@id":"https:\/\/mailnjoy.com\/hunt\/#organization","name":"Mailnjoy","url":"https:\/\/mailnjoy.com\/hunt\/","logo":{"@type":"ImageObject","inLanguage":"fr-FR","@id":"https:\/\/mailnjoy.com\/hunt\/#\/schema\/logo\/image\/","url":"https:\/\/mailnjoy.com\/hunt\/wp-content\/uploads\/2025\/06\/hunt-scaled.png","contentUrl":"https:\/\/mailnjoy.com\/hunt\/wp-content\/uploads\/2025\/06\/hunt-scaled.png","width":2560,"height":1243,"caption":"Mailnjoy"},"image":{"@id":"https:\/\/mailnjoy.com\/hunt\/#\/schema\/logo\/image\/"}}]}},"lang":"de","translations":{"de":2166,"fr":1830,"en":2160,"es":2163,"it":2169,"pt":2172},"uagb_featured_image_src":{"full":false,"thumbnail":false,"medium":false,"medium_large":false,"large":false,"1536x1536":false,"2048x2048":false,"post-thumbnail":false},"uagb_author_info":{"display_name":"sylvain","author_link":"https:\/\/mailnjoy.com\/hunt\/author\/sylvain\/"},"uagb_comment_info":0,"uagb_excerpt":"Unsere Partner Da die Welt der E-Mail-Marketing-Tools umfangreich und komplex ist, freut sich Mailnjoy, Ihnen dabei helfen zu k\u00f6nnen, sich in der F\u00fclle der vorhandenen Tools zurechtzufinden, indem wir Ihnen eine Liste all unserer vertrauensw\u00fcrdigen Partner zur Verf\u00fcgung stellen. Schauen Sie doch einfach mal auf deren Websites vorbei!","pll_sync_post":[],"_links":{"self":[{"href":"https:\/\/mailnjoy.com\/hunt\/wp-json\/wp\/v2\/pages\/2166","targetHints":{"allow":["GET"]}}],"collection":[{"href":"https:\/\/mailnjoy.com\/hunt\/wp-json\/wp\/v2\/pages"}],"about":[{"href":"https:\/\/mailnjoy.com\/hunt\/wp-json\/wp\/v2\/types\/page"}],"author":[{"embeddable":true,"href":"https:\/\/mailnjoy.com\/hunt\/wp-json\/wp\/v2\/users\/1"}],"replies":[{"embeddable":true,"href":"https:\/\/mailnjoy.com\/hunt\/wp-json\/wp\/v2\/comments?post=2166"}],"version-history":[{"count":1,"href":"https:\/\/mailnjoy.com\/hunt\/wp-json\/wp\/v2\/pages\/2166\/revisions"}],"predecessor-version":[{"id":2167,"href":"https:\/\/mailnjoy.com\/hunt\/wp-json\/wp\/v2\/pages\/2166\/revisions\/2167"}],"wp:attachment":[{"href":"https:\/\/mailnjoy.com\/hunt\/wp-json\/wp\/v2\/media?parent=2166"}],"curies":[{"name":"wp","href":"https:\/\/api.w.org\/{rel}","templated":true}]}}