{"id":2181,"date":"2026-04-02T13:31:58","date_gmt":"2026-04-02T11:31:58","guid":{"rendered":"https:\/\/mailnjoy.com\/hunt\/?page_id=2181"},"modified":"2026-04-02T13:39:13","modified_gmt":"2026-04-02T11:39:13","slug":"tools","status":"publish","type":"page","link":"https:\/\/mailnjoy.com\/hunt\/es\/tools\/","title":{"rendered":"Herramientas de Mailnjoy"},"content":{"rendered":"\n<div class=\"wp-block-group alignfull has-global-padding is-layout-constrained wp-block-group-is-layout-constrained\">\n<h1 class=\"wp-block-heading alignwide has-text-align-center\">Mailnjoy, soluciones para simplificar el env\u00edo de correos electr\u00f3nicos<\/h1>\n\n\n\n<div class=\"wp-block-columns alignfull are-vertically-aligned-center is-layout-flex wp-container-core-columns-is-layout-28f84493 wp-block-columns-is-layout-flex\">\n<div class=\"wp-block-column is-vertically-aligned-center is-layout-flow wp-block-column-is-layout-flow\">\n<figure class=\"wp-block-image alignright size-medium\"><img loading=\"lazy\" decoding=\"async\" width=\"300\" height=\"212\" src=\"https:\/\/mailnjoy.com\/hunt\/wp-content\/uploads\/2025\/09\/mailnjoy.2b78f045-300x212.png\" alt=\"\" class=\"wp-image-1856\" srcset=\"https:\/\/mailnjoy.com\/hunt\/wp-content\/uploads\/2025\/09\/mailnjoy.2b78f045-300x212.png 300w, https:\/\/mailnjoy.com\/hunt\/wp-content\/uploads\/2025\/09\/mailnjoy.2b78f045-1024x724.png 1024w, https:\/\/mailnjoy.com\/hunt\/wp-content\/uploads\/2025\/09\/mailnjoy.2b78f045-768x543.png 768w, https:\/\/mailnjoy.com\/hunt\/wp-content\/uploads\/2025\/09\/mailnjoy.2b78f045-1536x1086.png 1536w, https:\/\/mailnjoy.com\/hunt\/wp-content\/uploads\/2025\/09\/mailnjoy.2b78f045-2048x1448.png 2048w, https:\/\/mailnjoy.com\/hunt\/wp-content\/uploads\/2025\/09\/mailnjoy.2b78f045-1568x1109.png 1568w\" sizes=\"auto, (max-width: 300px) 100vw, 300px\" \/><\/figure>\n<\/div>\n\n\n\n<div class=\"wp-block-column is-vertically-aligned-center is-layout-flow wp-block-column-is-layout-flow\">\n<p>Mailnjoy es una empresa formada por apasionados de la tecnolog\u00eda y expertos en marketing por correo electr\u00f3nico. Nuestro objetivo es ofrecerle un conjunto de soluciones eficaces e integradas entre s\u00ed para facilitarle el acceso al mundo del marketing por correo electr\u00f3nico.<\/p>\n\n\n\n<div class=\"wp-block-buttons is-content-justification-center is-layout-flex wp-container-core-buttons-is-layout-a89b3969 wp-block-buttons-is-layout-flex\">\n<div class=\"wp-block-button\"><a class=\"wp-block-button__link has-orange-background-color has-background wp-element-button\" href=\"https:\/\/mailnjoy.com\/hunt\/es\/team\/\">M\u00e1s informaci\u00f3n<\/a><\/div>\n<\/div>\n<\/div>\n<\/div>\n<\/div>\n\n\n\n<div class=\"wp-block-columns alignfull are-vertically-aligned-center is-layout-flex wp-container-core-columns-is-layout-28f84493 wp-block-columns-is-layout-flex\">\n<div class=\"wp-block-column is-vertically-aligned-center is-layout-flow wp-block-column-is-layout-flow\">\n<p class=\"has-text-align-right\">Check es el primer producto de Mailnjoy. Se trata de un validador de direcciones de correo electr\u00f3nico que permite depurar las bases de datos de direcciones. El objetivo es evitar que se vea afectada la reputaci\u00f3n del remitente eliminando los mensajes devueltos, as\u00ed como ahorrar el env\u00edo de miles de correos electr\u00f3nicos a direcciones que no presentan inter\u00e9s comercial.<\/p>\n\n\n\n<div class=\"wp-block-buttons is-content-justification-center is-layout-flex wp-container-core-buttons-is-layout-a89b3969 wp-block-buttons-is-layout-flex\">\n<div class=\"wp-block-button\"><a class=\"wp-block-button__link has-orange-background-color has-background wp-element-button\" href=\"https:\/\/mailnjoy.com\/check\/es\/\">M\u00e1s informaci\u00f3n<\/a><\/div>\n<\/div>\n<\/div>\n\n\n\n<div class=\"wp-block-column is-vertically-aligned-center is-layout-flow wp-block-column-is-layout-flow\">\n<figure class=\"wp-block-image alignleft size-medium\"><img loading=\"lazy\" decoding=\"async\" width=\"300\" height=\"212\" src=\"https:\/\/mailnjoy.com\/hunt\/wp-content\/uploads\/2025\/09\/check.d4cb4db0-300x212.png\" alt=\"\" class=\"wp-image-1865\" srcset=\"https:\/\/mailnjoy.com\/hunt\/wp-content\/uploads\/2025\/09\/check.d4cb4db0-300x212.png 300w, https:\/\/mailnjoy.com\/hunt\/wp-content\/uploads\/2025\/09\/check.d4cb4db0-1024x724.png 1024w, https:\/\/mailnjoy.com\/hunt\/wp-content\/uploads\/2025\/09\/check.d4cb4db0-768x543.png 768w, https:\/\/mailnjoy.com\/hunt\/wp-content\/uploads\/2025\/09\/check.d4cb4db0-1536x1086.png 1536w, https:\/\/mailnjoy.com\/hunt\/wp-content\/uploads\/2025\/09\/check.d4cb4db0-2048x1448.png 2048w, https:\/\/mailnjoy.com\/hunt\/wp-content\/uploads\/2025\/09\/check.d4cb4db0-1568x1109.png 1568w\" sizes=\"auto, (max-width: 300px) 100vw, 300px\" \/><\/figure>\n<\/div>\n<\/div>\n\n\n\n<div class=\"wp-block-columns alignfull are-vertically-aligned-center is-layout-flex wp-container-core-columns-is-layout-28f84493 wp-block-columns-is-layout-flex\">\n<div class=\"wp-block-column is-vertically-aligned-center is-layout-flow wp-block-column-is-layout-flow\">\n<figure class=\"wp-block-image alignright size-medium\"><img loading=\"lazy\" decoding=\"async\" width=\"300\" height=\"212\" src=\"https:\/\/mailnjoy.com\/hunt\/wp-content\/uploads\/2025\/09\/hunt.c7311485-300x212.png\" alt=\"\" class=\"wp-image-1866\" srcset=\"https:\/\/mailnjoy.com\/hunt\/wp-content\/uploads\/2025\/09\/hunt.c7311485-300x212.png 300w, https:\/\/mailnjoy.com\/hunt\/wp-content\/uploads\/2025\/09\/hunt.c7311485-1024x724.png 1024w, https:\/\/mailnjoy.com\/hunt\/wp-content\/uploads\/2025\/09\/hunt.c7311485-768x543.png 768w, https:\/\/mailnjoy.com\/hunt\/wp-content\/uploads\/2025\/09\/hunt.c7311485-1536x1086.png 1536w, https:\/\/mailnjoy.com\/hunt\/wp-content\/uploads\/2025\/09\/hunt.c7311485-2048x1448.png 2048w, https:\/\/mailnjoy.com\/hunt\/wp-content\/uploads\/2025\/09\/hunt.c7311485-1568x1109.png 1568w\" sizes=\"auto, (max-width: 300px) 100vw, 300px\" \/><\/figure>\n<\/div>\n\n\n\n<div class=\"wp-block-column is-vertically-aligned-center is-layout-flow wp-block-column-is-layout-flow\">\n<p>Hunt es el segundo producto de la gama Mailnjoy. Esta herramienta facilita la b\u00fasqueda de clientes potenciales al permitir localizar las direcciones de correo electr\u00f3nico de personas conocidas o de contactos generales dentro de las empresas.<\/p>\n\n\n\n<div class=\"wp-block-buttons is-content-justification-center is-layout-flex wp-container-core-buttons-is-layout-a89b3969 wp-block-buttons-is-layout-flex\">\n<div class=\"wp-block-button\"><a class=\"wp-block-button__link has-orange-background-color has-background wp-element-button\" href=\"https:\/\/mailnjoy.com\/hunt\/es\/\">M\u00e1s informaci\u00f3n<\/a><\/div>\n<\/div>\n<\/div>\n<\/div>\n\n\n\n<p><\/p>\n","protected":false},"excerpt":{"rendered":"<p>Mailnjoy, soluciones para simplificar el env\u00edo de correos electr\u00f3nicos Mailnjoy es una empresa formada por apasionados de la tecnolog\u00eda y expertos en marketing por correo electr\u00f3nico. Nuestro objetivo es ofrecerle un conjunto de soluciones eficaces e integradas entre s\u00ed para facilitarle el acceso al mundo del marketing por correo electr\u00f3nico. Check es el primer producto [&hellip;]<\/p>\n","protected":false},"author":1,"featured_media":0,"parent":0,"menu_order":0,"comment_status":"closed","ping_status":"closed","template":"","meta":{"_uag_custom_page_level_css":"","footnotes":""},"class_list":["post-2181","page","type-page","status-publish","hentry"],"yoast_head":"<!-- This site is optimized with the Yoast SEO plugin v23.6 - https:\/\/yoast.com\/wordpress\/plugins\/seo\/ -->\n<title>Diferentes herramientas de Mailnjoy<\/title>\n<meta name=\"description\" content=\"Descubre las diferentes herramientas de la gama Mailnjoy, dise\u00f1adas para simplificar tus necesidades de marketing por correo electr\u00f3nico (verificaci\u00f3n de direcciones de correo electr\u00f3nico, b\u00fasqueda de direcciones de correo electr\u00f3nico, etc.)\" \/>\n<meta name=\"robots\" content=\"index, follow, max-snippet:-1, max-image-preview:large, max-video-preview:-1\" \/>\n<link rel=\"canonical\" href=\"https:\/\/mailnjoy.com\/hunt\/es\/tools\/\" \/>\n<meta name=\"twitter:label1\" content=\"Dur\u00e9e de lecture estim\u00e9e\" \/>\n\t<meta name=\"twitter:data1\" content=\"2 minutes\" \/>\n<script type=\"application\/ld+json\" class=\"yoast-schema-graph\">{\"@context\":\"https:\/\/schema.org\",\"@graph\":[{\"@type\":\"WebPage\",\"@id\":\"https:\/\/mailnjoy.com\/hunt\/es\/tools\/\",\"url\":\"https:\/\/mailnjoy.com\/hunt\/es\/tools\/\",\"name\":\"Diferentes herramientas de Mailnjoy\",\"isPartOf\":{\"@id\":\"https:\/\/mailnjoy.com\/hunt\/#website\"},\"primaryImageOfPage\":{\"@id\":\"https:\/\/mailnjoy.com\/hunt\/es\/tools\/#primaryimage\"},\"image\":{\"@id\":\"https:\/\/mailnjoy.com\/hunt\/es\/tools\/#primaryimage\"},\"thumbnailUrl\":\"https:\/\/mailnjoy.com\/hunt\/wp-content\/uploads\/2025\/09\/mailnjoy.2b78f045-300x212.png\",\"datePublished\":\"2026-04-02T11:31:58+00:00\",\"dateModified\":\"2026-04-02T11:39:13+00:00\",\"description\":\"Descubre las diferentes herramientas de la gama Mailnjoy, dise\u00f1adas para simplificar tus necesidades de marketing por correo electr\u00f3nico (verificaci\u00f3n de direcciones de correo electr\u00f3nico, b\u00fasqueda de direcciones de correo electr\u00f3nico, etc.)\",\"breadcrumb\":{\"@id\":\"https:\/\/mailnjoy.com\/hunt\/es\/tools\/#breadcrumb\"},\"inLanguage\":\"fr-FR\",\"potentialAction\":[{\"@type\":\"ReadAction\",\"target\":[\"https:\/\/mailnjoy.com\/hunt\/es\/tools\/\"]}]},{\"@type\":\"ImageObject\",\"inLanguage\":\"fr-FR\",\"@id\":\"https:\/\/mailnjoy.com\/hunt\/es\/tools\/#primaryimage\",\"url\":\"https:\/\/mailnjoy.com\/hunt\/wp-content\/uploads\/2025\/09\/mailnjoy.2b78f045-scaled.png\",\"contentUrl\":\"https:\/\/mailnjoy.com\/hunt\/wp-content\/uploads\/2025\/09\/mailnjoy.2b78f045-scaled.png\",\"width\":2560,\"height\":1810},{\"@type\":\"BreadcrumbList\",\"@id\":\"https:\/\/mailnjoy.com\/hunt\/es\/tools\/#breadcrumb\",\"itemListElement\":[{\"@type\":\"ListItem\",\"position\":1,\"name\":\"Accueil\",\"item\":\"https:\/\/mailnjoy.com\/hunt\/fr\/\"},{\"@type\":\"ListItem\",\"position\":2,\"name\":\"Herramientas de Mailnjoy\"}]},{\"@type\":\"WebSite\",\"@id\":\"https:\/\/mailnjoy.com\/hunt\/#website\",\"url\":\"https:\/\/mailnjoy.com\/hunt\/\",\"name\":\"Mailnjoy\",\"description\":\"\",\"publisher\":{\"@id\":\"https:\/\/mailnjoy.com\/hunt\/#organization\"},\"potentialAction\":[{\"@type\":\"SearchAction\",\"target\":{\"@type\":\"EntryPoint\",\"urlTemplate\":\"https:\/\/mailnjoy.com\/hunt\/?s={search_term_string}\"},\"query-input\":{\"@type\":\"PropertyValueSpecification\",\"valueRequired\":true,\"valueName\":\"search_term_string\"}}],\"inLanguage\":\"fr-FR\"},{\"@type\":\"Organization\",\"@id\":\"https:\/\/mailnjoy.com\/hunt\/#organization\",\"name\":\"Mailnjoy\",\"url\":\"https:\/\/mailnjoy.com\/hunt\/\",\"logo\":{\"@type\":\"ImageObject\",\"inLanguage\":\"fr-FR\",\"@id\":\"https:\/\/mailnjoy.com\/hunt\/#\/schema\/logo\/image\/\",\"url\":\"https:\/\/mailnjoy.com\/hunt\/wp-content\/uploads\/2025\/06\/hunt-scaled.png\",\"contentUrl\":\"https:\/\/mailnjoy.com\/hunt\/wp-content\/uploads\/2025\/06\/hunt-scaled.png\",\"width\":2560,\"height\":1243,\"caption\":\"Mailnjoy\"},\"image\":{\"@id\":\"https:\/\/mailnjoy.com\/hunt\/#\/schema\/logo\/image\/\"}}]}<\/script>\n<!-- \/ Yoast SEO plugin. -->","yoast_head_json":{"title":"Diferentes herramientas de Mailnjoy","description":"Descubre las diferentes herramientas de la gama Mailnjoy, dise\u00f1adas para simplificar tus necesidades de marketing por correo electr\u00f3nico (verificaci\u00f3n de direcciones de correo electr\u00f3nico, b\u00fasqueda de direcciones de correo electr\u00f3nico, etc.)","robots":{"index":"index","follow":"follow","max-snippet":"max-snippet:-1","max-image-preview":"max-image-preview:large","max-video-preview":"max-video-preview:-1"},"canonical":"https:\/\/mailnjoy.com\/hunt\/es\/tools\/","twitter_misc":{"Dur\u00e9e de lecture estim\u00e9e":"2 minutes"},"schema":{"@context":"https:\/\/schema.org","@graph":[{"@type":"WebPage","@id":"https:\/\/mailnjoy.com\/hunt\/es\/tools\/","url":"https:\/\/mailnjoy.com\/hunt\/es\/tools\/","name":"Diferentes herramientas de Mailnjoy","isPartOf":{"@id":"https:\/\/mailnjoy.com\/hunt\/#website"},"primaryImageOfPage":{"@id":"https:\/\/mailnjoy.com\/hunt\/es\/tools\/#primaryimage"},"image":{"@id":"https:\/\/mailnjoy.com\/hunt\/es\/tools\/#primaryimage"},"thumbnailUrl":"https:\/\/mailnjoy.com\/hunt\/wp-content\/uploads\/2025\/09\/mailnjoy.2b78f045-300x212.png","datePublished":"2026-04-02T11:31:58+00:00","dateModified":"2026-04-02T11:39:13+00:00","description":"Descubre las diferentes herramientas de la gama Mailnjoy, dise\u00f1adas para simplificar tus necesidades de marketing por correo electr\u00f3nico (verificaci\u00f3n de direcciones de correo electr\u00f3nico, b\u00fasqueda de direcciones de correo electr\u00f3nico, etc.)","breadcrumb":{"@id":"https:\/\/mailnjoy.com\/hunt\/es\/tools\/#breadcrumb"},"inLanguage":"fr-FR","potentialAction":[{"@type":"ReadAction","target":["https:\/\/mailnjoy.com\/hunt\/es\/tools\/"]}]},{"@type":"ImageObject","inLanguage":"fr-FR","@id":"https:\/\/mailnjoy.com\/hunt\/es\/tools\/#primaryimage","url":"https:\/\/mailnjoy.com\/hunt\/wp-content\/uploads\/2025\/09\/mailnjoy.2b78f045-scaled.png","contentUrl":"https:\/\/mailnjoy.com\/hunt\/wp-content\/uploads\/2025\/09\/mailnjoy.2b78f045-scaled.png","width":2560,"height":1810},{"@type":"BreadcrumbList","@id":"https:\/\/mailnjoy.com\/hunt\/es\/tools\/#breadcrumb","itemListElement":[{"@type":"ListItem","position":1,"name":"Accueil","item":"https:\/\/mailnjoy.com\/hunt\/fr\/"},{"@type":"ListItem","position":2,"name":"Herramientas de Mailnjoy"}]},{"@type":"WebSite","@id":"https:\/\/mailnjoy.com\/hunt\/#website","url":"https:\/\/mailnjoy.com\/hunt\/","name":"Mailnjoy","description":"","publisher":{"@id":"https:\/\/mailnjoy.com\/hunt\/#organization"},"potentialAction":[{"@type":"SearchAction","target":{"@type":"EntryPoint","urlTemplate":"https:\/\/mailnjoy.com\/hunt\/?s={search_term_string}"},"query-input":{"@type":"PropertyValueSpecification","valueRequired":true,"valueName":"search_term_string"}}],"inLanguage":"fr-FR"},{"@type":"Organization","@id":"https:\/\/mailnjoy.com\/hunt\/#organization","name":"Mailnjoy","url":"https:\/\/mailnjoy.com\/hunt\/","logo":{"@type":"ImageObject","inLanguage":"fr-FR","@id":"https:\/\/mailnjoy.com\/hunt\/#\/schema\/logo\/image\/","url":"https:\/\/mailnjoy.com\/hunt\/wp-content\/uploads\/2025\/06\/hunt-scaled.png","contentUrl":"https:\/\/mailnjoy.com\/hunt\/wp-content\/uploads\/2025\/06\/hunt-scaled.png","width":2560,"height":1243,"caption":"Mailnjoy"},"image":{"@id":"https:\/\/mailnjoy.com\/hunt\/#\/schema\/logo\/image\/"}}]}},"lang":"es","translations":{"es":2181,"fr":1855,"en":2177,"de":2187,"it":2194,"pt":2198},"uagb_featured_image_src":{"full":false,"thumbnail":false,"medium":false,"medium_large":false,"large":false,"1536x1536":false,"2048x2048":false,"post-thumbnail":false},"uagb_author_info":{"display_name":"sylvain","author_link":"https:\/\/mailnjoy.com\/hunt\/author\/sylvain\/"},"uagb_comment_info":0,"uagb_excerpt":"Mailnjoy, soluciones para simplificar el env\u00edo de correos electr\u00f3nicos Mailnjoy es una empresa formada por apasionados de la tecnolog\u00eda y expertos en marketing por correo electr\u00f3nico. Nuestro objetivo es ofrecerle un conjunto de soluciones eficaces e integradas entre s\u00ed para facilitarle el acceso al mundo del marketing por correo electr\u00f3nico. Check es el primer producto\u2026","pll_sync_post":[],"_links":{"self":[{"href":"https:\/\/mailnjoy.com\/hunt\/wp-json\/wp\/v2\/pages\/2181","targetHints":{"allow":["GET"]}}],"collection":[{"href":"https:\/\/mailnjoy.com\/hunt\/wp-json\/wp\/v2\/pages"}],"about":[{"href":"https:\/\/mailnjoy.com\/hunt\/wp-json\/wp\/v2\/types\/page"}],"author":[{"embeddable":true,"href":"https:\/\/mailnjoy.com\/hunt\/wp-json\/wp\/v2\/users\/1"}],"replies":[{"embeddable":true,"href":"https:\/\/mailnjoy.com\/hunt\/wp-json\/wp\/v2\/comments?post=2181"}],"version-history":[{"count":3,"href":"https:\/\/mailnjoy.com\/hunt\/wp-json\/wp\/v2\/pages\/2181\/revisions"}],"predecessor-version":[{"id":2192,"href":"https:\/\/mailnjoy.com\/hunt\/wp-json\/wp\/v2\/pages\/2181\/revisions\/2192"}],"wp:attachment":[{"href":"https:\/\/mailnjoy.com\/hunt\/wp-json\/wp\/v2\/media?parent=2181"}],"curies":[{"name":"wp","href":"https:\/\/api.w.org\/{rel}","templated":true}]}}