{"id":2238,"date":"2026-04-02T14:55:41","date_gmt":"2026-04-02T12:55:41","guid":{"rendered":"https:\/\/mailnjoy.com\/hunt\/?page_id=2238"},"modified":"2026-04-02T14:55:41","modified_gmt":"2026-04-02T12:55:41","slug":"security","status":"publish","type":"page","link":"https:\/\/mailnjoy.com\/hunt\/pt\/security\/","title":{"rendered":"Seguran\u00e7a"},"content":{"rendered":"\n<div class=\"wp-block-group alignwide has-global-padding is-layout-constrained wp-block-group-is-layout-constrained\">\n<div class=\"wp-block-columns alignwide is-layout-flex wp-container-core-columns-is-layout-28f84493 wp-block-columns-is-layout-flex\">\n<div class=\"wp-block-column is-layout-flow wp-block-column-is-layout-flow\"><h1 class=\"wp-block-heading\">Os endere\u00e7os de e-mail s\u00e3o dados pessoais<\/h1>\n\n\n<p><em>\u00c9 certo que nem todos os endere\u00e7os permitem identificar diretamente uma pessoa f\u00edsica, mas alguns permitem. Por isso, consideramos todos os endere\u00e7os de e-mail como dados pessoais.<\/em><\/p>\n\n\n<p><em>Nesse sentido, tomamos todas as precau\u00e7\u00f5es necess\u00e1rias no que diz respeito aos dados que nos confia. Para al\u00e9m da obriga\u00e7\u00e3o legal, opt\u00e1mos por abordar a seguran\u00e7a e a confidencialidade dos dados \u00abdesde a conce\u00e7\u00e3o\u00bb, colocando-as no primeiro lugar das nossas escolhas t\u00e9cnicas.<\/em><\/p>\n<\/div>\n\n\n\n<div class=\"wp-block-column is-layout-flow wp-block-column-is-layout-flow\">\n<figure class=\"wp-block-image size-full\"><img loading=\"lazy\" decoding=\"async\" width=\"550\" height=\"550\" src=\"https:\/\/mailnjoy.com\/check\/wp-content\/uploads\/2024\/10\/security.0e57a86a.png\" alt=\"\" class=\"wp-image-279\" srcset=\"https:\/\/mailnjoy.com\/hunt\/wp-content\/uploads\/2024\/10\/security.0e57a86a.png 550w, https:\/\/mailnjoy.com\/hunt\/wp-content\/uploads\/2024\/10\/security.0e57a86a-300x300.png 300w, https:\/\/mailnjoy.com\/hunt\/wp-content\/uploads\/2024\/10\/security.0e57a86a-150x150.png 150w\" sizes=\"auto, (max-width: 550px) 100vw, 550px\" \/><\/figure>\n<\/div>\n<\/div>\n\n\n\n<div class=\"wp-block-columns alignwide card card-hover is-layout-flex wp-container-core-columns-is-layout-28f84493 wp-block-columns-is-layout-flex\">\n<div class=\"wp-block-column is-layout-flow wp-block-column-is-layout-flow\" style=\"flex-basis:33.33%\">\n<figure class=\"wp-block-image size-full\"><img loading=\"lazy\" decoding=\"async\" width=\"1500\" height=\"1500\" src=\"https:\/\/mailnjoy.com\/hunt\/wp-content\/uploads\/2025\/09\/escort.50673de8.png\" alt=\"\" class=\"wp-image-1846\" srcset=\"https:\/\/mailnjoy.com\/hunt\/wp-content\/uploads\/2025\/09\/escort.50673de8.png 1500w, https:\/\/mailnjoy.com\/hunt\/wp-content\/uploads\/2025\/09\/escort.50673de8-300x300.png 300w, https:\/\/mailnjoy.com\/hunt\/wp-content\/uploads\/2025\/09\/escort.50673de8-1024x1024.png 1024w, https:\/\/mailnjoy.com\/hunt\/wp-content\/uploads\/2025\/09\/escort.50673de8-150x150.png 150w, https:\/\/mailnjoy.com\/hunt\/wp-content\/uploads\/2025\/09\/escort.50673de8-768x768.png 768w\" sizes=\"auto, (max-width: 1500px) 100vw, 1500px\" \/><\/figure>\n<\/div>\n\n\n\n<div class=\"wp-block-column is-layout-flow wp-block-column-is-layout-flow\" style=\"flex-basis:66.66%\"><h2 class=\"wp-block-heading\">Garantimos<\/h2>\n\n\n\n<ul class=\"wp-block-list check-list\">\n<li><strong>Execu\u00e7\u00e3o dos pedidos de elimina\u00e7\u00e3o<\/strong> de dados: aplica\u00e7\u00e3o do direito ao apagamento<\/li>\n\n\n\n<li><strong>A integridade dos seus dados:<\/strong> sem modifica\u00e7\u00f5es, altera\u00e7\u00f5es ou perdas<\/li>\n\n\n\n<li><strong>Prote\u00e7\u00e3o contra qualquer acesso externo:<\/strong> sem fuga de dados<\/li>\n\n\n\n<li>A identifica\u00e7\u00e3o e o <strong>controlo de todos os tratamentos<\/strong> aplicados aos seus dados<\/li>\n\n\n\n<li>Alojamento em <strong>servidores dedicados (excluindo a nuvem)<\/strong> em centros de dados com certifica\u00e7\u00e3o ISO 27001 e <strong>exclusivamente em Fran\u00e7a<\/strong><\/li>\n<\/ul>\n<\/div>\n<\/div>\n\n\n\n<div class=\"wp-block-columns alignwide card card-hover is-layout-flex wp-container-core-columns-is-layout-28f84493 wp-block-columns-is-layout-flex\">\n<div class=\"wp-block-column is-layout-flow wp-block-column-is-layout-flow\" style=\"flex-basis:66.66%\"><h2 class=\"wp-block-heading\">Comprometemo-nos<\/h2>\n\n\n\n<ul class=\"wp-block-list check-list\">\n<li>N\u00e3o<strong> venderemos nem partilharemos os seus dados<\/strong> sob qualquer pretexto, salvo em caso de obriga\u00e7\u00e3o legal (por exemplo, uma intima\u00e7\u00e3o judicial)<\/li>\n\n\n\n<li><strong>Limitar o per\u00edodo de conserva\u00e7\u00e3o<\/strong> dos seus dados: quando decidir elimin\u00e1-los ou, no m\u00e1ximo, ap\u00f3s um ano<\/li>\n\n\n\n<li><strong>Cumprir integralmente o RGPD<\/strong> e a confidencialidade dos dados dos utilizadores<\/li>\n<\/ul>\n<\/div>\n\n\n\n<div class=\"wp-block-column is-layout-flow wp-block-column-is-layout-flow\" style=\"flex-basis:33.33%\">\n<figure class=\"wp-block-image size-full\"><img loading=\"lazy\" decoding=\"async\" width=\"1250\" height=\"1250\" src=\"https:\/\/mailnjoy.com\/hunt\/wp-content\/uploads\/2025\/09\/protection.29926ec4.png\" alt=\"\" class=\"wp-image-1847\" srcset=\"https:\/\/mailnjoy.com\/hunt\/wp-content\/uploads\/2025\/09\/protection.29926ec4.png 1250w, https:\/\/mailnjoy.com\/hunt\/wp-content\/uploads\/2025\/09\/protection.29926ec4-300x300.png 300w, https:\/\/mailnjoy.com\/hunt\/wp-content\/uploads\/2025\/09\/protection.29926ec4-1024x1024.png 1024w, https:\/\/mailnjoy.com\/hunt\/wp-content\/uploads\/2025\/09\/protection.29926ec4-150x150.png 150w, https:\/\/mailnjoy.com\/hunt\/wp-content\/uploads\/2025\/09\/protection.29926ec4-768x768.png 768w\" sizes=\"auto, (max-width: 1250px) 100vw, 1250px\" \/><\/figure>\n<\/div>\n<\/div>\n<\/div>\n","protected":false},"excerpt":{"rendered":"<p>Os endere\u00e7os de e-mail s\u00e3o dados pessoais \u00c9 certo que nem todos os endere\u00e7os permitem identificar diretamente uma pessoa f\u00edsica, mas alguns permitem. Por isso, consideramos todos os endere\u00e7os de e-mail como dados pessoais. Nesse sentido, tomamos todas as precau\u00e7\u00f5es necess\u00e1rias no que diz respeito aos dados que nos confia. Para al\u00e9m da obriga\u00e7\u00e3o legal, [&hellip;]<\/p>\n","protected":false},"author":1,"featured_media":0,"parent":0,"menu_order":0,"comment_status":"closed","ping_status":"closed","template":"","meta":{"_uag_custom_page_level_css":"","footnotes":""},"class_list":["post-2238","page","type-page","status-publish","hentry"],"yoast_head":"<!-- This site is optimized with the Yoast SEO plugin v23.6 - https:\/\/yoast.com\/wordpress\/plugins\/seo\/ -->\n<title>Seguran\u00e7a dos seus dados - Mailnjoy<\/title>\n<meta name=\"description\" content=\"A seguran\u00e7a dos dados dos e-mails que nos confia \u00e9 muito importante para n\u00f3s. Conhe\u00e7a os nossos compromissos nesta mat\u00e9ria\" \/>\n<meta name=\"robots\" content=\"index, follow, max-snippet:-1, max-image-preview:large, max-video-preview:-1\" \/>\n<link rel=\"canonical\" href=\"https:\/\/mailnjoy.com\/hunt\/pt\/security\/\" \/>\n<meta name=\"twitter:label1\" content=\"Dur\u00e9e de lecture estim\u00e9e\" \/>\n\t<meta name=\"twitter:data1\" content=\"2 minutes\" \/>\n<script type=\"application\/ld+json\" class=\"yoast-schema-graph\">{\"@context\":\"https:\/\/schema.org\",\"@graph\":[{\"@type\":\"WebPage\",\"@id\":\"https:\/\/mailnjoy.com\/hunt\/pt\/security\/\",\"url\":\"https:\/\/mailnjoy.com\/hunt\/pt\/security\/\",\"name\":\"Seguran\u00e7a dos seus dados - Mailnjoy\",\"isPartOf\":{\"@id\":\"https:\/\/mailnjoy.com\/hunt\/#website\"},\"primaryImageOfPage\":{\"@id\":\"https:\/\/mailnjoy.com\/hunt\/pt\/security\/#primaryimage\"},\"image\":{\"@id\":\"https:\/\/mailnjoy.com\/hunt\/pt\/security\/#primaryimage\"},\"thumbnailUrl\":\"https:\/\/mailnjoy.com\/check\/wp-content\/uploads\/2024\/10\/security.0e57a86a.png\",\"datePublished\":\"2026-04-02T12:55:41+00:00\",\"dateModified\":\"2026-04-02T12:55:41+00:00\",\"description\":\"A seguran\u00e7a dos dados dos e-mails que nos confia \u00e9 muito importante para n\u00f3s. Conhe\u00e7a os nossos compromissos nesta mat\u00e9ria\",\"breadcrumb\":{\"@id\":\"https:\/\/mailnjoy.com\/hunt\/pt\/security\/#breadcrumb\"},\"inLanguage\":\"fr-FR\",\"potentialAction\":[{\"@type\":\"ReadAction\",\"target\":[\"https:\/\/mailnjoy.com\/hunt\/pt\/security\/\"]}]},{\"@type\":\"ImageObject\",\"inLanguage\":\"fr-FR\",\"@id\":\"https:\/\/mailnjoy.com\/hunt\/pt\/security\/#primaryimage\",\"url\":\"https:\/\/mailnjoy.com\/check\/wp-content\/uploads\/2024\/10\/security.0e57a86a.png\",\"contentUrl\":\"https:\/\/mailnjoy.com\/check\/wp-content\/uploads\/2024\/10\/security.0e57a86a.png\"},{\"@type\":\"BreadcrumbList\",\"@id\":\"https:\/\/mailnjoy.com\/hunt\/pt\/security\/#breadcrumb\",\"itemListElement\":[{\"@type\":\"ListItem\",\"position\":1,\"name\":\"Accueil\",\"item\":\"https:\/\/mailnjoy.com\/hunt\/fr\/\"},{\"@type\":\"ListItem\",\"position\":2,\"name\":\"Seguran\u00e7a\"}]},{\"@type\":\"WebSite\",\"@id\":\"https:\/\/mailnjoy.com\/hunt\/#website\",\"url\":\"https:\/\/mailnjoy.com\/hunt\/\",\"name\":\"Mailnjoy\",\"description\":\"\",\"publisher\":{\"@id\":\"https:\/\/mailnjoy.com\/hunt\/#organization\"},\"potentialAction\":[{\"@type\":\"SearchAction\",\"target\":{\"@type\":\"EntryPoint\",\"urlTemplate\":\"https:\/\/mailnjoy.com\/hunt\/?s={search_term_string}\"},\"query-input\":{\"@type\":\"PropertyValueSpecification\",\"valueRequired\":true,\"valueName\":\"search_term_string\"}}],\"inLanguage\":\"fr-FR\"},{\"@type\":\"Organization\",\"@id\":\"https:\/\/mailnjoy.com\/hunt\/#organization\",\"name\":\"Mailnjoy\",\"url\":\"https:\/\/mailnjoy.com\/hunt\/\",\"logo\":{\"@type\":\"ImageObject\",\"inLanguage\":\"fr-FR\",\"@id\":\"https:\/\/mailnjoy.com\/hunt\/#\/schema\/logo\/image\/\",\"url\":\"https:\/\/mailnjoy.com\/hunt\/wp-content\/uploads\/2025\/06\/hunt-scaled.png\",\"contentUrl\":\"https:\/\/mailnjoy.com\/hunt\/wp-content\/uploads\/2025\/06\/hunt-scaled.png\",\"width\":2560,\"height\":1243,\"caption\":\"Mailnjoy\"},\"image\":{\"@id\":\"https:\/\/mailnjoy.com\/hunt\/#\/schema\/logo\/image\/\"}}]}<\/script>\n<!-- \/ Yoast SEO plugin. -->","yoast_head_json":{"title":"Seguran\u00e7a dos seus dados - Mailnjoy","description":"A seguran\u00e7a dos dados dos e-mails que nos confia \u00e9 muito importante para n\u00f3s. Conhe\u00e7a os nossos compromissos nesta mat\u00e9ria","robots":{"index":"index","follow":"follow","max-snippet":"max-snippet:-1","max-image-preview":"max-image-preview:large","max-video-preview":"max-video-preview:-1"},"canonical":"https:\/\/mailnjoy.com\/hunt\/pt\/security\/","twitter_misc":{"Dur\u00e9e de lecture estim\u00e9e":"2 minutes"},"schema":{"@context":"https:\/\/schema.org","@graph":[{"@type":"WebPage","@id":"https:\/\/mailnjoy.com\/hunt\/pt\/security\/","url":"https:\/\/mailnjoy.com\/hunt\/pt\/security\/","name":"Seguran\u00e7a dos seus dados - Mailnjoy","isPartOf":{"@id":"https:\/\/mailnjoy.com\/hunt\/#website"},"primaryImageOfPage":{"@id":"https:\/\/mailnjoy.com\/hunt\/pt\/security\/#primaryimage"},"image":{"@id":"https:\/\/mailnjoy.com\/hunt\/pt\/security\/#primaryimage"},"thumbnailUrl":"https:\/\/mailnjoy.com\/check\/wp-content\/uploads\/2024\/10\/security.0e57a86a.png","datePublished":"2026-04-02T12:55:41+00:00","dateModified":"2026-04-02T12:55:41+00:00","description":"A seguran\u00e7a dos dados dos e-mails que nos confia \u00e9 muito importante para n\u00f3s. Conhe\u00e7a os nossos compromissos nesta mat\u00e9ria","breadcrumb":{"@id":"https:\/\/mailnjoy.com\/hunt\/pt\/security\/#breadcrumb"},"inLanguage":"fr-FR","potentialAction":[{"@type":"ReadAction","target":["https:\/\/mailnjoy.com\/hunt\/pt\/security\/"]}]},{"@type":"ImageObject","inLanguage":"fr-FR","@id":"https:\/\/mailnjoy.com\/hunt\/pt\/security\/#primaryimage","url":"https:\/\/mailnjoy.com\/check\/wp-content\/uploads\/2024\/10\/security.0e57a86a.png","contentUrl":"https:\/\/mailnjoy.com\/check\/wp-content\/uploads\/2024\/10\/security.0e57a86a.png"},{"@type":"BreadcrumbList","@id":"https:\/\/mailnjoy.com\/hunt\/pt\/security\/#breadcrumb","itemListElement":[{"@type":"ListItem","position":1,"name":"Accueil","item":"https:\/\/mailnjoy.com\/hunt\/fr\/"},{"@type":"ListItem","position":2,"name":"Seguran\u00e7a"}]},{"@type":"WebSite","@id":"https:\/\/mailnjoy.com\/hunt\/#website","url":"https:\/\/mailnjoy.com\/hunt\/","name":"Mailnjoy","description":"","publisher":{"@id":"https:\/\/mailnjoy.com\/hunt\/#organization"},"potentialAction":[{"@type":"SearchAction","target":{"@type":"EntryPoint","urlTemplate":"https:\/\/mailnjoy.com\/hunt\/?s={search_term_string}"},"query-input":{"@type":"PropertyValueSpecification","valueRequired":true,"valueName":"search_term_string"}}],"inLanguage":"fr-FR"},{"@type":"Organization","@id":"https:\/\/mailnjoy.com\/hunt\/#organization","name":"Mailnjoy","url":"https:\/\/mailnjoy.com\/hunt\/","logo":{"@type":"ImageObject","inLanguage":"fr-FR","@id":"https:\/\/mailnjoy.com\/hunt\/#\/schema\/logo\/image\/","url":"https:\/\/mailnjoy.com\/hunt\/wp-content\/uploads\/2025\/06\/hunt-scaled.png","contentUrl":"https:\/\/mailnjoy.com\/hunt\/wp-content\/uploads\/2025\/06\/hunt-scaled.png","width":2560,"height":1243,"caption":"Mailnjoy"},"image":{"@id":"https:\/\/mailnjoy.com\/hunt\/#\/schema\/logo\/image\/"}}]}},"lang":"pt","translations":{"pt":2238,"fr":1845,"en":2226,"es":2229,"de":2232,"it":2235},"uagb_featured_image_src":{"full":false,"thumbnail":false,"medium":false,"medium_large":false,"large":false,"1536x1536":false,"2048x2048":false,"post-thumbnail":false},"uagb_author_info":{"display_name":"sylvain","author_link":"https:\/\/mailnjoy.com\/hunt\/author\/sylvain\/"},"uagb_comment_info":0,"uagb_excerpt":"Os endere\u00e7os de e-mail s\u00e3o dados pessoais \u00c9 certo que nem todos os endere\u00e7os permitem identificar diretamente uma pessoa f\u00edsica, mas alguns permitem. Por isso, consideramos todos os endere\u00e7os de e-mail como dados pessoais. Nesse sentido, tomamos todas as precau\u00e7\u00f5es necess\u00e1rias no que diz respeito aos dados que nos confia. Para al\u00e9m da obriga\u00e7\u00e3o legal,\u2026","pll_sync_post":[],"_links":{"self":[{"href":"https:\/\/mailnjoy.com\/hunt\/wp-json\/wp\/v2\/pages\/2238","targetHints":{"allow":["GET"]}}],"collection":[{"href":"https:\/\/mailnjoy.com\/hunt\/wp-json\/wp\/v2\/pages"}],"about":[{"href":"https:\/\/mailnjoy.com\/hunt\/wp-json\/wp\/v2\/types\/page"}],"author":[{"embeddable":true,"href":"https:\/\/mailnjoy.com\/hunt\/wp-json\/wp\/v2\/users\/1"}],"replies":[{"embeddable":true,"href":"https:\/\/mailnjoy.com\/hunt\/wp-json\/wp\/v2\/comments?post=2238"}],"version-history":[{"count":1,"href":"https:\/\/mailnjoy.com\/hunt\/wp-json\/wp\/v2\/pages\/2238\/revisions"}],"predecessor-version":[{"id":2239,"href":"https:\/\/mailnjoy.com\/hunt\/wp-json\/wp\/v2\/pages\/2238\/revisions\/2239"}],"wp:attachment":[{"href":"https:\/\/mailnjoy.com\/hunt\/wp-json\/wp\/v2\/media?parent=2238"}],"curies":[{"name":"wp","href":"https:\/\/api.w.org\/{rel}","templated":true}]}}