{"id":2275,"date":"2026-04-02T15:51:55","date_gmt":"2026-04-02T13:51:55","guid":{"rendered":"https:\/\/mailnjoy.com\/hunt\/?page_id=2275"},"modified":"2026-04-02T15:51:55","modified_gmt":"2026-04-02T13:51:55","slug":"find-emails","status":"publish","type":"page","link":"https:\/\/mailnjoy.com\/hunt\/es\/find-emails\/","title":{"rendered":"B\u00fasqueda de correos electr\u00f3nicos"},"content":{"rendered":"\n<div class=\"wp-block-group alignwide has-global-padding is-layout-constrained wp-block-group-is-layout-constrained\">\n<div class=\"wp-block-columns alignwide is-layout-flex wp-container-core-columns-is-layout-28f84493 wp-block-columns-is-layout-flex\">\n<div class=\"wp-block-column is-layout-flow wp-block-column-is-layout-flow\">\n<h1 class=\"wp-block-heading\">\u00bfPor qu\u00e9 pagar por resultados in\u00fatiles?<\/h1>\n\n\n\n<p>Aqu\u00ed tienes un ejemplo de investigaci\u00f3n sobre uno de nuestros principales competidores.<\/p>\n\n\n\n<p>Quiz\u00e1, al igual que nosotros, usted dude de que Emmanuel Macron o el gran lobo feroz trabajen en L&#8217;Or\u00e9al.<br>Otros buscadores de direcciones de correo electr\u00f3nico le asegurar\u00e1n lo contrario, y estar\u00e1n tan seguros de s\u00ed mismos que incluso le cobrar\u00e1n por ese resultado.<\/p>\n\n\n\n<p>En Mailnjoy, nuestro enfoque es diferente al de nuestros competidores. Y puedes estar seguro de que, si te reenviamos un correo electr\u00f3nico, es que existe.<\/p>\n<\/div>\n\n\n\n<div class=\"wp-block-column is-layout-flow wp-block-column-is-layout-flow\">\n<figure class=\"wp-block-image size-large mr--10\"><img loading=\"lazy\" decoding=\"async\" width=\"1024\" height=\"668\" src=\"https:\/\/mailnjoy.com\/hunt\/wp-content\/uploads\/2025\/09\/hunt_example.b964d8dc-1024x668.png\" alt=\"\" class=\"wp-image-1880\" srcset=\"https:\/\/mailnjoy.com\/hunt\/wp-content\/uploads\/2025\/09\/hunt_example.b964d8dc-1024x668.png 1024w, https:\/\/mailnjoy.com\/hunt\/wp-content\/uploads\/2025\/09\/hunt_example.b964d8dc-300x196.png 300w, https:\/\/mailnjoy.com\/hunt\/wp-content\/uploads\/2025\/09\/hunt_example.b964d8dc-768x501.png 768w, https:\/\/mailnjoy.com\/hunt\/wp-content\/uploads\/2025\/09\/hunt_example.b964d8dc.png 1161w\" sizes=\"auto, (max-width: 1024px) 100vw, 1024px\" \/><\/figure>\n<\/div>\n<\/div>\n<\/div>\n\n\n\n<div class=\"wp-block-group alignwide has-global-padding is-layout-constrained wp-block-group-is-layout-constrained\" style=\"margin-top:var(--wp--preset--spacing--40);margin-bottom:var(--wp--preset--spacing--40)\">\n<div class=\"wp-block-columns alignwide are-vertically-aligned-center is-layout-flex wp-container-core-columns-is-layout-28f84493 wp-block-columns-is-layout-flex\">\n<div class=\"wp-block-column is-vertically-aligned-center is-layout-flow wp-block-column-is-layout-flow\">\n<figure class=\"wp-block-image size-large\"><img loading=\"lazy\" decoding=\"async\" width=\"1024\" height=\"1024\" src=\"https:\/\/mailnjoy.com\/hunt\/wp-content\/uploads\/2025\/09\/vrai_contact.92eef6df-1024x1024.png\" alt=\"obtener una direcci\u00f3n de correo electr\u00f3nico fiable\" class=\"wp-image-1886\" srcset=\"https:\/\/mailnjoy.com\/hunt\/wp-content\/uploads\/2025\/09\/vrai_contact.92eef6df-1024x1024.png 1024w, https:\/\/mailnjoy.com\/hunt\/wp-content\/uploads\/2025\/09\/vrai_contact.92eef6df-300x300.png 300w, https:\/\/mailnjoy.com\/hunt\/wp-content\/uploads\/2025\/09\/vrai_contact.92eef6df-150x150.png 150w, https:\/\/mailnjoy.com\/hunt\/wp-content\/uploads\/2025\/09\/vrai_contact.92eef6df-768x768.png 768w, https:\/\/mailnjoy.com\/hunt\/wp-content\/uploads\/2025\/09\/vrai_contact.92eef6df-1536x1536.png 1536w, https:\/\/mailnjoy.com\/hunt\/wp-content\/uploads\/2025\/09\/vrai_contact.92eef6df-2048x2048.png 2048w, https:\/\/mailnjoy.com\/hunt\/wp-content\/uploads\/2025\/09\/vrai_contact.92eef6df-1568x1568.png 1568w\" sizes=\"auto, (max-width: 1024px) 100vw, 1024px\" \/><\/figure>\n<\/div>\n\n\n\n<div class=\"wp-block-column is-vertically-aligned-center is-layout-flow wp-block-column-is-layout-flow\">\n<h2 class=\"wp-block-heading\">\u00bfPor qu\u00e9 Hunt?<\/h2>\n\n\n<div class=\"wp-block-uagb-faq uagb-faq__outer-wrap uagb-block-08430ac5 uagb-faq-icon-row-reverse uagb-faq-layout-accordion uagb-faq-expand-first-true uagb-faq-inactive-other-true uagb-faq__wrap uagb-buttons-layout-wrap uagb-faq-equal-height     \" data-faqtoggle=\"true\" role=\"tablist\"><div class=\"wp-block-uagb-faq-child uagb-faq-child__outer-wrap uagb-faq-item uagb-block-b0b0ff20 \" role=\"tab\" tabindex=\"0\"><div class=\"uagb-faq-questions-button uagb-faq-questions\">\t\t\t<span class=\"uagb-icon uagb-faq-icon-wrap\">\n\t\t\t\t\t\t\t\t<svg xmlns=\"https:\/\/www.w3.org\/2000\/svg\" viewBox= \"0 0 448 512\"><path d=\"M432 256c0 17.69-14.33 32.01-32 32.01H256v144c0 17.69-14.33 31.99-32 31.99s-32-14.3-32-31.99v-144H48c-17.67 0-32-14.32-32-32.01s14.33-31.99 32-31.99H192v-144c0-17.69 14.33-32.01 32-32.01s32 14.32 32 32.01v144h144C417.7 224 432 238.3 432 256z\"><\/path><\/svg>\n\t\t\t\t\t\t\t<\/span>\n\t\t\t\t\t\t<span class=\"uagb-icon-active uagb-faq-icon-wrap\">\n\t\t\t\t\t\t\t\t<svg xmlns=\"https:\/\/www.w3.org\/2000\/svg\" viewBox= \"0 0 448 512\"><path d=\"M400 288h-352c-17.69 0-32-14.32-32-32.01s14.31-31.99 32-31.99h352c17.69 0 32 14.3 32 31.99S417.7 288 400 288z\"><\/path><\/svg>\n\t\t\t\t\t\t\t<\/span>\n\t\t\t<span class=\"uagb-question\">Una b\u00fasqueda SMTP<\/span><\/div><div class=\"uagb-faq-content\"><p>Para su b\u00fasqueda, Hunt se basa directamente en el protocolo de env\u00edo de correos electr\u00f3nicos, el SMTP.<br>Con este m\u00e9todo, <strong>sin aleatoriedad ni estimaciones<\/strong>, encontramos <strong>t\u00e9cnicamente<\/strong> el correo electr\u00f3nico que buscas, si es que existe.<\/p><\/div><\/div><div class=\"wp-block-uagb-faq-child uagb-faq-child__outer-wrap uagb-faq-item uagb-block-6b091343 \" role=\"tab\" tabindex=\"0\"><div class=\"uagb-faq-questions-button uagb-faq-questions\">\t\t\t<span class=\"uagb-icon uagb-faq-icon-wrap\">\n\t\t\t\t\t\t\t\t<svg xmlns=\"https:\/\/www.w3.org\/2000\/svg\" viewBox= \"0 0 448 512\"><path d=\"M432 256c0 17.69-14.33 32.01-32 32.01H256v144c0 17.69-14.33 31.99-32 31.99s-32-14.3-32-31.99v-144H48c-17.67 0-32-14.32-32-32.01s14.33-31.99 32-31.99H192v-144c0-17.69 14.33-32.01 32-32.01s32 14.32 32 32.01v144h144C417.7 224 432 238.3 432 256z\"><\/path><\/svg>\n\t\t\t\t\t\t\t<\/span>\n\t\t\t\t\t\t<span class=\"uagb-icon-active uagb-faq-icon-wrap\">\n\t\t\t\t\t\t\t\t<svg xmlns=\"https:\/\/www.w3.org\/2000\/svg\" viewBox= \"0 0 448 512\"><path d=\"M400 288h-352c-17.69 0-32-14.32-32-32.01s14.31-31.99 32-31.99h352c17.69 0 32 14.3 32 31.99S417.7 288 400 288z\"><\/path><\/svg>\n\t\t\t\t\t\t\t<\/span>\n\t\t\t<span class=\"uagb-question\">Sin scrapping web<\/span><\/div><div class=\"uagb-faq-content\"><p>A diferencia de muchos de nuestros competidores, no recopilamos nuestras direcciones de correo electr\u00f3nico rastreando la web. Hay muchas razones que justifican esta decisi\u00f3n, siendo la m\u00e1s importante para usted <strong>la existencia de las trampas de spam<\/strong>.<br>Las trampas de spam son trampas que los proveedores de alojamiento dejan en p\u00e1ginas p\u00fablicas para detectar a los spammers que utilizan direcciones recopiladas sin consentimiento. Enviar un correo electr\u00f3nico a una de estas direcciones equivale a arruinar su reputaci\u00f3n de correo electr\u00f3nico.<br>Con Hunt, <strong>no corre ese riesgo<\/strong>.<\/p><\/div><\/div><div class=\"wp-block-uagb-faq-child uagb-faq-child__outer-wrap uagb-faq-item uagb-block-189f1eb6 \" role=\"tab\" tabindex=\"0\"><div class=\"uagb-faq-questions-button uagb-faq-questions\">\t\t\t<span class=\"uagb-icon uagb-faq-icon-wrap\">\n\t\t\t\t\t\t\t\t<svg xmlns=\"https:\/\/www.w3.org\/2000\/svg\" viewBox= \"0 0 448 512\"><path d=\"M432 256c0 17.69-14.33 32.01-32 32.01H256v144c0 17.69-14.33 31.99-32 31.99s-32-14.3-32-31.99v-144H48c-17.67 0-32-14.32-32-32.01s14.33-31.99 32-31.99H192v-144c0-17.69 14.33-32.01 32-32.01s32 14.32 32 32.01v144h144C417.7 224 432 238.3 432 256z\"><\/path><\/svg>\n\t\t\t\t\t\t\t<\/span>\n\t\t\t\t\t\t<span class=\"uagb-icon-active uagb-faq-icon-wrap\">\n\t\t\t\t\t\t\t\t<svg xmlns=\"https:\/\/www.w3.org\/2000\/svg\" viewBox= \"0 0 448 512\"><path d=\"M400 288h-352c-17.69 0-32-14.32-32-32.01s14.31-31.99 32-31.99h352c17.69 0 32 14.3 32 31.99S417.7 288 400 288z\"><\/path><\/svg>\n\t\t\t\t\t\t\t<\/span>\n\t\t\t<span class=\"uagb-question\">Direcciones de correo electr\u00f3nico verificadas<\/span><\/div><div class=\"uagb-faq-content\"><p>En Mailnjoy somos expertos en marketing por correo electr\u00f3nico. \u00bfDe qu\u00e9 servir\u00eda enviarte una direcci\u00f3n no v\u00e1lida?<br>Utilizamos nuestro validador Check en cada uno de los resultados <strong>para proporcionarte direcciones 100 % v\u00e1lidas<\/strong>.<br>\u00a1Puedes enviar tus comunicaciones con total tranquilidad a los contactos que encontramos!<\/p><\/div><\/div><div class=\"wp-block-uagb-faq-child uagb-faq-child__outer-wrap uagb-faq-item uagb-block-cdb883c9 \" role=\"tab\" tabindex=\"0\"><div class=\"uagb-faq-questions-button uagb-faq-questions\">\t\t\t<span class=\"uagb-icon uagb-faq-icon-wrap\">\n\t\t\t\t\t\t\t\t<svg xmlns=\"https:\/\/www.w3.org\/2000\/svg\" viewBox= \"0 0 448 512\"><path d=\"M432 256c0 17.69-14.33 32.01-32 32.01H256v144c0 17.69-14.33 31.99-32 31.99s-32-14.3-32-31.99v-144H48c-17.67 0-32-14.32-32-32.01s14.33-31.99 32-31.99H192v-144c0-17.69 14.33-32.01 32-32.01s32 14.32 32 32.01v144h144C417.7 224 432 238.3 432 256z\"><\/path><\/svg>\n\t\t\t\t\t\t\t<\/span>\n\t\t\t\t\t\t<span class=\"uagb-icon-active uagb-faq-icon-wrap\">\n\t\t\t\t\t\t\t\t<svg xmlns=\"https:\/\/www.w3.org\/2000\/svg\" viewBox= \"0 0 448 512\"><path d=\"M400 288h-352c-17.69 0-32-14.32-32-32.01s14.31-31.99 32-31.99h352c17.69 0 32 14.3 32 31.99S417.7 288 400 288z\"><\/path><\/svg>\n\t\t\t\t\t\t\t<\/span>\n\t\t\t<span class=\"uagb-question\">Un aprendizaje inteligente<\/span><\/div><div class=\"uagb-faq-content\"><p>A medida que avanza la b\u00fasqueda, nuestro algoritmo identifica los patrones utilizados por las distintas empresas (nombre.apellido, apellido.nombre, etc.) y mejora as\u00ed <strong>su eficacia y su velocidad de respuesta<\/strong> en el caso de las empresas para las que ya ha encontrado direcciones.<br>Todo ello con el fin de ofrecerte una experiencia cada vez mejor.<\/p><\/div><\/div><\/div><\/div>\n<\/div>\n<\/div>\n\n\n\n<div class=\"wp-block-group alignwide has-global-padding is-layout-constrained wp-block-group-is-layout-constrained\">\n<div class=\"wp-block-columns alignwide are-vertically-aligned-center is-layout-flex wp-container-core-columns-is-layout-b0bab6eb wp-block-columns-is-layout-flex\" style=\"margin-top:var(--wp--preset--spacing--40);margin-bottom:var(--wp--preset--spacing--40)\">\n<div class=\"wp-block-column is-vertically-aligned-center is-layout-flow wp-block-column-is-layout-flow\" style=\"flex-basis:50%\">\n<h1 class=\"wp-block-heading\">Con Hunt solo pagas si encontramos la direcci\u00f3n de correo electr\u00f3nico que buscas<\/h1>\n\n\n\n<p><\/p>\n\n\n\n<p>Muchos buscadores de direcciones de correo electr\u00f3nico del mercado cobran por cada b\u00fasqueda realizada, pero en Mailnjoy tenemos una filosof\u00eda diferente, ya que tu satisfacci\u00f3n es nuestra prioridad.<\/p>\n\n\n\n<p>Con Hunt, tendr\u00e1s un control total sobre tus gastos y conseguir\u00e1s un gran ahorro, \u00a1ya que <strong>solo se te facturar\u00e1n las direcciones de correo electr\u00f3nico que se hayan encontrado!<\/strong><\/p>\n<\/div>\n\n\n\n<div class=\"wp-block-column is-vertically-aligned-center is-layout-flow wp-block-column-is-layout-flow\" style=\"flex-basis:35%\">\n<figure class=\"wp-block-image size-large\"><img loading=\"lazy\" decoding=\"async\" width=\"1024\" height=\"1024\" src=\"https:\/\/mailnjoy.com\/hunt\/wp-content\/uploads\/2025\/09\/tirelire-1024x1024.png\" alt=\"pagar solo si se encuentra la direcci\u00f3n de correo electr\u00f3nico\" class=\"wp-image-1944\" srcset=\"https:\/\/mailnjoy.com\/hunt\/wp-content\/uploads\/2025\/09\/tirelire-1024x1024.png 1024w, https:\/\/mailnjoy.com\/hunt\/wp-content\/uploads\/2025\/09\/tirelire-300x300.png 300w, https:\/\/mailnjoy.com\/hunt\/wp-content\/uploads\/2025\/09\/tirelire-150x150.png 150w, https:\/\/mailnjoy.com\/hunt\/wp-content\/uploads\/2025\/09\/tirelire-768x768.png 768w, https:\/\/mailnjoy.com\/hunt\/wp-content\/uploads\/2025\/09\/tirelire-1536x1536.png 1536w, https:\/\/mailnjoy.com\/hunt\/wp-content\/uploads\/2025\/09\/tirelire-2048x2048.png 2048w, https:\/\/mailnjoy.com\/hunt\/wp-content\/uploads\/2025\/09\/tirelire-1568x1568.png 1568w\" sizes=\"auto, (max-width: 1024px) 100vw, 1024px\" \/><\/figure>\n<\/div>\n<\/div>\n<\/div>\n\n\n\n<div class=\"wp-block-columns alignfull is-layout-flex wp-container-core-columns-is-layout-0806ab5c wp-block-columns-is-layout-flex\" style=\"margin-top:var(--wp--preset--spacing--30);margin-bottom:var(--wp--preset--spacing--30)\">\n<div class=\"wp-block-column is-layout-flow wp-block-column-is-layout-flow\" style=\"flex-basis:33.33%\">\n<h2 class=\"wp-block-heading\">Facil\u00edtese el an\u00e1lisis de los resultados<\/h2>\n\n\n\n<p class=\"has-text-color has-link-color wp-elements-ad210c0ecaf1973614451b980ec16e94\" style=\"color:#3c3c3b;font-size:clamp(0.984rem, 0.984rem + ((1vw - 0.2rem) * 0.86), 1.5rem);\">Se integran autom\u00e1ticamente en tus archivos de origen<\/p>\n\n\n\n<p>Si nos env\u00eda un archivo de origen en formato CSV con varias columnas, lo completaremos directamente con las direcciones de correo electr\u00f3nico encontradas, conservando sus datos originales. \u00a1De<br><br>este modo, el proceso de enriquecimiento de sus archivos de origen se integra f\u00e1cilmente con las distintas herramientas de su cadena de correo electr\u00f3nico!<\/p>\n<\/div>\n\n\n\n<div class=\"wp-block-column is-layout-flow wp-block-column-is-layout-flow\" style=\"flex-basis:66.66%\">\n<div class=\"wp-block-group is-layout-flow wp-block-group-is-layout-flow\" style=\"padding-top:var(--wp--preset--spacing--40);padding-left:var(--wp--preset--spacing--40)\">\n<figure class=\"wp-block-image size-full\"><img loading=\"lazy\" decoding=\"async\" width=\"1068\" height=\"250\" src=\"https:\/\/mailnjoy.com\/hunt\/wp-content\/uploads\/2026\/04\/hunt_result_es.png\" alt=\"Ampliaci\u00f3n de la base de datos de clientes\" class=\"wp-image-2277\" srcset=\"https:\/\/mailnjoy.com\/hunt\/wp-content\/uploads\/2026\/04\/hunt_result_es.png 1068w, https:\/\/mailnjoy.com\/hunt\/wp-content\/uploads\/2026\/04\/hunt_result_es-300x70.png 300w, https:\/\/mailnjoy.com\/hunt\/wp-content\/uploads\/2026\/04\/hunt_result_es-1024x240.png 1024w, https:\/\/mailnjoy.com\/hunt\/wp-content\/uploads\/2026\/04\/hunt_result_es-768x180.png 768w\" sizes=\"auto, (max-width: 1068px) 100vw, 1068px\" \/><\/figure>\n<\/div>\n<\/div>\n<\/div>\n\n\n\n<h2 class=\"wp-block-heading alignwide has-text-align-center\">\u00a1Prueba Hunt y comprueba estas ventajas en la pr\u00e1ctica!<\/h2>\n\n\n\n<div class=\"wp-block-buttons is-content-justification-center is-layout-flex wp-container-core-buttons-is-layout-e511ce0b wp-block-buttons-is-layout-flex\" style=\"margin-top:var(--wp--preset--spacing--30);margin-bottom:var(--wp--preset--spacing--30)\">\n<div class=\"wp-block-button\"><a class=\"wp-block-button__link has-orange-background-color has-background wp-element-button\" href=\"https:\/\/app.hunt.mailnjoy.com\/page-signin\">Reg\u00edstrate y gana 20 b\u00fasquedas gratis<\/a><\/div>\n<\/div>\n\n\n\n<p><\/p>\n","protected":false},"excerpt":{"rendered":"<p>\u00bfPor qu\u00e9 pagar por resultados in\u00fatiles? Aqu\u00ed tienes un ejemplo de investigaci\u00f3n sobre uno de nuestros principales competidores. Quiz\u00e1, al igual que nosotros, usted dude de que Emmanuel Macron o el gran lobo feroz trabajen en L&#8217;Or\u00e9al.Otros buscadores de direcciones de correo electr\u00f3nico le asegurar\u00e1n lo contrario, y estar\u00e1n tan seguros de s\u00ed mismos que [&hellip;]<\/p>\n","protected":false},"author":1,"featured_media":0,"parent":0,"menu_order":0,"comment_status":"closed","ping_status":"closed","template":"","meta":{"_uag_custom_page_level_css":"","footnotes":""},"class_list":["post-2275","page","type-page","status-publish","hentry"],"yoast_head":"<!-- This site is optimized with the Yoast SEO plugin v23.6 - https:\/\/yoast.com\/wordpress\/plugins\/seo\/ -->\n<title>La mejor forma de buscar las direcciones de correo electr\u00f3nico de tus clientes potenciales<\/title>\n<meta name=\"description\" content=\"Con Mailnjoy, buscar direcciones de correo electr\u00f3nico nunca ha sido tan f\u00e1cil. Potencia tus campa\u00f1as de marketing con nuevos contactos a los que dirigirte\" \/>\n<meta name=\"robots\" content=\"index, follow, max-snippet:-1, max-image-preview:large, max-video-preview:-1\" \/>\n<link rel=\"canonical\" href=\"https:\/\/mailnjoy.com\/hunt\/es\/find-emails\/\" \/>\n<meta name=\"twitter:label1\" content=\"Dur\u00e9e de lecture estim\u00e9e\" \/>\n\t<meta name=\"twitter:data1\" content=\"3 minutes\" \/>\n<script type=\"application\/ld+json\" class=\"yoast-schema-graph\">{\"@context\":\"https:\/\/schema.org\",\"@graph\":[{\"@type\":\"WebPage\",\"@id\":\"https:\/\/mailnjoy.com\/hunt\/es\/find-emails\/\",\"url\":\"https:\/\/mailnjoy.com\/hunt\/es\/find-emails\/\",\"name\":\"La mejor forma de buscar las direcciones de correo electr\u00f3nico de tus clientes potenciales\",\"isPartOf\":{\"@id\":\"https:\/\/mailnjoy.com\/hunt\/#website\"},\"primaryImageOfPage\":{\"@id\":\"https:\/\/mailnjoy.com\/hunt\/es\/find-emails\/#primaryimage\"},\"image\":{\"@id\":\"https:\/\/mailnjoy.com\/hunt\/es\/find-emails\/#primaryimage\"},\"thumbnailUrl\":\"https:\/\/mailnjoy.com\/hunt\/wp-content\/uploads\/2025\/09\/hunt_example.b964d8dc-1024x668.png\",\"datePublished\":\"2026-04-02T13:51:55+00:00\",\"dateModified\":\"2026-04-02T13:51:55+00:00\",\"description\":\"Con Mailnjoy, buscar direcciones de correo electr\u00f3nico nunca ha sido tan f\u00e1cil. Potencia tus campa\u00f1as de marketing con nuevos contactos a los que dirigirte\",\"breadcrumb\":{\"@id\":\"https:\/\/mailnjoy.com\/hunt\/es\/find-emails\/#breadcrumb\"},\"inLanguage\":\"fr-FR\",\"potentialAction\":[{\"@type\":\"ReadAction\",\"target\":[\"https:\/\/mailnjoy.com\/hunt\/es\/find-emails\/\"]}]},{\"@type\":\"ImageObject\",\"inLanguage\":\"fr-FR\",\"@id\":\"https:\/\/mailnjoy.com\/hunt\/es\/find-emails\/#primaryimage\",\"url\":\"https:\/\/mailnjoy.com\/hunt\/wp-content\/uploads\/2025\/09\/hunt_example.b964d8dc.png\",\"contentUrl\":\"https:\/\/mailnjoy.com\/hunt\/wp-content\/uploads\/2025\/09\/hunt_example.b964d8dc.png\",\"width\":1161,\"height\":757},{\"@type\":\"BreadcrumbList\",\"@id\":\"https:\/\/mailnjoy.com\/hunt\/es\/find-emails\/#breadcrumb\",\"itemListElement\":[{\"@type\":\"ListItem\",\"position\":1,\"name\":\"Accueil\",\"item\":\"https:\/\/mailnjoy.com\/hunt\/fr\/\"},{\"@type\":\"ListItem\",\"position\":2,\"name\":\"B\u00fasqueda de correos electr\u00f3nicos\"}]},{\"@type\":\"WebSite\",\"@id\":\"https:\/\/mailnjoy.com\/hunt\/#website\",\"url\":\"https:\/\/mailnjoy.com\/hunt\/\",\"name\":\"Mailnjoy\",\"description\":\"\",\"publisher\":{\"@id\":\"https:\/\/mailnjoy.com\/hunt\/#organization\"},\"potentialAction\":[{\"@type\":\"SearchAction\",\"target\":{\"@type\":\"EntryPoint\",\"urlTemplate\":\"https:\/\/mailnjoy.com\/hunt\/?s={search_term_string}\"},\"query-input\":{\"@type\":\"PropertyValueSpecification\",\"valueRequired\":true,\"valueName\":\"search_term_string\"}}],\"inLanguage\":\"fr-FR\"},{\"@type\":\"Organization\",\"@id\":\"https:\/\/mailnjoy.com\/hunt\/#organization\",\"name\":\"Mailnjoy\",\"url\":\"https:\/\/mailnjoy.com\/hunt\/\",\"logo\":{\"@type\":\"ImageObject\",\"inLanguage\":\"fr-FR\",\"@id\":\"https:\/\/mailnjoy.com\/hunt\/#\/schema\/logo\/image\/\",\"url\":\"https:\/\/mailnjoy.com\/hunt\/wp-content\/uploads\/2025\/06\/hunt-scaled.png\",\"contentUrl\":\"https:\/\/mailnjoy.com\/hunt\/wp-content\/uploads\/2025\/06\/hunt-scaled.png\",\"width\":2560,\"height\":1243,\"caption\":\"Mailnjoy\"},\"image\":{\"@id\":\"https:\/\/mailnjoy.com\/hunt\/#\/schema\/logo\/image\/\"}}]}<\/script>\n<!-- \/ Yoast SEO plugin. -->","yoast_head_json":{"title":"La mejor forma de buscar las direcciones de correo electr\u00f3nico de tus clientes potenciales","description":"Con Mailnjoy, buscar direcciones de correo electr\u00f3nico nunca ha sido tan f\u00e1cil. Potencia tus campa\u00f1as de marketing con nuevos contactos a los que dirigirte","robots":{"index":"index","follow":"follow","max-snippet":"max-snippet:-1","max-image-preview":"max-image-preview:large","max-video-preview":"max-video-preview:-1"},"canonical":"https:\/\/mailnjoy.com\/hunt\/es\/find-emails\/","twitter_misc":{"Dur\u00e9e de lecture estim\u00e9e":"3 minutes"},"schema":{"@context":"https:\/\/schema.org","@graph":[{"@type":"WebPage","@id":"https:\/\/mailnjoy.com\/hunt\/es\/find-emails\/","url":"https:\/\/mailnjoy.com\/hunt\/es\/find-emails\/","name":"La mejor forma de buscar las direcciones de correo electr\u00f3nico de tus clientes potenciales","isPartOf":{"@id":"https:\/\/mailnjoy.com\/hunt\/#website"},"primaryImageOfPage":{"@id":"https:\/\/mailnjoy.com\/hunt\/es\/find-emails\/#primaryimage"},"image":{"@id":"https:\/\/mailnjoy.com\/hunt\/es\/find-emails\/#primaryimage"},"thumbnailUrl":"https:\/\/mailnjoy.com\/hunt\/wp-content\/uploads\/2025\/09\/hunt_example.b964d8dc-1024x668.png","datePublished":"2026-04-02T13:51:55+00:00","dateModified":"2026-04-02T13:51:55+00:00","description":"Con Mailnjoy, buscar direcciones de correo electr\u00f3nico nunca ha sido tan f\u00e1cil. Potencia tus campa\u00f1as de marketing con nuevos contactos a los que dirigirte","breadcrumb":{"@id":"https:\/\/mailnjoy.com\/hunt\/es\/find-emails\/#breadcrumb"},"inLanguage":"fr-FR","potentialAction":[{"@type":"ReadAction","target":["https:\/\/mailnjoy.com\/hunt\/es\/find-emails\/"]}]},{"@type":"ImageObject","inLanguage":"fr-FR","@id":"https:\/\/mailnjoy.com\/hunt\/es\/find-emails\/#primaryimage","url":"https:\/\/mailnjoy.com\/hunt\/wp-content\/uploads\/2025\/09\/hunt_example.b964d8dc.png","contentUrl":"https:\/\/mailnjoy.com\/hunt\/wp-content\/uploads\/2025\/09\/hunt_example.b964d8dc.png","width":1161,"height":757},{"@type":"BreadcrumbList","@id":"https:\/\/mailnjoy.com\/hunt\/es\/find-emails\/#breadcrumb","itemListElement":[{"@type":"ListItem","position":1,"name":"Accueil","item":"https:\/\/mailnjoy.com\/hunt\/fr\/"},{"@type":"ListItem","position":2,"name":"B\u00fasqueda de correos electr\u00f3nicos"}]},{"@type":"WebSite","@id":"https:\/\/mailnjoy.com\/hunt\/#website","url":"https:\/\/mailnjoy.com\/hunt\/","name":"Mailnjoy","description":"","publisher":{"@id":"https:\/\/mailnjoy.com\/hunt\/#organization"},"potentialAction":[{"@type":"SearchAction","target":{"@type":"EntryPoint","urlTemplate":"https:\/\/mailnjoy.com\/hunt\/?s={search_term_string}"},"query-input":{"@type":"PropertyValueSpecification","valueRequired":true,"valueName":"search_term_string"}}],"inLanguage":"fr-FR"},{"@type":"Organization","@id":"https:\/\/mailnjoy.com\/hunt\/#organization","name":"Mailnjoy","url":"https:\/\/mailnjoy.com\/hunt\/","logo":{"@type":"ImageObject","inLanguage":"fr-FR","@id":"https:\/\/mailnjoy.com\/hunt\/#\/schema\/logo\/image\/","url":"https:\/\/mailnjoy.com\/hunt\/wp-content\/uploads\/2025\/06\/hunt-scaled.png","contentUrl":"https:\/\/mailnjoy.com\/hunt\/wp-content\/uploads\/2025\/06\/hunt-scaled.png","width":2560,"height":1243,"caption":"Mailnjoy"},"image":{"@id":"https:\/\/mailnjoy.com\/hunt\/#\/schema\/logo\/image\/"}}]}},"lang":"es","translations":{"es":2275,"fr":1879,"en":2269,"de":2281,"it":2287,"pt":2293},"uagb_featured_image_src":{"full":false,"thumbnail":false,"medium":false,"medium_large":false,"large":false,"1536x1536":false,"2048x2048":false,"post-thumbnail":false},"uagb_author_info":{"display_name":"sylvain","author_link":"https:\/\/mailnjoy.com\/hunt\/author\/sylvain\/"},"uagb_comment_info":0,"uagb_excerpt":"\u00bfPor qu\u00e9 pagar por resultados in\u00fatiles? Aqu\u00ed tienes un ejemplo de investigaci\u00f3n sobre uno de nuestros principales competidores. Quiz\u00e1, al igual que nosotros, usted dude de que Emmanuel Macron o el gran lobo feroz trabajen en L&#8217;Or\u00e9al.Otros buscadores de direcciones de correo electr\u00f3nico le asegurar\u00e1n lo contrario, y estar\u00e1n tan seguros de s\u00ed mismos que\u2026","pll_sync_post":[],"_links":{"self":[{"href":"https:\/\/mailnjoy.com\/hunt\/wp-json\/wp\/v2\/pages\/2275","targetHints":{"allow":["GET"]}}],"collection":[{"href":"https:\/\/mailnjoy.com\/hunt\/wp-json\/wp\/v2\/pages"}],"about":[{"href":"https:\/\/mailnjoy.com\/hunt\/wp-json\/wp\/v2\/types\/page"}],"author":[{"embeddable":true,"href":"https:\/\/mailnjoy.com\/hunt\/wp-json\/wp\/v2\/users\/1"}],"replies":[{"embeddable":true,"href":"https:\/\/mailnjoy.com\/hunt\/wp-json\/wp\/v2\/comments?post=2275"}],"version-history":[{"count":2,"href":"https:\/\/mailnjoy.com\/hunt\/wp-json\/wp\/v2\/pages\/2275\/revisions"}],"predecessor-version":[{"id":2279,"href":"https:\/\/mailnjoy.com\/hunt\/wp-json\/wp\/v2\/pages\/2275\/revisions\/2279"}],"wp:attachment":[{"href":"https:\/\/mailnjoy.com\/hunt\/wp-json\/wp\/v2\/media?parent=2275"}],"curies":[{"name":"wp","href":"https:\/\/api.w.org\/{rel}","templated":true}]}}