{"id":2281,"date":"2026-04-02T16:00:48","date_gmt":"2026-04-02T14:00:48","guid":{"rendered":"https:\/\/mailnjoy.com\/hunt\/?page_id=2281"},"modified":"2026-04-02T16:00:48","modified_gmt":"2026-04-02T14:00:48","slug":"find-emails","status":"publish","type":"page","link":"https:\/\/mailnjoy.com\/hunt\/de\/find-emails\/","title":{"rendered":"E-Mail-Suche"},"content":{"rendered":"\n<div class=\"wp-block-group alignwide has-global-padding is-layout-constrained wp-block-group-is-layout-constrained\">\n<div class=\"wp-block-columns alignwide is-layout-flex wp-container-core-columns-is-layout-28f84493 wp-block-columns-is-layout-flex\">\n<div class=\"wp-block-column is-layout-flow wp-block-column-is-layout-flow\">\n<h1 class=\"wp-block-heading\">Warum f\u00fcr nutzlose Ergebnisse bezahlen?<\/h1>\n\n\n\n<p>Hier ist ein Beispiel f\u00fcr eine Recherche zu einem unserer gr\u00f6\u00dften Konkurrenten.<\/p>\n\n\n\n<p>Vielleicht bezweifeln Sie ebenso wie wir, dass Emmanuel Macron oder der gro\u00dfe b\u00f6se Wolf bei L\u2019Or\u00e9al arbeiten.<br>Andere Anbieter von E-Mail-Adressensuchen werden Ihnen das Gegenteil versichern und sind dabei sogar so \u00fcberzeugt von sich, dass sie Ihnen dieses Ergebnis in Rechnung stellen.<\/p>\n\n\n\n<p>Bei Mailnjoy verfolgen wir einen anderen Ansatz als unsere Mitbewerber. Und Sie k\u00f6nnen sicher sein: Wenn wir Ihnen eine E-Mail zur\u00fccksenden, dann existiert die Adresse auch wirklich.<\/p>\n<\/div>\n\n\n\n<div class=\"wp-block-column is-layout-flow wp-block-column-is-layout-flow\">\n<figure class=\"wp-block-image size-large mr--10\"><img loading=\"lazy\" decoding=\"async\" width=\"1024\" height=\"668\" src=\"https:\/\/mailnjoy.com\/hunt\/wp-content\/uploads\/2025\/09\/hunt_example.b964d8dc-1024x668.png\" alt=\"\" class=\"wp-image-1880\" srcset=\"https:\/\/mailnjoy.com\/hunt\/wp-content\/uploads\/2025\/09\/hunt_example.b964d8dc-1024x668.png 1024w, https:\/\/mailnjoy.com\/hunt\/wp-content\/uploads\/2025\/09\/hunt_example.b964d8dc-300x196.png 300w, https:\/\/mailnjoy.com\/hunt\/wp-content\/uploads\/2025\/09\/hunt_example.b964d8dc-768x501.png 768w, https:\/\/mailnjoy.com\/hunt\/wp-content\/uploads\/2025\/09\/hunt_example.b964d8dc.png 1161w\" sizes=\"auto, (max-width: 1024px) 100vw, 1024px\" \/><\/figure>\n<\/div>\n<\/div>\n<\/div>\n\n\n\n<div class=\"wp-block-group alignwide has-global-padding is-layout-constrained wp-block-group-is-layout-constrained\" style=\"margin-top:var(--wp--preset--spacing--40);margin-bottom:var(--wp--preset--spacing--40)\">\n<div class=\"wp-block-columns alignwide are-vertically-aligned-center is-layout-flex wp-container-core-columns-is-layout-28f84493 wp-block-columns-is-layout-flex\">\n<div class=\"wp-block-column is-vertically-aligned-center is-layout-flow wp-block-column-is-layout-flow\">\n<figure class=\"wp-block-image size-large\"><img loading=\"lazy\" decoding=\"async\" width=\"1024\" height=\"1024\" src=\"https:\/\/mailnjoy.com\/hunt\/wp-content\/uploads\/2025\/09\/vrai_contact.92eef6df-1024x1024.png\" alt=\"zuverl\u00e4ssige E-Mail-Adressen erhalten\" class=\"wp-image-1886\" srcset=\"https:\/\/mailnjoy.com\/hunt\/wp-content\/uploads\/2025\/09\/vrai_contact.92eef6df-1024x1024.png 1024w, https:\/\/mailnjoy.com\/hunt\/wp-content\/uploads\/2025\/09\/vrai_contact.92eef6df-300x300.png 300w, https:\/\/mailnjoy.com\/hunt\/wp-content\/uploads\/2025\/09\/vrai_contact.92eef6df-150x150.png 150w, https:\/\/mailnjoy.com\/hunt\/wp-content\/uploads\/2025\/09\/vrai_contact.92eef6df-768x768.png 768w, https:\/\/mailnjoy.com\/hunt\/wp-content\/uploads\/2025\/09\/vrai_contact.92eef6df-1536x1536.png 1536w, https:\/\/mailnjoy.com\/hunt\/wp-content\/uploads\/2025\/09\/vrai_contact.92eef6df-2048x2048.png 2048w, https:\/\/mailnjoy.com\/hunt\/wp-content\/uploads\/2025\/09\/vrai_contact.92eef6df-1568x1568.png 1568w\" sizes=\"auto, (max-width: 1024px) 100vw, 1024px\" \/><\/figure>\n<\/div>\n\n\n\n<div class=\"wp-block-column is-vertically-aligned-center is-layout-flow wp-block-column-is-layout-flow\">\n<h2 class=\"wp-block-heading\">Warum Hunt?<\/h2>\n\n\n<div class=\"wp-block-uagb-faq uagb-faq__outer-wrap uagb-block-08430ac5 uagb-faq-icon-row-reverse uagb-faq-layout-accordion uagb-faq-expand-first-true uagb-faq-inactive-other-true uagb-faq__wrap uagb-buttons-layout-wrap uagb-faq-equal-height     \" data-faqtoggle=\"true\" role=\"tablist\"><div class=\"wp-block-uagb-faq-child uagb-faq-child__outer-wrap uagb-faq-item uagb-block-b0b0ff20 \" role=\"tab\" tabindex=\"0\"><div class=\"uagb-faq-questions-button uagb-faq-questions\">\t\t\t<span class=\"uagb-icon uagb-faq-icon-wrap\">\n\t\t\t\t\t\t\t\t<svg xmlns=\"https:\/\/www.w3.org\/2000\/svg\" viewBox= \"0 0 448 512\"><path d=\"M432 256c0 17.69-14.33 32.01-32 32.01H256v144c0 17.69-14.33 31.99-32 31.99s-32-14.3-32-31.99v-144H48c-17.67 0-32-14.32-32-32.01s14.33-31.99 32-31.99H192v-144c0-17.69 14.33-32.01 32-32.01s32 14.32 32 32.01v144h144C417.7 224 432 238.3 432 256z\"><\/path><\/svg>\n\t\t\t\t\t\t\t<\/span>\n\t\t\t\t\t\t<span class=\"uagb-icon-active uagb-faq-icon-wrap\">\n\t\t\t\t\t\t\t\t<svg xmlns=\"https:\/\/www.w3.org\/2000\/svg\" viewBox= \"0 0 448 512\"><path d=\"M400 288h-352c-17.69 0-32-14.32-32-32.01s14.31-31.99 32-31.99h352c17.69 0 32 14.3 32 31.99S417.7 288 400 288z\"><\/path><\/svg>\n\t\t\t\t\t\t\t<\/span>\n\t\t\t<span class=\"uagb-question\">Eine SMTP-Suche<\/span><\/div><div class=\"uagb-faq-content\"><p>F\u00fcr seine Suche st\u00fctzt sich Hunt direkt auf das Protokoll zum Versenden von E-Mails, das SMTP.<br>Mit dieser Methode gibt es <strong>weder Zuf\u00e4lligkeiten noch Sch\u00e4tzungen<\/strong> \u2013 wir finden die gesuchte E-Mail <strong>technisch<\/strong> gesehen, sofern sie existiert.<\/p><\/div><\/div><div class=\"wp-block-uagb-faq-child uagb-faq-child__outer-wrap uagb-faq-item uagb-block-6b091343 \" role=\"tab\" tabindex=\"0\"><div class=\"uagb-faq-questions-button uagb-faq-questions\">\t\t\t<span class=\"uagb-icon uagb-faq-icon-wrap\">\n\t\t\t\t\t\t\t\t<svg xmlns=\"https:\/\/www.w3.org\/2000\/svg\" viewBox= \"0 0 448 512\"><path d=\"M432 256c0 17.69-14.33 32.01-32 32.01H256v144c0 17.69-14.33 31.99-32 31.99s-32-14.3-32-31.99v-144H48c-17.67 0-32-14.32-32-32.01s14.33-31.99 32-31.99H192v-144c0-17.69 14.33-32.01 32-32.01s32 14.32 32 32.01v144h144C417.7 224 432 238.3 432 256z\"><\/path><\/svg>\n\t\t\t\t\t\t\t<\/span>\n\t\t\t\t\t\t<span class=\"uagb-icon-active uagb-faq-icon-wrap\">\n\t\t\t\t\t\t\t\t<svg xmlns=\"https:\/\/www.w3.org\/2000\/svg\" viewBox= \"0 0 448 512\"><path d=\"M400 288h-352c-17.69 0-32-14.32-32-32.01s14.31-31.99 32-31.99h352c17.69 0 32 14.3 32 31.99S417.7 288 400 288z\"><\/path><\/svg>\n\t\t\t\t\t\t\t<\/span>\n\t\t\t<span class=\"uagb-question\">Kein Web-Scraping<\/span><\/div><div class=\"uagb-faq-content\"><p>Im Gegensatz zu vielen unserer Mitbewerber sammeln wir unsere E-Mail-Adressen nicht durch das Durchsuchen des Internets. Daf\u00fcr gibt es zahlreiche Gr\u00fcnde, wobei der f\u00fcr Sie wichtigste die <strong>Existenz von Spamtraps ist<\/strong>.<br>Spamtraps sind Fallen, die von Hosting-Anbietern auf \u00f6ffentlichen Seiten platziert werden, um Spammer aufzusp\u00fcren, die ohne Zustimmung gesammelte Adressen verwenden. Eine E-Mail an eine dieser Adressen zu senden, bedeutet, Ihren E-Mail-Ruf zu ruinieren.<br>Mit Hunt <strong>gehen Sie dieses Risiko nicht ein<\/strong>.<\/p><\/div><\/div><div class=\"wp-block-uagb-faq-child uagb-faq-child__outer-wrap uagb-faq-item uagb-block-189f1eb6 \" role=\"tab\" tabindex=\"0\"><div class=\"uagb-faq-questions-button uagb-faq-questions\">\t\t\t<span class=\"uagb-icon uagb-faq-icon-wrap\">\n\t\t\t\t\t\t\t\t<svg xmlns=\"https:\/\/www.w3.org\/2000\/svg\" viewBox= \"0 0 448 512\"><path d=\"M432 256c0 17.69-14.33 32.01-32 32.01H256v144c0 17.69-14.33 31.99-32 31.99s-32-14.3-32-31.99v-144H48c-17.67 0-32-14.32-32-32.01s14.33-31.99 32-31.99H192v-144c0-17.69 14.33-32.01 32-32.01s32 14.32 32 32.01v144h144C417.7 224 432 238.3 432 256z\"><\/path><\/svg>\n\t\t\t\t\t\t\t<\/span>\n\t\t\t\t\t\t<span class=\"uagb-icon-active uagb-faq-icon-wrap\">\n\t\t\t\t\t\t\t\t<svg xmlns=\"https:\/\/www.w3.org\/2000\/svg\" viewBox= \"0 0 448 512\"><path d=\"M400 288h-352c-17.69 0-32-14.32-32-32.01s14.31-31.99 32-31.99h352c17.69 0 32 14.3 32 31.99S417.7 288 400 288z\"><\/path><\/svg>\n\t\t\t\t\t\t\t<\/span>\n\t\t\t<span class=\"uagb-question\">Gepr\u00fcfte Adressen<\/span><\/div><div class=\"uagb-faq-content\"><p>Wir bei Mailnjoy sind Experten f\u00fcr E-Mail-Marketing. Was n\u00fctzt es Ihnen, eine ung\u00fcltige Adresse zur\u00fcckzubekommen?<br>Wir \u00fcberpr\u00fcfen jedes einzelne Ergebnis mit unserem Validierungstool, um Ihnen zu <strong>100 % g\u00fcltige Adressen zu liefern<\/strong>.<br>Sie k\u00f6nnen beruhigt Nachrichten an die von uns gefundenen Kontakte versenden!<\/p><\/div><\/div><div class=\"wp-block-uagb-faq-child uagb-faq-child__outer-wrap uagb-faq-item uagb-block-cdb883c9 \" role=\"tab\" tabindex=\"0\"><div class=\"uagb-faq-questions-button uagb-faq-questions\">\t\t\t<span class=\"uagb-icon uagb-faq-icon-wrap\">\n\t\t\t\t\t\t\t\t<svg xmlns=\"https:\/\/www.w3.org\/2000\/svg\" viewBox= \"0 0 448 512\"><path d=\"M432 256c0 17.69-14.33 32.01-32 32.01H256v144c0 17.69-14.33 31.99-32 31.99s-32-14.3-32-31.99v-144H48c-17.67 0-32-14.32-32-32.01s14.33-31.99 32-31.99H192v-144c0-17.69 14.33-32.01 32-32.01s32 14.32 32 32.01v144h144C417.7 224 432 238.3 432 256z\"><\/path><\/svg>\n\t\t\t\t\t\t\t<\/span>\n\t\t\t\t\t\t<span class=\"uagb-icon-active uagb-faq-icon-wrap\">\n\t\t\t\t\t\t\t\t<svg xmlns=\"https:\/\/www.w3.org\/2000\/svg\" viewBox= \"0 0 448 512\"><path d=\"M400 288h-352c-17.69 0-32-14.32-32-32.01s14.31-31.99 32-31.99h352c17.69 0 32 14.3 32 31.99S417.7 288 400 288z\"><\/path><\/svg>\n\t\t\t\t\t\t\t<\/span>\n\t\t\t<span class=\"uagb-question\">Intelligentes Lernen<\/span><\/div><div class=\"uagb-faq-content\"><p>Im Laufe der Suche erkennt unser Algorithmus die von den verschiedenen Unternehmen verwendeten Muster (Nachname.Vorname, Vorname.Nachname usw.) und verbessert so <strong>seine Effizienz und Reaktionsgeschwindigkeit <\/strong>bei Unternehmen, f\u00fcr die er bereits Adressen gefunden hat.<br>All dies mit dem Ziel, Ihnen ein immer besseres Erlebnis zu bieten.<\/p><\/div><\/div><\/div><\/div>\n<\/div>\n<\/div>\n\n\n\n<div class=\"wp-block-group alignwide has-global-padding is-layout-constrained wp-block-group-is-layout-constrained\">\n<div class=\"wp-block-columns alignwide are-vertically-aligned-center is-layout-flex wp-container-core-columns-is-layout-b0bab6eb wp-block-columns-is-layout-flex\" style=\"margin-top:var(--wp--preset--spacing--40);margin-bottom:var(--wp--preset--spacing--40)\">\n<div class=\"wp-block-column is-vertically-aligned-center is-layout-flow wp-block-column-is-layout-flow\" style=\"flex-basis:50%\">\n<h1 class=\"wp-block-heading\">Bei hunt zahlen Sie nur, wenn wir die gesuchte E-Mail-Adresse finden<\/h1>\n\n\n\n<p><\/p>\n\n\n\n<p>Viele E-Mail-Suchdienste auf dem Markt berechnen Geb\u00fchren f\u00fcr die durchgef\u00fchrten Suchanfragen, aber bei Mailnjoy verfolgen wir einen anderen Ansatz, denn Ihre Zufriedenheit steht f\u00fcr uns an erster Stelle.<\/p>\n\n\n\n<p>Mit Hunt haben Sie Ihre Kosten voll im Griff und sparen bares Geld, denn <strong>es werden Ihnen nur die tats\u00e4chlich gefundenen E-Mail-Adressen in Rechnung gestellt!<\/strong><\/p>\n<\/div>\n\n\n\n<div class=\"wp-block-column is-vertically-aligned-center is-layout-flow wp-block-column-is-layout-flow\" style=\"flex-basis:35%\">\n<figure class=\"wp-block-image size-large\"><img loading=\"lazy\" decoding=\"async\" width=\"1024\" height=\"1024\" src=\"https:\/\/mailnjoy.com\/hunt\/wp-content\/uploads\/2025\/09\/tirelire-1024x1024.png\" alt=\"nur bezahlen, wenn eine E-Mail-Adresse gefunden wurde\" class=\"wp-image-1944\" srcset=\"https:\/\/mailnjoy.com\/hunt\/wp-content\/uploads\/2025\/09\/tirelire-1024x1024.png 1024w, https:\/\/mailnjoy.com\/hunt\/wp-content\/uploads\/2025\/09\/tirelire-300x300.png 300w, https:\/\/mailnjoy.com\/hunt\/wp-content\/uploads\/2025\/09\/tirelire-150x150.png 150w, https:\/\/mailnjoy.com\/hunt\/wp-content\/uploads\/2025\/09\/tirelire-768x768.png 768w, https:\/\/mailnjoy.com\/hunt\/wp-content\/uploads\/2025\/09\/tirelire-1536x1536.png 1536w, https:\/\/mailnjoy.com\/hunt\/wp-content\/uploads\/2025\/09\/tirelire-2048x2048.png 2048w, https:\/\/mailnjoy.com\/hunt\/wp-content\/uploads\/2025\/09\/tirelire-1568x1568.png 1568w\" sizes=\"auto, (max-width: 1024px) 100vw, 1024px\" \/><\/figure>\n<\/div>\n<\/div>\n<\/div>\n\n\n\n<div class=\"wp-block-columns alignfull is-layout-flex wp-container-core-columns-is-layout-0806ab5c wp-block-columns-is-layout-flex\" style=\"margin-top:var(--wp--preset--spacing--30);margin-bottom:var(--wp--preset--spacing--30)\">\n<div class=\"wp-block-column is-layout-flow wp-block-column-is-layout-flow\" style=\"flex-basis:33.33%\">\n<h2 class=\"wp-block-heading\">Machen Sie sich die Auswertung der Ergebnisse leichter<\/h2>\n\n\n\n<p class=\"has-text-color has-link-color wp-elements-ff06b19fa1a8285e56f883b41779c27f\" style=\"color:#3c3c3b;font-size:clamp(0.984rem, 0.984rem + ((1vw - 0.2rem) * 0.86), 1.5rem);\">Sie werden automatisch in Ihre Quelldateien integriert<\/p>\n\n\n\n<p>Wenn Sie uns eine Quelldatei im CSV-Format mit verschiedenen Spalten \u00fcbermitteln, erg\u00e4nzen wir diese direkt mit den gefundenen E-Mail-Adressen, wobei Ihre urspr\u00fcnglichen Daten erhalten bleiben.<br><br>Der Prozess der Anreicherung Ihrer Quelldateien l\u00e4sst sich somit ganz einfach in die verschiedenen Tools Ihrer E-Mail-Kampagnen integrieren!<\/p>\n<\/div>\n\n\n\n<div class=\"wp-block-column is-layout-flow wp-block-column-is-layout-flow\" style=\"flex-basis:66.66%\">\n<div class=\"wp-block-group is-layout-flow wp-block-group-is-layout-flow\" style=\"padding-top:var(--wp--preset--spacing--40);padding-left:var(--wp--preset--spacing--40)\">\n<figure class=\"wp-block-image size-full\"><img loading=\"lazy\" decoding=\"async\" width=\"1068\" height=\"250\" src=\"https:\/\/mailnjoy.com\/hunt\/wp-content\/uploads\/2026\/04\/hunt_result_de.png\" alt=\"Erweiterung der Kundendaten\" class=\"wp-image-2283\" srcset=\"https:\/\/mailnjoy.com\/hunt\/wp-content\/uploads\/2026\/04\/hunt_result_de.png 1068w, https:\/\/mailnjoy.com\/hunt\/wp-content\/uploads\/2026\/04\/hunt_result_de-300x70.png 300w, https:\/\/mailnjoy.com\/hunt\/wp-content\/uploads\/2026\/04\/hunt_result_de-1024x240.png 1024w, https:\/\/mailnjoy.com\/hunt\/wp-content\/uploads\/2026\/04\/hunt_result_de-768x180.png 768w\" sizes=\"auto, (max-width: 1068px) 100vw, 1068px\" \/><\/figure>\n<\/div>\n<\/div>\n<\/div>\n\n\n\n<h2 class=\"wp-block-heading alignwide has-text-align-center\">Probieren Sie Hunt aus und \u00fcberzeugen Sie sich selbst von diesen Vorteilen!<\/h2>\n\n\n\n<div class=\"wp-block-buttons is-content-justification-center is-layout-flex wp-container-core-buttons-is-layout-e511ce0b wp-block-buttons-is-layout-flex\" style=\"margin-top:var(--wp--preset--spacing--30);margin-bottom:var(--wp--preset--spacing--30)\">\n<div class=\"wp-block-button\"><a class=\"wp-block-button__link has-orange-background-color has-background wp-element-button\" href=\"https:\/\/app.hunt.mailnjoy.com\/page-signin\">Registrieren und 20 kostenlose Suchanfragen gewinnen<\/a><\/div>\n<\/div>\n\n\n\n<p><\/p>\n","protected":false},"excerpt":{"rendered":"<p>Warum f\u00fcr nutzlose Ergebnisse bezahlen? Hier ist ein Beispiel f\u00fcr eine Recherche zu einem unserer gr\u00f6\u00dften Konkurrenten. Vielleicht bezweifeln Sie ebenso wie wir, dass Emmanuel Macron oder der gro\u00dfe b\u00f6se Wolf bei L\u2019Or\u00e9al arbeiten.Andere Anbieter von E-Mail-Adressensuchen werden Ihnen das Gegenteil versichern und sind dabei sogar so \u00fcberzeugt von sich, dass sie Ihnen dieses Ergebnis [&hellip;]<\/p>\n","protected":false},"author":1,"featured_media":0,"parent":0,"menu_order":0,"comment_status":"closed","ping_status":"closed","template":"","meta":{"_uag_custom_page_level_css":"","footnotes":""},"class_list":["post-2281","page","type-page","status-publish","hentry"],"yoast_head":"<!-- This site is optimized with the Yoast SEO plugin v23.6 - https:\/\/yoast.com\/wordpress\/plugins\/seo\/ -->\n<title>Der beste Weg, um die E-Mail Ihrer potenziellen Kunden zu finden<\/title>\n<meta name=\"description\" content=\"Mit Mailnjoy war die Suche nach E-Mail-Adressen noch nie so einfach. Bringen Sie Ihre Marketingkampagnen mit neuen Kontakten, die Sie ansprechen k\u00f6nnen, auf Hochtouren\" \/>\n<meta name=\"robots\" content=\"index, follow, max-snippet:-1, max-image-preview:large, max-video-preview:-1\" \/>\n<link rel=\"canonical\" href=\"https:\/\/mailnjoy.com\/hunt\/de\/find-emails\/\" \/>\n<meta name=\"twitter:label1\" content=\"Dur\u00e9e de lecture estim\u00e9e\" \/>\n\t<meta name=\"twitter:data1\" content=\"2 minutes\" \/>\n<script type=\"application\/ld+json\" class=\"yoast-schema-graph\">{\"@context\":\"https:\/\/schema.org\",\"@graph\":[{\"@type\":\"WebPage\",\"@id\":\"https:\/\/mailnjoy.com\/hunt\/de\/find-emails\/\",\"url\":\"https:\/\/mailnjoy.com\/hunt\/de\/find-emails\/\",\"name\":\"Der beste Weg, um die E-Mail Ihrer potenziellen Kunden zu finden\",\"isPartOf\":{\"@id\":\"https:\/\/mailnjoy.com\/hunt\/#website\"},\"primaryImageOfPage\":{\"@id\":\"https:\/\/mailnjoy.com\/hunt\/de\/find-emails\/#primaryimage\"},\"image\":{\"@id\":\"https:\/\/mailnjoy.com\/hunt\/de\/find-emails\/#primaryimage\"},\"thumbnailUrl\":\"https:\/\/mailnjoy.com\/hunt\/wp-content\/uploads\/2025\/09\/hunt_example.b964d8dc-1024x668.png\",\"datePublished\":\"2026-04-02T14:00:48+00:00\",\"dateModified\":\"2026-04-02T14:00:48+00:00\",\"description\":\"Mit Mailnjoy war die Suche nach E-Mail-Adressen noch nie so einfach. Bringen Sie Ihre Marketingkampagnen mit neuen Kontakten, die Sie ansprechen k\u00f6nnen, auf Hochtouren\",\"breadcrumb\":{\"@id\":\"https:\/\/mailnjoy.com\/hunt\/de\/find-emails\/#breadcrumb\"},\"inLanguage\":\"fr-FR\",\"potentialAction\":[{\"@type\":\"ReadAction\",\"target\":[\"https:\/\/mailnjoy.com\/hunt\/de\/find-emails\/\"]}]},{\"@type\":\"ImageObject\",\"inLanguage\":\"fr-FR\",\"@id\":\"https:\/\/mailnjoy.com\/hunt\/de\/find-emails\/#primaryimage\",\"url\":\"https:\/\/mailnjoy.com\/hunt\/wp-content\/uploads\/2025\/09\/hunt_example.b964d8dc.png\",\"contentUrl\":\"https:\/\/mailnjoy.com\/hunt\/wp-content\/uploads\/2025\/09\/hunt_example.b964d8dc.png\",\"width\":1161,\"height\":757},{\"@type\":\"BreadcrumbList\",\"@id\":\"https:\/\/mailnjoy.com\/hunt\/de\/find-emails\/#breadcrumb\",\"itemListElement\":[{\"@type\":\"ListItem\",\"position\":1,\"name\":\"Accueil\",\"item\":\"https:\/\/mailnjoy.com\/hunt\/fr\/\"},{\"@type\":\"ListItem\",\"position\":2,\"name\":\"E-Mail-Suche\"}]},{\"@type\":\"WebSite\",\"@id\":\"https:\/\/mailnjoy.com\/hunt\/#website\",\"url\":\"https:\/\/mailnjoy.com\/hunt\/\",\"name\":\"Mailnjoy\",\"description\":\"\",\"publisher\":{\"@id\":\"https:\/\/mailnjoy.com\/hunt\/#organization\"},\"potentialAction\":[{\"@type\":\"SearchAction\",\"target\":{\"@type\":\"EntryPoint\",\"urlTemplate\":\"https:\/\/mailnjoy.com\/hunt\/?s={search_term_string}\"},\"query-input\":{\"@type\":\"PropertyValueSpecification\",\"valueRequired\":true,\"valueName\":\"search_term_string\"}}],\"inLanguage\":\"fr-FR\"},{\"@type\":\"Organization\",\"@id\":\"https:\/\/mailnjoy.com\/hunt\/#organization\",\"name\":\"Mailnjoy\",\"url\":\"https:\/\/mailnjoy.com\/hunt\/\",\"logo\":{\"@type\":\"ImageObject\",\"inLanguage\":\"fr-FR\",\"@id\":\"https:\/\/mailnjoy.com\/hunt\/#\/schema\/logo\/image\/\",\"url\":\"https:\/\/mailnjoy.com\/hunt\/wp-content\/uploads\/2025\/06\/hunt-scaled.png\",\"contentUrl\":\"https:\/\/mailnjoy.com\/hunt\/wp-content\/uploads\/2025\/06\/hunt-scaled.png\",\"width\":2560,\"height\":1243,\"caption\":\"Mailnjoy\"},\"image\":{\"@id\":\"https:\/\/mailnjoy.com\/hunt\/#\/schema\/logo\/image\/\"}}]}<\/script>\n<!-- \/ Yoast SEO plugin. -->","yoast_head_json":{"title":"Der beste Weg, um die E-Mail Ihrer potenziellen Kunden zu finden","description":"Mit Mailnjoy war die Suche nach E-Mail-Adressen noch nie so einfach. Bringen Sie Ihre Marketingkampagnen mit neuen Kontakten, die Sie ansprechen k\u00f6nnen, auf Hochtouren","robots":{"index":"index","follow":"follow","max-snippet":"max-snippet:-1","max-image-preview":"max-image-preview:large","max-video-preview":"max-video-preview:-1"},"canonical":"https:\/\/mailnjoy.com\/hunt\/de\/find-emails\/","twitter_misc":{"Dur\u00e9e de lecture estim\u00e9e":"2 minutes"},"schema":{"@context":"https:\/\/schema.org","@graph":[{"@type":"WebPage","@id":"https:\/\/mailnjoy.com\/hunt\/de\/find-emails\/","url":"https:\/\/mailnjoy.com\/hunt\/de\/find-emails\/","name":"Der beste Weg, um die E-Mail Ihrer potenziellen Kunden zu finden","isPartOf":{"@id":"https:\/\/mailnjoy.com\/hunt\/#website"},"primaryImageOfPage":{"@id":"https:\/\/mailnjoy.com\/hunt\/de\/find-emails\/#primaryimage"},"image":{"@id":"https:\/\/mailnjoy.com\/hunt\/de\/find-emails\/#primaryimage"},"thumbnailUrl":"https:\/\/mailnjoy.com\/hunt\/wp-content\/uploads\/2025\/09\/hunt_example.b964d8dc-1024x668.png","datePublished":"2026-04-02T14:00:48+00:00","dateModified":"2026-04-02T14:00:48+00:00","description":"Mit Mailnjoy war die Suche nach E-Mail-Adressen noch nie so einfach. Bringen Sie Ihre Marketingkampagnen mit neuen Kontakten, die Sie ansprechen k\u00f6nnen, auf Hochtouren","breadcrumb":{"@id":"https:\/\/mailnjoy.com\/hunt\/de\/find-emails\/#breadcrumb"},"inLanguage":"fr-FR","potentialAction":[{"@type":"ReadAction","target":["https:\/\/mailnjoy.com\/hunt\/de\/find-emails\/"]}]},{"@type":"ImageObject","inLanguage":"fr-FR","@id":"https:\/\/mailnjoy.com\/hunt\/de\/find-emails\/#primaryimage","url":"https:\/\/mailnjoy.com\/hunt\/wp-content\/uploads\/2025\/09\/hunt_example.b964d8dc.png","contentUrl":"https:\/\/mailnjoy.com\/hunt\/wp-content\/uploads\/2025\/09\/hunt_example.b964d8dc.png","width":1161,"height":757},{"@type":"BreadcrumbList","@id":"https:\/\/mailnjoy.com\/hunt\/de\/find-emails\/#breadcrumb","itemListElement":[{"@type":"ListItem","position":1,"name":"Accueil","item":"https:\/\/mailnjoy.com\/hunt\/fr\/"},{"@type":"ListItem","position":2,"name":"E-Mail-Suche"}]},{"@type":"WebSite","@id":"https:\/\/mailnjoy.com\/hunt\/#website","url":"https:\/\/mailnjoy.com\/hunt\/","name":"Mailnjoy","description":"","publisher":{"@id":"https:\/\/mailnjoy.com\/hunt\/#organization"},"potentialAction":[{"@type":"SearchAction","target":{"@type":"EntryPoint","urlTemplate":"https:\/\/mailnjoy.com\/hunt\/?s={search_term_string}"},"query-input":{"@type":"PropertyValueSpecification","valueRequired":true,"valueName":"search_term_string"}}],"inLanguage":"fr-FR"},{"@type":"Organization","@id":"https:\/\/mailnjoy.com\/hunt\/#organization","name":"Mailnjoy","url":"https:\/\/mailnjoy.com\/hunt\/","logo":{"@type":"ImageObject","inLanguage":"fr-FR","@id":"https:\/\/mailnjoy.com\/hunt\/#\/schema\/logo\/image\/","url":"https:\/\/mailnjoy.com\/hunt\/wp-content\/uploads\/2025\/06\/hunt-scaled.png","contentUrl":"https:\/\/mailnjoy.com\/hunt\/wp-content\/uploads\/2025\/06\/hunt-scaled.png","width":2560,"height":1243,"caption":"Mailnjoy"},"image":{"@id":"https:\/\/mailnjoy.com\/hunt\/#\/schema\/logo\/image\/"}}]}},"lang":"de","translations":{"de":2281,"fr":1879,"en":2269,"es":2275,"it":2287,"pt":2293},"uagb_featured_image_src":{"full":false,"thumbnail":false,"medium":false,"medium_large":false,"large":false,"1536x1536":false,"2048x2048":false,"post-thumbnail":false},"uagb_author_info":{"display_name":"sylvain","author_link":"https:\/\/mailnjoy.com\/hunt\/author\/sylvain\/"},"uagb_comment_info":0,"uagb_excerpt":"Warum f\u00fcr nutzlose Ergebnisse bezahlen? Hier ist ein Beispiel f\u00fcr eine Recherche zu einem unserer gr\u00f6\u00dften Konkurrenten. Vielleicht bezweifeln Sie ebenso wie wir, dass Emmanuel Macron oder der gro\u00dfe b\u00f6se Wolf bei L\u2019Or\u00e9al arbeiten.Andere Anbieter von E-Mail-Adressensuchen werden Ihnen das Gegenteil versichern und sind dabei sogar so \u00fcberzeugt von sich, dass sie Ihnen dieses Ergebnis\u2026","pll_sync_post":[],"_links":{"self":[{"href":"https:\/\/mailnjoy.com\/hunt\/wp-json\/wp\/v2\/pages\/2281","targetHints":{"allow":["GET"]}}],"collection":[{"href":"https:\/\/mailnjoy.com\/hunt\/wp-json\/wp\/v2\/pages"}],"about":[{"href":"https:\/\/mailnjoy.com\/hunt\/wp-json\/wp\/v2\/types\/page"}],"author":[{"embeddable":true,"href":"https:\/\/mailnjoy.com\/hunt\/wp-json\/wp\/v2\/users\/1"}],"replies":[{"embeddable":true,"href":"https:\/\/mailnjoy.com\/hunt\/wp-json\/wp\/v2\/comments?post=2281"}],"version-history":[{"count":2,"href":"https:\/\/mailnjoy.com\/hunt\/wp-json\/wp\/v2\/pages\/2281\/revisions"}],"predecessor-version":[{"id":2285,"href":"https:\/\/mailnjoy.com\/hunt\/wp-json\/wp\/v2\/pages\/2281\/revisions\/2285"}],"wp:attachment":[{"href":"https:\/\/mailnjoy.com\/hunt\/wp-json\/wp\/v2\/media?parent=2281"}],"curies":[{"name":"wp","href":"https:\/\/api.w.org\/{rel}","templated":true}]}}