{"id":2287,"date":"2026-04-02T16:07:12","date_gmt":"2026-04-02T14:07:12","guid":{"rendered":"https:\/\/mailnjoy.com\/hunt\/?page_id=2287"},"modified":"2026-04-02T16:08:54","modified_gmt":"2026-04-02T14:08:54","slug":"find-emails","status":"publish","type":"page","link":"https:\/\/mailnjoy.com\/hunt\/it\/find-emails\/","title":{"rendered":"Ricerca di e-mail"},"content":{"rendered":"\n<div class=\"wp-block-group alignwide has-global-padding is-layout-constrained wp-block-group-is-layout-constrained\">\n<div class=\"wp-block-columns alignwide is-layout-flex wp-container-core-columns-is-layout-28f84493 wp-block-columns-is-layout-flex\">\n<div class=\"wp-block-column is-layout-flow wp-block-column-is-layout-flow\">\n<h1 class=\"wp-block-heading\">Perch\u00e9 pagare per risultati inutili?<\/h1>\n\n\n\n<p>Ecco un esempio di ricerca su uno dei nostri principali concorrenti.<\/p>\n\n\n\n<p>Come noi, forse anche voi dubitate che Emmanuel Macron o il lupo cattivo lavorino alla L&#8217;Or\u00e9al.<br>Altri motori di ricerca di indirizzi e-mail vi diranno il contrario, ed erano persino cos\u00ec sicuri di s\u00e9 da farvi pagare per questo risultato.<\/p>\n\n\n\n<p>Noi di Mailnjoy abbiamo un approccio diverso rispetto ai nostri concorrenti. E potete stare certi che, se vi rispondiamo via e-mail, significa che esiste davvero.<\/p>\n<\/div>\n\n\n\n<div class=\"wp-block-column is-layout-flow wp-block-column-is-layout-flow\">\n<figure class=\"wp-block-image size-large mr--10\"><img loading=\"lazy\" decoding=\"async\" width=\"1024\" height=\"668\" src=\"https:\/\/mailnjoy.com\/hunt\/wp-content\/uploads\/2025\/09\/hunt_example.b964d8dc-1024x668.png\" alt=\"\" class=\"wp-image-1880\" srcset=\"https:\/\/mailnjoy.com\/hunt\/wp-content\/uploads\/2025\/09\/hunt_example.b964d8dc-1024x668.png 1024w, https:\/\/mailnjoy.com\/hunt\/wp-content\/uploads\/2025\/09\/hunt_example.b964d8dc-300x196.png 300w, https:\/\/mailnjoy.com\/hunt\/wp-content\/uploads\/2025\/09\/hunt_example.b964d8dc-768x501.png 768w, https:\/\/mailnjoy.com\/hunt\/wp-content\/uploads\/2025\/09\/hunt_example.b964d8dc.png 1161w\" sizes=\"auto, (max-width: 1024px) 100vw, 1024px\" \/><\/figure>\n<\/div>\n<\/div>\n<\/div>\n\n\n\n<div class=\"wp-block-group alignwide has-global-padding is-layout-constrained wp-block-group-is-layout-constrained\" style=\"margin-top:var(--wp--preset--spacing--40);margin-bottom:var(--wp--preset--spacing--40)\">\n<div class=\"wp-block-columns alignwide are-vertically-aligned-center is-layout-flex wp-container-core-columns-is-layout-28f84493 wp-block-columns-is-layout-flex\">\n<div class=\"wp-block-column is-vertically-aligned-center is-layout-flow wp-block-column-is-layout-flow\">\n<figure class=\"wp-block-image size-large\"><img loading=\"lazy\" decoding=\"async\" width=\"1024\" height=\"1024\" src=\"https:\/\/mailnjoy.com\/hunt\/wp-content\/uploads\/2025\/09\/vrai_contact.92eef6df-1024x1024.png\" alt=\"ottenere un indirizzo e-mail affidabile\" class=\"wp-image-1886\" srcset=\"https:\/\/mailnjoy.com\/hunt\/wp-content\/uploads\/2025\/09\/vrai_contact.92eef6df-1024x1024.png 1024w, https:\/\/mailnjoy.com\/hunt\/wp-content\/uploads\/2025\/09\/vrai_contact.92eef6df-300x300.png 300w, https:\/\/mailnjoy.com\/hunt\/wp-content\/uploads\/2025\/09\/vrai_contact.92eef6df-150x150.png 150w, https:\/\/mailnjoy.com\/hunt\/wp-content\/uploads\/2025\/09\/vrai_contact.92eef6df-768x768.png 768w, https:\/\/mailnjoy.com\/hunt\/wp-content\/uploads\/2025\/09\/vrai_contact.92eef6df-1536x1536.png 1536w, https:\/\/mailnjoy.com\/hunt\/wp-content\/uploads\/2025\/09\/vrai_contact.92eef6df-2048x2048.png 2048w, https:\/\/mailnjoy.com\/hunt\/wp-content\/uploads\/2025\/09\/vrai_contact.92eef6df-1568x1568.png 1568w\" sizes=\"auto, (max-width: 1024px) 100vw, 1024px\" \/><\/figure>\n<\/div>\n\n\n\n<div class=\"wp-block-column is-vertically-aligned-center is-layout-flow wp-block-column-is-layout-flow\">\n<h2 class=\"wp-block-heading\">Perch\u00e9 Hunt?<\/h2>\n\n\n<div class=\"wp-block-uagb-faq uagb-faq__outer-wrap uagb-block-08430ac5 uagb-faq-icon-row-reverse uagb-faq-layout-accordion uagb-faq-expand-first-true uagb-faq-inactive-other-true uagb-faq__wrap uagb-buttons-layout-wrap uagb-faq-equal-height     \" data-faqtoggle=\"true\" role=\"tablist\"><div class=\"wp-block-uagb-faq-child uagb-faq-child__outer-wrap uagb-faq-item uagb-block-b0b0ff20 \" role=\"tab\" tabindex=\"0\"><div class=\"uagb-faq-questions-button uagb-faq-questions\">\t\t\t<span class=\"uagb-icon uagb-faq-icon-wrap\">\n\t\t\t\t\t\t\t\t<svg xmlns=\"https:\/\/www.w3.org\/2000\/svg\" viewBox= \"0 0 448 512\"><path d=\"M432 256c0 17.69-14.33 32.01-32 32.01H256v144c0 17.69-14.33 31.99-32 31.99s-32-14.3-32-31.99v-144H48c-17.67 0-32-14.32-32-32.01s14.33-31.99 32-31.99H192v-144c0-17.69 14.33-32.01 32-32.01s32 14.32 32 32.01v144h144C417.7 224 432 238.3 432 256z\"><\/path><\/svg>\n\t\t\t\t\t\t\t<\/span>\n\t\t\t\t\t\t<span class=\"uagb-icon-active uagb-faq-icon-wrap\">\n\t\t\t\t\t\t\t\t<svg xmlns=\"https:\/\/www.w3.org\/2000\/svg\" viewBox= \"0 0 448 512\"><path d=\"M400 288h-352c-17.69 0-32-14.32-32-32.01s14.31-31.99 32-31.99h352c17.69 0 32 14.3 32 31.99S417.7 288 400 288z\"><\/path><\/svg>\n\t\t\t\t\t\t\t<\/span>\n\t\t\t<span class=\"uagb-question\">Una ricerca SMTP<\/span><\/div><div class=\"uagb-faq-content\"><p>Per la sua ricerca, Hunt si basa direttamente sul protocollo di invio delle e-mail, l&#8217;SMTP.<br>Con questo metodo, <strong>senza alcuna approssimazione o stima<\/strong>, individuiamo <strong>tecnicamente<\/strong> l&#8217;e-mail che state cercando, se esiste.<\/p><\/div><\/div><div class=\"wp-block-uagb-faq-child uagb-faq-child__outer-wrap uagb-faq-item uagb-block-6b091343 \" role=\"tab\" tabindex=\"0\"><div class=\"uagb-faq-questions-button uagb-faq-questions\">\t\t\t<span class=\"uagb-icon uagb-faq-icon-wrap\">\n\t\t\t\t\t\t\t\t<svg xmlns=\"https:\/\/www.w3.org\/2000\/svg\" viewBox= \"0 0 448 512\"><path d=\"M432 256c0 17.69-14.33 32.01-32 32.01H256v144c0 17.69-14.33 31.99-32 31.99s-32-14.3-32-31.99v-144H48c-17.67 0-32-14.32-32-32.01s14.33-31.99 32-31.99H192v-144c0-17.69 14.33-32.01 32-32.01s32 14.32 32 32.01v144h144C417.7 224 432 238.3 432 256z\"><\/path><\/svg>\n\t\t\t\t\t\t\t<\/span>\n\t\t\t\t\t\t<span class=\"uagb-icon-active uagb-faq-icon-wrap\">\n\t\t\t\t\t\t\t\t<svg xmlns=\"https:\/\/www.w3.org\/2000\/svg\" viewBox= \"0 0 448 512\"><path d=\"M400 288h-352c-17.69 0-32-14.32-32-32.01s14.31-31.99 32-31.99h352c17.69 0 32 14.3 32 31.99S417.7 288 400 288z\"><\/path><\/svg>\n\t\t\t\t\t\t\t<\/span>\n\t\t\t<span class=\"uagb-question\">Nessun web scraping<\/span><\/div><div class=\"uagb-faq-content\"><p>A differenza di molti nostri concorrenti, non raccogliamo i nostri indirizzi e-mail navigando sul web. Ci sono molte ragioni che giustificano questa scelta, ma la pi\u00f9 importante per voi \u00e8 <strong>l&#8217;esistenza delle spamtraps<\/strong>.<br>Gli spamtraps sono trappole lasciate su pagine pubbliche dai provider di hosting, al fine di individuare gli spammer che utilizzano indirizzi raccolti senza consenso. Inviare un&#8217;e-mail a uno di questi indirizzi equivale a compromettere la vostra reputazione e-mail.<br>Con Hunt, <strong>non correte questo rischio<\/strong>.<\/p><\/div><\/div><div class=\"wp-block-uagb-faq-child uagb-faq-child__outer-wrap uagb-faq-item uagb-block-189f1eb6 \" role=\"tab\" tabindex=\"0\"><div class=\"uagb-faq-questions-button uagb-faq-questions\">\t\t\t<span class=\"uagb-icon uagb-faq-icon-wrap\">\n\t\t\t\t\t\t\t\t<svg xmlns=\"https:\/\/www.w3.org\/2000\/svg\" viewBox= \"0 0 448 512\"><path d=\"M432 256c0 17.69-14.33 32.01-32 32.01H256v144c0 17.69-14.33 31.99-32 31.99s-32-14.3-32-31.99v-144H48c-17.67 0-32-14.32-32-32.01s14.33-31.99 32-31.99H192v-144c0-17.69 14.33-32.01 32-32.01s32 14.32 32 32.01v144h144C417.7 224 432 238.3 432 256z\"><\/path><\/svg>\n\t\t\t\t\t\t\t<\/span>\n\t\t\t\t\t\t<span class=\"uagb-icon-active uagb-faq-icon-wrap\">\n\t\t\t\t\t\t\t\t<svg xmlns=\"https:\/\/www.w3.org\/2000\/svg\" viewBox= \"0 0 448 512\"><path d=\"M400 288h-352c-17.69 0-32-14.32-32-32.01s14.31-31.99 32-31.99h352c17.69 0 32 14.3 32 31.99S417.7 288 400 288z\"><\/path><\/svg>\n\t\t\t\t\t\t\t<\/span>\n\t\t\t<span class=\"uagb-question\">Indirizzi e-mail verificati<\/span><\/div><div class=\"uagb-faq-content\"><p>Noi di Mailnjoy siamo esperti di email marketing. A cosa servirebbe fornirvi un indirizzo non valido?<br>Utilizziamo il nostro strumento di verifica su ogni singolo risultato per fornirvi <strong>indirizzi validi al 100%<\/strong>.<br>Potete inviare comunicazioni in tutta tranquillit\u00e0 ai contatti che individuiamo!<\/p><\/div><\/div><div class=\"wp-block-uagb-faq-child uagb-faq-child__outer-wrap uagb-faq-item uagb-block-cdb883c9 \" role=\"tab\" tabindex=\"0\"><div class=\"uagb-faq-questions-button uagb-faq-questions\">\t\t\t<span class=\"uagb-icon uagb-faq-icon-wrap\">\n\t\t\t\t\t\t\t\t<svg xmlns=\"https:\/\/www.w3.org\/2000\/svg\" viewBox= \"0 0 448 512\"><path d=\"M432 256c0 17.69-14.33 32.01-32 32.01H256v144c0 17.69-14.33 31.99-32 31.99s-32-14.3-32-31.99v-144H48c-17.67 0-32-14.32-32-32.01s14.33-31.99 32-31.99H192v-144c0-17.69 14.33-32.01 32-32.01s32 14.32 32 32.01v144h144C417.7 224 432 238.3 432 256z\"><\/path><\/svg>\n\t\t\t\t\t\t\t<\/span>\n\t\t\t\t\t\t<span class=\"uagb-icon-active uagb-faq-icon-wrap\">\n\t\t\t\t\t\t\t\t<svg xmlns=\"https:\/\/www.w3.org\/2000\/svg\" viewBox= \"0 0 448 512\"><path d=\"M400 288h-352c-17.69 0-32-14.32-32-32.01s14.31-31.99 32-31.99h352c17.69 0 32 14.3 32 31.99S417.7 288 400 288z\"><\/path><\/svg>\n\t\t\t\t\t\t\t<\/span>\n\t\t\t<span class=\"uagb-question\">Un apprendimento intelligente<\/span><\/div><div class=\"uagb-faq-content\"><p>Man mano che la ricerca procede, il nostro algoritmo individua gli schemi utilizzati dalle diverse aziende (cognome.nome, nome.cognome, ecc.) e migliora cos\u00ec la propria <strong>efficacia e la velocit\u00e0 di risposta<\/strong> per le aziende di cui ha gi\u00e0 trovato gli indirizzi.<br>Tutto questo con l&#8217;obiettivo di offrirvi un&#8217;esperienza sempre migliore.<\/p><\/div><\/div><\/div><\/div>\n<\/div>\n<\/div>\n\n\n\n<div class=\"wp-block-group alignwide has-global-padding is-layout-constrained wp-block-group-is-layout-constrained\">\n<div class=\"wp-block-columns alignwide are-vertically-aligned-center is-layout-flex wp-container-core-columns-is-layout-b0bab6eb wp-block-columns-is-layout-flex\" style=\"margin-top:var(--wp--preset--spacing--40);margin-bottom:var(--wp--preset--spacing--40)\">\n<div class=\"wp-block-column is-vertically-aligned-center is-layout-flow wp-block-column-is-layout-flow\" style=\"flex-basis:50%\">\n<h1 class=\"wp-block-heading\">Con Hunt paghi solo se troviamo l&#8217;indirizzo e-mail che stai cercando<\/h1>\n\n\n\n<p><\/p>\n\n\n\n<p>Molti strumenti di ricerca di indirizzi e-mail presenti sul mercato fanno pagare per ogni ricerca effettuata, ma noi di Mailnjoy abbiamo una filosofia diversa, perch\u00e9 la vostra soddisfazione \u00e8 la nostra priorit\u00e0.<\/p>\n\n\n\n<p>Con Hunt hai il pieno controllo dei costi e risparmi notevolmente, perch\u00e9 <strong>ti verranno addebitati solo gli indirizzi e-mail effettivamente trovati!<\/strong><\/p>\n<\/div>\n\n\n\n<div class=\"wp-block-column is-vertically-aligned-center is-layout-flow wp-block-column-is-layout-flow\" style=\"flex-basis:35%\">\n<figure class=\"wp-block-image size-large\"><img loading=\"lazy\" decoding=\"async\" width=\"1024\" height=\"1024\" src=\"https:\/\/mailnjoy.com\/hunt\/wp-content\/uploads\/2025\/09\/tirelire-1024x1024.png\" alt=\"pagare solo se viene trovato un indirizzo e-mail\" class=\"wp-image-1944\" srcset=\"https:\/\/mailnjoy.com\/hunt\/wp-content\/uploads\/2025\/09\/tirelire-1024x1024.png 1024w, https:\/\/mailnjoy.com\/hunt\/wp-content\/uploads\/2025\/09\/tirelire-300x300.png 300w, https:\/\/mailnjoy.com\/hunt\/wp-content\/uploads\/2025\/09\/tirelire-150x150.png 150w, https:\/\/mailnjoy.com\/hunt\/wp-content\/uploads\/2025\/09\/tirelire-768x768.png 768w, https:\/\/mailnjoy.com\/hunt\/wp-content\/uploads\/2025\/09\/tirelire-1536x1536.png 1536w, https:\/\/mailnjoy.com\/hunt\/wp-content\/uploads\/2025\/09\/tirelire-2048x2048.png 2048w, https:\/\/mailnjoy.com\/hunt\/wp-content\/uploads\/2025\/09\/tirelire-1568x1568.png 1568w\" sizes=\"auto, (max-width: 1024px) 100vw, 1024px\" \/><\/figure>\n<\/div>\n<\/div>\n<\/div>\n\n\n\n<div class=\"wp-block-columns alignfull is-layout-flex wp-container-core-columns-is-layout-0806ab5c wp-block-columns-is-layout-flex\" style=\"margin-top:var(--wp--preset--spacing--30);margin-bottom:var(--wp--preset--spacing--30)\">\n<div class=\"wp-block-column is-layout-flow wp-block-column-is-layout-flow\" style=\"flex-basis:33.33%\">\n<h2 class=\"wp-block-heading\">Semplificate l&#8217;utilizzo dei risultati<\/h2>\n\n\n\n<p class=\"has-text-color has-link-color wp-elements-43526f9d095b66ca236672e785d0d90f\" style=\"color:#3c3c3b;font-size:clamp(0.984rem, 0.984rem + ((1vw - 0.2rem) * 0.86), 1.5rem);\">Vengono integrati automaticamente nei tuoi file sorgente<\/p>\n\n\n\n<p>Se ci inviate un file sorgente in formato CSV con diverse colonne, lo arricchiremo direttamente con gli indirizzi e-mail individuati, mantenendo intatti i vostri dati originali.<br><br>Il processo di arricchimento dei vostri file sorgenti si integra quindi con estrema facilit\u00e0 con i vari strumenti della vostra catena di invio e-mail!<\/p>\n<\/div>\n\n\n\n<div class=\"wp-block-column is-layout-flow wp-block-column-is-layout-flow\" style=\"flex-basis:66.66%\">\n<div class=\"wp-block-group is-layout-flow wp-block-group-is-layout-flow\" style=\"padding-top:var(--wp--preset--spacing--40);padding-left:var(--wp--preset--spacing--40)\">\n<figure class=\"wp-block-image size-full\"><img loading=\"lazy\" decoding=\"async\" width=\"1068\" height=\"250\" src=\"https:\/\/mailnjoy.com\/hunt\/wp-content\/uploads\/2026\/04\/hunt_result_it.png\" alt=\"Arricchimento del file clienti\" class=\"wp-image-2289\" srcset=\"https:\/\/mailnjoy.com\/hunt\/wp-content\/uploads\/2026\/04\/hunt_result_it.png 1068w, https:\/\/mailnjoy.com\/hunt\/wp-content\/uploads\/2026\/04\/hunt_result_it-300x70.png 300w, https:\/\/mailnjoy.com\/hunt\/wp-content\/uploads\/2026\/04\/hunt_result_it-1024x240.png 1024w, https:\/\/mailnjoy.com\/hunt\/wp-content\/uploads\/2026\/04\/hunt_result_it-768x180.png 768w\" sizes=\"auto, (max-width: 1068px) 100vw, 1068px\" \/><\/figure>\n<\/div>\n<\/div>\n<\/div>\n\n\n\n<h2 class=\"wp-block-heading alignwide has-text-align-center\">Prova Hunt e scopri questi vantaggi nella pratica!<\/h2>\n\n\n\n<div class=\"wp-block-buttons is-content-justification-center is-layout-flex wp-container-core-buttons-is-layout-e511ce0b wp-block-buttons-is-layout-flex\" style=\"margin-top:var(--wp--preset--spacing--30);margin-bottom:var(--wp--preset--spacing--30)\">\n<div class=\"wp-block-button\"><a class=\"wp-block-button__link has-orange-background-color has-background wp-element-button\" href=\"https:\/\/app.hunt.mailnjoy.com\/page-signin\">Iscriviti e ricevi 20 ricerche gratuite<\/a><\/div>\n<\/div>\n\n\n\n<p><\/p>\n","protected":false},"excerpt":{"rendered":"<p>Perch\u00e9 pagare per risultati inutili? Ecco un esempio di ricerca su uno dei nostri principali concorrenti. Come noi, forse anche voi dubitate che Emmanuel Macron o il lupo cattivo lavorino alla L&#8217;Or\u00e9al.Altri motori di ricerca di indirizzi e-mail vi diranno il contrario, ed erano persino cos\u00ec sicuri di s\u00e9 da farvi pagare per questo risultato. [&hellip;]<\/p>\n","protected":false},"author":1,"featured_media":0,"parent":0,"menu_order":0,"comment_status":"closed","ping_status":"closed","template":"","meta":{"_uag_custom_page_level_css":"","footnotes":""},"class_list":["post-2287","page","type-page","status-publish","hentry"],"yoast_head":"<!-- This site is optimized with the Yoast SEO plugin v23.6 - https:\/\/yoast.com\/wordpress\/plugins\/seo\/ -->\n<title>Migliore per trovare gli indirizzi e-mail dei tuoi potenziali clienti<\/title>\n<meta name=\"description\" content=\"Con Mailnjoy, la ricerca di indirizzi e-mail non \u00e8 mai stata cos\u00ec facile. Potenzia le tue campagne di marketing con nuovi contatti da acquisire\" \/>\n<meta name=\"robots\" content=\"index, follow, max-snippet:-1, max-image-preview:large, max-video-preview:-1\" \/>\n<link rel=\"canonical\" href=\"https:\/\/mailnjoy.com\/hunt\/it\/find-emails\/\" \/>\n<meta name=\"twitter:label1\" content=\"Dur\u00e9e de lecture estim\u00e9e\" \/>\n\t<meta name=\"twitter:data1\" content=\"2 minutes\" \/>\n<script type=\"application\/ld+json\" class=\"yoast-schema-graph\">{\"@context\":\"https:\/\/schema.org\",\"@graph\":[{\"@type\":\"WebPage\",\"@id\":\"https:\/\/mailnjoy.com\/hunt\/it\/find-emails\/\",\"url\":\"https:\/\/mailnjoy.com\/hunt\/it\/find-emails\/\",\"name\":\"Migliore per trovare gli indirizzi e-mail dei tuoi potenziali clienti\",\"isPartOf\":{\"@id\":\"https:\/\/mailnjoy.com\/hunt\/#website\"},\"primaryImageOfPage\":{\"@id\":\"https:\/\/mailnjoy.com\/hunt\/it\/find-emails\/#primaryimage\"},\"image\":{\"@id\":\"https:\/\/mailnjoy.com\/hunt\/it\/find-emails\/#primaryimage\"},\"thumbnailUrl\":\"https:\/\/mailnjoy.com\/hunt\/wp-content\/uploads\/2025\/09\/hunt_example.b964d8dc-1024x668.png\",\"datePublished\":\"2026-04-02T14:07:12+00:00\",\"dateModified\":\"2026-04-02T14:08:54+00:00\",\"description\":\"Con Mailnjoy, la ricerca di indirizzi e-mail non \u00e8 mai stata cos\u00ec facile. Potenzia le tue campagne di marketing con nuovi contatti da acquisire\",\"breadcrumb\":{\"@id\":\"https:\/\/mailnjoy.com\/hunt\/it\/find-emails\/#breadcrumb\"},\"inLanguage\":\"fr-FR\",\"potentialAction\":[{\"@type\":\"ReadAction\",\"target\":[\"https:\/\/mailnjoy.com\/hunt\/it\/find-emails\/\"]}]},{\"@type\":\"ImageObject\",\"inLanguage\":\"fr-FR\",\"@id\":\"https:\/\/mailnjoy.com\/hunt\/it\/find-emails\/#primaryimage\",\"url\":\"https:\/\/mailnjoy.com\/hunt\/wp-content\/uploads\/2025\/09\/hunt_example.b964d8dc.png\",\"contentUrl\":\"https:\/\/mailnjoy.com\/hunt\/wp-content\/uploads\/2025\/09\/hunt_example.b964d8dc.png\",\"width\":1161,\"height\":757},{\"@type\":\"BreadcrumbList\",\"@id\":\"https:\/\/mailnjoy.com\/hunt\/it\/find-emails\/#breadcrumb\",\"itemListElement\":[{\"@type\":\"ListItem\",\"position\":1,\"name\":\"Accueil\",\"item\":\"https:\/\/mailnjoy.com\/hunt\/fr\/\"},{\"@type\":\"ListItem\",\"position\":2,\"name\":\"Ricerca di e-mail\"}]},{\"@type\":\"WebSite\",\"@id\":\"https:\/\/mailnjoy.com\/hunt\/#website\",\"url\":\"https:\/\/mailnjoy.com\/hunt\/\",\"name\":\"Mailnjoy\",\"description\":\"\",\"publisher\":{\"@id\":\"https:\/\/mailnjoy.com\/hunt\/#organization\"},\"potentialAction\":[{\"@type\":\"SearchAction\",\"target\":{\"@type\":\"EntryPoint\",\"urlTemplate\":\"https:\/\/mailnjoy.com\/hunt\/?s={search_term_string}\"},\"query-input\":{\"@type\":\"PropertyValueSpecification\",\"valueRequired\":true,\"valueName\":\"search_term_string\"}}],\"inLanguage\":\"fr-FR\"},{\"@type\":\"Organization\",\"@id\":\"https:\/\/mailnjoy.com\/hunt\/#organization\",\"name\":\"Mailnjoy\",\"url\":\"https:\/\/mailnjoy.com\/hunt\/\",\"logo\":{\"@type\":\"ImageObject\",\"inLanguage\":\"fr-FR\",\"@id\":\"https:\/\/mailnjoy.com\/hunt\/#\/schema\/logo\/image\/\",\"url\":\"https:\/\/mailnjoy.com\/hunt\/wp-content\/uploads\/2025\/06\/hunt-scaled.png\",\"contentUrl\":\"https:\/\/mailnjoy.com\/hunt\/wp-content\/uploads\/2025\/06\/hunt-scaled.png\",\"width\":2560,\"height\":1243,\"caption\":\"Mailnjoy\"},\"image\":{\"@id\":\"https:\/\/mailnjoy.com\/hunt\/#\/schema\/logo\/image\/\"}}]}<\/script>\n<!-- \/ Yoast SEO plugin. -->","yoast_head_json":{"title":"Migliore per trovare gli indirizzi e-mail dei tuoi potenziali clienti","description":"Con Mailnjoy, la ricerca di indirizzi e-mail non \u00e8 mai stata cos\u00ec facile. Potenzia le tue campagne di marketing con nuovi contatti da acquisire","robots":{"index":"index","follow":"follow","max-snippet":"max-snippet:-1","max-image-preview":"max-image-preview:large","max-video-preview":"max-video-preview:-1"},"canonical":"https:\/\/mailnjoy.com\/hunt\/it\/find-emails\/","twitter_misc":{"Dur\u00e9e de lecture estim\u00e9e":"2 minutes"},"schema":{"@context":"https:\/\/schema.org","@graph":[{"@type":"WebPage","@id":"https:\/\/mailnjoy.com\/hunt\/it\/find-emails\/","url":"https:\/\/mailnjoy.com\/hunt\/it\/find-emails\/","name":"Migliore per trovare gli indirizzi e-mail dei tuoi potenziali clienti","isPartOf":{"@id":"https:\/\/mailnjoy.com\/hunt\/#website"},"primaryImageOfPage":{"@id":"https:\/\/mailnjoy.com\/hunt\/it\/find-emails\/#primaryimage"},"image":{"@id":"https:\/\/mailnjoy.com\/hunt\/it\/find-emails\/#primaryimage"},"thumbnailUrl":"https:\/\/mailnjoy.com\/hunt\/wp-content\/uploads\/2025\/09\/hunt_example.b964d8dc-1024x668.png","datePublished":"2026-04-02T14:07:12+00:00","dateModified":"2026-04-02T14:08:54+00:00","description":"Con Mailnjoy, la ricerca di indirizzi e-mail non \u00e8 mai stata cos\u00ec facile. Potenzia le tue campagne di marketing con nuovi contatti da acquisire","breadcrumb":{"@id":"https:\/\/mailnjoy.com\/hunt\/it\/find-emails\/#breadcrumb"},"inLanguage":"fr-FR","potentialAction":[{"@type":"ReadAction","target":["https:\/\/mailnjoy.com\/hunt\/it\/find-emails\/"]}]},{"@type":"ImageObject","inLanguage":"fr-FR","@id":"https:\/\/mailnjoy.com\/hunt\/it\/find-emails\/#primaryimage","url":"https:\/\/mailnjoy.com\/hunt\/wp-content\/uploads\/2025\/09\/hunt_example.b964d8dc.png","contentUrl":"https:\/\/mailnjoy.com\/hunt\/wp-content\/uploads\/2025\/09\/hunt_example.b964d8dc.png","width":1161,"height":757},{"@type":"BreadcrumbList","@id":"https:\/\/mailnjoy.com\/hunt\/it\/find-emails\/#breadcrumb","itemListElement":[{"@type":"ListItem","position":1,"name":"Accueil","item":"https:\/\/mailnjoy.com\/hunt\/fr\/"},{"@type":"ListItem","position":2,"name":"Ricerca di e-mail"}]},{"@type":"WebSite","@id":"https:\/\/mailnjoy.com\/hunt\/#website","url":"https:\/\/mailnjoy.com\/hunt\/","name":"Mailnjoy","description":"","publisher":{"@id":"https:\/\/mailnjoy.com\/hunt\/#organization"},"potentialAction":[{"@type":"SearchAction","target":{"@type":"EntryPoint","urlTemplate":"https:\/\/mailnjoy.com\/hunt\/?s={search_term_string}"},"query-input":{"@type":"PropertyValueSpecification","valueRequired":true,"valueName":"search_term_string"}}],"inLanguage":"fr-FR"},{"@type":"Organization","@id":"https:\/\/mailnjoy.com\/hunt\/#organization","name":"Mailnjoy","url":"https:\/\/mailnjoy.com\/hunt\/","logo":{"@type":"ImageObject","inLanguage":"fr-FR","@id":"https:\/\/mailnjoy.com\/hunt\/#\/schema\/logo\/image\/","url":"https:\/\/mailnjoy.com\/hunt\/wp-content\/uploads\/2025\/06\/hunt-scaled.png","contentUrl":"https:\/\/mailnjoy.com\/hunt\/wp-content\/uploads\/2025\/06\/hunt-scaled.png","width":2560,"height":1243,"caption":"Mailnjoy"},"image":{"@id":"https:\/\/mailnjoy.com\/hunt\/#\/schema\/logo\/image\/"}}]}},"lang":"it","translations":{"it":2287,"fr":1879,"en":2269,"es":2275,"de":2281,"pt":2293},"uagb_featured_image_src":{"full":false,"thumbnail":false,"medium":false,"medium_large":false,"large":false,"1536x1536":false,"2048x2048":false,"post-thumbnail":false},"uagb_author_info":{"display_name":"sylvain","author_link":"https:\/\/mailnjoy.com\/hunt\/author\/sylvain\/"},"uagb_comment_info":0,"uagb_excerpt":"Perch\u00e9 pagare per risultati inutili? Ecco un esempio di ricerca su uno dei nostri principali concorrenti. Come noi, forse anche voi dubitate che Emmanuel Macron o il lupo cattivo lavorino alla L&#8217;Or\u00e9al.Altri motori di ricerca di indirizzi e-mail vi diranno il contrario, ed erano persino cos\u00ec sicuri di s\u00e9 da farvi pagare per questo risultato.\u2026","pll_sync_post":[],"_links":{"self":[{"href":"https:\/\/mailnjoy.com\/hunt\/wp-json\/wp\/v2\/pages\/2287","targetHints":{"allow":["GET"]}}],"collection":[{"href":"https:\/\/mailnjoy.com\/hunt\/wp-json\/wp\/v2\/pages"}],"about":[{"href":"https:\/\/mailnjoy.com\/hunt\/wp-json\/wp\/v2\/types\/page"}],"author":[{"embeddable":true,"href":"https:\/\/mailnjoy.com\/hunt\/wp-json\/wp\/v2\/users\/1"}],"replies":[{"embeddable":true,"href":"https:\/\/mailnjoy.com\/hunt\/wp-json\/wp\/v2\/comments?post=2287"}],"version-history":[{"count":2,"href":"https:\/\/mailnjoy.com\/hunt\/wp-json\/wp\/v2\/pages\/2287\/revisions"}],"predecessor-version":[{"id":2291,"href":"https:\/\/mailnjoy.com\/hunt\/wp-json\/wp\/v2\/pages\/2287\/revisions\/2291"}],"wp:attachment":[{"href":"https:\/\/mailnjoy.com\/hunt\/wp-json\/wp\/v2\/media?parent=2287"}],"curies":[{"name":"wp","href":"https:\/\/api.w.org\/{rel}","templated":true}]}}