{"id":2293,"date":"2026-04-02T16:15:07","date_gmt":"2026-04-02T14:15:07","guid":{"rendered":"https:\/\/mailnjoy.com\/hunt\/?page_id=2293"},"modified":"2026-04-02T16:15:07","modified_gmt":"2026-04-02T14:15:07","slug":"find-emails","status":"publish","type":"page","link":"https:\/\/mailnjoy.com\/hunt\/pt\/find-emails\/","title":{"rendered":"Pesquisa de e-mails"},"content":{"rendered":"\n<div class=\"wp-block-group alignwide has-global-padding is-layout-constrained wp-block-group-is-layout-constrained\">\n<div class=\"wp-block-columns alignwide is-layout-flex wp-container-core-columns-is-layout-28f84493 wp-block-columns-is-layout-flex\">\n<div class=\"wp-block-column is-layout-flow wp-block-column-is-layout-flow\">\n<h1 class=\"wp-block-heading\">Porqu\u00ea pagar por resultados in\u00fateis?<\/h1>\n\n\n\n<p>Aqui est\u00e1 um exemplo de pesquisa sobre um dos nossos maiores concorrentes.<\/p>\n\n\n\n<p>Tal como n\u00f3s, talvez duvidem que o Emmanuel Macron ou o grande lobo mau trabalhem na L&#8217;Or\u00e9al.<br>Outros servi\u00e7os de pesquisa de endere\u00e7os de e-mail v\u00e3o garantir-vos o contr\u00e1rio, estando at\u00e9 t\u00e3o seguros de si que vos fazem pagar por esse resultado.<\/p>\n\n\n\n<p>Na Mailnjoy, temos uma abordagem diferente da dos nossos concorrentes. E pode ter a certeza de que, se lhe enviarmos um e-mail, \u00e9 porque ele existe.<\/p>\n<\/div>\n\n\n\n<div class=\"wp-block-column is-layout-flow wp-block-column-is-layout-flow\">\n<figure class=\"wp-block-image size-large mr--10\"><img loading=\"lazy\" decoding=\"async\" width=\"1024\" height=\"668\" src=\"https:\/\/mailnjoy.com\/hunt\/wp-content\/uploads\/2025\/09\/hunt_example.b964d8dc-1024x668.png\" alt=\"\" class=\"wp-image-1880\" srcset=\"https:\/\/mailnjoy.com\/hunt\/wp-content\/uploads\/2025\/09\/hunt_example.b964d8dc-1024x668.png 1024w, https:\/\/mailnjoy.com\/hunt\/wp-content\/uploads\/2025\/09\/hunt_example.b964d8dc-300x196.png 300w, https:\/\/mailnjoy.com\/hunt\/wp-content\/uploads\/2025\/09\/hunt_example.b964d8dc-768x501.png 768w, https:\/\/mailnjoy.com\/hunt\/wp-content\/uploads\/2025\/09\/hunt_example.b964d8dc.png 1161w\" sizes=\"auto, (max-width: 1024px) 100vw, 1024px\" \/><\/figure>\n<\/div>\n<\/div>\n<\/div>\n\n\n\n<div class=\"wp-block-group alignwide has-global-padding is-layout-constrained wp-block-group-is-layout-constrained\" style=\"margin-top:var(--wp--preset--spacing--40);margin-bottom:var(--wp--preset--spacing--40)\">\n<div class=\"wp-block-columns alignwide are-vertically-aligned-center is-layout-flex wp-container-core-columns-is-layout-28f84493 wp-block-columns-is-layout-flex\">\n<div class=\"wp-block-column is-vertically-aligned-center is-layout-flow wp-block-column-is-layout-flow\">\n<figure class=\"wp-block-image size-large\"><img loading=\"lazy\" decoding=\"async\" width=\"1024\" height=\"1024\" src=\"https:\/\/mailnjoy.com\/hunt\/wp-content\/uploads\/2025\/09\/vrai_contact.92eef6df-1024x1024.png\" alt=\"obter um endere\u00e7o de e-mail fi\u00e1vel\" class=\"wp-image-1886\" srcset=\"https:\/\/mailnjoy.com\/hunt\/wp-content\/uploads\/2025\/09\/vrai_contact.92eef6df-1024x1024.png 1024w, https:\/\/mailnjoy.com\/hunt\/wp-content\/uploads\/2025\/09\/vrai_contact.92eef6df-300x300.png 300w, https:\/\/mailnjoy.com\/hunt\/wp-content\/uploads\/2025\/09\/vrai_contact.92eef6df-150x150.png 150w, https:\/\/mailnjoy.com\/hunt\/wp-content\/uploads\/2025\/09\/vrai_contact.92eef6df-768x768.png 768w, https:\/\/mailnjoy.com\/hunt\/wp-content\/uploads\/2025\/09\/vrai_contact.92eef6df-1536x1536.png 1536w, https:\/\/mailnjoy.com\/hunt\/wp-content\/uploads\/2025\/09\/vrai_contact.92eef6df-2048x2048.png 2048w, https:\/\/mailnjoy.com\/hunt\/wp-content\/uploads\/2025\/09\/vrai_contact.92eef6df-1568x1568.png 1568w\" sizes=\"auto, (max-width: 1024px) 100vw, 1024px\" \/><\/figure>\n<\/div>\n\n\n\n<div class=\"wp-block-column is-vertically-aligned-center is-layout-flow wp-block-column-is-layout-flow\">\n<h2 class=\"wp-block-heading\">Porqu\u00ea a Hunt?<\/h2>\n\n\n<div class=\"wp-block-uagb-faq uagb-faq__outer-wrap uagb-block-08430ac5 uagb-faq-icon-row-reverse uagb-faq-layout-accordion uagb-faq-expand-first-true uagb-faq-inactive-other-true uagb-faq__wrap uagb-buttons-layout-wrap uagb-faq-equal-height     \" data-faqtoggle=\"true\" role=\"tablist\"><div class=\"wp-block-uagb-faq-child uagb-faq-child__outer-wrap uagb-faq-item uagb-block-b0b0ff20 \" role=\"tab\" tabindex=\"0\"><div class=\"uagb-faq-questions-button uagb-faq-questions\">\t\t\t<span class=\"uagb-icon uagb-faq-icon-wrap\">\n\t\t\t\t\t\t\t\t<svg xmlns=\"https:\/\/www.w3.org\/2000\/svg\" viewBox= \"0 0 448 512\"><path d=\"M432 256c0 17.69-14.33 32.01-32 32.01H256v144c0 17.69-14.33 31.99-32 31.99s-32-14.3-32-31.99v-144H48c-17.67 0-32-14.32-32-32.01s14.33-31.99 32-31.99H192v-144c0-17.69 14.33-32.01 32-32.01s32 14.32 32 32.01v144h144C417.7 224 432 238.3 432 256z\"><\/path><\/svg>\n\t\t\t\t\t\t\t<\/span>\n\t\t\t\t\t\t<span class=\"uagb-icon-active uagb-faq-icon-wrap\">\n\t\t\t\t\t\t\t\t<svg xmlns=\"https:\/\/www.w3.org\/2000\/svg\" viewBox= \"0 0 448 512\"><path d=\"M400 288h-352c-17.69 0-32-14.32-32-32.01s14.31-31.99 32-31.99h352c17.69 0 32 14.3 32 31.99S417.7 288 400 288z\"><\/path><\/svg>\n\t\t\t\t\t\t\t<\/span>\n\t\t\t<span class=\"uagb-question\">Uma pesquisa SMTP<\/span><\/div><div class=\"uagb-faq-content\"><p>Para a sua pesquisa, Hunt baseia-se diretamente no protocolo de envio de e-mails, o SMTP.<br>Com este m\u00e9todo, <strong>sem aleatoriedade nem estimativas<\/strong>, encontramos <strong>tecnicamente<\/strong> o e-mail que procura, caso exista.<\/p><\/div><\/div><div class=\"wp-block-uagb-faq-child uagb-faq-child__outer-wrap uagb-faq-item uagb-block-6b091343 \" role=\"tab\" tabindex=\"0\"><div class=\"uagb-faq-questions-button uagb-faq-questions\">\t\t\t<span class=\"uagb-icon uagb-faq-icon-wrap\">\n\t\t\t\t\t\t\t\t<svg xmlns=\"https:\/\/www.w3.org\/2000\/svg\" viewBox= \"0 0 448 512\"><path d=\"M432 256c0 17.69-14.33 32.01-32 32.01H256v144c0 17.69-14.33 31.99-32 31.99s-32-14.3-32-31.99v-144H48c-17.67 0-32-14.32-32-32.01s14.33-31.99 32-31.99H192v-144c0-17.69 14.33-32.01 32-32.01s32 14.32 32 32.01v144h144C417.7 224 432 238.3 432 256z\"><\/path><\/svg>\n\t\t\t\t\t\t\t<\/span>\n\t\t\t\t\t\t<span class=\"uagb-icon-active uagb-faq-icon-wrap\">\n\t\t\t\t\t\t\t\t<svg xmlns=\"https:\/\/www.w3.org\/2000\/svg\" viewBox= \"0 0 448 512\"><path d=\"M400 288h-352c-17.69 0-32-14.32-32-32.01s14.31-31.99 32-31.99h352c17.69 0 32 14.3 32 31.99S417.7 288 400 288z\"><\/path><\/svg>\n\t\t\t\t\t\t\t<\/span>\n\t\t\t<span class=\"uagb-question\">Sem scrapping na Web<\/span><\/div><div class=\"uagb-faq-content\"><p>Ao contr\u00e1rio de muitos dos nossos concorrentes, n\u00e3o recolhemos os nossos endere\u00e7os de e-mail navegando na Internet. Existem v\u00e1rias raz\u00f5es que justificam esta escolha, sendo a mais importante para si a <strong>exist\u00eancia das \u00abspamtraps\u00bb.<\/strong><br>As spamtraps s\u00e3o armadilhas deixadas em p\u00e1ginas p\u00fablicas pelos fornecedores de alojamento, com o objetivo de detetar os spammers que utilizam endere\u00e7os recolhidos sem consentimento. Enviar um e-mail para um desses endere\u00e7os equivale a arruinar a sua reputa\u00e7\u00e3o de e-mail.<br>Com a Hunt, <strong>n\u00e3o corre esse risco<\/strong>.<\/p><\/div><\/div><div class=\"wp-block-uagb-faq-child uagb-faq-child__outer-wrap uagb-faq-item uagb-block-189f1eb6 \" role=\"tab\" tabindex=\"0\"><div class=\"uagb-faq-questions-button uagb-faq-questions\">\t\t\t<span class=\"uagb-icon uagb-faq-icon-wrap\">\n\t\t\t\t\t\t\t\t<svg xmlns=\"https:\/\/www.w3.org\/2000\/svg\" viewBox= \"0 0 448 512\"><path d=\"M432 256c0 17.69-14.33 32.01-32 32.01H256v144c0 17.69-14.33 31.99-32 31.99s-32-14.3-32-31.99v-144H48c-17.67 0-32-14.32-32-32.01s14.33-31.99 32-31.99H192v-144c0-17.69 14.33-32.01 32-32.01s32 14.32 32 32.01v144h144C417.7 224 432 238.3 432 256z\"><\/path><\/svg>\n\t\t\t\t\t\t\t<\/span>\n\t\t\t\t\t\t<span class=\"uagb-icon-active uagb-faq-icon-wrap\">\n\t\t\t\t\t\t\t\t<svg xmlns=\"https:\/\/www.w3.org\/2000\/svg\" viewBox= \"0 0 448 512\"><path d=\"M400 288h-352c-17.69 0-32-14.32-32-32.01s14.31-31.99 32-31.99h352c17.69 0 32 14.3 32 31.99S417.7 288 400 288z\"><\/path><\/svg>\n\t\t\t\t\t\t\t<\/span>\n\t\t\t<span class=\"uagb-question\">Endere\u00e7os de e-mail validados<\/span><\/div><div class=\"uagb-faq-content\"><p>Na Mailnjoy, somos especialistas em e-mail marketing. De que serviria enviar-lhe um endere\u00e7o inv\u00e1lido?<br>Utilizamos o nosso validador Check em cada um dos resultados para lhe fornecer <strong>endere\u00e7os 100% v\u00e1lidos<\/strong>.<br>Pode enviar comunica\u00e7\u00f5es com toda a tranquilidade para os contactos que encontrarmos!<\/p><\/div><\/div><div class=\"wp-block-uagb-faq-child uagb-faq-child__outer-wrap uagb-faq-item uagb-block-cdb883c9 \" role=\"tab\" tabindex=\"0\"><div class=\"uagb-faq-questions-button uagb-faq-questions\">\t\t\t<span class=\"uagb-icon uagb-faq-icon-wrap\">\n\t\t\t\t\t\t\t\t<svg xmlns=\"https:\/\/www.w3.org\/2000\/svg\" viewBox= \"0 0 448 512\"><path d=\"M432 256c0 17.69-14.33 32.01-32 32.01H256v144c0 17.69-14.33 31.99-32 31.99s-32-14.3-32-31.99v-144H48c-17.67 0-32-14.32-32-32.01s14.33-31.99 32-31.99H192v-144c0-17.69 14.33-32.01 32-32.01s32 14.32 32 32.01v144h144C417.7 224 432 238.3 432 256z\"><\/path><\/svg>\n\t\t\t\t\t\t\t<\/span>\n\t\t\t\t\t\t<span class=\"uagb-icon-active uagb-faq-icon-wrap\">\n\t\t\t\t\t\t\t\t<svg xmlns=\"https:\/\/www.w3.org\/2000\/svg\" viewBox= \"0 0 448 512\"><path d=\"M400 288h-352c-17.69 0-32-14.32-32-32.01s14.31-31.99 32-31.99h352c17.69 0 32 14.3 32 31.99S417.7 288 400 288z\"><\/path><\/svg>\n\t\t\t\t\t\t\t<\/span>\n\t\t\t<span class=\"uagb-question\">Uma aprendizagem inteligente<\/span><\/div><div class=\"uagb-faq-content\"><p>\u00c0 medida que a pesquisa avan\u00e7a, o nosso algoritmo identifica os padr\u00f5es utilizados pelas diferentes empresas (nome.apelido, apelido.nome, etc.) e melhora assim <strong>a sua efic\u00e1cia e velocidade de resposta<\/strong> relativamente \u00e0s empresas para as quais j\u00e1 encontrou endere\u00e7os.<br>Tudo isto com o objetivo de lhe proporcionar uma experi\u00eancia cada vez melhor.<\/p><\/div><\/div><\/div><\/div>\n<\/div>\n<\/div>\n\n\n\n<div class=\"wp-block-group alignwide has-global-padding is-layout-constrained wp-block-group-is-layout-constrained\">\n<div class=\"wp-block-columns alignwide are-vertically-aligned-center is-layout-flex wp-container-core-columns-is-layout-b0bab6eb wp-block-columns-is-layout-flex\" style=\"margin-top:var(--wp--preset--spacing--40);margin-bottom:var(--wp--preset--spacing--40)\">\n<div class=\"wp-block-column is-vertically-aligned-center is-layout-flow wp-block-column-is-layout-flow\" style=\"flex-basis:50%\">\n<h1 class=\"wp-block-heading\">Com o Hunt, s\u00f3 paga se encontrarmos o endere\u00e7o de e-mail procurado<\/h1>\n\n\n\n<p><\/p>\n\n\n\n<p>Muitos localizadores de e-mail no mercado cobram por cada pesquisa realizada, mas na Mailnjoy temos uma filosofia diferente, pois a sua satisfa\u00e7\u00e3o \u00e9 a nossa prioridade.<\/p>\n\n\n\n<p>Com o Hunt, tem total controlo sobre os seus custos e consegue poupar bastante, pois <strong>s\u00f3 lhe ser\u00e3o cobradas as moradas de e-mail que forem encontradas!<\/strong><\/p>\n<\/div>\n\n\n\n<div class=\"wp-block-column is-vertically-aligned-center is-layout-flow wp-block-column-is-layout-flow\" style=\"flex-basis:35%\">\n<figure class=\"wp-block-image size-large\"><img loading=\"lazy\" decoding=\"async\" width=\"1024\" height=\"1024\" src=\"https:\/\/mailnjoy.com\/hunt\/wp-content\/uploads\/2025\/09\/tirelire-1024x1024.png\" alt=\"pagar apenas se for encontrada uma morada de e-mail\" class=\"wp-image-1944\" srcset=\"https:\/\/mailnjoy.com\/hunt\/wp-content\/uploads\/2025\/09\/tirelire-1024x1024.png 1024w, https:\/\/mailnjoy.com\/hunt\/wp-content\/uploads\/2025\/09\/tirelire-300x300.png 300w, https:\/\/mailnjoy.com\/hunt\/wp-content\/uploads\/2025\/09\/tirelire-150x150.png 150w, https:\/\/mailnjoy.com\/hunt\/wp-content\/uploads\/2025\/09\/tirelire-768x768.png 768w, https:\/\/mailnjoy.com\/hunt\/wp-content\/uploads\/2025\/09\/tirelire-1536x1536.png 1536w, https:\/\/mailnjoy.com\/hunt\/wp-content\/uploads\/2025\/09\/tirelire-2048x2048.png 2048w, https:\/\/mailnjoy.com\/hunt\/wp-content\/uploads\/2025\/09\/tirelire-1568x1568.png 1568w\" sizes=\"auto, (max-width: 1024px) 100vw, 1024px\" \/><\/figure>\n<\/div>\n<\/div>\n<\/div>\n\n\n\n<div class=\"wp-block-columns alignfull is-layout-flex wp-container-core-columns-is-layout-0806ab5c wp-block-columns-is-layout-flex\" style=\"margin-top:var(--wp--preset--spacing--30);margin-bottom:var(--wp--preset--spacing--30)\">\n<div class=\"wp-block-column is-layout-flow wp-block-column-is-layout-flow\" style=\"flex-basis:33.33%\">\n<h2 class=\"wp-block-heading\">Facilite a an\u00e1lise dos resultados<\/h2>\n\n\n\n<p class=\"has-text-color has-link-color wp-elements-916b64f10d0178d6ae8e66181c208f7f\" style=\"color:#3c3c3b;font-size:clamp(0.984rem, 0.984rem + ((1vw - 0.2rem) * 0.86), 1.5rem);\">S\u00e3o automaticamente incorporados nos seus ficheiros de origem<\/p>\n\n\n\n<p>Se nos enviar um ficheiro de origem em formato CSV com v\u00e1rias colunas, iremos enriquec\u00ea-lo diretamente com os endere\u00e7os de e-mail encontrados, preservando os seus dados iniciais.<br><br>O processo de enriquecimento dos seus ficheiros de origem integra-se assim muito facilmente com as diferentes ferramentas da sua cadeia de e-mailing!<\/p>\n<\/div>\n\n\n\n<div class=\"wp-block-column is-layout-flow wp-block-column-is-layout-flow\" style=\"flex-basis:66.66%\">\n<div class=\"wp-block-group is-layout-flow wp-block-group-is-layout-flow\" style=\"padding-top:var(--wp--preset--spacing--40);padding-left:var(--wp--preset--spacing--40)\">\n<figure class=\"wp-block-image size-full\"><img loading=\"lazy\" decoding=\"async\" width=\"1068\" height=\"250\" src=\"https:\/\/mailnjoy.com\/hunt\/wp-content\/uploads\/2026\/04\/hunt_result_pt.png\" alt=\"Enriquecimento da base de dados de clientes\" class=\"wp-image-2295\" srcset=\"https:\/\/mailnjoy.com\/hunt\/wp-content\/uploads\/2026\/04\/hunt_result_pt.png 1068w, https:\/\/mailnjoy.com\/hunt\/wp-content\/uploads\/2026\/04\/hunt_result_pt-300x70.png 300w, https:\/\/mailnjoy.com\/hunt\/wp-content\/uploads\/2026\/04\/hunt_result_pt-1024x240.png 1024w, https:\/\/mailnjoy.com\/hunt\/wp-content\/uploads\/2026\/04\/hunt_result_pt-768x180.png 768w\" sizes=\"auto, (max-width: 1068px) 100vw, 1068px\" \/><\/figure>\n<\/div>\n<\/div>\n<\/div>\n\n\n\n<h2 class=\"wp-block-heading alignwide has-text-align-center\">Experimente o Hunt e veja estas vantagens na pr\u00e1tica!<\/h2>\n\n\n\n<div class=\"wp-block-buttons is-content-justification-center is-layout-flex wp-container-core-buttons-is-layout-e511ce0b wp-block-buttons-is-layout-flex\" style=\"margin-top:var(--wp--preset--spacing--30);margin-bottom:var(--wp--preset--spacing--30)\">\n<div class=\"wp-block-button\"><a class=\"wp-block-button__link has-orange-background-color has-background wp-element-button\" href=\"https:\/\/app.hunt.mailnjoy.com\/page-signin\">Inscreva-se e ganhe 20 pesquisas gratuitas<\/a><\/div>\n<\/div>\n\n\n\n<p><\/p>\n","protected":false},"excerpt":{"rendered":"<p>Porqu\u00ea pagar por resultados in\u00fateis? Aqui est\u00e1 um exemplo de pesquisa sobre um dos nossos maiores concorrentes. Tal como n\u00f3s, talvez duvidem que o Emmanuel Macron ou o grande lobo mau trabalhem na L&#8217;Or\u00e9al.Outros servi\u00e7os de pesquisa de endere\u00e7os de e-mail v\u00e3o garantir-vos o contr\u00e1rio, estando at\u00e9 t\u00e3o seguros de si que vos fazem pagar [&hellip;]<\/p>\n","protected":false},"author":1,"featured_media":0,"parent":0,"menu_order":0,"comment_status":"closed","ping_status":"closed","template":"","meta":{"_uag_custom_page_level_css":"","footnotes":""},"class_list":["post-2293","page","type-page","status-publish","hentry"],"yoast_head":"<!-- This site is optimized with the Yoast SEO plugin v23.6 - https:\/\/yoast.com\/wordpress\/plugins\/seo\/ -->\n<title>A melhor forma de procurar os endere\u00e7os de e-mail dos seus potenciais clientes<\/title>\n<meta name=\"description\" content=\"Com o Mailnjoy, a pesquisa de endere\u00e7os de e-mail nunca foi t\u00e3o f\u00e1cil. Impulsione as suas campanhas de marketing com novos contactos a abordar\" \/>\n<meta name=\"robots\" content=\"index, follow, max-snippet:-1, max-image-preview:large, max-video-preview:-1\" \/>\n<link rel=\"canonical\" href=\"https:\/\/mailnjoy.com\/hunt\/pt\/find-emails\/\" \/>\n<meta name=\"twitter:label1\" content=\"Dur\u00e9e de lecture estim\u00e9e\" \/>\n\t<meta name=\"twitter:data1\" content=\"2 minutes\" \/>\n<script type=\"application\/ld+json\" class=\"yoast-schema-graph\">{\"@context\":\"https:\/\/schema.org\",\"@graph\":[{\"@type\":\"WebPage\",\"@id\":\"https:\/\/mailnjoy.com\/hunt\/pt\/find-emails\/\",\"url\":\"https:\/\/mailnjoy.com\/hunt\/pt\/find-emails\/\",\"name\":\"A melhor forma de procurar os endere\u00e7os de e-mail dos seus potenciais clientes\",\"isPartOf\":{\"@id\":\"https:\/\/mailnjoy.com\/hunt\/#website\"},\"primaryImageOfPage\":{\"@id\":\"https:\/\/mailnjoy.com\/hunt\/pt\/find-emails\/#primaryimage\"},\"image\":{\"@id\":\"https:\/\/mailnjoy.com\/hunt\/pt\/find-emails\/#primaryimage\"},\"thumbnailUrl\":\"https:\/\/mailnjoy.com\/hunt\/wp-content\/uploads\/2025\/09\/hunt_example.b964d8dc-1024x668.png\",\"datePublished\":\"2026-04-02T14:15:07+00:00\",\"dateModified\":\"2026-04-02T14:15:07+00:00\",\"description\":\"Com o Mailnjoy, a pesquisa de endere\u00e7os de e-mail nunca foi t\u00e3o f\u00e1cil. Impulsione as suas campanhas de marketing com novos contactos a abordar\",\"breadcrumb\":{\"@id\":\"https:\/\/mailnjoy.com\/hunt\/pt\/find-emails\/#breadcrumb\"},\"inLanguage\":\"fr-FR\",\"potentialAction\":[{\"@type\":\"ReadAction\",\"target\":[\"https:\/\/mailnjoy.com\/hunt\/pt\/find-emails\/\"]}]},{\"@type\":\"ImageObject\",\"inLanguage\":\"fr-FR\",\"@id\":\"https:\/\/mailnjoy.com\/hunt\/pt\/find-emails\/#primaryimage\",\"url\":\"https:\/\/mailnjoy.com\/hunt\/wp-content\/uploads\/2025\/09\/hunt_example.b964d8dc.png\",\"contentUrl\":\"https:\/\/mailnjoy.com\/hunt\/wp-content\/uploads\/2025\/09\/hunt_example.b964d8dc.png\",\"width\":1161,\"height\":757},{\"@type\":\"BreadcrumbList\",\"@id\":\"https:\/\/mailnjoy.com\/hunt\/pt\/find-emails\/#breadcrumb\",\"itemListElement\":[{\"@type\":\"ListItem\",\"position\":1,\"name\":\"Accueil\",\"item\":\"https:\/\/mailnjoy.com\/hunt\/fr\/\"},{\"@type\":\"ListItem\",\"position\":2,\"name\":\"Pesquisa de e-mails\"}]},{\"@type\":\"WebSite\",\"@id\":\"https:\/\/mailnjoy.com\/hunt\/#website\",\"url\":\"https:\/\/mailnjoy.com\/hunt\/\",\"name\":\"Mailnjoy\",\"description\":\"\",\"publisher\":{\"@id\":\"https:\/\/mailnjoy.com\/hunt\/#organization\"},\"potentialAction\":[{\"@type\":\"SearchAction\",\"target\":{\"@type\":\"EntryPoint\",\"urlTemplate\":\"https:\/\/mailnjoy.com\/hunt\/?s={search_term_string}\"},\"query-input\":{\"@type\":\"PropertyValueSpecification\",\"valueRequired\":true,\"valueName\":\"search_term_string\"}}],\"inLanguage\":\"fr-FR\"},{\"@type\":\"Organization\",\"@id\":\"https:\/\/mailnjoy.com\/hunt\/#organization\",\"name\":\"Mailnjoy\",\"url\":\"https:\/\/mailnjoy.com\/hunt\/\",\"logo\":{\"@type\":\"ImageObject\",\"inLanguage\":\"fr-FR\",\"@id\":\"https:\/\/mailnjoy.com\/hunt\/#\/schema\/logo\/image\/\",\"url\":\"https:\/\/mailnjoy.com\/hunt\/wp-content\/uploads\/2025\/06\/hunt-scaled.png\",\"contentUrl\":\"https:\/\/mailnjoy.com\/hunt\/wp-content\/uploads\/2025\/06\/hunt-scaled.png\",\"width\":2560,\"height\":1243,\"caption\":\"Mailnjoy\"},\"image\":{\"@id\":\"https:\/\/mailnjoy.com\/hunt\/#\/schema\/logo\/image\/\"}}]}<\/script>\n<!-- \/ Yoast SEO plugin. -->","yoast_head_json":{"title":"A melhor forma de procurar os endere\u00e7os de e-mail dos seus potenciais clientes","description":"Com o Mailnjoy, a pesquisa de endere\u00e7os de e-mail nunca foi t\u00e3o f\u00e1cil. Impulsione as suas campanhas de marketing com novos contactos a abordar","robots":{"index":"index","follow":"follow","max-snippet":"max-snippet:-1","max-image-preview":"max-image-preview:large","max-video-preview":"max-video-preview:-1"},"canonical":"https:\/\/mailnjoy.com\/hunt\/pt\/find-emails\/","twitter_misc":{"Dur\u00e9e de lecture estim\u00e9e":"2 minutes"},"schema":{"@context":"https:\/\/schema.org","@graph":[{"@type":"WebPage","@id":"https:\/\/mailnjoy.com\/hunt\/pt\/find-emails\/","url":"https:\/\/mailnjoy.com\/hunt\/pt\/find-emails\/","name":"A melhor forma de procurar os endere\u00e7os de e-mail dos seus potenciais clientes","isPartOf":{"@id":"https:\/\/mailnjoy.com\/hunt\/#website"},"primaryImageOfPage":{"@id":"https:\/\/mailnjoy.com\/hunt\/pt\/find-emails\/#primaryimage"},"image":{"@id":"https:\/\/mailnjoy.com\/hunt\/pt\/find-emails\/#primaryimage"},"thumbnailUrl":"https:\/\/mailnjoy.com\/hunt\/wp-content\/uploads\/2025\/09\/hunt_example.b964d8dc-1024x668.png","datePublished":"2026-04-02T14:15:07+00:00","dateModified":"2026-04-02T14:15:07+00:00","description":"Com o Mailnjoy, a pesquisa de endere\u00e7os de e-mail nunca foi t\u00e3o f\u00e1cil. Impulsione as suas campanhas de marketing com novos contactos a abordar","breadcrumb":{"@id":"https:\/\/mailnjoy.com\/hunt\/pt\/find-emails\/#breadcrumb"},"inLanguage":"fr-FR","potentialAction":[{"@type":"ReadAction","target":["https:\/\/mailnjoy.com\/hunt\/pt\/find-emails\/"]}]},{"@type":"ImageObject","inLanguage":"fr-FR","@id":"https:\/\/mailnjoy.com\/hunt\/pt\/find-emails\/#primaryimage","url":"https:\/\/mailnjoy.com\/hunt\/wp-content\/uploads\/2025\/09\/hunt_example.b964d8dc.png","contentUrl":"https:\/\/mailnjoy.com\/hunt\/wp-content\/uploads\/2025\/09\/hunt_example.b964d8dc.png","width":1161,"height":757},{"@type":"BreadcrumbList","@id":"https:\/\/mailnjoy.com\/hunt\/pt\/find-emails\/#breadcrumb","itemListElement":[{"@type":"ListItem","position":1,"name":"Accueil","item":"https:\/\/mailnjoy.com\/hunt\/fr\/"},{"@type":"ListItem","position":2,"name":"Pesquisa de e-mails"}]},{"@type":"WebSite","@id":"https:\/\/mailnjoy.com\/hunt\/#website","url":"https:\/\/mailnjoy.com\/hunt\/","name":"Mailnjoy","description":"","publisher":{"@id":"https:\/\/mailnjoy.com\/hunt\/#organization"},"potentialAction":[{"@type":"SearchAction","target":{"@type":"EntryPoint","urlTemplate":"https:\/\/mailnjoy.com\/hunt\/?s={search_term_string}"},"query-input":{"@type":"PropertyValueSpecification","valueRequired":true,"valueName":"search_term_string"}}],"inLanguage":"fr-FR"},{"@type":"Organization","@id":"https:\/\/mailnjoy.com\/hunt\/#organization","name":"Mailnjoy","url":"https:\/\/mailnjoy.com\/hunt\/","logo":{"@type":"ImageObject","inLanguage":"fr-FR","@id":"https:\/\/mailnjoy.com\/hunt\/#\/schema\/logo\/image\/","url":"https:\/\/mailnjoy.com\/hunt\/wp-content\/uploads\/2025\/06\/hunt-scaled.png","contentUrl":"https:\/\/mailnjoy.com\/hunt\/wp-content\/uploads\/2025\/06\/hunt-scaled.png","width":2560,"height":1243,"caption":"Mailnjoy"},"image":{"@id":"https:\/\/mailnjoy.com\/hunt\/#\/schema\/logo\/image\/"}}]}},"lang":"pt","translations":{"pt":2293,"fr":1879,"en":2269,"es":2275,"de":2281,"it":2287},"uagb_featured_image_src":{"full":false,"thumbnail":false,"medium":false,"medium_large":false,"large":false,"1536x1536":false,"2048x2048":false,"post-thumbnail":false},"uagb_author_info":{"display_name":"sylvain","author_link":"https:\/\/mailnjoy.com\/hunt\/author\/sylvain\/"},"uagb_comment_info":0,"uagb_excerpt":"Porqu\u00ea pagar por resultados in\u00fateis? Aqui est\u00e1 um exemplo de pesquisa sobre um dos nossos maiores concorrentes. Tal como n\u00f3s, talvez duvidem que o Emmanuel Macron ou o grande lobo mau trabalhem na L&#8217;Or\u00e9al.Outros servi\u00e7os de pesquisa de endere\u00e7os de e-mail v\u00e3o garantir-vos o contr\u00e1rio, estando at\u00e9 t\u00e3o seguros de si que vos fazem pagar\u2026","pll_sync_post":[],"_links":{"self":[{"href":"https:\/\/mailnjoy.com\/hunt\/wp-json\/wp\/v2\/pages\/2293","targetHints":{"allow":["GET"]}}],"collection":[{"href":"https:\/\/mailnjoy.com\/hunt\/wp-json\/wp\/v2\/pages"}],"about":[{"href":"https:\/\/mailnjoy.com\/hunt\/wp-json\/wp\/v2\/types\/page"}],"author":[{"embeddable":true,"href":"https:\/\/mailnjoy.com\/hunt\/wp-json\/wp\/v2\/users\/1"}],"replies":[{"embeddable":true,"href":"https:\/\/mailnjoy.com\/hunt\/wp-json\/wp\/v2\/comments?post=2293"}],"version-history":[{"count":2,"href":"https:\/\/mailnjoy.com\/hunt\/wp-json\/wp\/v2\/pages\/2293\/revisions"}],"predecessor-version":[{"id":2297,"href":"https:\/\/mailnjoy.com\/hunt\/wp-json\/wp\/v2\/pages\/2293\/revisions\/2297"}],"wp:attachment":[{"href":"https:\/\/mailnjoy.com\/hunt\/wp-json\/wp\/v2\/media?parent=2293"}],"curies":[{"name":"wp","href":"https:\/\/api.w.org\/{rel}","templated":true}]}}